{"id":271,"date":"2023-07-18T12:43:01","date_gmt":"2023-07-18T10:43:01","guid":{"rendered":"https:\/\/stage.timeline-erp.de\/en\/?page_id=271"},"modified":"2024-06-03T16:32:55","modified_gmt":"2024-06-03T14:32:55","slug":"online-prezentacia","status":"publish","type":"page","link":"https:\/\/www.timeline-erp.com\/sk\/servis-a-podpora\/online-prezentacia\/","title":{"rendered":"Online prezent\u00e1cia"},"content":{"rendered":"<div id='av-layout-grid-1'  class='av-layout-grid-container av-fnxt29m-628880c786f59a62c73330a6054fd92e entry-content-wrapper main_color av-flex-cells  avia-builder-el-0  avia-builder-el-no-sibling   container_wrap sidebar_right'  >\n\n<style type=\"text\/css\" data-created_by=\"avia_inline_auto\" id=\"style-css-av-k9jpa7jh-731b0d5e1ceb9b990315c4aa5b615721\">\n.flex_cell.av-k9jpa7jh-731b0d5e1ceb9b990315c4aa5b615721{\nvertical-align:middle;\nbackground:url(https:\/\/www.timeline-erp.com\/sk\/wp-content\/uploads\/sites\/5\/2024\/02\/people-looking-at-pc.jpg) 50% 50% no-repeat scroll ;\n}\n<\/style>\n<div class='flex_cell av-k9jpa7jh-731b0d5e1ceb9b990315c4aa5b615721 av-gridrow-cell av_one_half no_margin  avia-builder-el-1  el_before_av_cell_one_half  avia-builder-el-first  content-align-middle avia-full-stretch'  ><div class='flex_cell_inner'><\/div><\/div>\n<style type=\"text\/css\" data-created_by=\"avia_inline_auto\" id=\"style-css-av-k9jpakc2-ebb771cefff1d4bd6170053833f8a2e0\">\n.flex_cell.av-k9jpakc2-ebb771cefff1d4bd6170053833f8a2e0{\nvertical-align:top;\nbackground-color:#ffffff;\n}\n.responsive #top #wrap_all .flex_cell.av-k9jpakc2-ebb771cefff1d4bd6170053833f8a2e0{\npadding:30px 30px 30px 5% !important;\n}\n<\/style>\n<div class='flex_cell av-k9jpakc2-ebb771cefff1d4bd6170053833f8a2e0 av-gridrow-cell av_one_half no_margin  avia-builder-el-2  el_after_av_cell_one_half  avia-builder-el-last  content-align-top'  ><div class='flex_cell_inner'><p>\n<style type=\"text\/css\" data-created_by=\"avia_inline_auto\" id=\"style-css-av-jz9v299w-bef8b6371290b6a19c1ee772e428aab2\">\n.flex_column.av-jz9v299w-bef8b6371290b6a19c1ee772e428aab2{\nborder-radius:0px 0px 0px 0px;\nbackground-color:#ffffff;\n}\n<\/style>\n<div  class='flex_column av-jz9v299w-bef8b6371290b6a19c1ee772e428aab2 av_three_fourth  avia-builder-el-3  el_before_av_one_fourth  avia-builder-el-first  shadow-l first flex_column_div  '     ><p>\n<style type=\"text\/css\" data-created_by=\"avia_inline_auto\" id=\"style-css-av-8jfjxoa-3343c461cd83435031fe1140803391b9\">\n#top .av-special-heading.av-8jfjxoa-3343c461cd83435031fe1140803391b9{\npadding-bottom:10px;\nfont-size:55px;\n}\nbody .av-special-heading.av-8jfjxoa-3343c461cd83435031fe1140803391b9 .av-special-heading-tag .heading-char{\nfont-size:25px;\n}\n#top #wrap_all .av-special-heading.av-8jfjxoa-3343c461cd83435031fe1140803391b9 .av-special-heading-tag{\nfont-size:55px;\n}\n.av-special-heading.av-8jfjxoa-3343c461cd83435031fe1140803391b9 .av-subheading{\nfont-size:22px;\n}\n\n@media only screen and (min-width: 480px) and (max-width: 767px){ \n#top #wrap_all .av-special-heading.av-8jfjxoa-3343c461cd83435031fe1140803391b9 .av-special-heading-tag{\nfont-size:0.8em;\n}\n}\n\n@media only screen and (max-width: 479px){ \n#top #wrap_all .av-special-heading.av-8jfjxoa-3343c461cd83435031fe1140803391b9 .av-special-heading-tag{\nfont-size:0.8em;\n}\n}\n<\/style>\n<div  class='av-special-heading av-8jfjxoa-3343c461cd83435031fe1140803391b9 av-special-heading-h1 blockquote modern-quote  avia-builder-el-4  el_before_av_textblock  avia-builder-el-first  av-inherit-size av-linked-heading'><h1 class='av-special-heading-tag '  itemprop=\"headline\"  >Online prezent\u00e1cia<\/h1><div class=\"special-heading-border\"><div class=\"special-heading-inner-border\"><\/div><\/div><\/div><br \/>\n\n<style type=\"text\/css\" data-created_by=\"avia_inline_auto\" id=\"style-css-av-joo5ho3f-038c097ccde436ac001b5ed5afbfb4cc\">\n#top .av_textblock_section.av-joo5ho3f-038c097ccde436ac001b5ed5afbfb4cc .avia_textblock{\nfont-size:18px;\n}\n<\/style>\n<section  class='av_textblock_section av-joo5ho3f-038c097ccde436ac001b5ed5afbfb4cc '   itemscope=\"itemscope\" itemtype=\"https:\/\/schema.org\/CreativeWork\" ><div class='avia_textblock'  itemprop=\"text\" ><p>Najr\u00fdchlej\u0161\u00ed sp\u00f4sob ako spozna\u0165 TimeLine ERP. N\u00e1\u0161 expert v\u00e1m predstav\u00ed funkcie n\u00e1\u0161ho software v \u010dase krat\u0161om ako jedna hodina. Prediskutuje s vami va\u0161e individu\u00e1lne po\u017eiadavky, odpovie na va\u0161e ot\u00e1zky.<\/p>\n<p>Po prezent\u00e1cii z\u00edskate predstavu o TimeLine ERP. Vieme si n\u00e1sledne spolo\u010dne odpoveda\u0165 na ot\u00e1zku, \u010di v\u00e1m na\u0161e \u0161tandardn\u00e9 rie\u0161enie sed\u00ed, alebo nejak\u00e9 \u00fapravy predsa len bud\u00fa potrebn\u00e9.<\/p>\n<p><strong>Bezplatne a bez podmienok!<\/strong><\/p>\n<\/div><\/section><\/p><\/div><div  class='flex_column av-kw26sfu-c66fa67ed4a39ee5752158c9f8504c98 av_one_fourth  avia-builder-el-6  el_after_av_three_fourth  el_before_av_three_fourth  flex_column_div  '     ><\/div><div  class='flex_column av-5k5yg1m-320900cc912f87594611533a9ab737f1 av_three_fourth  avia-builder-el-7  el_after_av_one_fourth  avia-builder-el-last  first flex_column_div  column-top-margin'     ><form action=\"https:\/\/www.timeline-erp.com\/sk\/servis-a-podpora\/online-prezentacia\/\" method=\"post\" data-fields-with-error=\"Found errors in the following field(s):\" class=\"avia_ajax_form av-form-labels-hidden   avia-builder-el-8  avia-builder-el-no-sibling  av-custom-form-color av-dark-form \" data-avia-form-id=\"1\" data-avia-redirect='https:\/\/www.timeline-erp.com\/sk\/servis-a-podpora\/online-prezentacia\/dakujeme-online-prezentacia\/' ><h3 class=''>Po\u0161lite n\u00e1m po\u017eiadavku na online m\u00edting<\/h3><fieldset><p class='  first_form  form_element form_fullwidth' id='element_avia_1_1'><label for=\"avia_1_1\">Firma <abbr class=\"required\" title=\"po\u017eadovan\u00fd\">*<\/abbr><\/label> <input name=\"avia_1_1\" class=\"text_input is_empty\" type=\"text\" id=\"avia_1_1\" value=\"\"  placeholder='Firma*'\/><\/p><p class='  first_form  form_element form_fullwidth' id='element_avia_2_1'><label for=\"avia_2_1\">Meno<\/label> <input name=\"avia_2_1\" class=\"text_input \" type=\"text\" id=\"avia_2_1\" value=\"\"  placeholder='Meno'\/><\/p><p class='  first_form  form_element form_fullwidth' id='element_avia_3_1'><label for=\"avia_3_1\">Email <abbr class=\"required\" title=\"po\u017eadovan\u00fd\">*<\/abbr><\/label> <input name=\"avia_3_1\" class=\"text_input is_email\" type=\"text\" id=\"avia_3_1\" value=\"\"  placeholder='Email*'\/><\/p><p class='  first_form  form_element form_fullwidth' id='element_avia_4_1'><label for=\"avia_4_1\">Telef\u00f3n <abbr class=\"required\" title=\"po\u017eadovan\u00fd\">*<\/abbr><\/label> <input name=\"avia_4_1\" class=\"text_input is_phone\" type=\"text\" id=\"avia_4_1\" value=\"\"  placeholder='Telef\u00f3n*'\/><\/p><p class='  first_form  form_element form_fullwidth' id='element_avia_5_1'><label for=\"avia_5_1\">Po\u017eadovan\u00fd d\u00e1tum<\/label> <input name=\"avia_5_1\" class=\"avia_datepicker text_input \" type=\"text\" id=\"avia_5_1\" value=\"\" placeholder=\"Po\u017eadovan\u00fd d\u00e1tum\" inputmode=\"none\" \/><\/p><div id='avia_6_1' class='av-form-text'><p>\n<span style=\"font-size: small; line-height: 1.25; display: block;\">Odoslan\u00edm tohoto formul\u00e1ra s\u00fahlas\u00edm s uchov\u00e1van\u00edm a sprac\u00favan\u00edm mojich osobn\u00fdch d\u00e1t, ktor\u00e9 som poskytol touto spr\u00e1vou. D\u00e1ta bud\u00fa ulo\u017een\u00e9, sprac\u00favan\u00e9 a servisovan\u00e9 v datab\u00e1ze pod spr\u00e1vou spolo\u010dnosti Gebauer GmbH. D\u00e1ta s\u00fa uchov\u00e1van\u00e9 v\u00fdlu\u010dne pre \u00fa\u010dely spracovania a odpovede na t\u00fato po\u017eiadavku spolo\u010dnos\u0165ou Gebauer GmbH alebo TimeLine Business Systems k.s.. Relevantn\u00e1 odpove\u010f na po\u017eiadavku m\u00f4\u017ee by\u0165 odoslan\u00e1 po\u0161tou, e-mailom alebo telefonicky. S va\u0161imi d\u00e1tami bude nakladan\u00e9 diskr\u00e9tne a nebud\u00fa poskytnut\u00e9 tret\u00edm stran\u00e1m. Pre viac inform\u00e1ci\u00ed, pros\u00edm pozrite na\u0161e <a href=\"https:\/\/www.timeline-erp.com\/sk\/ochrana-dat\/\" target=\"_blank\" rel=\"noopener\">Ochrana d\u00e1t<\/a>.<\/span><\/p>\n<\/div><p class='  first_form  form_element form_fullwidth' id='element_avia_7_1'><input  name=\"avia_7_1\" class=\"input_checkbox is_empty\" type=\"checkbox\" id=\"avia_7_1\" value=\"true\"\/><label class=\"input_checkbox_label\" for=\"avia_7_1\">\u010c\u00edtal som a s\u00fahlas\u00edm s podmienkami spracovania d\u00e1t <abbr class=\"required\" title=\"po\u017eadovan\u00fd\">*<\/abbr><\/label><\/p><p class=\"hidden\"><input type=\"text\" name=\"avia_8_1\" class=\"hidden \" id=\"avia_8_1\" value=\"\" \/><\/p><div id='avia_9_1' class='av-recaptcha-area  first_form  form_element form_fullwidth '  data-container_class=\"\" data-custom_class=\"\" data-context=\"av_contact_form\" data-token_input=\"av_recaptcha_token\" data-version=\"avia_recaptcha_v3\" data-theme=\"light\" data-size=\"normal\" data-score=\"0.5\" data-text_to_preview=\"\" data-value=\"\"><div class=\"av-google-badge-message hidden\">This site is protected by reCAPTCHA and the Google <a href=\"https:\/\/policies.google.com\/privacy\">Privacy Policy<\/a> and <a href=\"https:\/\/policies.google.com\/terms\">Terms of Service<\/a> apply.<\/div><\/div><p class=\"form_element \"><input type=\"hidden\" value=\"1\" name=\"avia_generated_form1\" \/><input type=\"submit\" value=\"Odo\u0161li..\" class=\"button\"  data-sending-label=\"Odosielam\"\/><\/p><\/fieldset><div class=\"avia-disabled-form\">This contact form is deactivated because you refused to accept Google reCaptcha service which is necessary to validate any messages sent by the form.<\/div><\/form><div id=\"ajaxresponse_1\" class=\"ajaxresponse ajaxresponse_1 hidden\"><\/div><\/div><\/p>\n<\/div><\/div><\/div>\n","protected":false},"excerpt":{"rendered":"","protected":false},"author":1,"featured_media":1009,"parent":192,"menu_order":0,"comment_status":"closed","ping_status":"closed","template":"","meta":{"footnotes":""},"class_list":["post-271","page","type-page","status-publish","has-post-thumbnail","hentry"],"_links":{"self":[{"href":"https:\/\/www.timeline-erp.com\/sk\/wp-json\/wp\/v2\/pages\/271","targetHints":{"allow":["GET"]}}],"collection":[{"href":"https:\/\/www.timeline-erp.com\/sk\/wp-json\/wp\/v2\/pages"}],"about":[{"href":"https:\/\/www.timeline-erp.com\/sk\/wp-json\/wp\/v2\/types\/page"}],"author":[{"embeddable":true,"href":"https:\/\/www.timeline-erp.com\/sk\/wp-json\/wp\/v2\/users\/1"}],"replies":[{"embeddable":true,"href":"https:\/\/www.timeline-erp.com\/sk\/wp-json\/wp\/v2\/comments?post=271"}],"version-history":[{"count":11,"href":"https:\/\/www.timeline-erp.com\/sk\/wp-json\/wp\/v2\/pages\/271\/revisions"}],"predecessor-version":[{"id":1201,"href":"https:\/\/www.timeline-erp.com\/sk\/wp-json\/wp\/v2\/pages\/271\/revisions\/1201"}],"up":[{"embeddable":true,"href":"https:\/\/www.timeline-erp.com\/sk\/wp-json\/wp\/v2\/pages\/192"}],"wp:featuredmedia":[{"embeddable":true,"href":"https:\/\/www.timeline-erp.com\/sk\/wp-json\/wp\/v2\/media\/1009"}],"wp:attachment":[{"href":"https:\/\/www.timeline-erp.com\/sk\/wp-json\/wp\/v2\/media?parent=271"}],"curies":[{"name":"wp","href":"https:\/\/api.w.org\/{rel}","templated":true}]}}