{"id":261,"date":"2023-07-18T12:11:23","date_gmt":"2023-07-18T10:11:23","guid":{"rendered":"https:\/\/stage.timeline-erp.de\/en\/?page_id=261"},"modified":"2024-03-04T11:51:09","modified_gmt":"2024-03-04T10:51:09","slug":"o-nas","status":"publish","type":"page","link":"https:\/\/www.timeline-erp.com\/sk\/kontakt\/o-nas\/","title":{"rendered":"O n\u00e1s"},"content":{"rendered":"\n<style type=\"text\/css\" data-created_by=\"avia_inline_auto\" id=\"style-css-av-fnvlg-574e846e89fefe43c4ed07afe96a95a9\">\n.avia-section.av-fnvlg-574e846e89fefe43c4ed07afe96a95a9{\nbackground-repeat:no-repeat;\nbackground-image:url(https:\/\/www.timeline-erp.com\/sk\/wp-content\/uploads\/sites\/5\/2024\/02\/timeline-headquaters-office-1-1500x1000.jpg);\nbackground-position:50% 50%;\nbackground-attachment:scroll;\n}\n.avia-section.av-fnvlg-574e846e89fefe43c4ed07afe96a95a9 .av-section-color-overlay{\nopacity:0.6;\nbackground-color:#0f1021;\n}\n<\/style>\n<div id='av_section_1'  class='avia-section av-fnvlg-574e846e89fefe43c4ed07afe96a95a9 alternate_color avia-section-default avia-no-border-styling  avia-builder-el-0  el_before_av_section  avia-builder-el-first  avia-full-stretch avia-bg-style-scroll av-section-color-overlay-active av-minimum-height av-minimum-height-50 av-height-50  container_wrap sidebar_right'  data-section-bg-repeat='stretch' data-av_minimum_height_pc='50' data-av_min_height_opt='50'><div class=\"av-section-color-overlay-wrap\"><div class=\"av-section-color-overlay\"><\/div><div class='container av-section-cont-open' ><main  role=\"main\" itemprop=\"mainContentOfPage\"  class='template-page content  av-content-small alpha units'><div class='post-entry post-entry-type-page post-entry-261'><div class='entry-content-wrapper clearfix'>\n\n<style type=\"text\/css\" data-created_by=\"avia_inline_auto\" id=\"style-css-av-3maedo-c01c9e57ff9be877ded4c00291dadc59\">\n.flex_column.av-3maedo-c01c9e57ff9be877ded4c00291dadc59{\nborder-radius:0px 0px 0px 0px;\npadding:0px 0px 0px 0px;\n}\n<\/style>\n<div  class='flex_column av-3maedo-c01c9e57ff9be877ded4c00291dadc59 av_one_full  avia-builder-el-1  avia-builder-el-no-sibling  first flex_column_div av-zero-column-padding  '     ><p>\n<style type=\"text\/css\" data-created_by=\"avia_inline_auto\" id=\"style-css-av-a3378-668ee05f870858716183633678bbb43c\">\n#top .av-special-heading.av-a3378-668ee05f870858716183633678bbb43c{\npadding-bottom:10px;\n}\nbody .av-special-heading.av-a3378-668ee05f870858716183633678bbb43c .av-special-heading-tag .heading-char{\nfont-size:25px;\n}\n.av-special-heading.av-a3378-668ee05f870858716183633678bbb43c .av-subheading{\nfont-size:20px;\n}\n<\/style>\n<div  class='av-special-heading av-a3378-668ee05f870858716183633678bbb43c av-special-heading-h1 custom-color-heading blockquote modern-quote modern-centered  avia-builder-el-2  el_before_av_hr  avia-builder-el-first  av-thin-font'><h1 class='av-special-heading-tag '  itemprop=\"headline\"  ><strong>TimeLine Business Solutions Group<\/strong><\/h1><div class='av-subheading av-subheading_below'><p>Zistite viac o na\u0161ich firm\u00e1ch, slu\u017eb\u00e1ch, hodnot\u00e1ch a lokaliz\u00e1ci\u00e1ch<\/p>\n<\/div><div class=\"special-heading-border\"><div class=\"special-heading-inner-border\"><\/div><\/div><\/div><br \/>\n\n<style type=\"text\/css\" data-created_by=\"avia_inline_auto\" id=\"style-css-av-lecxah72-b5093fecca1f615714de26b16a747160\">\n#top .hr.hr-invisible.av-lecxah72-b5093fecca1f615714de26b16a747160{\nheight:30px;\n}\n<\/style>\n<div  class='hr av-lecxah72-b5093fecca1f615714de26b16a747160 hr-invisible  avia-builder-el-3  el_after_av_heading  el_before_av_button '><span class='hr-inner '><span class=\"hr-inner-style\"><\/span><\/span><\/div><br \/>\n<div  class='avia-button-wrap av-lecx9vnn-028f146535c531da7e46ee7994243d4c-wrap avia-button-center  avia-builder-el-4  el_after_av_hr  avia-builder-el-last '>\n<style type=\"text\/css\" data-created_by=\"avia_inline_auto\" id=\"style-css-av-lecx9vnn-028f146535c531da7e46ee7994243d4c\">\n#top #wrap_all .avia-button.av-lecx9vnn-028f146535c531da7e46ee7994243d4c{\nfont-size:14px;\nborder-radius:30px 30px 30px 30px;\ntransition:all 0.4s ease-in-out;\n}\n#top #wrap_all.avia-button.av-lecx9vnn-028f146535c531da7e46ee7994243d4c:hover .avia_button_background{\nborder-radius:30px 30px 30px 30px;\n}\n<\/style>\n<a href='https:\/\/www.timeline.group'  class='avia-button av-lecx9vnn-028f146535c531da7e46ee7994243d4c av-link-btn avia-icon_select-yes-right-icon avia-size-large avia-position-center avia-color-theme-color-highlight'  target=\"_blank\"  rel=\"noopener noreferrer\"  aria-label=\"learn more\"><span class='avia_iconbox_title' >learn more<\/span><span class='avia_button_icon avia_button_icon_right avia-iconfont avia-font-entypo-fontello' data-av_icon='\ue835' data-av_iconfont='entypo-fontello' ><\/span><\/a><\/div><\/p><\/div>\n\n<\/div><\/div><\/main><!-- close content main element --><\/div><\/div><\/div><div id='av_section_2'  class='avia-section av-4azod-ccd4dcf21180b628f323ba6d59bab84a main_color avia-section-default avia-no-border-styling  avia-builder-el-5  el_after_av_section  el_before_av_section  avia-bg-style-scroll container_wrap sidebar_right'  ><div class='container av-section-cont-open' ><div class='template-page content  av-content-small alpha units'><div class='post-entry post-entry-type-page post-entry-261'><div class='entry-content-wrapper clearfix'>\n<div  class='flex_column av-14m4rx-8a8206e10d05ed4bbe787cc0b8a61e82 av_one_fifth  avia-builder-el-6  el_before_av_one_fifth  avia-builder-el-first  first flex_column_div  '     ><style type=\"text\/css\" data-created_by=\"avia_inline_auto\" id=\"style-css-av-lk9noiy4-d643742c1c667d7d2195baedbcbb338c\">\n#top .avia-animated-number.av-lk9noiy4-d643742c1c667d7d2195baedbcbb338c .avia-animated-number-content{\nfont-size:22px;\n}\n<\/style>\n<div  class=\"avia-animated-number av-lk9noiy4-d643742c1c667d7d2195baedbcbb338c av-force-default-color avia_animate_when_visible  avia-builder-el-7  avia-builder-el-no-sibling  \" data-timer=\"3000\"><strong class=\"heading avia-animated-number-title\"><span class=\"avia-single-number __av-single-number\" data-number_format=\".\" data-number=\"100\" data-start_from=\"0\">100<\/span><span class=\"avia-no-number\">%<\/span><\/strong><div class=\"avia-animated-number-content\"><p>Vlastn\u00fd kapit\u00e1l<\/p>\n<\/div><\/div><\/div><div  class='flex_column av-vm5yt-f47bf627d070c1b3c4b89d441191d4bd av_one_fifth  avia-builder-el-8  el_after_av_one_fifth  el_before_av_one_fifth  flex_column_div  '     ><style type=\"text\/css\" data-created_by=\"avia_inline_auto\" id=\"style-css-av-lk9np88q-ccd3688a05d62c25146a89940e4e388c\">\n#top .avia-animated-number.av-lk9np88q-ccd3688a05d62c25146a89940e4e388c .avia-animated-number-content{\nfont-size:22px;\n}\n<\/style>\n<div  class=\"avia-animated-number av-lk9np88q-ccd3688a05d62c25146a89940e4e388c av-force-default-color avia_animate_when_visible  avia-builder-el-9  avia-builder-el-no-sibling  \" data-timer=\"3000\"><strong class=\"heading avia-animated-number-title\"><span class=\"avia-single-number __av-single-number\" data-number_format=\".\" data-number=\"180\" data-start_from=\"0\">180<\/span><span class=\"avia-no-number\">+<\/span><\/strong><div class=\"avia-animated-number-content\"><p>Zamestnancov<\/p>\n<\/div><\/div><\/div><div  class='flex_column av-sh5al-e6fef0a10326e5ec625504fcc5bb1579 av_one_fifth  avia-builder-el-10  el_after_av_one_fifth  el_before_av_one_fifth  flex_column_div  '     ><style type=\"text\/css\" data-created_by=\"avia_inline_auto\" id=\"style-css-av-lk9npyl3-d656e61ad9aae31fa761d907565a6d05\">\n#top .avia-animated-number.av-lk9npyl3-d656e61ad9aae31fa761d907565a6d05 .avia-animated-number-content{\nfont-size:22px;\n}\n<\/style>\n<div  class=\"avia-animated-number av-lk9npyl3-d656e61ad9aae31fa761d907565a6d05 av-force-default-color avia_animate_when_visible  avia-builder-el-11  avia-builder-el-no-sibling  \" data-timer=\"3000\"><strong class=\"heading avia-animated-number-title\"><span class=\"avia-single-number __av-single-number\" data-number_format=\".\" data-number=\"12\" data-start_from=\"0\">12<\/span><\/strong><div class=\"avia-animated-number-content\"><p>Jazykov\u00fdch mut\u00e1ci\u00ed<\/p>\n<\/div><\/div><\/div><div  class='flex_column av-mwj2l-72b007db99b793b3df703b00ffa3e244 av_one_fifth  avia-builder-el-12  el_after_av_one_fifth  el_before_av_one_fifth  flex_column_div  '     ><style type=\"text\/css\" data-created_by=\"avia_inline_auto\" id=\"style-css-av-lk9nqoiw-c0784de1b39649de24b6e7a4149d975a\">\n#top .avia-animated-number.av-lk9nqoiw-c0784de1b39649de24b6e7a4149d975a .avia-animated-number-content{\nfont-size:22px;\n}\n<\/style>\n<div  class=\"avia-animated-number av-lk9nqoiw-c0784de1b39649de24b6e7a4149d975a av-force-default-color avia_animate_when_visible  avia-builder-el-13  avia-builder-el-no-sibling  \" data-timer=\"3000\"><strong class=\"heading avia-animated-number-title\"><span class=\"avia-single-number __av-single-number\" data-number_format=\".\" data-number=\"30\" data-start_from=\"0\">30<\/span><span class=\"avia-no-number\">+<\/span><\/strong><div class=\"avia-animated-number-content\"><p>Rokov sk\u00fasenost\u00ed v ERP<\/p>\n<\/div><\/div><\/div><div  class='flex_column av-h71p1-53e8c5bf2e24b4e385ac639825fbb0ec av_one_fifth  avia-builder-el-14  el_after_av_one_fifth  avia-builder-el-last  flex_column_div  '     ><style type=\"text\/css\" data-created_by=\"avia_inline_auto\" id=\"style-css-av-a6a5p-2b25407611b46ee8c47dea0bf15f102e\">\n#top .avia-animated-number.av-a6a5p-2b25407611b46ee8c47dea0bf15f102e .avia-animated-number-content{\nfont-size:22px;\n}\n<\/style>\n<div  class=\"avia-animated-number av-a6a5p-2b25407611b46ee8c47dea0bf15f102e av-force-default-color avia_animate_when_visible  avia-builder-el-15  avia-builder-el-no-sibling  \" data-timer=\"3000\"><strong class=\"heading avia-animated-number-title\"><span class=\"avia-single-number __av-single-number\" data-number_format=\".\" data-number=\"1100\" data-start_from=\"0\">1100<\/span><span class=\"avia-no-number\">+<\/span><\/strong><div class=\"avia-animated-number-content\"><p>Z\u00e1kazn\u00edkov<\/p>\n<\/div><\/div><\/div>\n\n<\/div><\/div><\/div><!-- close content main div --><\/div><\/div>\n<style type=\"text\/css\" data-created_by=\"avia_inline_auto\" id=\"style-css-av-37hiqk-4443616382d522ee9ab35d4783762199\">\n.avia-section.av-37hiqk-4443616382d522ee9ab35d4783762199{\nbackground-color:#f6f7f8;\nbackground-image:unset;\n}\n<\/style>\n<div id='av_section_3'  class='avia-section av-37hiqk-4443616382d522ee9ab35d4783762199 main_color avia-section-huge avia-no-border-styling  avia-builder-el-16  el_after_av_section  avia-builder-el-last  avia-bg-style-scroll container_wrap sidebar_right'  ><div class='container av-section-cont-open' ><div class='template-page content  av-content-small alpha units'><div class='post-entry post-entry-type-page post-entry-261'><div class='entry-content-wrapper clearfix'>\n<div  class='flex_column av-7110c-87f0b6e29bc62f9c205fbadf5d308d1a av_three_fourth  avia-builder-el-17  el_before_av_one_half  avia-builder-el-first  first flex_column_div  '     ><section  class='av_textblock_section av-2z12v0-020cba18bef6ec7cd59293728f75203b '   itemscope=\"itemscope\" itemtype=\"https:\/\/schema.org\/CreativeWork\" ><div class='avia_textblock'  itemprop=\"text\" ><h2>My &#8211; v\u00e1\u0161 dod\u00e1vate\u013e ERP<\/h2>\n<p>\u010co sa ERP syst\u00e9mov t\u00fdka &#8211; naozaj n\u00e1m m\u00f4\u017eete plne d\u00f4verova\u0165. ERP s\u00fa n\u00e1\u0161 biznis u\u017e viac ako 30 rokov. Mo\u017eno v\u00e1s zauj\u00edma, ako by sme v\u00e1m vedeli pom\u00f4c\u0165? \u00c1no? Radi v\u00e1m predstav\u00edme na\u0161e ERP rie\u0161enie vo v\u00e4\u010d\u0161om detaile.<\/p>\n<\/div><\/section><\/div>\n<style type=\"text\/css\" data-created_by=\"avia_inline_auto\" id=\"style-css-av-32krb8-29c2e2bed36af28f8abb73ad6b93ca4d\">\n.flex_column.av-32krb8-29c2e2bed36af28f8abb73ad6b93ca4d{\nborder-radius:0px 0px 0px 0px;\npadding:0px 0px 0px 0px;\n}\n<\/style>\n<div  class='flex_column av-32krb8-29c2e2bed36af28f8abb73ad6b93ca4d av_one_half  avia-builder-el-19  el_after_av_three_fourth  el_before_av_one_half  first flex_column_div av-zero-column-padding  column-top-margin'     ><section  class='av_textblock_section av-lecxfcc5-a24a39726b1c256a9565edbfc7d19d03 '   itemscope=\"itemscope\" itemtype=\"https:\/\/schema.org\/CreativeWork\" ><div class='avia_textblock'  itemprop=\"text\" ><h3>\u010co znamen\u00e1 ERP<\/h3>\n<p>ERP je skratka pre Enterprise Resource Planning. Je to software, ktor\u00fd sa star\u00e1 o pl\u00e1novanie va\u0161ich kompletn\u00fdch intern\u00fdch biznis procesov. Od \u00fa\u010dtovn\u00edctva a\u017e po CRM a v\u00fdrobu. My &#8211; dod\u00e1vate\u013e ERP software TimeLine sa v prvom rade uist\u00edme, \u017ee m\u00e1te preh\u013ead a spr\u00e1vne mana\u017eujete va\u0161u logistiku a z\u00e1soby. Z\u00e1rove\u0148 sme, v pr\u00edpade potreby, schopn\u00ed flexibilne reagova\u0165.<\/p>\n<h3>\u010co v\u00e1m vieme vr\u00e1mci ERP pon\u00faknu\u0165<\/h3>\n<p>Na\u0161e produkty v\u00e1m pom\u00e1haj\u00fa zdravo r\u00e1s\u0165. TimeLine ako dod\u00e1vate\u013e ERP sa zameriava na poskytovanie \u0161pecifick\u00fdch priemyseln\u00fdch rie\u0161en\u00ed. V\u017edy a v prvom rade sme sa \u0161pecializovali na stredne ve\u013ek\u00e9 spolo\u010dnosti. Preto \u00faplne presne vieme, \u010do v\u00e1s tr\u00e1pi, \u010do v\u00e1m ch\u00fdba a ako v\u00e1m vieme pom\u00f4c\u0165. My ako dod\u00e1vate\u013e ERP v\u00e1m vieme pom\u00f4c\u0165 so \u0161peci\u00e1lne upraven\u00fdmi ERP rie\u0161eniami pre tieto odvetvia:<\/p>\n<ul>\n<li>Kusov\u00e1 &#8211; z\u00e1kazkov\u00e1 a projektov\u00e1 v\u00fdroba<\/li>\n<li>S\u00e9riov\u00e1 v\u00fdroba a automotive<\/li>\n<li>Zlievarenstvo<\/li>\n<li>Spracovanie plastov<\/li>\n<li>Povrchov\u00e9 \u00fapravy a galvaniky<\/li>\n<li>\u0160r\u00f3b\u00e1renstvo a lisovanie<\/li>\n<\/ul>\n<p>Vieme vyvin\u00fa\u0165 nov\u00fd modul alebo upravi\u0165 ktor\u00fdko\u013evek z na\u0161ich modulov, vytvori\u0165 v\u00e1m rie\u0161enie na mieru. Nez\u00e1le\u017e\u00ed na tom v akej situ\u00e1cii sa nach\u00e1dzate. Ne\u010dakajte pros\u00edm a nev\u00e1hajte n\u00e1s kontaktova\u0165.<\/p>\n<\/div><\/section><\/div>\n<style type=\"text\/css\" data-created_by=\"avia_inline_auto\" id=\"style-css-av-2rbzjw-7060e8e20106155bfa4aedd9d8a0e914\">\n.flex_column.av-2rbzjw-7060e8e20106155bfa4aedd9d8a0e914{\nborder-radius:0px 0px 0px 0px;\npadding:0px 0px 0px 0px;\n}\n<\/style>\n<div  class='flex_column av-2rbzjw-7060e8e20106155bfa4aedd9d8a0e914 av_one_half  avia-builder-el-21  el_after_av_one_half  avia-builder-el-last  flex_column_div av-zero-column-padding  column-top-margin'     ><section  class='av_textblock_section av-2k8yzw-b754aa713e05b11b28dd7d835d99f089 '   itemscope=\"itemscope\" itemtype=\"https:\/\/schema.org\/CreativeWork\" ><div class='avia_textblock'  itemprop=\"text\" ><h3>Firma TimeLine pon\u00faka<\/h3>\n<p>My ako dod\u00e1vate\u013e ERP syst\u00e9mu TimeLine sme va\u0161im konzultantom, optimaliz\u00e1torom a pl\u00e1nova\u010dom va\u0161ich vn\u00fatrofiremn\u00fdch procesov v jednom. Nielen\u017ee v\u00e1m dod\u00e1me, pre v\u00e1s potrebn\u00fd software, ale radi v\u00e1m porad\u00edme a vy\u0161kol\u00edme va\u0161ich zamestnancov. Vyu\u017eite na\u0161e vedomosti a na\u0161e ERP syst\u00e9my a pripravte svoju firmu na vek &#8211; digital industry 4.0.<\/p>\n<p>S cie\u013eom dosiahnu\u0165 t\u00fato m\u00e9tu, m\u00e1te mo\u017enos\u0165 vysk\u00fa\u0161a\u0165 n\u00e1\u0161 ERP software v celej svojej funk\u010dnej \u0161\u00edrke bezplatne a bez obmedzen\u00ed. Na testovanie v\u00e1m pon\u00fakame 90 d\u0148ov\u00fa, pln\u00fa demo licenciu. Za ten \u010das spozn\u00e1te benefity, ktor\u00e9 v\u00e1m n\u00e1\u0161 syst\u00e9m m\u00f4\u017ee prinies\u0165. Bez rizika, ale so \u0161ancou posun\u00fa\u0165 va\u0161u firmu vpred..<\/p>\n<\/div><\/section><\/div>\n<\/div><\/div><\/div><!-- close content main div --><\/div><\/div><div id='after_section_3'  class='main_color av_default_container_wrap container_wrap sidebar_right'  ><div class='container av-section-cont-open' ><div class='template-page content  av-content-small alpha units'><div class='post-entry post-entry-type-page post-entry-261'><div class='entry-content-wrapper clearfix'>\n","protected":false},"excerpt":{"rendered":"","protected":false},"author":1,"featured_media":1018,"parent":219,"menu_order":0,"comment_status":"closed","ping_status":"closed","template":"","meta":{"footnotes":""},"class_list":["post-261","page","type-page","status-publish","has-post-thumbnail","hentry"],"_links":{"self":[{"href":"https:\/\/www.timeline-erp.com\/sk\/wp-json\/wp\/v2\/pages\/261","targetHints":{"allow":["GET"]}}],"collection":[{"href":"https:\/\/www.timeline-erp.com\/sk\/wp-json\/wp\/v2\/pages"}],"about":[{"href":"https:\/\/www.timeline-erp.com\/sk\/wp-json\/wp\/v2\/types\/page"}],"author":[{"embeddable":true,"href":"https:\/\/www.timeline-erp.com\/sk\/wp-json\/wp\/v2\/users\/1"}],"replies":[{"embeddable":true,"href":"https:\/\/www.timeline-erp.com\/sk\/wp-json\/wp\/v2\/comments?post=261"}],"version-history":[{"count":5,"href":"https:\/\/www.timeline-erp.com\/sk\/wp-json\/wp\/v2\/pages\/261\/revisions"}],"predecessor-version":[{"id":1127,"href":"https:\/\/www.timeline-erp.com\/sk\/wp-json\/wp\/v2\/pages\/261\/revisions\/1127"}],"up":[{"embeddable":true,"href":"https:\/\/www.timeline-erp.com\/sk\/wp-json\/wp\/v2\/pages\/219"}],"wp:featuredmedia":[{"embeddable":true,"href":"https:\/\/www.timeline-erp.com\/sk\/wp-json\/wp\/v2\/media\/1018"}],"wp:attachment":[{"href":"https:\/\/www.timeline-erp.com\/sk\/wp-json\/wp\/v2\/media?parent=261"}],"curies":[{"name":"wp","href":"https:\/\/api.w.org\/{rel}","templated":true}]}}