{"id":203,"date":"2023-07-17T14:53:15","date_gmt":"2023-07-17T12:53:15","guid":{"rendered":"https:\/\/stage.timeline-erp.de\/en\/?page_id=203"},"modified":"2024-03-04T12:38:08","modified_gmt":"2024-03-04T11:38:08","slug":"podpora","status":"publish","type":"page","link":"https:\/\/www.timeline-erp.com\/sk\/servis-a-podpora\/podpora\/","title":{"rendered":"Podpora"},"content":{"rendered":"\n<style type=\"text\/css\" data-created_by=\"avia_inline_auto\" id=\"style-css-av-fdxqbw-af43bddf9aa00ee475351f746252096c\">\n.avia-section.av-fdxqbw-af43bddf9aa00ee475351f746252096c{\nbackground-repeat:no-repeat;\nbackground-image:url(https:\/\/www.timeline-erp.com\/sk\/wp-content\/uploads\/sites\/5\/2024\/02\/Support-WebHeader-1210x423.jpg);\nbackground-position:50% 50%;\nbackground-attachment:scroll;\n}\n<\/style>\n<div id='av_section_1'  class='avia-section av-fdxqbw-af43bddf9aa00ee475351f746252096c alternate_color avia-section-default avia-no-border-styling  avia-builder-el-0  el_before_av_section  avia-builder-el-first  avia-full-stretch avia-bg-style-scroll av-minimum-height av-minimum-height-33 av-height-percent  container_wrap sidebar_right'  data-section-bg-repeat='stretch' data-av_minimum_height_pc='33' data-av_min_height_opt='percent'><div class='container av-section-cont-open' ><main  role=\"main\" itemprop=\"mainContentOfPage\"  class='template-page content  av-content-small alpha units'><div class='post-entry post-entry-type-page post-entry-203'><div class='entry-content-wrapper clearfix'>\n<div class='flex_column_table av-dlumrw-fa81e5e7367c219efd8b8013125ea834 sc-av_two_third av-equal-height-column-flextable'>\n<style type=\"text\/css\" data-created_by=\"avia_inline_auto\" id=\"style-css-av-dlumrw-fa81e5e7367c219efd8b8013125ea834\">\n.flex_column.av-dlumrw-fa81e5e7367c219efd8b8013125ea834{\nborder-radius:0px 0px 0px 0px;\npadding:0px 0px 0px 0px;\n}\n<\/style>\n<div  class='flex_column av-dlumrw-fa81e5e7367c219efd8b8013125ea834 av_two_third  avia-builder-el-1  el_before_av_one_third  avia-builder-el-first  first flex_column_table_cell av-equal-height-column av-align-middle av-zero-column-padding  '     ><style type=\"text\/css\" data-created_by=\"avia_inline_auto\" id=\"style-css-av-key1u5ru-2c3ac2b526a7b7e922c4fa24399b594a\">\n#top .av-special-heading.av-key1u5ru-2c3ac2b526a7b7e922c4fa24399b594a{\npadding-bottom:10px;\n}\nbody .av-special-heading.av-key1u5ru-2c3ac2b526a7b7e922c4fa24399b594a .av-special-heading-tag .heading-char{\nfont-size:25px;\n}\n.av-special-heading.av-key1u5ru-2c3ac2b526a7b7e922c4fa24399b594a .av-subheading{\nfont-size:22px;\n}\n<\/style>\n<div  class='av-special-heading av-key1u5ru-2c3ac2b526a7b7e922c4fa24399b594a av-special-heading-h1 blockquote modern-quote  avia-builder-el-2  avia-builder-el-no-sibling  av-linked-heading'><h1 class='av-special-heading-tag '  itemprop=\"headline\"  >Vitajte na str\u00e1nke TimeLine podpory<\/h1><div class='av-subheading av-subheading_below'><p>Radi v\u00e1m pom\u00f4\u017eeme<\/p>\n<\/div><div class=\"special-heading-border\"><div class=\"special-heading-inner-border\"><\/div><\/div><\/div><\/div><div class='av-flex-placeholder'><\/div>\n<style type=\"text\/css\" data-created_by=\"avia_inline_auto\" id=\"style-css-av-35r3xo-a87a74e433eff1c24a9deab23255b020\">\n.flex_column.av-35r3xo-a87a74e433eff1c24a9deab23255b020{\nborder-radius:0px 0px 0px 0px;\npadding:0px 0px 0px 0px;\n}\n<\/style>\n<div  class='flex_column av-35r3xo-a87a74e433eff1c24a9deab23255b020 av_one_third  avia-builder-el-3  el_after_av_two_third  avia-builder-el-last  flex_column_table_cell av-equal-height-column av-align-middle av-zero-column-padding  '     ><\/div><\/div><!--close column table wrapper. Autoclose: 1 -->\n\n<\/div><\/div><\/main><!-- close content main element --><\/div><\/div><div id='av_section_2'  class='avia-section av-k1kgbfb4-9a8f97c13466e862e0c2565e235f6002 main_color avia-section-default avia-no-border-styling  avia-builder-el-4  el_after_av_section  el_before_av_section  avia-bg-style-scroll container_wrap sidebar_right'  ><div class='container av-section-cont-open' ><div class='template-page content  av-content-small alpha units'><div class='post-entry post-entry-type-page post-entry-203'><div class='entry-content-wrapper clearfix'>\n\n<style type=\"text\/css\" data-created_by=\"avia_inline_auto\" id=\"style-css-av-c2l6ek-d7f30254701420b11a05ed35eb050b25\">\n.flex_column.av-c2l6ek-d7f30254701420b11a05ed35eb050b25{\nborder-radius:0px 0px 0px 0px;\npadding:0px 0px 0px 0px;\n}\n<\/style>\n<div  class='flex_column av-c2l6ek-d7f30254701420b11a05ed35eb050b25 av_one_full  avia-builder-el-5  el_before_av_one_full  avia-builder-el-first  first flex_column_div av-zero-column-padding  '     ><p>\n<style type=\"text\/css\" data-created_by=\"avia_inline_auto\" id=\"style-css-av-lk1669i4-e4b0760c9df66b69baca1725edd46ade\">\n.av_font_icon.av-lk1669i4-e4b0760c9df66b69baca1725edd46ade .av-icon-char{\nfont-size:40px;\nline-height:40px;\n}\n<\/style>\n<span  class='av_font_icon av-lk1669i4-e4b0760c9df66b69baca1725edd46ade avia_animate_when_visible av-icon-style- avia-icon-pos-left avia-iconfont avia-font-entypo-fontello av-no-color avia-icon-animate'><span class='av-icon-char' data-av_icon='\ue81e' data-av_iconfont='entypo-fontello' aria-hidden=\"true\" ><\/span><\/span><br \/>\n\n<style type=\"text\/css\" data-created_by=\"avia_inline_auto\" id=\"style-css-av-lk165zw8-cf44533ce63345ab7905f7c4db0ff04c\">\n#top .av-special-heading.av-lk165zw8-cf44533ce63345ab7905f7c4db0ff04c{\npadding-bottom:10px;\n}\nbody .av-special-heading.av-lk165zw8-cf44533ce63345ab7905f7c4db0ff04c .av-special-heading-tag .heading-char{\nfont-size:25px;\n}\n.av-special-heading.av-lk165zw8-cf44533ce63345ab7905f7c4db0ff04c .av-subheading{\nfont-size:22px;\n}\n<\/style>\n<div  class='av-special-heading av-lk165zw8-cf44533ce63345ab7905f7c4db0ff04c av-special-heading-h2 blockquote modern-quote  avia-builder-el-7  el_after_av_font_icon  avia-builder-el-last '><h2 class='av-special-heading-tag '  itemprop=\"headline\"  >Pre ktor\u00fd produkt si prajete podporu?<\/h2><div class='av-subheading av-subheading_below'><p>Na\u0161a hotline v\u00e1m pom\u00f4\u017ee.<\/p>\n<\/div><div class=\"special-heading-border\"><div class=\"special-heading-inner-border\"><\/div><\/div><\/div><\/p><\/div>\n<style type=\"text\/css\" data-created_by=\"avia_inline_auto\" id=\"style-css-av-153d9o-6c7118782d98bcd5b535e4d97a54d0d0\">\n.flex_column.av-153d9o-6c7118782d98bcd5b535e4d97a54d0d0{\nborder-radius:0px 0px 0px 0px;\npadding:0px 0px 0px 0px;\n}\n<\/style>\n<div  class='flex_column av-153d9o-6c7118782d98bcd5b535e4d97a54d0d0 av_one_full  avia-builder-el-8  el_after_av_one_full  avia-builder-el-last  first flex_column_div av-zero-column-padding  column-top-margin'     ><style type=\"text\/css\" data-created_by=\"avia_inline_auto\" id=\"style-css-av-k1kfogj3-da91e02b727df29d364ca6b95dac5de0\">\n#top .togglecontainer.av-k1kfogj3-da91e02b727df29d364ca6b95dac5de0 p.toggler.activeTitle{\ncolor:#1d1d1f;\nborder-color:#1d1d1f;\n}\n#top .togglecontainer.av-k1kfogj3-da91e02b727df29d364ca6b95dac5de0 p.toggler.activeTitle .toggle_icon, #top .togglecontainer.av-k1kfogj3-da91e02b727df29d364ca6b95dac5de0 p.toggler.activeTitle .toggle_icon > span{\ncolor:#0090ea;\nborder-color:#0090ea;\n}\n<\/style>\n<div  class='togglecontainer av-k1kfogj3-da91e02b727df29d364ca6b95dac5de0 av-minimal-toggle  avia-builder-el-9  avia-builder-el-no-sibling  hasCurrentStyle' >\n<section class='av_toggle_section av-492d0c-283550e529a7149da64e997985063686'  itemscope=\"itemscope\" itemtype=\"https:\/\/schema.org\/CreativeWork\" ><div role=\"tablist\" class=\"single_toggle\" data-tags=\"{V\u0161etko} \"  ><p id='toggle-toggle-id-1' data-fake-id='#toggle-id-1' class='toggler  activeTitle av-title-above '  itemprop=\"headline\"  role='tab' tabindex='0' aria-controls='toggle-id-1' data-slide-speed=\"200\" data-title=\"TimeLine ERP + priemyseln\u00e9 rie\u0161enia\" data-title-open=\"\" data-aria_collapsed=\"Click to expand: TimeLine ERP + priemyseln\u00e9 rie\u0161enia\" data-aria_expanded=\"Click to collapse: TimeLine ERP + priemyseln\u00e9 rie\u0161enia\">TimeLine ERP + priemyseln\u00e9 rie\u0161enia<span class=\"toggle_icon\"><span class=\"vert_icon\"><\/span><span class=\"hor_icon\"><\/span><\/span><\/p><div id='toggle-id-1' aria-labelledby='toggle-toggle-id-1' role='region' class='toggle_wrap  active_tc av-title-above' style='display:block;' ><div class='toggle_content invers-color '  itemprop=\"text\" ><p class=\"av-special-heading-tag \"><a href=\"tel:00421918800902\">+421 918 800 902<\/a><br \/>\n<a href=\"mailto:sk@timeline.sk\">sk@timeline.sk<\/a><\/p>\n<p class=\"av-special-heading-tag \">Pracovn\u00e9 hodiny:<br \/>\nPondelok a\u017e piatok od 8:00 do 16:00<\/p>\n<\/div><\/div><\/div><\/section>\n<\/div><\/div>\n\n<\/div><\/div><\/div><!-- close content main div --><\/div><\/div><div id='av_section_3'  class='avia-section av-3a8xjw-f3abb90009921758151162e1b19ee6de main_color avia-section-default avia-no-border-styling  avia-builder-el-10  el_after_av_section  el_before_av_section  avia-bg-style-scroll container_wrap sidebar_right'  ><div class='container av-section-cont-open' ><div class='template-page content  av-content-small alpha units'><div class='post-entry post-entry-type-page post-entry-203'><div class='entry-content-wrapper clearfix'>\n<div class='flex_column_table av-lk176ord-f9361d93ecfe74240dd744f04bca2d51 sc-av_two_third av-equal-height-column-flextable'>\n<style type=\"text\/css\" data-created_by=\"avia_inline_auto\" id=\"style-css-av-lk176ord-f9361d93ecfe74240dd744f04bca2d51\">\n.flex_column.av-lk176ord-f9361d93ecfe74240dd744f04bca2d51{\nborder-radius:20px 0 0 20px;\npadding:50px 50px 50px 50px;\nbackground-color:#004a93;\nbackground:linear-gradient( to right, #004a93, #0090ea );\n}\n<\/style>\n<div  class='flex_column av-lk176ord-f9361d93ecfe74240dd744f04bca2d51 av_two_third  avia-builder-el-11  el_before_av_one_third  avia-builder-el-first  first no_margin flex_column_table_cell av-equal-height-column av-align-middle  '     ><p>\n<style type=\"text\/css\" data-created_by=\"avia_inline_auto\" id=\"style-css-av-lk174pf7-8e7d8b0559fde3c9be81864be69299a0\">\n.av_font_icon.av-lk174pf7-8e7d8b0559fde3c9be81864be69299a0{\ncolor:#ffffff;\nborder-color:#ffffff;\n}\n.avia-svg-icon.av-lk174pf7-8e7d8b0559fde3c9be81864be69299a0 svg:first-child{\nstroke:#ffffff;\nfill:#ffffff;\n}\n.av_font_icon.av-lk174pf7-8e7d8b0559fde3c9be81864be69299a0 .av-icon-char{\nfont-size:40px;\nline-height:40px;\n}\n<\/style>\n<span  class='av_font_icon av-lk174pf7-8e7d8b0559fde3c9be81864be69299a0 avia_animate_when_visible av-icon-style- avia-icon-pos-left avia-iconfont avia-font-entypo-fontello avia-icon-animate'><span class='av-icon-char' data-av_icon='\ue8ab' data-av_iconfont='entypo-fontello' aria-hidden=\"true\" ><\/span><\/span><br \/>\n\n<style type=\"text\/css\" data-created_by=\"avia_inline_auto\" id=\"style-css-av-lk1753i5-d88240093d7a904c08465ffdd475d317\">\n#top .av-special-heading.av-lk1753i5-d88240093d7a904c08465ffdd475d317{\npadding-bottom:30px;\ncolor:#ffffff;\n}\nbody .av-special-heading.av-lk1753i5-d88240093d7a904c08465ffdd475d317 .av-special-heading-tag .heading-char{\nfont-size:25px;\n}\n.av-special-heading.av-lk1753i5-d88240093d7a904c08465ffdd475d317 .special-heading-inner-border{\nborder-color:#ffffff;\n}\n.av-special-heading.av-lk1753i5-d88240093d7a904c08465ffdd475d317 .av-subheading{\nfont-size:15px;\n}\n<\/style>\n<div  class='av-special-heading av-lk1753i5-d88240093d7a904c08465ffdd475d317 av-special-heading-h2 custom-color-heading  avia-builder-el-13  el_after_av_font_icon  el_before_av_hr '><h2 class='av-special-heading-tag '  itemprop=\"headline\"  >Vzdialen\u00e9 pripojenie pomocou TeamViewer<\/h2><div class=\"special-heading-border\"><div class=\"special-heading-inner-border\"><\/div><\/div><\/div><br \/>\n\n<style type=\"text\/css\" data-created_by=\"avia_inline_auto\" id=\"style-css-av-lk17fdkv-21091294180222c9a183e64dc6a14950\">\n#top .hr.hr-invisible.av-lk17fdkv-21091294180222c9a183e64dc6a14950{\nheight:20px;\n}\n<\/style>\n<div  class='hr av-lk17fdkv-21091294180222c9a183e64dc6a14950 hr-invisible  avia-builder-el-14  el_after_av_heading  el_before_av_textblock '><span class='hr-inner '><span class=\"hr-inner-style\"><\/span><\/span><\/div><br \/>\n\n<style type=\"text\/css\" data-created_by=\"avia_inline_auto\" id=\"style-css-av-lk175qs3-bf5e6e347b99fd91e5306700e8ec9c14\">\n#top .av_textblock_section.av-lk175qs3-bf5e6e347b99fd91e5306700e8ec9c14 .avia_textblock{\ncolor:#ffffff;\n}\n<\/style>\n<section  class='av_textblock_section av-lk175qs3-bf5e6e347b99fd91e5306700e8ec9c14 '   itemscope=\"itemscope\" itemtype=\"https:\/\/schema.org\/CreativeWork\" ><div class='avia_textblock av_inherit_color'  itemprop=\"text\" ><p>Software pre vzdialen\u00e9 ovl\u00e1danie TeamViewer umo\u017en\u00ed na\u0161im zamestnancom pripoji\u0165 sa na v\u00e1\u0161 po\u010d\u00edta\u010d priamo, na z\u00e1klade va\u0161ej autoriz\u00e1cie.<\/p>\n<\/div><\/section><\/p><\/div>\n<style type=\"text\/css\" data-created_by=\"avia_inline_auto\" id=\"style-css-av-lk1770c2-3621f9979099a9c809b9ee6fdf277156\">\n.flex_column.av-lk1770c2-3621f9979099a9c809b9ee6fdf277156{\nborder-radius:0 20px 20px 0;\npadding:50px 50px 50px 50px;\nbackground-color:#0090ea;\n}\n<\/style>\n<div  class='flex_column av-lk1770c2-3621f9979099a9c809b9ee6fdf277156 av_one_third  avia-builder-el-16  el_after_av_two_third  el_before_av_hr  no_margin flex_column_table_cell av-equal-height-column av-align-middle  '     ><p>\n<style type=\"text\/css\" data-created_by=\"avia_inline_auto\" id=\"style-css-av-lk17dogs-4e56dd92b58e13afdd954da2a0e442ce\">\n.avia-image-container.av-lk17dogs-4e56dd92b58e13afdd954da2a0e442ce img.avia_image{\nbox-shadow:none;\n}\n.avia-image-container.av-lk17dogs-4e56dd92b58e13afdd954da2a0e442ce .av-image-caption-overlay-center{\ncolor:#ffffff;\n}\n<\/style>\n<div  class='avia-image-container av-lk17dogs-4e56dd92b58e13afdd954da2a0e442ce av-styling- avia-align-center  avia-builder-el-17  el_before_av_button  avia-builder-el-first '   itemprop=\"image\" itemscope=\"itemscope\" itemtype=\"https:\/\/schema.org\/ImageObject\" ><div class=\"avia-image-container-inner\"><div class=\"avia-image-overlay-wrap\"><img decoding=\"async\" fetchpriority=\"high\" class='wp-image- avia-img-lazy-loading-not- avia_image ' src=\"https:\/\/www.timeline-erp.com\/wp-content\/uploads\/2023\/07\/TeamViewer-300x180.png\" alt='' title=''   itemprop=\"thumbnailUrl\"  \/><\/div><\/div><\/div><br \/>\n<div  class='avia-button-wrap av-lk17ef35-acbf2a504cefb05f86eb76c273b08a49-wrap avia-button-center  avia-builder-el-18  el_after_av_image  avia-builder-el-last '><a href='https:\/\/get.teamviewer.com\/timeline-gebauer'  class='avia-button av-lk17ef35-acbf2a504cefb05f86eb76c273b08a49 av-link-btn avia-icon_select-yes-right-icon avia-size-large avia-position-center av-icon-on-hover avia-color-theme-color-highlight'   aria-label=\"Na stiahnutie\"><span class='avia_iconbox_title' >Na stiahnutie<\/span><span class='avia_button_icon avia_button_icon_right avia-iconfont avia-font-entypo-fontello' data-av_icon='\ue875' data-av_iconfont='entypo-fontello' ><\/span><\/a><\/div><\/p><\/div><\/div><!--close column table wrapper. Autoclose: 1 -->\n<style type=\"text\/css\" data-created_by=\"avia_inline_auto\" id=\"style-css-av-lk17htli-2b8db05732677b9ab4be2e3005b0bbb3\">\n#top .hr.hr-invisible.av-lk17htli-2b8db05732677b9ab4be2e3005b0bbb3{\nheight:50px;\n}\n<\/style>\n<div  class='hr av-lk17htli-2b8db05732677b9ab4be2e3005b0bbb3 hr-invisible  avia-builder-el-19  el_after_av_one_third  avia-builder-el-last '><span class='hr-inner '><span class=\"hr-inner-style\"><\/span><\/span><\/div>\n\n<\/div><\/div><\/div><!-- close content main div --><\/div><\/div>\n<style type=\"text\/css\" data-created_by=\"avia_inline_auto\" id=\"style-css-av-lb0weuz0-5e1d7dbd458d760f75a98ec99ad0e94a\">\n.avia-section.av-lb0weuz0-5e1d7dbd458d760f75a98ec99ad0e94a{\nbackground-color:#0c1d37;\nbackground:linear-gradient( to bottom, #0c1d37, #0f1022 );\n}\n<\/style>\n<div id='av_section_4'  class='avia-section av-lb0weuz0-5e1d7dbd458d760f75a98ec99ad0e94a alternate_color avia-section-huge avia-no-border-styling  avia-builder-el-20  el_after_av_section  avia-builder-el-last  avia-bg-style-scroll container_wrap sidebar_right'  ><div class='container av-section-cont-open' ><div class='template-page content  av-content-small alpha units'><div class='post-entry post-entry-type-page post-entry-203'><div class='entry-content-wrapper clearfix'>\n<div  class='flex_column av-5buysc-037f591003eddd2cff801271e35b56d9 av_one_full  avia-builder-el-21  avia-builder-el-no-sibling  first flex_column_div  '     ><section  class='av_textblock_section av-lb0w9b6q-32e254a4624edbfa44523328062e4f4a '   itemscope=\"itemscope\" itemtype=\"https:\/\/schema.org\/CreativeWork\" ><div class='avia_textblock'  itemprop=\"text\" ><div>\n<h2>Na na\u0161u podporu sa m\u00f4\u017eete plne spo\u013eahn\u00fa\u0165<\/h2>\n<p>Sme dod\u00e1vate\u013eom ERP syst\u00e9mu, ktor\u00fd sa neust\u00e1le vyv\u00edja a inovuje. Vieme, \u017ee prvotriedna podpora je pre na\u0161ich z\u00e1kazn\u00edkov absol\u00fatne nevyhnutn\u00e1. Preto n\u00e1jdete v\u0161etky d\u00f4le\u017eit\u00e9 kontakty na tejto str\u00e1nke. M\u00e1me viac ako 30 ro\u010dn\u00e9 sk\u00fasenosti s ERP podporou. Sme si ist\u00fd, \u017ee pom\u00f4\u017eeme aj v\u00e1m s va\u0161imi individu\u00e1lnymi po\u017eiadavkami. S \u010d\u00edm v\u00e1m teda pom\u00f4\u017eeme?<\/p>\n<h3>Pre\u010do nemus\u00edte \u010daka\u0165 v rade na na\u0161u linku pomoci?<\/h3>\n<p>U n\u00e1s neza\u017eijete nekone\u010dn\u00e9 \u010dakanie na kontakt. Pon\u00fakame v\u00e1m zmyslupln\u00fa priamu podporu tak r\u00fdchlo ako je to len mo\u017en\u00e9. Z tohto d\u00f4vodu sme zriadili nieko\u013eko liniek pomoci a kontaktn\u00fdch adries na na\u0161e ERP &#8211; rozdelen\u00fdch pod\u013ea produktov:<\/p>\n<ul>\n<li>TimeLine ERP + Industry Solutions<\/li>\n<\/ul>\n<\/div>\n<p style=\"font-weight: 400;\">Ka\u017ed\u00e9 rie\u0161enie m\u00e1 svoje vlastn\u00e9 kontakty, m\u00f4\u017ete sa p\u00fdta\u0165 aj na technick\u00e9 ot\u00e1zky. T\u00fdmto pr\u00edstupom sme schopn\u00ed zabezpe\u010di\u0165, \u017ee sa r\u00fdchlo spoj\u00edte s na\u0161im poradcom, ktor\u00fd v\u00e1m bude skuto\u010dne vedie\u0165 pom\u00f4c\u0165. Aby sme podporili na\u0161u vecnos\u0165 a r\u00fdchlos\u0165 v h\u013eadan\u00ed rie\u0161enia, pon\u00fakame v\u00e1m pripojenie cez TeamViewer. Toto software rie\u0161enie n\u00e1m umo\u017e\u0148uje priamy n\u00e1h\u013ead na probl\u00e9m u v\u00e1s v syst\u00e9me pomocou vzdialen\u00e9ho pr\u00edstupu a z\u00e1rove\u0148 v\u00e1m vieme navrhn\u00fa\u0165 konkr\u00e9tne vhodn\u00e9 rie\u0161enie.<\/p>\n<\/div><\/section><br \/>\n\n<style type=\"text\/css\" data-created_by=\"avia_inline_auto\" id=\"style-css-av-dw2n0-2225a71bbbf2f20eea876dc748b524d1\">\n#top .hr.hr-invisible.av-dw2n0-2225a71bbbf2f20eea876dc748b524d1{\nheight:50px;\n}\n<\/style>\n<div  class='hr av-dw2n0-2225a71bbbf2f20eea876dc748b524d1 hr-invisible  avia-builder-el-23  el_after_av_textblock  el_before_av_textblock '><span class='hr-inner '><span class=\"hr-inner-style\"><\/span><\/span><\/div><br \/>\n<section  class='av_textblock_section av-lb0wz77r-cae20dc74de0d5500fdb6ea2dad9fc1b '   itemscope=\"itemscope\" itemtype=\"https:\/\/schema.org\/CreativeWork\" ><div class='avia_textblock'  itemprop=\"text\" ><h3>Kontakt na n\u00e1\u0161 t\u00edm predaja.<\/h3>\n<p>Sk\u00fasen\u00fd t\u00edm predaja TimeLine v\u00e1m r\u00e1d porad\u00ed v pr\u00edpade ot\u00e1zok licencovania a mo\u017enej k\u00fapy n\u00e1\u0161ho ERP syst\u00e9mu. Predajcovia radi odpovedia na va\u0161e telefonick\u00e9 ot\u00e1zky, pr\u00edpadne ot\u00e1zky zaslan\u00e9 cez online formul\u00e1r. Radi v\u00e1m pomo\u017eeme aj na tomto mieste.<\/p>\n<\/div><\/section><br \/>\n\n<style type=\"text\/css\" data-created_by=\"avia_inline_auto\" id=\"style-css-av-lb0x2hrk-177b30a97d0a919d43067f0efd270b9e\">\n#top .hr.hr-invisible.av-lb0x2hrk-177b30a97d0a919d43067f0efd270b9e{\nheight:50px;\n}\n<\/style>\n<div  class='hr av-lb0x2hrk-177b30a97d0a919d43067f0efd270b9e hr-invisible  avia-builder-el-25  el_after_av_textblock  el_before_av_textblock '><span class='hr-inner '><span class=\"hr-inner-style\"><\/span><\/span><\/div><br \/>\n<section  class='av_textblock_section av-lb0x1h4f-3e198fa4848fa317c919f6afe857d073 '   itemscope=\"itemscope\" itemtype=\"https:\/\/schema.org\/CreativeWork\" ><div class='avia_textblock'  itemprop=\"text\" ><h3>Prajete si najsk\u00f4r vysk\u00fa\u0161a\u0165 n\u00e1\u0161 ERP syst\u00e9m?<\/h3>\n<p>Prajete si zozn\u00e1mi\u0165 sa s na\u0161im syst\u00e9mom a ako prv\u00fd krok, d\u00f4kladne otestova\u0165 n\u00e1\u0161 ERP softv\u00e9r? To nie je probl\u00e9m. M\u00e1te 90 dn\u00ed na to, aby ste si ako plnohodnotn\u00fd u\u017e\u00edvate\u013e vysk\u00fa\u0161ali v\u0161etky funkcie n\u00e1\u0161ho ERP syst\u00e9mu. Bez ak\u00fdchko\u013evek obmedzen\u00ed.<\/p>\n<p>Demo n\u00e1jdete v na\u0161om centre s\u0165ahovania. Tu si m\u00f4\u017eete stiahnu\u0165 aj informa\u010dn\u00e9 bro\u017e\u00fary alebo TeamViewer. K dispoz\u00edcii je aj odkaz na z\u00e1kazn\u00edcky a partnersk\u00fd port\u00e1l.<\/p>\n<\/div><\/section><br \/>\n\n<style type=\"text\/css\" data-created_by=\"avia_inline_auto\" id=\"style-css-av-350yks-27149d654584f8b98960413a1efd4d7c\">\n#top .hr.hr-invisible.av-350yks-27149d654584f8b98960413a1efd4d7c{\nheight:50px;\n}\n<\/style>\n<div  class='hr av-350yks-27149d654584f8b98960413a1efd4d7c hr-invisible  avia-builder-el-27  el_after_av_textblock  el_before_av_textblock '><span class='hr-inner '><span class=\"hr-inner-style\"><\/span><\/span><\/div><br \/>\n<section  class='av_textblock_section av-lb0x3df1-b2e488397d94ee8c40fd8282f347c0b8 '   itemscope=\"itemscope\" itemtype=\"https:\/\/schema.org\/CreativeWork\" ><div class='avia_textblock'  itemprop=\"text\" ><h3>Na\u0161a \u010fal\u0161ia ponuka: eventy a zdroje inform\u00e1ci\u00ed<\/h3>\n<p>Na d\u00f4va\u017eok pon\u00fakame r\u00f4zne eventy. Webin\u00e1re, \u0161kolenia, v\u00fdstavy&#8230; Skontaktujte n\u00e1s priamo a radi pre v\u00e1s zrealizujeme osobn\u00fa prezent\u00e1ciu na\u0161ich rie\u0161en\u00ed. Takisto mnoho inform\u00e1ci\u00ed pon\u00faka n\u00e1\u0161 blog. Na tomto mieste m\u00f4\u017eete n\u00e1js\u0165 u\u017eito\u010dn\u00e9 \u010dl\u00e1nky o na\u0161om ERP.<\/p>\n<\/div><\/section><\/p><\/div>\n<\/div><\/div><\/div><!-- close content main div --><\/div><\/div><div id='after_section_4'  class='main_color av_default_container_wrap container_wrap sidebar_right'  ><div class='container av-section-cont-open' ><div class='template-page content  av-content-small alpha units'><div class='post-entry post-entry-type-page post-entry-203'><div class='entry-content-wrapper clearfix'>\n","protected":false},"excerpt":{"rendered":"","protected":false},"author":1,"featured_media":1017,"parent":192,"menu_order":0,"comment_status":"closed","ping_status":"closed","template":"","meta":{"footnotes":""},"class_list":["post-203","page","type-page","status-publish","has-post-thumbnail","hentry"],"_links":{"self":[{"href":"https:\/\/www.timeline-erp.com\/sk\/wp-json\/wp\/v2\/pages\/203","targetHints":{"allow":["GET"]}}],"collection":[{"href":"https:\/\/www.timeline-erp.com\/sk\/wp-json\/wp\/v2\/pages"}],"about":[{"href":"https:\/\/www.timeline-erp.com\/sk\/wp-json\/wp\/v2\/types\/page"}],"author":[{"embeddable":true,"href":"https:\/\/www.timeline-erp.com\/sk\/wp-json\/wp\/v2\/users\/1"}],"replies":[{"embeddable":true,"href":"https:\/\/www.timeline-erp.com\/sk\/wp-json\/wp\/v2\/comments?post=203"}],"version-history":[{"count":6,"href":"https:\/\/www.timeline-erp.com\/sk\/wp-json\/wp\/v2\/pages\/203\/revisions"}],"predecessor-version":[{"id":1137,"href":"https:\/\/www.timeline-erp.com\/sk\/wp-json\/wp\/v2\/pages\/203\/revisions\/1137"}],"up":[{"embeddable":true,"href":"https:\/\/www.timeline-erp.com\/sk\/wp-json\/wp\/v2\/pages\/192"}],"wp:featuredmedia":[{"embeddable":true,"href":"https:\/\/www.timeline-erp.com\/sk\/wp-json\/wp\/v2\/media\/1017"}],"wp:attachment":[{"href":"https:\/\/www.timeline-erp.com\/sk\/wp-json\/wp\/v2\/media?parent=203"}],"curies":[{"name":"wp","href":"https:\/\/api.w.org\/{rel}","templated":true}]}}