{"id":99,"date":"2023-07-07T12:31:06","date_gmt":"2023-07-07T10:31:06","guid":{"rendered":"https:\/\/stage.timeline-erp.de\/en\/?page_id=99"},"modified":"2024-07-29T13:48:57","modified_gmt":"2024-07-29T11:48:57","slug":"industrii","status":"publish","type":"page","link":"https:\/\/www.timeline-erp.com\/ro\/industrii\/","title":{"rendered":"Industrii"},"content":{"rendered":"<div id='av_section_1'  class='avia-section av-jgwcilg8-6d6d01c361474b7ee9f24e57147badd9 main_color avia-section-default avia-no-border-styling  avia-builder-el-0  el_before_av_section  avia-builder-el-first  avia-bg-style-scroll container_wrap fullsize'  ><div class='container av-section-cont-open' ><main  role=\"main\" itemprop=\"mainContentOfPage\"  class='template-page content  av-content-full alpha units'><div class='post-entry post-entry-type-page post-entry-99'><div class='entry-content-wrapper clearfix'>\n\n<style type=\"text\/css\" data-created_by=\"avia_inline_auto\" id=\"style-css-av-3k2ea-677225059185e0f95221dd3d3a596db3\">\n.flex_column.av-3k2ea-677225059185e0f95221dd3d3a596db3{\nborder-radius:0px 0px 0px 0px;\npadding:0px 0px 0px 0px;\n}\n<\/style>\n<div  class='flex_column av-3k2ea-677225059185e0f95221dd3d3a596db3 av_one_full  avia-builder-el-1  avia-builder-el-no-sibling  first flex_column_div av-zero-column-padding  '     ><style type=\"text\/css\" data-created_by=\"avia_inline_auto\" id=\"style-css-av-key1oahh-e4d7823d7e0bf7270898ff489afb0f59\">\n#top .av-special-heading.av-key1oahh-e4d7823d7e0bf7270898ff489afb0f59{\npadding-bottom:10px;\n}\nbody .av-special-heading.av-key1oahh-e4d7823d7e0bf7270898ff489afb0f59 .av-special-heading-tag .heading-char{\nfont-size:25px;\n}\n.av-special-heading.av-key1oahh-e4d7823d7e0bf7270898ff489afb0f59 .av-subheading{\nfont-size:22px;\n}\n<\/style>\n<div  class='av-special-heading av-key1oahh-e4d7823d7e0bf7270898ff489afb0f59 av-special-heading-h1 blockquote modern-quote modern-centered  avia-builder-el-2  avia-builder-el-no-sibling '><h1 class='av-special-heading-tag '  itemprop=\"headline\"  >TimeLine ERP &#8211; Solu\u021bii industriale<\/h1><div class='av-subheading av-subheading_below'><p>Solu\u021bii ERP \u0219i PPS pentru cerin\u021bele dumneavoastr\u0103 specifice.<\/p>\n<\/div><div class=\"special-heading-border\"><div class=\"special-heading-inner-border\"><\/div><\/div><\/div><\/div>\n\n<\/div><\/div><\/main><!-- close content main element --><\/div><\/div><div id='av_section_2'  class='avia-section av-8fc72-3e7ce7d61c4854b063a53c953b877cbe main_color avia-section-default avia-no-border-styling  avia-builder-el-3  el_after_av_section  el_before_av_section  avia-bg-style-scroll container_wrap fullsize'  ><div class='container av-section-cont-open' ><div class='template-page content  av-content-full alpha units'><div class='post-entry post-entry-type-page post-entry-99'><div class='entry-content-wrapper clearfix'>\n<div class='flex_column_table av-3q8gq-5c4deb0022d26c308faa003ce357feb5 sc-av_two_fifth av-equal-height-column-flextable'><div  class='flex_column av-3q8gq-5c4deb0022d26c308faa003ce357feb5 av_two_fifth  avia-builder-el-4  el_before_av_three_fifth  avia-builder-el-first  first flex_column_table_cell av-equal-height-column av-align-middle  '     ><style type=\"text\/css\" data-created_by=\"avia_inline_auto\" id=\"style-css-av-31dbq-2c42cd2bb5423e93cb2548f0a3718584\">\n.avia-image-container.av-31dbq-2c42cd2bb5423e93cb2548f0a3718584 img.avia_image{\nbox-shadow:none;\n}\n.avia-image-container.av-31dbq-2c42cd2bb5423e93cb2548f0a3718584 .av-image-caption-overlay-center{\ncolor:#ffffff;\n}\n<\/style>\n<div  class='avia-image-container av-31dbq-2c42cd2bb5423e93cb2548f0a3718584 av-styling- avia-align-center  avia-builder-el-5  avia-builder-el-no-sibling '   itemprop=\"image\" itemscope=\"itemscope\" itemtype=\"https:\/\/schema.org\/ImageObject\" ><div class=\"avia-image-container-inner\"><div class=\"avia-image-overlay-wrap\"><img fetchpriority=\"high\" fetchpriority=\"high\" decoding=\"async\" fetchpriority=\"high\" class='wp-image-694 avia-img-lazy-loading-not-694 avia_image ' src=\"https:\/\/www.timeline-erp.com\/ro\/wp-content\/uploads\/sites\/7\/2024\/03\/timeline-erp-automotive-box.png\" alt='' title='timeline-erp-automotive-box'  height=\"697\" width=\"538\"  itemprop=\"thumbnailUrl\" srcset=\"https:\/\/www.timeline-erp.com\/ro\/wp-content\/uploads\/sites\/7\/2024\/03\/timeline-erp-automotive-box.png 538w, https:\/\/www.timeline-erp.com\/ro\/wp-content\/uploads\/sites\/7\/2024\/03\/timeline-erp-automotive-box-232x300.png 232w\" sizes=\"(max-width: 538px) 100vw, 538px\" \/><\/div><\/div><\/div><\/div><div class='av-flex-placeholder'><\/div><div  class='flex_column av-2wpqe-6c938a7c02226776a194774c56da1246 av_three_fifth  avia-builder-el-6  el_after_av_two_fifth  avia-builder-el-last  flex_column_table_cell av-equal-height-column av-align-middle  '     ><p>\n<style type=\"text\/css\" data-created_by=\"avia_inline_auto\" id=\"style-css-av-1z25q-c1204a21683806e96f78795b3b250abd\">\n#top .av-special-heading.av-1z25q-c1204a21683806e96f78795b3b250abd{\npadding-bottom:10px;\n}\nbody .av-special-heading.av-1z25q-c1204a21683806e96f78795b3b250abd .av-special-heading-tag .heading-char{\nfont-size:25px;\n}\n#top #wrap_all .av-special-heading.av-1z25q-c1204a21683806e96f78795b3b250abd .av-special-heading-tag{\npadding:0 0 4px 0;\n}\n.av-special-heading.av-1z25q-c1204a21683806e96f78795b3b250abd .av-subheading{\nfont-size:22px;\ncolor:#fbb02c;\n}\n<\/style>\n<div  class='av-special-heading av-1z25q-c1204a21683806e96f78795b3b250abd av-special-heading-h2 custom-color-heading blockquote modern-quote  avia-builder-el-7  el_before_av_textblock  avia-builder-el-first  gradienthl'><div class='av-subheading av-subheading_above'><p>TIMELINE AUTOMOTIVE<\/p>\n<\/div><h2 class='av-special-heading-tag '  itemprop=\"headline\"  >Alegerea inteligent\u0103 pentru produc\u021bia \u00een serie<\/h2><div class=\"special-heading-border\"><div class=\"special-heading-inner-border\"><\/div><\/div><\/div><br \/>\n<section  class='av_textblock_section av-1dhgm-9140e7f0161debf34f790191cdfdc212 '   itemscope=\"itemscope\" itemtype=\"https:\/\/schema.org\/CreativeWork\" ><div class='avia_textblock'  itemprop=\"text\" ><p>TimeLine ERP pentru produc\u021bia de serie mare \u0219i industria auto combin\u0103 o gam\u0103 unic\u0103 de func\u021bii create pe baza cerin\u021belor speciale ale industriei \u0219i completeaz\u0103 implementarea cu o adaptabilitate f\u0103r\u0103 precedent la cerin\u021bele individuale.<\/p>\n<\/div><\/section><br \/>\n<div  class='avia-button-wrap av-12exe-283b75d347e1cc0214b2eb4c7b6e82f4-wrap avia-button-left  avia-builder-el-9  el_after_av_textblock  avia-builder-el-last '>\n<style type=\"text\/css\" data-created_by=\"avia_inline_auto\" id=\"style-css-av-12exe-283b75d347e1cc0214b2eb4c7b6e82f4\">\n#top #wrap_all .avia-button.av-12exe-283b75d347e1cc0214b2eb4c7b6e82f4{\nborder-radius:50px 50px 50px 50px;\ntransition:all 0.4s ease-in-out;\n}\n#top #wrap_all.avia-button.av-12exe-283b75d347e1cc0214b2eb4c7b6e82f4:hover .avia_button_background{\nborder-radius:50px 50px 50px 50px;\n}\n<\/style>\n<a href='https:\/\/www.timeline-erp.com\/ro\/industrii\/automotive\/'  class='avia-button av-12exe-283b75d347e1cc0214b2eb4c7b6e82f4 av-link-btn avia-icon_select-yes-right-icon avia-size-large avia-position-left av-icon-on-hover avia-color-theme-color-highlight'   aria-label=\"cite\u0219te mai mult\"><span class='avia_iconbox_title' >cite\u0219te mai mult<\/span><span class='avia_button_icon avia_button_icon_right avia-iconfont avia-font-entypo-fontello' data-av_icon='\ue875' data-av_iconfont='entypo-fontello' ><\/span><\/a><\/div><\/p><\/div><\/div><!--close column table wrapper. Autoclose: 1 --><\/div><\/div><\/div><!-- close content main div --><\/div><\/div>\n<style type=\"text\/css\" data-created_by=\"avia_inline_auto\" id=\"style-css-av-gvum-6a9d133ee505dcdfb64acae9a7bf3873\">\n.avia-section.av-gvum-6a9d133ee505dcdfb64acae9a7bf3873{\nbackground-color:#0c1d37;\nbackground:linear-gradient( to bottom, #0c1d37, #0f1022 );\n}\n<\/style>\n<div id='av_section_3'  class='avia-section av-gvum-6a9d133ee505dcdfb64acae9a7bf3873 alternate_color avia-section-default avia-no-border-styling  avia-builder-el-10  el_after_av_section  el_before_av_section  avia-bg-style-scroll av-minimum-height av-minimum-height-25 av-height-25  container_wrap fullsize'   data-av_minimum_height_pc='25' data-av_min_height_opt='25'><div class='container av-section-cont-open' ><div class='template-page content  av-content-full alpha units'><div class='post-entry post-entry-type-page post-entry-99'><div class='entry-content-wrapper clearfix'>\n<div class='flex_column_table av-7yv2a-9f089e78a296b3246d689ebdadcfe1dd sc-av_two_fifth av-equal-height-column-flextable'><div  class='flex_column av-7yv2a-9f089e78a296b3246d689ebdadcfe1dd av_two_fifth  avia-builder-el-11  el_before_av_three_fifth  avia-builder-el-first  first flex_column_table_cell av-equal-height-column av-align-middle  '     ><style type=\"text\/css\" data-created_by=\"avia_inline_auto\" id=\"style-css-av-7cw3a-9966bb717108b6595731cd0002c88ede\">\n.avia-image-container.av-7cw3a-9966bb717108b6595731cd0002c88ede img.avia_image{\nbox-shadow:none;\n}\n.avia-image-container.av-7cw3a-9966bb717108b6595731cd0002c88ede .av-image-caption-overlay-center{\ncolor:#ffffff;\n}\n<\/style>\n<div  class='avia-image-container av-7cw3a-9966bb717108b6595731cd0002c88ede av-styling- avia-align-center  avia-builder-el-12  avia-builder-el-no-sibling '   itemprop=\"image\" itemscope=\"itemscope\" itemtype=\"https:\/\/schema.org\/ImageObject\" ><div class=\"avia-image-container-inner\"><div class=\"avia-image-overlay-wrap\"><img fetchpriority=\"high\" fetchpriority=\"high\" decoding=\"async\" fetchpriority=\"high\" class='wp-image-698 avia-img-lazy-loading-not-698 avia_image ' src=\"https:\/\/www.timeline-erp.com\/ro\/wp-content\/uploads\/sites\/7\/2024\/03\/timeline-erp-plastics-box.png\" alt='' title='timeline-erp-plastics-box'  height=\"759\" width=\"596\"  itemprop=\"thumbnailUrl\" srcset=\"https:\/\/www.timeline-erp.com\/ro\/wp-content\/uploads\/sites\/7\/2024\/03\/timeline-erp-plastics-box.png 596w, https:\/\/www.timeline-erp.com\/ro\/wp-content\/uploads\/sites\/7\/2024\/03\/timeline-erp-plastics-box-236x300.png 236w, https:\/\/www.timeline-erp.com\/ro\/wp-content\/uploads\/sites\/7\/2024\/03\/timeline-erp-plastics-box-554x705.png 554w\" sizes=\"(max-width: 596px) 100vw, 596px\" \/><\/div><\/div><\/div><\/div><div class='av-flex-placeholder'><\/div><div  class='flex_column av-6taou-3bfad435641bf21fe2bd9b3837861ede av_three_fifth  avia-builder-el-13  el_after_av_two_fifth  avia-builder-el-last  flex_column_table_cell av-equal-height-column av-align-middle  '     ><p>\n<style type=\"text\/css\" data-created_by=\"avia_inline_auto\" id=\"style-css-av-6fk3a-4a60c68d57dd4e27a45717eb501beec4\">\n#top .av-special-heading.av-6fk3a-4a60c68d57dd4e27a45717eb501beec4{\npadding-bottom:10px;\n}\nbody .av-special-heading.av-6fk3a-4a60c68d57dd4e27a45717eb501beec4 .av-special-heading-tag .heading-char{\nfont-size:25px;\n}\n.av-special-heading.av-6fk3a-4a60c68d57dd4e27a45717eb501beec4 .av-subheading{\nfont-size:22px;\ncolor:#a07eb7;\n}\n<\/style>\n<div  class='av-special-heading av-6fk3a-4a60c68d57dd4e27a45717eb501beec4 av-special-heading-h2 custom-color-heading blockquote modern-quote  avia-builder-el-14  el_before_av_textblock  avia-builder-el-first  gradienthl'><div class='av-subheading av-subheading_above'><p>TIMELINE PLASTICS<\/p>\n<\/div><h2 class='av-special-heading-tag '  itemprop=\"headline\"  >Sistemul ERP pentru companiile de prelucrare a materialelor plastice<\/h2><div class=\"special-heading-border\"><div class=\"special-heading-inner-border\"><\/div><\/div><\/div><br \/>\n<section  class='av_textblock_section av-5rz3e-59c106104f7a39abc1f7f6d5708320c7 '   itemscope=\"itemscope\" itemtype=\"https:\/\/schema.org\/CreativeWork\" ><div class='avia_textblock'  itemprop=\"text\" ><p>TimeLine ERP ofer\u0103 companiilor de prelucrare a maselor plastice o solu\u021bie personalizat\u0103 pentru orice scenariu, rezultat\u0103 dintr-o funda\u021bie unic\u0103, ce combin\u0103 o mare varietate de module standard cu func\u021bionalit\u0103\u021bi specifice industriei, completat\u0103 de o posibilitate de ajustare f\u0103r\u0103 precedent la cerin\u021bele individuale.<\/p>\n<\/div><\/section><br \/>\n<div  class='avia-button-wrap av-j6n6-923d85ec3baeee4f511ffd4bae3d92a5-wrap avia-button-left  avia-builder-el-16  el_after_av_textblock  avia-builder-el-last '>\n<style type=\"text\/css\" data-created_by=\"avia_inline_auto\" id=\"style-css-av-j6n6-923d85ec3baeee4f511ffd4bae3d92a5\">\n#top #wrap_all .avia-button.av-j6n6-923d85ec3baeee4f511ffd4bae3d92a5{\nborder-radius:50px 50px 50px 50px;\ntransition:all 0.4s ease-in-out;\n}\n#top #wrap_all.avia-button.av-j6n6-923d85ec3baeee4f511ffd4bae3d92a5:hover .avia_button_background{\nborder-radius:50px 50px 50px 50px;\n}\n<\/style>\n<a href='https:\/\/www.timeline-erp.com\/ro\/industrii\/plastics\/'  class='avia-button av-j6n6-923d85ec3baeee4f511ffd4bae3d92a5 av-link-btn avia-icon_select-yes-right-icon avia-size-large avia-position-left av-icon-on-hover avia-color-theme-color-highlight'   aria-label=\"cite\u0219te mai mult\"><span class='avia_iconbox_title' >cite\u0219te mai mult<\/span><span class='avia_button_icon avia_button_icon_right avia-iconfont avia-font-entypo-fontello' data-av_icon='\ue875' data-av_iconfont='entypo-fontello' ><\/span><\/a><\/div><\/p><\/div><\/div><!--close column table wrapper. Autoclose: 1 --><\/div><\/div><\/div><!-- close content main div --><\/div><\/div><div id='av_section_4'  class='avia-section av-lb0lrruu-1c712a777693d38593fca50a9327323d main_color avia-section-default avia-no-border-styling  avia-builder-el-17  el_after_av_section  el_before_av_section  avia-bg-style-scroll container_wrap fullsize'  ><div class='container av-section-cont-open' ><div class='template-page content  av-content-full alpha units'><div class='post-entry post-entry-type-page post-entry-99'><div class='entry-content-wrapper clearfix'>\n<div class='flex_column_table av-29lv6-0603eddbc0c31bda577f2056293c0cc3 sc-av_two_fifth av-equal-height-column-flextable'><div  class='flex_column av-29lv6-0603eddbc0c31bda577f2056293c0cc3 av_two_fifth  avia-builder-el-18  el_before_av_three_fifth  avia-builder-el-first  first flex_column_table_cell av-equal-height-column av-align-middle  '     ><style type=\"text\/css\" data-created_by=\"avia_inline_auto\" id=\"style-css-av-1cpdi-c6939d3518780f2f34e029827160e860\">\n.avia-image-container.av-1cpdi-c6939d3518780f2f34e029827160e860 img.avia_image{\nbox-shadow:none;\n}\n.avia-image-container.av-1cpdi-c6939d3518780f2f34e029827160e860 .av-image-caption-overlay-center{\ncolor:#ffffff;\n}\n<\/style>\n<div  class='avia-image-container av-1cpdi-c6939d3518780f2f34e029827160e860 av-styling- avia-align-center  avia-builder-el-19  avia-builder-el-no-sibling '   itemprop=\"image\" itemscope=\"itemscope\" itemtype=\"https:\/\/schema.org\/ImageObject\" ><div class=\"avia-image-container-inner\"><div class=\"avia-image-overlay-wrap\"><img fetchpriority=\"high\" fetchpriority=\"high\" decoding=\"async\" fetchpriority=\"high\" class='wp-image-697 avia-img-lazy-loading-not-697 avia_image ' src=\"https:\/\/www.timeline-erp.com\/ro\/wp-content\/uploads\/sites\/7\/2024\/03\/timeline-erp-foundry-box.png\" alt='' title='timeline-erp-foundry-box'  height=\"925\" width=\"719\"  itemprop=\"thumbnailUrl\" srcset=\"https:\/\/www.timeline-erp.com\/ro\/wp-content\/uploads\/sites\/7\/2024\/03\/timeline-erp-foundry-box.png 719w, https:\/\/www.timeline-erp.com\/ro\/wp-content\/uploads\/sites\/7\/2024\/03\/timeline-erp-foundry-box-233x300.png 233w, https:\/\/www.timeline-erp.com\/ro\/wp-content\/uploads\/sites\/7\/2024\/03\/timeline-erp-foundry-box-548x705.png 548w\" sizes=\"(max-width: 719px) 100vw, 719px\" \/><\/div><\/div><\/div><\/div><div class='av-flex-placeholder'><\/div><div  class='flex_column av-3x12-2fc0afdfc74dc4dcfa5a74337bedcd43 av_three_fifth  avia-builder-el-20  el_after_av_two_fifth  avia-builder-el-last  flex_column_table_cell av-equal-height-column av-align-middle  '     ><p>\n<style type=\"text\/css\" data-created_by=\"avia_inline_auto\" id=\"style-css-av-lb0ma53x-f15f09ba91b5afd0f8def76685ebd0a0\">\n#top .av-special-heading.av-lb0ma53x-f15f09ba91b5afd0f8def76685ebd0a0{\npadding-bottom:10px;\n}\nbody .av-special-heading.av-lb0ma53x-f15f09ba91b5afd0f8def76685ebd0a0 .av-special-heading-tag .heading-char{\nfont-size:25px;\n}\n.av-special-heading.av-lb0ma53x-f15f09ba91b5afd0f8def76685ebd0a0 .av-subheading{\nfont-size:22px;\ncolor:#e63510;\n}\n<\/style>\n<div  class='av-special-heading av-lb0ma53x-f15f09ba91b5afd0f8def76685ebd0a0 av-special-heading-h2 custom-color-heading blockquote modern-quote  avia-builder-el-21  el_before_av_textblock  avia-builder-el-first  gradienthl'><div class='av-subheading av-subheading_above'><p>TIMELINE FOUNDRY<\/p>\n<\/div><h2 class='av-special-heading-tag '  itemprop=\"headline\"  >Specialistul turn\u0103toriilor de peste 30 de ani<\/h2><div class=\"special-heading-border\"><div class=\"special-heading-inner-border\"><\/div><\/div><\/div><br \/>\n<section  class='av_textblock_section av-lb0mbay7-4e2181c6e6519241b4723791a0743c8e '   itemscope=\"itemscope\" itemtype=\"https:\/\/schema.org\/CreativeWork\" ><div class='avia_textblock'  itemprop=\"text\" ><p>TimeLine Foundry este o solu\u021bie industrial\u0103 ERP special conceput\u0103 pentru turn\u0103torii, care acoper\u0103 toate func\u021biile de management comercial \u0219i de produc\u021bie \u00eentr-o solu\u021bie integrat\u0103, f\u0103r\u0103 interfe\u021be. Aceasta include nu numai func\u021biile clasice PPS, ci \u0219i gama complet\u0103 de module comerciale \u0219i un sistem complet integrat de gestionare a documentelor \u0219i a coresponden\u021bei.<\/p>\n<\/div><\/section><br \/>\n<div  class='avia-button-wrap av-lb0mbghh-67424d6d5bfaa30d6db5bf8d4894e99c-wrap avia-button-left  avia-builder-el-23  el_after_av_textblock  avia-builder-el-last '>\n<style type=\"text\/css\" data-created_by=\"avia_inline_auto\" id=\"style-css-av-lb0mbghh-67424d6d5bfaa30d6db5bf8d4894e99c\">\n#top #wrap_all .avia-button.av-lb0mbghh-67424d6d5bfaa30d6db5bf8d4894e99c{\nborder-radius:50px 50px 50px 50px;\ntransition:all 0.4s ease-in-out;\n}\n#top #wrap_all.avia-button.av-lb0mbghh-67424d6d5bfaa30d6db5bf8d4894e99c:hover .avia_button_background{\nborder-radius:50px 50px 50px 50px;\n}\n<\/style>\n<a href='https:\/\/www.timeline-erp.com\/ro\/industrii\/turnatorii\/'  class='avia-button av-lb0mbghh-67424d6d5bfaa30d6db5bf8d4894e99c av-link-btn avia-icon_select-yes-right-icon avia-size-large avia-position-left av-icon-on-hover avia-color-theme-color-highlight'   aria-label=\"cite\u0219te mai mult\"><span class='avia_iconbox_title' >cite\u0219te mai mult<\/span><span class='avia_button_icon avia_button_icon_right avia-iconfont avia-font-entypo-fontello' data-av_icon='\ue875' data-av_iconfont='entypo-fontello' ><\/span><\/a><\/div><\/p><\/div><\/div><!--close column table wrapper. Autoclose: 1 --><\/div><\/div><\/div><!-- close content main div --><\/div><\/div>\n<style type=\"text\/css\" data-created_by=\"avia_inline_auto\" id=\"style-css-av-2lrze-3af762f6908ed5eb010289292003dd46\">\n.avia-section.av-2lrze-3af762f6908ed5eb010289292003dd46{\nbackground-color:#0c1d37;\nbackground:linear-gradient( to bottom, #0c1d37, #0f1022 );\n}\n<\/style>\n<div id='av_section_5'  class='avia-section av-2lrze-3af762f6908ed5eb010289292003dd46 alternate_color avia-section-default avia-no-border-styling  avia-builder-el-24  el_after_av_section  avia-builder-el-last  avia-bg-style-scroll av-minimum-height av-minimum-height-25 av-height-25  container_wrap fullsize'   data-av_minimum_height_pc='25' data-av_min_height_opt='25'><div class='container av-section-cont-open' ><div class='template-page content  av-content-full alpha units'><div class='post-entry post-entry-type-page post-entry-99'><div class='entry-content-wrapper clearfix'>\n<div class='flex_column_table av-4qfmm-fa797883f3061dc48932c30fa28dbf8c sc-av_two_fifth av-equal-height-column-flextable'><div  class='flex_column av-4qfmm-fa797883f3061dc48932c30fa28dbf8c av_two_fifth  avia-builder-el-25  el_before_av_three_fifth  avia-builder-el-first  first flex_column_table_cell av-equal-height-column av-align-middle  '     ><style type=\"text\/css\" data-created_by=\"avia_inline_auto\" id=\"style-css-av-lb0lz6k8-5ab1cd0e64dd459e243c47fafbdec519\">\n.avia-image-container.av-lb0lz6k8-5ab1cd0e64dd459e243c47fafbdec519 img.avia_image{\nbox-shadow:none;\n}\n.avia-image-container.av-lb0lz6k8-5ab1cd0e64dd459e243c47fafbdec519 .av-image-caption-overlay-center{\ncolor:#ffffff;\n}\n<\/style>\n<div  class='avia-image-container av-lb0lz6k8-5ab1cd0e64dd459e243c47fafbdec519 av-styling- avia-align-center  avia-builder-el-26  avia-builder-el-no-sibling '   itemprop=\"image\" itemscope=\"itemscope\" itemtype=\"https:\/\/schema.org\/ImageObject\" ><div class=\"avia-image-container-inner\"><div class=\"avia-image-overlay-wrap\"><img fetchpriority=\"high\" fetchpriority=\"high\" decoding=\"async\" fetchpriority=\"high\" class='wp-image-696 avia-img-lazy-loading-not-696 avia_image ' src=\"https:\/\/www.timeline-erp.com\/ro\/wp-content\/uploads\/sites\/7\/2024\/03\/timeline-erp-engineering-box.png\" alt='' title='timeline-erp-engineering-box'  height=\"1000\" width=\"738\"  itemprop=\"thumbnailUrl\" srcset=\"https:\/\/www.timeline-erp.com\/ro\/wp-content\/uploads\/sites\/7\/2024\/03\/timeline-erp-engineering-box.png 738w, https:\/\/www.timeline-erp.com\/ro\/wp-content\/uploads\/sites\/7\/2024\/03\/timeline-erp-engineering-box-221x300.png 221w, https:\/\/www.timeline-erp.com\/ro\/wp-content\/uploads\/sites\/7\/2024\/03\/timeline-erp-engineering-box-520x705.png 520w\" sizes=\"(max-width: 738px) 100vw, 738px\" \/><\/div><\/div><\/div><\/div><div class='av-flex-placeholder'><\/div><div  class='flex_column av-43snq-557ab472a367f09db2e068954be9d49f av_three_fifth  avia-builder-el-27  el_after_av_two_fifth  avia-builder-el-last  flex_column_table_cell av-equal-height-column av-align-middle  '     ><p>\n<style type=\"text\/css\" data-created_by=\"avia_inline_auto\" id=\"style-css-av-lb0lt186-a72b51f6748a0e4be72262bbc27e2d27\">\n#top .av-special-heading.av-lb0lt186-a72b51f6748a0e4be72262bbc27e2d27{\npadding-bottom:10px;\n}\nbody .av-special-heading.av-lb0lt186-a72b51f6748a0e4be72262bbc27e2d27 .av-special-heading-tag .heading-char{\nfont-size:25px;\n}\n.av-special-heading.av-lb0lt186-a72b51f6748a0e4be72262bbc27e2d27 .av-subheading{\nfont-size:22px;\ncolor:#6dcfb8;\n}\n<\/style>\n<div  class='av-special-heading av-lb0lt186-a72b51f6748a0e4be72262bbc27e2d27 av-special-heading-h2 custom-color-heading blockquote modern-quote  avia-builder-el-28  el_before_av_textblock  avia-builder-el-first  gradienthl'><div class='av-subheading av-subheading_above'><p>TIMELINE ENGINEERING<\/p>\n<\/div><h2 class='av-special-heading-tag '  itemprop=\"headline\"  >Niciodat\u0103 nu a fost mai u\u0219or s\u0103 combini construc\u021bia, achizi\u021biile \u0219i managementul proiectelor<\/h2><div class=\"special-heading-border\"><div class=\"special-heading-inner-border\"><\/div><\/div><\/div><br \/>\n<section  class='av_textblock_section av-lb0lyjdr-d34cddaa3ad7a1040ae1eaabf50c12e6 '   itemscope=\"itemscope\" itemtype=\"https:\/\/schema.org\/CreativeWork\" ><div class='avia_textblock'  itemprop=\"text\" ><p class=\"av-special-heading-tag\">Cu ajutorul modulelor ERP specifice ingineriei mecanice \u0219i a instala\u021biilor, nu a fost niciodat\u0103 mai u\u0219or s\u0103 combina\u021bi construc\u021bia, achizi\u021biile \u0219i gestionarea proiectelor. Reunirea tuturor func\u021biilor, proceselor \u0219i documentelor relevante \u00eentr-un singur sistem face ca colaborarea dintre departamentele individuale s\u0103 fie simpl\u0103 \u0219i eficient\u0103.<\/p>\n<\/div><\/section><br \/>\n<div  class='avia-button-wrap av-388gy-57b928e7d1064625639b351918c17d94-wrap avia-button-left  avia-builder-el-30  el_after_av_textblock  avia-builder-el-last '>\n<style type=\"text\/css\" data-created_by=\"avia_inline_auto\" id=\"style-css-av-388gy-57b928e7d1064625639b351918c17d94\">\n#top #wrap_all .avia-button.av-388gy-57b928e7d1064625639b351918c17d94{\nborder-radius:50px 50px 50px 50px;\ntransition:all 0.4s ease-in-out;\n}\n#top #wrap_all.avia-button.av-388gy-57b928e7d1064625639b351918c17d94:hover .avia_button_background{\nborder-radius:50px 50px 50px 50px;\n}\n<\/style>\n<a href='https:\/\/www.timeline-erp.com\/ro\/industrii\/inginerie\/'  class='avia-button av-388gy-57b928e7d1064625639b351918c17d94 av-link-btn avia-icon_select-yes-right-icon avia-size-large avia-position-left av-icon-on-hover avia-color-theme-color-highlight'   aria-label=\"cite\u0219te mai mult\"><span class='avia_iconbox_title' >cite\u0219te mai mult<\/span><span class='avia_button_icon avia_button_icon_right avia-iconfont avia-font-entypo-fontello' data-av_icon='\ue875' data-av_iconfont='entypo-fontello' ><\/span><\/a><\/div><\/p><\/div><\/div><!--close column table wrapper. Autoclose: 1 --><\/p>\n","protected":false},"excerpt":{"rendered":"","protected":false},"author":1,"featured_media":3267,"parent":0,"menu_order":0,"comment_status":"closed","ping_status":"closed","template":"","meta":{"footnotes":""},"class_list":["post-99","page","type-page","status-publish","has-post-thumbnail","hentry"],"_links":{"self":[{"href":"https:\/\/www.timeline-erp.com\/ro\/wp-json\/wp\/v2\/pages\/99","targetHints":{"allow":["GET"]}}],"collection":[{"href":"https:\/\/www.timeline-erp.com\/ro\/wp-json\/wp\/v2\/pages"}],"about":[{"href":"https:\/\/www.timeline-erp.com\/ro\/wp-json\/wp\/v2\/types\/page"}],"author":[{"embeddable":true,"href":"https:\/\/www.timeline-erp.com\/ro\/wp-json\/wp\/v2\/users\/1"}],"replies":[{"embeddable":true,"href":"https:\/\/www.timeline-erp.com\/ro\/wp-json\/wp\/v2\/comments?post=99"}],"version-history":[{"count":3,"href":"https:\/\/www.timeline-erp.com\/ro\/wp-json\/wp\/v2\/pages\/99\/revisions"}],"predecessor-version":[{"id":3307,"href":"https:\/\/www.timeline-erp.com\/ro\/wp-json\/wp\/v2\/pages\/99\/revisions\/3307"}],"wp:featuredmedia":[{"embeddable":true,"href":"https:\/\/www.timeline-erp.com\/ro\/wp-json\/wp\/v2\/media\/3267"}],"wp:attachment":[{"href":"https:\/\/www.timeline-erp.com\/ro\/wp-json\/wp\/v2\/media?parent=99"}],"curies":[{"name":"wp","href":"https:\/\/api.w.org\/{rel}","templated":true}]}}