{"id":271,"date":"2023-07-18T12:43:01","date_gmt":"2023-07-18T10:43:01","guid":{"rendered":"https:\/\/stage.timeline-erp.de\/en\/?page_id=271"},"modified":"2024-07-29T14:05:25","modified_gmt":"2024-07-29T12:05:25","slug":"prezentare-online","status":"publish","type":"page","link":"https:\/\/www.timeline-erp.com\/ro\/servicii-si-suport\/prezentare-online\/","title":{"rendered":"Prezentare online"},"content":{"rendered":"<div id='av-layout-grid-1'  class='av-layout-grid-container av-fnxt29m-78daf3a51e82c9b99b68406ee9f3297c entry-content-wrapper main_color av-flex-cells  avia-builder-el-0  avia-builder-el-no-sibling  av-cell-min-height av-cell-min-height-100  container_wrap fullsize'   data-av_minimum_height_pc='100'>\n\n<style type=\"text\/css\" data-created_by=\"avia_inline_auto\" id=\"style-css-av-k9jpa7jh-96d4215ddfcb099e133fb0a8c1496d9a\">\n.flex_cell.av-k9jpa7jh-96d4215ddfcb099e133fb0a8c1496d9a{\nvertical-align:middle;\nbackground:url(https:\/\/www.timeline-erp.com\/ro\/wp-content\/uploads\/sites\/7\/2024\/03\/people-looking-at-pc.jpg) 50% 50% no-repeat scroll ;\n}\n<\/style>\n<div class='flex_cell av-k9jpa7jh-96d4215ddfcb099e133fb0a8c1496d9a av-gridrow-cell av_one_half no_margin  avia-builder-el-1  el_before_av_cell_one_half  avia-builder-el-first  content-align-middle avia-full-stretch'  ><div class='flex_cell_inner'><\/div><\/div>\n<style type=\"text\/css\" data-created_by=\"avia_inline_auto\" id=\"style-css-av-k9jpakc2-ebb771cefff1d4bd6170053833f8a2e0\">\n.flex_cell.av-k9jpakc2-ebb771cefff1d4bd6170053833f8a2e0{\nvertical-align:top;\nbackground-color:#ffffff;\n}\n.responsive #top #wrap_all .flex_cell.av-k9jpakc2-ebb771cefff1d4bd6170053833f8a2e0{\npadding:30px 30px 30px 5% !important;\n}\n<\/style>\n<div class='flex_cell av-k9jpakc2-ebb771cefff1d4bd6170053833f8a2e0 av-gridrow-cell av_one_half no_margin  avia-builder-el-2  el_after_av_cell_one_half  avia-builder-el-last  content-align-top'  ><div class='flex_cell_inner'><p>\n<style type=\"text\/css\" data-created_by=\"avia_inline_auto\" id=\"style-css-av-jz9v299w-bef8b6371290b6a19c1ee772e428aab2\">\n.flex_column.av-jz9v299w-bef8b6371290b6a19c1ee772e428aab2{\nborder-radius:0px 0px 0px 0px;\nbackground-color:#ffffff;\n}\n<\/style>\n<div  class='flex_column av-jz9v299w-bef8b6371290b6a19c1ee772e428aab2 av_three_fourth  avia-builder-el-3  el_before_av_one_fourth  avia-builder-el-first  shadow-l first flex_column_div  '     ><p>\n<style type=\"text\/css\" data-created_by=\"avia_inline_auto\" id=\"style-css-av-8jfjxoa-50e1d3507ec2fb8d4e3d2934f84b395e\">\n#top .av-special-heading.av-8jfjxoa-50e1d3507ec2fb8d4e3d2934f84b395e{\npadding-bottom:10px;\nfont-size:55px;\n}\nbody .av-special-heading.av-8jfjxoa-50e1d3507ec2fb8d4e3d2934f84b395e .av-special-heading-tag .heading-char{\nfont-size:25px;\n}\n#top #wrap_all .av-special-heading.av-8jfjxoa-50e1d3507ec2fb8d4e3d2934f84b395e .av-special-heading-tag{\nfont-size:55px;\n}\n.av-special-heading.av-8jfjxoa-50e1d3507ec2fb8d4e3d2934f84b395e .av-subheading{\nfont-size:22px;\n}\n\n@media only screen and (min-width: 480px) and (max-width: 767px){ \n#top #wrap_all .av-special-heading.av-8jfjxoa-50e1d3507ec2fb8d4e3d2934f84b395e .av-special-heading-tag{\nfont-size:0.8em;\n}\n}\n\n@media only screen and (max-width: 479px){ \n#top #wrap_all .av-special-heading.av-8jfjxoa-50e1d3507ec2fb8d4e3d2934f84b395e .av-special-heading-tag{\nfont-size:0.8em;\n}\n}\n<\/style>\n<div  class='av-special-heading av-8jfjxoa-50e1d3507ec2fb8d4e3d2934f84b395e av-special-heading-h1 blockquote modern-quote  avia-builder-el-4  el_before_av_textblock  avia-builder-el-first  av-inherit-size av-linked-heading'><h1 class='av-special-heading-tag '  itemprop=\"headline\"  >Prezentare online<\/h1><div class=\"special-heading-border\"><div class=\"special-heading-inner-border\"><\/div><\/div><\/div><br \/>\n\n<style type=\"text\/css\" data-created_by=\"avia_inline_auto\" id=\"style-css-av-joo5ho3f-038c097ccde436ac001b5ed5afbfb4cc\">\n#top .av_textblock_section.av-joo5ho3f-038c097ccde436ac001b5ed5afbfb4cc .avia_textblock{\nfont-size:18px;\n}\n<\/style>\n<section  class='av_textblock_section av-joo5ho3f-038c097ccde436ac001b5ed5afbfb4cc '   itemscope=\"itemscope\" itemtype=\"https:\/\/schema.org\/CreativeWork\" ><div class='avia_textblock'  itemprop=\"text\" ><p>Cel mai rapid mod de a cunoa\u0219te TimeLine ERP. Un expert v\u0103 va ghida prin func\u021biile software-ului \u00een mai pu\u021bin de o or\u0103 \u0219i va discuta cu dvs. cerin\u021bele \u0219i \u00eentreb\u0103rile individuale.<\/p>\n<p>Dup\u0103 prezentare, ve\u021bi avea o prim\u0103 impresie despre software-ul nostru \u0219i ve\u021bi primi o recomandare cu privire la sistemul TimeLine ERP care vi se potrive\u0219te \u0219i dac\u0103 mai sunt necesare customiz\u0103ri.<\/p>\n<p><strong>Gratuit \u0219i f\u0103r\u0103 obliga\u021bii!<\/strong><\/p>\n<\/div><\/section><\/p><\/div><div  class='flex_column av-kw26sfu-c66fa67ed4a39ee5752158c9f8504c98 av_one_fourth  avia-builder-el-6  el_after_av_three_fourth  el_before_av_hr  flex_column_div  '     ><\/div>\n<style type=\"text\/css\" data-created_by=\"avia_inline_auto\" id=\"style-css-av-lrumvmq3-e1da96b565559bdd5edadcd596c51648\">\n#top .hr.hr-invisible.av-lrumvmq3-e1da96b565559bdd5edadcd596c51648{\nheight:50px;\n}\n<\/style>\n<div  class='hr av-lrumvmq3-e1da96b565559bdd5edadcd596c51648 hr-invisible  avia-builder-el-7  el_after_av_one_fourth  el_before_av_three_fourth '><span class='hr-inner '><span class=\"hr-inner-style\"><\/span><\/span><\/div><br \/>\n<div  class='flex_column av-5k5yg1m-320900cc912f87594611533a9ab737f1 av_three_fourth  avia-builder-el-8  el_after_av_hr  el_before_av_one_fourth  first flex_column_div  '     ><form action=\"https:\/\/www.timeline-erp.com\/ro\/servicii-si-suport\/prezentare-online\/\" method=\"post\" data-fields-with-error=\"Found errors in the following field(s):\" class=\"avia_ajax_form av-form-labels-hidden   avia-builder-el-9  avia-builder-el-no-sibling  av-custom-form-color av-dark-form \" data-avia-form-id=\"1\" data-avia-redirect='https:\/\/www.timeline-erp.com\/ro\/servicii-si-suport\/prezentare-online\/va-multumim-prezentare-online-form\/' ><h3 class=''>Trimite\u021bi-ne propunerea dvs. de programare<\/h3><fieldset><p class='  first_form  form_element form_fullwidth' id='element_avia_1_1'><label for=\"avia_1_1\">Firma <abbr class=\"required\" title=\"required\">*<\/abbr><\/label> <input name=\"avia_1_1\" class=\"text_input is_empty\" type=\"text\" id=\"avia_1_1\" value=\"\"  placeholder='Firma*'\/><\/p><p class='  first_form  form_element form_fullwidth' id='element_avia_2_1'><label for=\"avia_2_1\">Nume<\/label> <input name=\"avia_2_1\" class=\"text_input \" type=\"text\" id=\"avia_2_1\" value=\"\"  placeholder='Nume'\/><\/p><p class='  first_form  form_element form_fullwidth' id='element_avia_3_1'><label for=\"avia_3_1\">Email <abbr class=\"required\" title=\"required\">*<\/abbr><\/label> <input name=\"avia_3_1\" class=\"text_input is_email\" type=\"text\" id=\"avia_3_1\" value=\"\"  placeholder='Email*'\/><\/p><p class='  first_form  form_element form_fullwidth' id='element_avia_4_1'><label for=\"avia_4_1\">Telefon <abbr class=\"required\" title=\"required\">*<\/abbr><\/label> <input name=\"avia_4_1\" class=\"text_input is_phone\" type=\"text\" id=\"avia_4_1\" value=\"\"  placeholder='Telefon*'\/><\/p><p class='  first_form  form_element form_fullwidth' id='element_avia_5_1'><label for=\"avia_5_1\">Data dorit\u0103<\/label> <input name=\"avia_5_1\" class=\"avia_datepicker text_input \" type=\"text\" id=\"avia_5_1\" value=\"\" placeholder=\"Data dorit\u0103\" inputmode=\"none\" \/><\/p><div id='avia_6_1' class='av-form-text'><p>\n<span style=\"font-size: small; line-height: 1.25; display: block;\">Prin trimiterea acestui formular, sunt de acord ca datele cu caracter personal furnizate \u00een acest mesaj s\u0103 fie stocate, prelucrate, transmise \u0219i utilizate \u00eentr-o baz\u0103 de date men\u021binut\u0103 sub responsabilitatea S.C. TimeLine Consulting S.R.L. exclusiv \u00een scopul proces\u0103rii \u0219i r\u0103spunsului la aceast\u0103 cerere \u0219i ca S.C. TimeLine Consulting S.R.L. s\u0103-mi trimit\u0103 informa\u021bii relevante legate de cerere prin po\u0219t\u0103, e-mail sau telefon. Datele dumneavoastr\u0103 vor fi tratate \u00een mod confiden\u021bial \u0219i nu vor fi transmise unor ter\u021be p\u0103r\u021bi. Pentru mai multe informa\u021bii, v\u0103 rug\u0103m s\u0103 consulta\u021bi politica noastr\u0103 de confiden\u021bialitate \u0219i obliga\u021bia de <a href=\"https:\/\/www.timeline-erp.com\/ro\/protectia-datelor\/\">informare privind protec\u021bia datelor<\/a>.<\/span><\/p>\n<\/div><p class='  first_form  form_element form_fullwidth' id='element_avia_7_1'><input  name=\"avia_7_1\" class=\"input_checkbox is_empty\" type=\"checkbox\" id=\"avia_7_1\" value=\"true\"\/><label class=\"input_checkbox_label\" for=\"avia_7_1\">Am citit \u0219i am acceptat notificarea privind confiden\u021bialitatea <abbr class=\"required\" title=\"required\">*<\/abbr><\/label><\/p><p class=\"hidden\"><input type=\"text\" name=\"avia_8_1\" class=\"hidden \" id=\"avia_8_1\" value=\"\" \/><\/p><div id='avia_9_1' class='av-recaptcha-area  first_form  form_element form_fullwidth '  data-container_class=\"\" data-custom_class=\"\" data-context=\"av_contact_form\" data-token_input=\"av_recaptcha_token\" data-version=\"avia_recaptcha_v3\" data-theme=\"light\" data-size=\"normal\" data-score=\"0.5\" data-text_to_preview=\"\" data-value=\"\"><div class=\"av-google-badge-message hidden\">This site is protected by reCAPTCHA and the Google <a href=\"https:\/\/policies.google.com\/privacy\">Privacy Policy<\/a> and <a href=\"https:\/\/policies.google.com\/terms\">Terms of Service<\/a> apply.<\/div><\/div><p class=\"form_element \"><input type=\"hidden\" value=\"1\" name=\"avia_generated_form1\" \/><input type=\"submit\" value=\"Solicita\u021bi acum\" class=\"button\"  data-sending-label=\"Sending\"\/><\/p><\/fieldset><div class=\"avia-disabled-form\">This contact form is deactivated because you refused to accept Google reCaptcha service which is necessary to validate any messages sent by the form.<\/div><\/form><div id=\"ajaxresponse_1\" class=\"ajaxresponse ajaxresponse_1 hidden\"><\/div><\/div><div  class='flex_column av-6uu0f-b82da0bfa575b05e3dec0027d2d5046c av_one_fourth  avia-builder-el-10  el_after_av_three_fourth  avia-builder-el-last  flex_column_div  '     ><\/div><\/p>\n<\/div><\/div><\/div>\n","protected":false},"excerpt":{"rendered":"","protected":false},"author":1,"featured_media":691,"parent":192,"menu_order":0,"comment_status":"closed","ping_status":"closed","template":"","meta":{"footnotes":""},"class_list":["post-271","page","type-page","status-publish","has-post-thumbnail","hentry"],"_links":{"self":[{"href":"https:\/\/www.timeline-erp.com\/ro\/wp-json\/wp\/v2\/pages\/271","targetHints":{"allow":["GET"]}}],"collection":[{"href":"https:\/\/www.timeline-erp.com\/ro\/wp-json\/wp\/v2\/pages"}],"about":[{"href":"https:\/\/www.timeline-erp.com\/ro\/wp-json\/wp\/v2\/types\/page"}],"author":[{"embeddable":true,"href":"https:\/\/www.timeline-erp.com\/ro\/wp-json\/wp\/v2\/users\/1"}],"replies":[{"embeddable":true,"href":"https:\/\/www.timeline-erp.com\/ro\/wp-json\/wp\/v2\/comments?post=271"}],"version-history":[{"count":11,"href":"https:\/\/www.timeline-erp.com\/ro\/wp-json\/wp\/v2\/pages\/271\/revisions"}],"predecessor-version":[{"id":3319,"href":"https:\/\/www.timeline-erp.com\/ro\/wp-json\/wp\/v2\/pages\/271\/revisions\/3319"}],"up":[{"embeddable":true,"href":"https:\/\/www.timeline-erp.com\/ro\/wp-json\/wp\/v2\/pages\/192"}],"wp:featuredmedia":[{"embeddable":true,"href":"https:\/\/www.timeline-erp.com\/ro\/wp-json\/wp\/v2\/media\/691"}],"wp:attachment":[{"href":"https:\/\/www.timeline-erp.com\/ro\/wp-json\/wp\/v2\/media?parent=271"}],"curies":[{"name":"wp","href":"https:\/\/api.w.org\/{rel}","templated":true}]}}