{"id":261,"date":"2023-07-18T12:11:23","date_gmt":"2023-07-18T10:11:23","guid":{"rendered":"https:\/\/stage.timeline-erp.de\/en\/?page_id=261"},"modified":"2024-07-29T14:12:07","modified_gmt":"2024-07-29T12:12:07","slug":"despre-noi","status":"publish","type":"page","link":"https:\/\/www.timeline-erp.com\/ro\/contact\/despre-noi\/","title":{"rendered":"Despre noi"},"content":{"rendered":"\n<style type=\"text\/css\" data-created_by=\"avia_inline_auto\" id=\"style-css-av-fnvlg-cc378ac52f24a247b85ad93bd9f3cd27\">\n.avia-section.av-fnvlg-cc378ac52f24a247b85ad93bd9f3cd27{\nbackground-repeat:no-repeat;\nbackground-image:url(https:\/\/www.timeline-erp.com\/ro\/wp-content\/uploads\/sites\/7\/2024\/03\/timeline-headquaters-office-1500x1000.webp);\nbackground-position:50% 50%;\nbackground-attachment:scroll;\n}\n.avia-section.av-fnvlg-cc378ac52f24a247b85ad93bd9f3cd27 .av-section-color-overlay{\nopacity:0.6;\nbackground-color:#0f1021;\n}\n<\/style>\n<div id='av_section_1'  class='avia-section av-fnvlg-cc378ac52f24a247b85ad93bd9f3cd27 alternate_color avia-section-default avia-no-border-styling  avia-builder-el-0  el_before_av_section  avia-builder-el-first  avia-full-stretch avia-bg-style-scroll av-section-color-overlay-active av-minimum-height av-minimum-height-50 av-height-50  container_wrap fullsize'  data-section-bg-repeat='stretch' data-av_minimum_height_pc='50' data-av_min_height_opt='50'><div class=\"av-section-color-overlay-wrap\"><div class=\"av-section-color-overlay\"><\/div><div class='container av-section-cont-open' ><main  role=\"main\" itemprop=\"mainContentOfPage\"  class='template-page content  av-content-full alpha units'><div class='post-entry post-entry-type-page post-entry-261'><div class='entry-content-wrapper clearfix'>\n\n<style type=\"text\/css\" data-created_by=\"avia_inline_auto\" id=\"style-css-av-3maedo-c01c9e57ff9be877ded4c00291dadc59\">\n.flex_column.av-3maedo-c01c9e57ff9be877ded4c00291dadc59{\nborder-radius:0px 0px 0px 0px;\npadding:0px 0px 0px 0px;\n}\n<\/style>\n<div  class='flex_column av-3maedo-c01c9e57ff9be877ded4c00291dadc59 av_one_full  avia-builder-el-1  avia-builder-el-no-sibling  first flex_column_div av-zero-column-padding  '     ><p>\n<style type=\"text\/css\" data-created_by=\"avia_inline_auto\" id=\"style-css-av-a3378-668ee05f870858716183633678bbb43c\">\n#top .av-special-heading.av-a3378-668ee05f870858716183633678bbb43c{\npadding-bottom:10px;\n}\nbody .av-special-heading.av-a3378-668ee05f870858716183633678bbb43c .av-special-heading-tag .heading-char{\nfont-size:25px;\n}\n.av-special-heading.av-a3378-668ee05f870858716183633678bbb43c .av-subheading{\nfont-size:20px;\n}\n<\/style>\n<div  class='av-special-heading av-a3378-668ee05f870858716183633678bbb43c av-special-heading-h1 custom-color-heading blockquote modern-quote modern-centered  avia-builder-el-2  el_before_av_hr  avia-builder-el-first  av-thin-font'><h1 class='av-special-heading-tag '  itemprop=\"headline\"  ><strong>TimeLine Business Solutions Group<\/strong><\/h1><div class='av-subheading av-subheading_below'><p>Detalii despre companii, localizare, servicii \u0219i valori<\/p>\n<\/div><div class=\"special-heading-border\"><div class=\"special-heading-inner-border\"><\/div><\/div><\/div><br \/>\n\n<style type=\"text\/css\" data-created_by=\"avia_inline_auto\" id=\"style-css-av-lecxah72-b5093fecca1f615714de26b16a747160\">\n#top .hr.hr-invisible.av-lecxah72-b5093fecca1f615714de26b16a747160{\nheight:30px;\n}\n<\/style>\n<div  class='hr av-lecxah72-b5093fecca1f615714de26b16a747160 hr-invisible  avia-builder-el-3  el_after_av_heading  el_before_av_button '><span class='hr-inner '><span class=\"hr-inner-style\"><\/span><\/span><\/div><br \/>\n<div  class='avia-button-wrap av-lecx9vnn-ce77f59c848a8412750f307e61b8315c-wrap avia-button-center  avia-builder-el-4  el_after_av_hr  avia-builder-el-last '>\n<style type=\"text\/css\" data-created_by=\"avia_inline_auto\" id=\"style-css-av-lecx9vnn-ce77f59c848a8412750f307e61b8315c\">\n#top #wrap_all .avia-button.av-lecx9vnn-ce77f59c848a8412750f307e61b8315c{\nfont-size:14px;\nborder-radius:30px 30px 30px 30px;\ntransition:all 0.4s ease-in-out;\n}\n#top #wrap_all.avia-button.av-lecx9vnn-ce77f59c848a8412750f307e61b8315c:hover .avia_button_background{\nborder-radius:30px 30px 30px 30px;\n}\n<\/style>\n<a href='https:\/\/www.timeline.group'  class='avia-button av-lecx9vnn-ce77f59c848a8412750f307e61b8315c av-link-btn avia-icon_select-yes-right-icon avia-size-large avia-position-center avia-color-theme-color-highlight'  target=\"_blank\"  rel=\"noopener noreferrer\"  aria-label=\"cite\u0219te mai mult\"><span class='avia_iconbox_title' >cite\u0219te mai mult<\/span><span class='avia_button_icon avia_button_icon_right avia-iconfont avia-font-entypo-fontello' data-av_icon='\ue835' data-av_iconfont='entypo-fontello' ><\/span><\/a><\/div><\/p><\/div>\n\n<\/div><\/div><\/main><!-- close content main element --><\/div><\/div><\/div><div id='av_section_2'  class='avia-section av-4azod-ccd4dcf21180b628f323ba6d59bab84a main_color avia-section-default avia-no-border-styling  avia-builder-el-5  el_after_av_section  el_before_av_section  avia-bg-style-scroll container_wrap fullsize'  ><div class='container av-section-cont-open' ><div class='template-page content  av-content-full alpha units'><div class='post-entry post-entry-type-page post-entry-261'><div class='entry-content-wrapper clearfix'>\n<div  class='flex_column av-14m4rx-8a8206e10d05ed4bbe787cc0b8a61e82 av_one_fifth  avia-builder-el-6  el_before_av_one_fifth  avia-builder-el-first  first flex_column_div  '     ><style type=\"text\/css\" data-created_by=\"avia_inline_auto\" id=\"style-css-av-lk9noiy4-d643742c1c667d7d2195baedbcbb338c\">\n#top .avia-animated-number.av-lk9noiy4-d643742c1c667d7d2195baedbcbb338c .avia-animated-number-content{\nfont-size:22px;\n}\n<\/style>\n<div  class=\"avia-animated-number av-lk9noiy4-d643742c1c667d7d2195baedbcbb338c av-force-default-color avia_animate_when_visible  avia-builder-el-7  avia-builder-el-no-sibling  \" data-timer=\"3000\"><strong class=\"heading avia-animated-number-title\"><span class=\"avia-single-number __av-single-number\" data-number_format=\".\" data-number=\"100\" data-start_from=\"0\">100<\/span><span class=\"avia-no-number\">%<\/span><\/strong><div class=\"avia-animated-number-content\"><p>Administrat\u0103 de proprietar<\/p>\n<\/div><\/div><\/div><div  class='flex_column av-vm5yt-f47bf627d070c1b3c4b89d441191d4bd av_one_fifth  avia-builder-el-8  el_after_av_one_fifth  el_before_av_one_fifth  flex_column_div  '     ><style type=\"text\/css\" data-created_by=\"avia_inline_auto\" id=\"style-css-av-lk9np88q-ccd3688a05d62c25146a89940e4e388c\">\n#top .avia-animated-number.av-lk9np88q-ccd3688a05d62c25146a89940e4e388c .avia-animated-number-content{\nfont-size:22px;\n}\n<\/style>\n<div  class=\"avia-animated-number av-lk9np88q-ccd3688a05d62c25146a89940e4e388c av-force-default-color avia_animate_when_visible  avia-builder-el-9  avia-builder-el-no-sibling  \" data-timer=\"3000\"><strong class=\"heading avia-animated-number-title\"><span class=\"avia-single-number __av-single-number\" data-number_format=\".\" data-number=\"180\" data-start_from=\"0\">180<\/span><span class=\"avia-no-number\">+<\/span><\/strong><div class=\"avia-animated-number-content\"><p>Angaja\u021bi<\/p>\n<\/div><\/div><\/div><div  class='flex_column av-sh5al-e6fef0a10326e5ec625504fcc5bb1579 av_one_fifth  avia-builder-el-10  el_after_av_one_fifth  el_before_av_one_fifth  flex_column_div  '     ><style type=\"text\/css\" data-created_by=\"avia_inline_auto\" id=\"style-css-av-lk9npyl3-d656e61ad9aae31fa761d907565a6d05\">\n#top .avia-animated-number.av-lk9npyl3-d656e61ad9aae31fa761d907565a6d05 .avia-animated-number-content{\nfont-size:22px;\n}\n<\/style>\n<div  class=\"avia-animated-number av-lk9npyl3-d656e61ad9aae31fa761d907565a6d05 av-force-default-color avia_animate_when_visible  avia-builder-el-11  avia-builder-el-no-sibling  \" data-timer=\"3000\"><strong class=\"heading avia-animated-number-title\"><span class=\"avia-single-number __av-single-number\" data-number_format=\".\" data-number=\"12\" data-start_from=\"0\">12<\/span><\/strong><div class=\"avia-animated-number-content\"><p>Limbi vorbite<\/p>\n<\/div><\/div><\/div><div  class='flex_column av-mwj2l-72b007db99b793b3df703b00ffa3e244 av_one_fifth  avia-builder-el-12  el_after_av_one_fifth  el_before_av_one_fifth  flex_column_div  '     ><style type=\"text\/css\" data-created_by=\"avia_inline_auto\" id=\"style-css-av-lk9nqoiw-c0784de1b39649de24b6e7a4149d975a\">\n#top .avia-animated-number.av-lk9nqoiw-c0784de1b39649de24b6e7a4149d975a .avia-animated-number-content{\nfont-size:22px;\n}\n<\/style>\n<div  class=\"avia-animated-number av-lk9nqoiw-c0784de1b39649de24b6e7a4149d975a av-force-default-color avia_animate_when_visible  avia-builder-el-13  avia-builder-el-no-sibling  \" data-timer=\"3000\"><strong class=\"heading avia-animated-number-title\"><span class=\"avia-single-number __av-single-number\" data-number_format=\".\" data-number=\"30\" data-start_from=\"0\">30<\/span><span class=\"avia-no-number\">+<\/span><\/strong><div class=\"avia-animated-number-content\"><p>Ani de experien\u021b\u0103 ERP<\/p>\n<\/div><\/div><\/div><div  class='flex_column av-h71p1-53e8c5bf2e24b4e385ac639825fbb0ec av_one_fifth  avia-builder-el-14  el_after_av_one_fifth  avia-builder-el-last  flex_column_div  '     ><style type=\"text\/css\" data-created_by=\"avia_inline_auto\" id=\"style-css-av-a6a5p-2b25407611b46ee8c47dea0bf15f102e\">\n#top .avia-animated-number.av-a6a5p-2b25407611b46ee8c47dea0bf15f102e .avia-animated-number-content{\nfont-size:22px;\n}\n<\/style>\n<div  class=\"avia-animated-number av-a6a5p-2b25407611b46ee8c47dea0bf15f102e av-force-default-color avia_animate_when_visible  avia-builder-el-15  avia-builder-el-no-sibling  \" data-timer=\"3000\"><strong class=\"heading avia-animated-number-title\"><span class=\"avia-single-number __av-single-number\" data-number_format=\".\" data-number=\"1100\" data-start_from=\"0\">1100<\/span><span class=\"avia-no-number\">+<\/span><\/strong><div class=\"avia-animated-number-content\"><p>Clien\u021bi ERP<\/p>\n<\/div><\/div><\/div>\n\n<\/div><\/div><\/div><!-- close content main div --><\/div><\/div>\n<style type=\"text\/css\" data-created_by=\"avia_inline_auto\" id=\"style-css-av-37hiqk-4443616382d522ee9ab35d4783762199\">\n.avia-section.av-37hiqk-4443616382d522ee9ab35d4783762199{\nbackground-color:#f6f7f8;\nbackground-image:unset;\n}\n<\/style>\n<div id='av_section_3'  class='avia-section av-37hiqk-4443616382d522ee9ab35d4783762199 main_color avia-section-huge avia-no-border-styling  avia-builder-el-16  el_after_av_section  avia-builder-el-last  avia-bg-style-scroll container_wrap fullsize'  ><div class='container av-section-cont-open' ><div class='template-page content  av-content-full alpha units'><div class='post-entry post-entry-type-page post-entry-261'><div class='entry-content-wrapper clearfix'>\n<div  class='flex_column av-7110c-87f0b6e29bc62f9c205fbadf5d308d1a av_three_fourth  avia-builder-el-17  el_before_av_one_half  avia-builder-el-first  first flex_column_div  '     ><section  class='av_textblock_section av-2z12v0-020cba18bef6ec7cd59293728f75203b '   itemscope=\"itemscope\" itemtype=\"https:\/\/schema.org\/CreativeWork\" ><div class='avia_textblock'  itemprop=\"text\" ><h2>Mai multe despre furnizorul dvs. de ERP<\/h2>\n<p>Pute\u021bi avea \u00eencredere \u00een noi atunci c\u00e2nd vine vorba de ERP. Pentru c\u0103 aceasta este afacerea noastr\u0103 &#8211; de peste 30 de ani. Dar poate c\u0103 a\u021bi dori s\u0103 afla\u021bi mai multe despre cum v\u0103 putem ajuta noi, ca furnizor de ERP? Prin urmare, am dori acum s\u0103 v\u0103 prezent\u0103m mai detaliat solu\u021biile noastre ERP.<\/p>\n<\/div><\/section><\/div>\n<style type=\"text\/css\" data-created_by=\"avia_inline_auto\" id=\"style-css-av-32krb8-29c2e2bed36af28f8abb73ad6b93ca4d\">\n.flex_column.av-32krb8-29c2e2bed36af28f8abb73ad6b93ca4d{\nborder-radius:0px 0px 0px 0px;\npadding:0px 0px 0px 0px;\n}\n<\/style>\n<div  class='flex_column av-32krb8-29c2e2bed36af28f8abb73ad6b93ca4d av_one_half  avia-builder-el-19  el_after_av_three_fourth  el_before_av_one_half  first flex_column_div av-zero-column-padding  column-top-margin'     ><section  class='av_textblock_section av-lecxfcc5-a24a39726b1c256a9565edbfc7d19d03 '   itemscope=\"itemscope\" itemtype=\"https:\/\/schema.org\/CreativeWork\" ><div class='avia_textblock'  itemprop=\"text\" ><h3>Ce \u00eenseamn\u0103 ERP<\/h3>\n<p>ERP \u00eenseamn\u0103 Enterprise Resource Planning \u00een englez\u0103, adic\u0103 Planificarea resurselor \u00eentreprinderii. Acesta este un software care se ocup\u0103 de toate procesele afacerii dumneavoastr\u0103 &#8211; de la contabilitate, trec\u00e2nd prin CRM \u0219i p\u00e2n\u0103 la produc\u021bie. \u00cen calitate de furnizor de software ERP, TimeLine se asigur\u0103 c\u0103 ave\u021bi permanent o imagine de ansamblu a stocurilor \u0219i c\u0103 pute\u021bi reac\u021biona \u00eentotdeauna \u00een mod flexibil.<\/p>\n<h3>Ce v\u0103 putem oferi \u00een calitate de furnizor ERP<\/h3>\n<p>Produsele noastre ajut\u0103 compania dumneavoastr\u0103 s\u0103 se dezvolte s\u0103n\u0103tos. \u00cen calitate de furnizor ERP, TimeLine se concentreaz\u0103 pe oferirea de solu\u021bii industriale. \u00centotdeauna ne-am axat pe companiile de dimensiuni medii. Prin urmare, \u0219tim ce v\u0103 preocup\u0103, ce v\u0103 lipse\u0219te \u00eenc\u0103 \u0219i cum v\u0103 putem ajuta. \u00cen calitate de furnizor ERP, oferim solu\u021bii ERP personalizate pentru aceste industrii:<\/p>\n<ul>\n<li>Produc\u021bia de unicate \u0219i axat\u0103 pe proiet<\/li>\n<li>Produc\u021bia de serie mare \u0219i companiile automotive<\/li>\n<li>Turn\u0103torii<\/li>\n<li>Companii de prelucrare a materialelor plastice<\/li>\n<li>Tehnologia suprafe\u021belor \u0219i a galvaniz\u0103rii<\/li>\n<li>Industria \u0219uruburilor \u0219i opera\u021biuni de \u0219tan\u021bare<\/li>\n<\/ul>\n<p>\u00cen calitate de furnizor de sisteme ERP, putem dezvolta solu\u021bii personalizate pentru orice companie, folosind diferitele noastre module, indiferent de provoc\u0103rile cu care v\u0103 confrunta\u021bi \u00een acest moment. Prin urmare, nu ezita\u021bi s\u0103 ne contacta\u021bi.<\/p>\n<\/div><\/section><\/div>\n<style type=\"text\/css\" data-created_by=\"avia_inline_auto\" id=\"style-css-av-2rbzjw-7060e8e20106155bfa4aedd9d8a0e914\">\n.flex_column.av-2rbzjw-7060e8e20106155bfa4aedd9d8a0e914{\nborder-radius:0px 0px 0px 0px;\npadding:0px 0px 0px 0px;\n}\n<\/style>\n<div  class='flex_column av-2rbzjw-7060e8e20106155bfa4aedd9d8a0e914 av_one_half  avia-builder-el-21  el_after_av_one_half  avia-builder-el-last  flex_column_div av-zero-column-padding  column-top-margin'     ><section  class='av_textblock_section av-2k8yzw-b754aa713e05b11b28dd7d835d99f089 '   itemscope=\"itemscope\" itemtype=\"https:\/\/schema.org\/CreativeWork\" ><div class='avia_textblock'  itemprop=\"text\" ><h3>Oferta TimeLine<\/h3>\n<p>\u00cen calitate de furnizor ERP, TimeLine se consider\u0103 un planificator \u0219i un optimizator al tuturor proceselor din compania dumneavoastr\u0103. Cu toate acestea, nu ne limit\u0103m doar la a v\u0103 furniza software-ul necesar, ci v\u0103 oferim cu pl\u0103cere consultan\u021b\u0103 \u0219i instruire angaja\u021biilor. Folosi\u021bi cuno\u0219tin\u021bele noastre \u0219i sistemele noastre ERP pentru a v\u0103 preg\u0103ti compania pentru industria digital\u0103 4.0.<\/p>\n<p>Pentru a face acest lucru, ave\u021bi posibilitatea de a \u00eencerca software-ul nostru ERP \u00een \u00eentregime &#8211; gratuit \u0219i f\u0103r\u0103 restric\u021bii. Ave\u021bi la dispozi\u021bie 90 de zile pentru a testa ERP-ul nostru complet \u0219i a explora beneficiile aduse afacerii dvs. F\u0103r\u0103 riscuri, dar o \u0219ans\u0103 excelent\u0103 pentru un update.<\/p>\n<\/div><\/section><\/div>\n\n","protected":false},"excerpt":{"rendered":"","protected":false},"author":1,"featured_media":685,"parent":219,"menu_order":0,"comment_status":"closed","ping_status":"closed","template":"","meta":{"footnotes":""},"class_list":["post-261","page","type-page","status-publish","has-post-thumbnail","hentry"],"_links":{"self":[{"href":"https:\/\/www.timeline-erp.com\/ro\/wp-json\/wp\/v2\/pages\/261","targetHints":{"allow":["GET"]}}],"collection":[{"href":"https:\/\/www.timeline-erp.com\/ro\/wp-json\/wp\/v2\/pages"}],"about":[{"href":"https:\/\/www.timeline-erp.com\/ro\/wp-json\/wp\/v2\/types\/page"}],"author":[{"embeddable":true,"href":"https:\/\/www.timeline-erp.com\/ro\/wp-json\/wp\/v2\/users\/1"}],"replies":[{"embeddable":true,"href":"https:\/\/www.timeline-erp.com\/ro\/wp-json\/wp\/v2\/comments?post=261"}],"version-history":[{"count":3,"href":"https:\/\/www.timeline-erp.com\/ro\/wp-json\/wp\/v2\/pages\/261\/revisions"}],"predecessor-version":[{"id":3323,"href":"https:\/\/www.timeline-erp.com\/ro\/wp-json\/wp\/v2\/pages\/261\/revisions\/3323"}],"up":[{"embeddable":true,"href":"https:\/\/www.timeline-erp.com\/ro\/wp-json\/wp\/v2\/pages\/219"}],"wp:featuredmedia":[{"embeddable":true,"href":"https:\/\/www.timeline-erp.com\/ro\/wp-json\/wp\/v2\/media\/685"}],"wp:attachment":[{"href":"https:\/\/www.timeline-erp.com\/ro\/wp-json\/wp\/v2\/media?parent=261"}],"curies":[{"name":"wp","href":"https:\/\/api.w.org\/{rel}","templated":true}]}}