{"id":254,"date":"2023-07-18T11:32:05","date_gmt":"2023-07-18T09:32:05","guid":{"rendered":"https:\/\/stage.timeline-erp.de\/en\/?page_id=254"},"modified":"2024-03-25T09:57:03","modified_gmt":"2024-03-25T08:57:03","slug":"impressum","status":"publish","type":"page","link":"https:\/\/www.timeline-erp.com\/ro\/impressum\/","title":{"rendered":"Impressum"},"content":{"rendered":"\n<style type=\"text\/css\" data-created_by=\"avia_inline_auto\" id=\"style-css-av-lt5ov219-f89b46c00cf9bec57e45dbad588a0c26\">\n.avia-section.av-lt5ov219-f89b46c00cf9bec57e45dbad588a0c26{\nbackground-color:#f6f7f8;\nbackground-image:unset;\n}\n<\/style>\n<div id='av_section_1'  class='avia-section av-lt5ov219-f89b46c00cf9bec57e45dbad588a0c26 main_color avia-section-default avia-no-border-styling  avia-builder-el-0  el_before_av_section  avia-builder-el-first  avia-bg-style-scroll container_wrap fullsize'  ><div class='container av-section-cont-open' ><main  role=\"main\" itemprop=\"mainContentOfPage\"  class='template-page content  av-content-full alpha units'><div class='post-entry post-entry-type-page post-entry-254'><div class='entry-content-wrapper clearfix'>\n\n<style type=\"text\/css\" data-created_by=\"avia_inline_auto\" id=\"style-css-av-3kvisl-058a612c529ec894c747896607374861\">\n.flex_column.av-3kvisl-058a612c529ec894c747896607374861{\nborder-radius:0px 0px 0px 0px;\npadding:0px 0px 0px 0px;\n}\n<\/style>\n<div  class='flex_column av-3kvisl-058a612c529ec894c747896607374861 av_one_full  avia-builder-el-1  avia-builder-el-no-sibling  first flex_column_div av-zero-column-padding  '     ><style type=\"text\/css\" data-created_by=\"avia_inline_auto\" id=\"style-css-av-2lxt0l-bdd3b2e3846344df16f65b6364f27681\">\n#top .av-special-heading.av-2lxt0l-bdd3b2e3846344df16f65b6364f27681{\npadding-bottom:20px;\nfont-size:40px;\n}\nbody .av-special-heading.av-2lxt0l-bdd3b2e3846344df16f65b6364f27681 .av-special-heading-tag .heading-char{\nfont-size:25px;\n}\n#top #wrap_all .av-special-heading.av-2lxt0l-bdd3b2e3846344df16f65b6364f27681 .av-special-heading-tag{\nfont-size:40px;\n}\n.av-special-heading.av-2lxt0l-bdd3b2e3846344df16f65b6364f27681 .av-subheading{\nfont-size:20px;\n}\n\n@media only screen and (min-width: 480px) and (max-width: 767px){ \n#top #wrap_all .av-special-heading.av-2lxt0l-bdd3b2e3846344df16f65b6364f27681 .av-special-heading-tag{\nfont-size:0.8em;\n}\n}\n\n@media only screen and (max-width: 479px){ \n#top #wrap_all .av-special-heading.av-2lxt0l-bdd3b2e3846344df16f65b6364f27681 .av-special-heading-tag{\nfont-size:0.8em;\n}\n}\n<\/style>\n<div  class='av-special-heading av-2lxt0l-bdd3b2e3846344df16f65b6364f27681 av-special-heading-h1 blockquote modern-quote  avia-builder-el-2  avia-builder-el-no-sibling  av-inherit-size'><h1 class='av-special-heading-tag '  itemprop=\"headline\"  >Impressum<\/h1><div class='av-subheading av-subheading_below'><p>Informa\u021bii \u00een conformitate cu legea 441\/2006<\/p>\n<\/div><div class=\"special-heading-border\"><div class=\"special-heading-inner-border\"><\/div><\/div><\/div><\/div><\/div><\/div><\/main><!-- close content main element --><\/div><\/div><div id='av_section_2'  class='avia-section av-iswlph-e470678150233d070b322174021b8813 main_color avia-section-large avia-no-border-styling  avia-builder-el-3  el_after_av_section  avia-builder-el-last  avia-bg-style-scroll container_wrap fullsize'  ><div class='container av-section-cont-open' ><div class='template-page content  av-content-full alpha units'><div class='post-entry post-entry-type-page post-entry-254'><div class='entry-content-wrapper clearfix'>\n<div  class='flex_column av-9spq6-7c16507293242e5c118127f47537b9e2 av_one_full  avia-builder-el-4  el_before_av_one_half  avia-builder-el-first  first flex_column_div  '     ><style type=\"text\/css\" data-created_by=\"avia_inline_auto\" id=\"style-css-av-lt5ocd1u-403299618a97011f0384e7de48ceee8c\">\n#top .av-special-heading.av-lt5ocd1u-403299618a97011f0384e7de48ceee8c{\npadding-bottom:20px;\nfont-size:40px;\n}\nbody .av-special-heading.av-lt5ocd1u-403299618a97011f0384e7de48ceee8c .av-special-heading-tag .heading-char{\nfont-size:25px;\n}\n#top #wrap_all .av-special-heading.av-lt5ocd1u-403299618a97011f0384e7de48ceee8c .av-special-heading-tag{\nfont-size:40px;\n}\n.av-special-heading.av-lt5ocd1u-403299618a97011f0384e7de48ceee8c .av-subheading{\nfont-size:20px;\n}\n\n@media only screen and (min-width: 480px) and (max-width: 767px){ \n#top #wrap_all .av-special-heading.av-lt5ocd1u-403299618a97011f0384e7de48ceee8c .av-special-heading-tag{\nfont-size:0.8em;\n}\n}\n\n@media only screen and (max-width: 479px){ \n#top #wrap_all .av-special-heading.av-lt5ocd1u-403299618a97011f0384e7de48ceee8c .av-special-heading-tag{\nfont-size:0.8em;\n}\n}\n<\/style>\n<div  class='av-special-heading av-lt5ocd1u-403299618a97011f0384e7de48ceee8c av-special-heading-h2 blockquote modern-quote  avia-builder-el-5  avia-builder-el-no-sibling  av-inherit-size'><h2 class='av-special-heading-tag '  itemprop=\"headline\"  >Contact<\/h2><div class=\"special-heading-border\"><div class=\"special-heading-inner-border\"><\/div><\/div><\/div><\/div>\n<style type=\"text\/css\" data-created_by=\"avia_inline_auto\" id=\"style-css-av-bzqq85-f3459dcd608308274081565be08f3673\">\n.flex_column.av-bzqq85-f3459dcd608308274081565be08f3673{\nborder-radius:0px 0px 0px 0px;\npadding:20px 0px 0px 0px;\n}\n<\/style>\n<div  class='flex_column av-bzqq85-f3459dcd608308274081565be08f3673 av_one_half  avia-builder-el-6  el_after_av_one_full  el_before_av_one_half  first flex_column_div  column-top-margin'     ><section  class='av_textblock_section av-a5u1k5-3cd02a3166ec3638508a9267468c5229 '   itemscope=\"itemscope\" itemtype=\"https:\/\/schema.org\/CreativeWork\" ><div class='avia_textblock'  itemprop=\"text\" ><h3 class=\"iconbox_content_title \">S.C. TimeLine Consulting S.R.L.<\/h3>\n<p>Gimnasticii 9, 550172 Sibiu, Romania<\/p>\n<p>E-Mail: <a title=\"E-Mail\" href=\"mailto:contact@timeline.ro\" target=\"_blank\" rel=\"noopener noreferrer\">contact@timeline.ro<\/a><\/p>\n<p>Hotline: +40 269 704 484, +40 771 303 493<\/p>\n<\/div><\/section><\/div>\n<style type=\"text\/css\" data-created_by=\"avia_inline_auto\" id=\"style-css-av-uri0l-78cfc84f4c979ee4d0db9bfc867a93a4\">\n.flex_column.av-uri0l-78cfc84f4c979ee4d0db9bfc867a93a4{\nborder-radius:0px 0px 0px 0px;\npadding:0px 0px 0px 0px;\n}\n<\/style>\n<div  class='flex_column av-uri0l-78cfc84f4c979ee4d0db9bfc867a93a4 av_one_half  avia-builder-el-8  el_after_av_one_half  el_before_av_hr  flex_column_div av-zero-column-padding  column-top-margin'     ><section  class='av_textblock_section av-ornyd-832c68e32fb1b3642efd1680efd62b70 '   itemscope=\"itemscope\" itemtype=\"https:\/\/schema.org\/CreativeWork\" ><div class='avia_textblock'  itemprop=\"text\" ><h3><\/h3>\n<h3>Registrul comercial<\/h3>\n<p>J32\/1796\/2018<\/p>\n<h3>ID TVA<\/h3>\n<p>RO40275582<\/p>\n<\/div><\/section><\/div>\n<style type=\"text\/css\" data-created_by=\"avia_inline_auto\" id=\"style-css-av-5ptl0l-49829c745eb5d75fc6eccfb68032a458\">\n#top .hr.av-5ptl0l-49829c745eb5d75fc6eccfb68032a458{\nmargin-top:10px;\nmargin-bottom:10px;\n}\n.hr.av-5ptl0l-49829c745eb5d75fc6eccfb68032a458 .hr-inner{\nwidth:50px;\nborder-color:#000000;\n}\n<\/style>\n<div  class='hr av-5ptl0l-49829c745eb5d75fc6eccfb68032a458 hr-custom  avia-builder-el-10  el_after_av_one_half  el_before_av_one_full  hr-left hr-icon-no'><span class='hr-inner inner-border-av-border-fat'><span class=\"hr-inner-style\"><\/span><\/span><\/div>\n\n<style type=\"text\/css\" data-created_by=\"avia_inline_auto\" id=\"style-css-av-m7ilq-d010aa2275114673e98e07ff8ae6a388\">\n.flex_column.av-m7ilq-d010aa2275114673e98e07ff8ae6a388{\nborder-radius:0px 0px 0px 0px;\npadding:0px 0px 0px 0px;\n}\n<\/style>\n<div  class='flex_column av-m7ilq-d010aa2275114673e98e07ff8ae6a388 av_one_full  avia-builder-el-11  el_after_av_hr  el_before_av_one_full  first flex_column_div av-zero-column-padding  '     ><p>\n<style type=\"text\/css\" data-created_by=\"avia_inline_auto\" id=\"style-css-av-lt5okcj3-899cbfc33ee13d057c446d0c3845697e\">\n#top .av-special-heading.av-lt5okcj3-899cbfc33ee13d057c446d0c3845697e{\npadding-bottom:20px;\nfont-size:40px;\n}\nbody .av-special-heading.av-lt5okcj3-899cbfc33ee13d057c446d0c3845697e .av-special-heading-tag .heading-char{\nfont-size:25px;\n}\n#top #wrap_all .av-special-heading.av-lt5okcj3-899cbfc33ee13d057c446d0c3845697e .av-special-heading-tag{\nfont-size:40px;\n}\n.av-special-heading.av-lt5okcj3-899cbfc33ee13d057c446d0c3845697e .av-subheading{\nfont-size:20px;\n}\n\n@media only screen and (min-width: 480px) and (max-width: 767px){ \n#top #wrap_all .av-special-heading.av-lt5okcj3-899cbfc33ee13d057c446d0c3845697e .av-special-heading-tag{\nfont-size:0.8em;\n}\n}\n\n@media only screen and (max-width: 479px){ \n#top #wrap_all .av-special-heading.av-lt5okcj3-899cbfc33ee13d057c446d0c3845697e .av-special-heading-tag{\nfont-size:0.8em;\n}\n}\n<\/style>\n<div  class='av-special-heading av-lt5okcj3-899cbfc33ee13d057c446d0c3845697e av-special-heading-h2 blockquote modern-quote  avia-builder-el-12  el_before_av_textblock  avia-builder-el-first  av-inherit-size'><h2 class='av-special-heading-tag '  itemprop=\"headline\"  >Responsabilitatea pentru con\u021binut<\/h2><div class=\"special-heading-border\"><div class=\"special-heading-inner-border\"><\/div><\/div><\/div><br \/>\n<section  class='av_textblock_section av-lt5onmf8-07b3b0b03f93850af8df4dd371a9fa62 '   itemscope=\"itemscope\" itemtype=\"https:\/\/schema.org\/CreativeWork\" ><div class='avia_textblock'  itemprop=\"text\" ><p class=\"iconbox_content_title \">S.C. TimeLine Consulting S.R.L., Gimnasticii 9, 550172 Sibiu, Romania<br \/>\nManagement: Calin Turcu<\/p>\n<\/div><\/section><\/p><\/div>\n<style type=\"text\/css\" data-created_by=\"avia_inline_auto\" id=\"style-css-av-1jyuu-2771da4ea72f57a7d6c8f064c3974d90\">\n.flex_column.av-1jyuu-2771da4ea72f57a7d6c8f064c3974d90{\nborder-radius:0px 0px 0px 0px;\npadding:0px 0px 0px 0px;\n}\n<\/style>\n<div  class='flex_column av-1jyuu-2771da4ea72f57a7d6c8f064c3974d90 av_one_full  avia-builder-el-14  el_after_av_one_full  el_before_av_hr  first flex_column_div av-zero-column-padding  column-top-margin'     ><p>\n<style type=\"text\/css\" data-created_by=\"avia_inline_auto\" id=\"style-css-av-lt5oob76-d157a32f05b35e2cbcacb03a193d6c7d\">\n#top .av-special-heading.av-lt5oob76-d157a32f05b35e2cbcacb03a193d6c7d{\npadding-bottom:20px;\nfont-size:40px;\n}\nbody .av-special-heading.av-lt5oob76-d157a32f05b35e2cbcacb03a193d6c7d .av-special-heading-tag .heading-char{\nfont-size:25px;\n}\n#top #wrap_all .av-special-heading.av-lt5oob76-d157a32f05b35e2cbcacb03a193d6c7d .av-special-heading-tag{\nfont-size:40px;\n}\n.av-special-heading.av-lt5oob76-d157a32f05b35e2cbcacb03a193d6c7d .av-subheading{\nfont-size:20px;\n}\n\n@media only screen and (min-width: 480px) and (max-width: 767px){ \n#top #wrap_all .av-special-heading.av-lt5oob76-d157a32f05b35e2cbcacb03a193d6c7d .av-special-heading-tag{\nfont-size:0.8em;\n}\n}\n\n@media only screen and (max-width: 479px){ \n#top #wrap_all .av-special-heading.av-lt5oob76-d157a32f05b35e2cbcacb03a193d6c7d .av-special-heading-tag{\nfont-size:0.8em;\n}\n}\n<\/style>\n<div  class='av-special-heading av-lt5oob76-d157a32f05b35e2cbcacb03a193d6c7d av-special-heading-h2 blockquote modern-quote  avia-builder-el-15  el_before_av_textblock  avia-builder-el-first  av-inherit-size'><h2 class='av-special-heading-tag '  itemprop=\"headline\"  >Responsabil pentru realizarea tehnic\u0103<\/h2><div class=\"special-heading-border\"><div class=\"special-heading-inner-border\"><\/div><\/div><\/div><br \/>\n<section  class='av_textblock_section av-lt5op4dw-dca3266862e90adbf28d4207540cfd7b '   itemscope=\"itemscope\" itemtype=\"https:\/\/schema.org\/CreativeWork\" ><div class='avia_textblock'  itemprop=\"text\" ><p class=\"iconbox_content_title \">Gebauer GmbH,\u00a0Obere Dammstra\u00dfe 8-10,\u00a042653 Solingen,\u00a0Germany<br \/>\nTel.: +49 212 230 35 0, E-Mail: info@timeline.de<br \/>\nManagement: Boris Gebauer, Dustin Klein<\/p>\n<\/div><\/section><\/p><\/div>\n<style type=\"text\/css\" data-created_by=\"avia_inline_auto\" id=\"style-css-av-bbvu6-25bddc31e4872aab09a88659a1d4f457\">\n#top .hr.av-bbvu6-25bddc31e4872aab09a88659a1d4f457{\nmargin-top:10px;\nmargin-bottom:10px;\n}\n.hr.av-bbvu6-25bddc31e4872aab09a88659a1d4f457 .hr-inner{\nwidth:50px;\nborder-color:#000000;\n}\n<\/style>\n<div  class='hr av-bbvu6-25bddc31e4872aab09a88659a1d4f457 hr-custom  avia-builder-el-17  el_after_av_one_full  el_before_av_one_full  hr-left hr-icon-no'><span class='hr-inner inner-border-av-border-fat'><span class=\"hr-inner-style\"><\/span><\/span><\/div>\n\n<style type=\"text\/css\" data-created_by=\"avia_inline_auto\" id=\"style-css-av-4sz3kl-d59a646803ce82c5f666db79f95c6b70\">\n.flex_column.av-4sz3kl-d59a646803ce82c5f666db79f95c6b70{\nborder-radius:0px 0px 0px 0px;\npadding:20px 0px 0px 0px;\n}\n<\/style>\n<div  class='flex_column av-4sz3kl-d59a646803ce82c5f666db79f95c6b70 av_one_full  avia-builder-el-18  el_after_av_hr  avia-builder-el-last  first flex_column_div  '     ><section  class='av_textblock_section av-337dk5-ef30b2296aaf3f6ae9f8a53719deecf7 '   itemscope=\"itemscope\" itemtype=\"https:\/\/schema.org\/CreativeWork\" ><div class='avia_textblock'  itemprop=\"text\" ><h2>Renun\u021bare la r\u0103spundere<\/h2>\n<h4>R\u0103spunderea pentru con\u021binut<\/h4>\n<p>Con\u021binutul paginilor noastre a fost creat cu cea mai mare grij\u0103. Cu toate acestea, nu ne putem asuma nicio r\u0103spundere pentru acurate\u021bea, caracterul complet \u0219i actualizat al con\u021binutului. \u00cen calitate de furnizor de servicii, suntem r\u0103spunz\u0103tori, \u00een conformitate cu legisla\u021bia general\u0103, pentru con\u021binutul propriu al acestor pagini, \u00een conformitate cu articolul 7 alineatul (1) din Legea privind mass-media audiovizuale. Cu toate acestea, \u00een conformitate cu \u00a7\u00a7 8-10 din Legea privind mass-media audiovizuale, noi, \u00een calitate de furnizor de servicii, nu suntem obliga\u021bi s\u0103 monitoriz\u0103m informa\u021biile transmise sau stocate de ter\u021bi sau s\u0103 c\u0103ut\u0103m circumstan\u021be care pot indica o activitate ilegal\u0103. Obliga\u021biile prev\u0103zute de legisla\u021bia general\u0103 de a elimina sau de a bloca utilizarea informa\u021biilor r\u0103m\u00e2n neafectate. Cu toate acestea, orice r\u0103spundere \u00een acest sens este angajat\u0103 numai din momentul \u00een care se ia cuno\u0219tin\u021b\u0103 de \u00eenc\u0103lcarea specific\u0103 a legii. \u00cen momentul \u00een care lu\u0103m cuno\u0219tin\u021b\u0103 de \u00eenc\u0103lc\u0103rile legale corespunz\u0103toare, vom elimina imediat aceste con\u021binuturi.<\/p>\n<h3>R\u0103spunderea pentru linkuri<\/h3>\n<p>Oferta noastr\u0103 con\u021bine linkuri c\u0103tre site-uri externe ale unor ter\u021be p\u0103r\u021bi asupra con\u021binutului c\u0103rora nu avem nicio influen\u021b\u0103. Din acest motiv, nu ne putem asuma nicio r\u0103spundere pentru acest con\u021binut ter\u021b. Pentru con\u021binutul site-urilor cu link-uri, responsabilitatea revine \u00eentotdeauna furnizorului sau operatorului site-urilor respective. Site-urile cu link-uri au fost verificate pentru posibile \u00eenc\u0103lc\u0103ri legale \u00een momentul \u00een care au fost legate. Con\u021binutul ilegal nu a putut fi detectat \u00een momentul \u00een care site-urile au fost legate. Cu toate acestea, monitorizarea permanent\u0103 a con\u021binutului site-urilor web legate nu este rezonabil\u0103 \u00een lipsa unor indicii concrete de \u00eenc\u0103lcare. \u00cen momentul \u00een care lu\u0103m cuno\u0219tin\u021b\u0103 de o \u00eenc\u0103lcare a legii, vom elimina imediat leg\u0103turile respective.<\/p>\n<h3>Copyright<\/h3>\n<p>Con\u021binutul \u0219i lucr\u0103rile create de operatorul site-ului web pe aceste pagini sunt supuse legisla\u021biei germane privind drepturile de autor. Reproducerea, editarea, diseminarea \u0219i orice tip de utilizare dincolo de limitele drepturilor de autor necesit\u0103 acordul scris al autorului \u0219i\/sau creatorului respectiv. Desc\u0103rc\u0103rile \u0219i copiile de pe acest site sunt autorizate numai pentru uz privat, necomercial. \u00cen m\u0103sura \u00een care con\u021binutul acestui site web nu a fost creat de c\u0103tre operator, se vor respecta drepturile de autor ale ter\u021bilor. \u00cen special, con\u021binutul ter\u021bilor va fi etichetat ca atare. Dac\u0103 totu\u0219i lua\u021bi cuno\u0219tin\u021b\u0103 de o \u00eenc\u0103lcare a drepturilor de autor, v\u0103 rug\u0103m s\u0103 ne informa\u021bi \u00een consecin\u021b\u0103. \u00cen momentul \u00een care lu\u0103m cuno\u0219tin\u021b\u0103 de o \u00eenc\u0103lcare a legii, vom elimina imediat con\u021binutul respectiv.<\/p>\n<\/div><\/section><\/div><\/p>\n","protected":false},"excerpt":{"rendered":"","protected":false},"author":1,"featured_media":0,"parent":0,"menu_order":0,"comment_status":"closed","ping_status":"closed","template":"","meta":{"footnotes":""},"class_list":["post-254","page","type-page","status-publish","hentry"],"_links":{"self":[{"href":"https:\/\/www.timeline-erp.com\/ro\/wp-json\/wp\/v2\/pages\/254","targetHints":{"allow":["GET"]}}],"collection":[{"href":"https:\/\/www.timeline-erp.com\/ro\/wp-json\/wp\/v2\/pages"}],"about":[{"href":"https:\/\/www.timeline-erp.com\/ro\/wp-json\/wp\/v2\/types\/page"}],"author":[{"embeddable":true,"href":"https:\/\/www.timeline-erp.com\/ro\/wp-json\/wp\/v2\/users\/1"}],"replies":[{"embeddable":true,"href":"https:\/\/www.timeline-erp.com\/ro\/wp-json\/wp\/v2\/comments?post=254"}],"version-history":[{"count":5,"href":"https:\/\/www.timeline-erp.com\/ro\/wp-json\/wp\/v2\/pages\/254\/revisions"}],"predecessor-version":[{"id":825,"href":"https:\/\/www.timeline-erp.com\/ro\/wp-json\/wp\/v2\/pages\/254\/revisions\/825"}],"wp:attachment":[{"href":"https:\/\/www.timeline-erp.com\/ro\/wp-json\/wp\/v2\/media?parent=254"}],"curies":[{"name":"wp","href":"https:\/\/api.w.org\/{rel}","templated":true}]}}