{"id":211,"date":"2023-07-17T15:05:49","date_gmt":"2023-07-17T13:05:49","guid":{"rendered":"https:\/\/stage.timeline-erp.de\/en\/?page_id=211"},"modified":"2024-07-29T14:02:18","modified_gmt":"2024-07-29T12:02:18","slug":"contact-vanzari","status":"publish","type":"page","link":"https:\/\/www.timeline-erp.com\/ro\/servicii-si-suport\/contact-vanzari\/","title":{"rendered":"V\u00e2nz\u0103ri"},"content":{"rendered":"\n<style type=\"text\/css\" data-created_by=\"avia_inline_auto\" id=\"style-css-av-lk17oupw-965b0ded451d601f44c67153c26eccbf\">\n.avia-section.av-lk17oupw-965b0ded451d601f44c67153c26eccbf{\nbackground-repeat:no-repeat;\nbackground-image:url(https:\/\/www.timeline-erp.com\/ro\/wp-content\/uploads\/sites\/7\/2024\/03\/Sales-WebHeader-1210x423.webp);\nbackground-position:50% 50%;\nbackground-attachment:scroll;\n}\n<\/style>\n<div id='av_section_1'  class='avia-section av-lk17oupw-965b0ded451d601f44c67153c26eccbf alternate_color avia-section-default avia-no-border-styling  avia-builder-el-0  el_before_av_section  avia-builder-el-first  avia-full-stretch avia-bg-style-scroll av-minimum-height av-minimum-height-33 av-height-percent  container_wrap fullsize'  data-section-bg-repeat='stretch' data-av_minimum_height_pc='33' data-av_min_height_opt='percent'><div class='container av-section-cont-open' ><main  role=\"main\" itemprop=\"mainContentOfPage\"  class='template-page content  av-content-full alpha units'><div class='post-entry post-entry-type-page post-entry-211'><div class='entry-content-wrapper clearfix'>\n<div  class='flex_column av-3n016c-96539b6bdbc97b9ef9b91177f2de0946 av_three_fifth  avia-builder-el-1  el_before_av_two_fifth  avia-builder-el-first  first flex_column_div  '     ><style type=\"text\/css\" data-created_by=\"avia_inline_auto\" id=\"style-css-av-lk17ofxh-7b43d4777cdf6080c8ddcb4126372370\">\n#top .av-special-heading.av-lk17ofxh-7b43d4777cdf6080c8ddcb4126372370{\npadding-bottom:10px;\n}\nbody .av-special-heading.av-lk17ofxh-7b43d4777cdf6080c8ddcb4126372370 .av-special-heading-tag .heading-char{\nfont-size:25px;\n}\n.av-special-heading.av-lk17ofxh-7b43d4777cdf6080c8ddcb4126372370 .av-subheading{\nfont-size:22px;\n}\n<\/style>\n<div  class='av-special-heading av-lk17ofxh-7b43d4777cdf6080c8ddcb4126372370 av-special-heading-h1 blockquote modern-quote  avia-builder-el-2  avia-builder-el-no-sibling '><h1 class='av-special-heading-tag '  itemprop=\"headline\"  >Contactul dvs. cu departamentul de v\u00e2nz\u0103ri<\/h1><div class='av-subheading av-subheading_below'><p>Trebuie doar s\u0103 completa\u021bi formularul \u0219i v\u0103 vom contacta c\u00e2t mai cur\u00e2nd posibil. Sau suna\u021bi-ne f\u0103r\u0103 alte formalit\u0103\u021bi.<\/p>\n<\/div><div class=\"special-heading-border\"><div class=\"special-heading-inner-border\"><\/div><\/div><\/div><\/div><div  class='flex_column av-2q7ow4-23645d5439545c44e6380a10df9291f0 av_two_fifth  avia-builder-el-3  el_after_av_three_fifth  avia-builder-el-last  flex_column_div  '     ><\/div>\n\n<\/div><\/div><\/main><!-- close content main element --><\/div><\/div>\n<style type=\"text\/css\" data-created_by=\"avia_inline_auto\" id=\"style-css-av-3lyyas-df9e406d83a37951cc22da764919f82a\">\n.avia-section.av-3lyyas-df9e406d83a37951cc22da764919f82a{\nbackground-color:#0c1d37;\nbackground:linear-gradient( to bottom, #0c1d37, #0f1022 );\n}\n<\/style>\n<div id='av_section_2'  class='avia-section av-3lyyas-df9e406d83a37951cc22da764919f82a main_color avia-section-large avia-no-border-styling  avia-builder-el-4  el_after_av_section  avia-builder-el-last  avia-bg-style-scroll container_wrap fullsize'  ><div class='container av-section-cont-open' ><div class='template-page content  av-content-full alpha units'><div class='post-entry post-entry-type-page post-entry-211'><div class='entry-content-wrapper clearfix'>\n\n<style type=\"text\/css\" data-created_by=\"avia_inline_auto\" id=\"style-css-av-2gqwdg-00e679530e621e423b64f9faa43b4f61\">\n.flex_column.av-2gqwdg-00e679530e621e423b64f9faa43b4f61{\nborder-radius:20px 20px 20px 20px;\npadding:30px 30px 30px 30px;\nbackground-color:#ffffff;\n}\n<\/style>\n<div  class='flex_column av-2gqwdg-00e679530e621e423b64f9faa43b4f61 av_one_half  avia-builder-el-5  el_before_av_one_half  avia-builder-el-first  first flex_column_div  '     ><form action=\"https:\/\/www.timeline-erp.com\/ro\/servicii-si-suport\/contact-vanzari\/\" method=\"post\" data-fields-with-error=\"Found errors in the following field(s):\" class=\"avia_ajax_form av-form-labels-hidden   avia-builder-el-6  avia-builder-el-no-sibling   \" data-avia-form-id=\"1\" data-avia-redirect='https:\/\/www.timeline-erp.com\/ro\/servicii-si-suport\/contact-vanzari\/va-multumim-vanzari-form\/' ><h3 class=''>Trimite\u021bi-ne solicitarea dvs.<\/h3><fieldset><p class='  first_form  form_element form_element_half' id='element_avia_1_1'><label for=\"avia_1_1\">Nume <abbr class=\"required\" title=\"required\">*<\/abbr><\/label> <input name=\"avia_1_1\" class=\"text_input is_empty\" type=\"text\" id=\"avia_1_1\" value=\"\"  placeholder='Nume*'\/><\/p><p class='  form_element form_element_half' id='element_avia_2_1'><label for=\"avia_2_1\">Firma <abbr class=\"required\" title=\"required\">*<\/abbr><\/label> <input name=\"avia_2_1\" class=\"text_input is_empty\" type=\"text\" id=\"avia_2_1\" value=\"\"  placeholder='Firma*'\/><\/p><p class='  first_form  form_element form_element_half' id='element_avia_3_1'><label for=\"avia_3_1\">Telefon<\/label> <input name=\"avia_3_1\" class=\"text_input \" type=\"text\" id=\"avia_3_1\" value=\"\"  placeholder='Telefon'\/><\/p><p class='  form_element form_element_half' id='element_avia_4_1'><label for=\"avia_4_1\">Email <abbr class=\"required\" title=\"required\">*<\/abbr><\/label> <input name=\"avia_4_1\" class=\"text_input is_email\" type=\"text\" id=\"avia_4_1\" value=\"\"  placeholder='Email*'\/><\/p><p class='  first_form  form_element form_fullwidth' id='element_avia_5_1'><label for=\"avia_5_1\">Subiect <abbr class=\"required\" title=\"required\">*<\/abbr><\/label> <input name=\"avia_5_1\" class=\"text_input is_empty\" type=\"text\" id=\"avia_5_1\" value=\"\"  placeholder='Subiect*'\/><\/p><p class='  first_form  form_element form_fullwidth' id='element_avia_6_1'><label for=\"avia_6_1\" class=\"textare_label hidden textare_label_avia_6_1\">Mesaj <abbr class=\"required\" title=\"required\">*<\/abbr><\/label><textarea  placeholder='Mesaj*' name=\"avia_6_1\" class=\"text_area is_empty\" cols=\"40\" rows=\"7\" id=\"avia_6_1\" ><\/textarea><\/p><div id='avia_7_1' class='av-form-text'><p>\n<span style=\"font-size: small; line-height: 1.25; display: block;\">Prin trimiterea acestui formular, sunt de acord ca datele cu caracter personal furnizate \u00een acest mesaj s\u0103 fie stocate, prelucrate, transmise \u0219i utilizate \u00eentr-o baz\u0103 de date men\u021binut\u0103 sub responsabilitatea S.C. TimeLine Consulting S.R.L. exclusiv \u00een scopul proces\u0103rii \u0219i r\u0103spunsului la aceast\u0103 cerere \u0219i ca S.C. TimeLine Consulting S.R.L. s\u0103-mi trimit\u0103 informa\u021bii relevante legate de cerere prin po\u0219t\u0103, e-mail sau telefon. Datele dumneavoastr\u0103 vor fi tratate \u00een mod confiden\u021bial \u0219i nu vor fi transmise unor ter\u021be p\u0103r\u021bi. Pentru mai multe informa\u021bii, v\u0103 rug\u0103m s\u0103 consulta\u021bi politica noastr\u0103 de confiden\u021bialitate \u0219i obliga\u021bia de <a href=\"https:\/\/www.timeline-erp.com\/ro\/protectia-datelor\/\">informare privind protec\u021bia datelor<\/a>.<\/span><\/p>\n<\/div><p class='  first_form  form_element form_fullwidth' id='element_avia_8_1'><input  name=\"avia_8_1\" class=\"input_checkbox is_empty\" type=\"checkbox\" id=\"avia_8_1\" value=\"true\"\/><label class=\"input_checkbox_label\" for=\"avia_8_1\">Am citit \u0219i am acceptat notificarea privind confiden\u021bialitatea <abbr class=\"required\" title=\"required\">*<\/abbr><\/label><\/p><p class=\"hidden\"><input type=\"text\" name=\"avia_9_1\" class=\"hidden \" id=\"avia_9_1\" value=\"\" \/><\/p><div id='avia_10_1' class='av-recaptcha-area  first_form  form_element form_fullwidth '  data-container_class=\"\" data-custom_class=\"\" data-context=\"av_contact_form\" data-token_input=\"av_recaptcha_token\" data-version=\"avia_recaptcha_v3\" data-theme=\"light\" data-size=\"normal\" data-score=\"0.5\" data-text_to_preview=\"\" data-value=\"\"><div class=\"av-google-badge-message hidden\">This site is protected by reCAPTCHA and the Google <a href=\"https:\/\/policies.google.com\/privacy\">Privacy Policy<\/a> and <a href=\"https:\/\/policies.google.com\/terms\">Terms of Service<\/a> apply.<\/div><\/div><p class=\"form_element \"><input type=\"hidden\" value=\"1\" name=\"avia_generated_form1\" \/><input type=\"submit\" value=\"Trimite\u021bi\" class=\"button\"  data-sending-label=\"Sending\"\/><\/p><\/fieldset><div class=\"avia-disabled-form\">This contact form is deactivated because you refused to accept Google reCaptcha service which is necessary to validate any messages sent by the form.<\/div><\/form><div id=\"ajaxresponse_1\" class=\"ajaxresponse ajaxresponse_1 hidden\"><\/div><\/div><div  class='flex_column av-1zced0-aeb26263e91b241ae899966b9bd8f3a1 av_one_half  avia-builder-el-7  el_after_av_one_half  avia-builder-el-last  flex_column_div  '     ><p>\n<style type=\"text\/css\" data-created_by=\"avia_inline_auto\" id=\"style-css-av-lk17xw9r-b7ad6acaa6c492f2ea11c15a332dff2a\">\n#top .av-special-heading.av-lk17xw9r-b7ad6acaa6c492f2ea11c15a332dff2a{\npadding-bottom:25px;\ncolor:#0090ea;\nfont-size:18px;\n}\nbody .av-special-heading.av-lk17xw9r-b7ad6acaa6c492f2ea11c15a332dff2a .av-special-heading-tag .heading-char{\nfont-size:25px;\n}\n#top #wrap_all .av-special-heading.av-lk17xw9r-b7ad6acaa6c492f2ea11c15a332dff2a .av-special-heading-tag{\nfont-size:18px;\n}\n.av-special-heading.av-lk17xw9r-b7ad6acaa6c492f2ea11c15a332dff2a .special-heading-inner-border{\nborder-color:#0090ea;\n}\n.av-special-heading.av-lk17xw9r-b7ad6acaa6c492f2ea11c15a332dff2a .av-subheading{\nfont-size:15px;\n}\n\n@media only screen and (min-width: 480px) and (max-width: 767px){ \n#top #wrap_all .av-special-heading.av-lk17xw9r-b7ad6acaa6c492f2ea11c15a332dff2a .av-special-heading-tag{\nfont-size:0.8em;\n}\n}\n\n@media only screen and (max-width: 479px){ \n#top #wrap_all .av-special-heading.av-lk17xw9r-b7ad6acaa6c492f2ea11c15a332dff2a .av-special-heading-tag{\nfont-size:0.8em;\n}\n}\n<\/style>\n<div  class='av-special-heading av-lk17xw9r-b7ad6acaa6c492f2ea11c15a332dff2a av-special-heading-h2 custom-color-heading blockquote modern-quote  avia-builder-el-8  el_before_av_textblock  avia-builder-el-first  av-inherit-size'><h2 class='av-special-heading-tag '  itemprop=\"headline\"  >ASISTEN\u021a\u0102 PENTRU V\u00c2NZ\u0102RI<\/h2><div class=\"special-heading-border\"><div class=\"special-heading-inner-border\"><\/div><\/div><\/div><br \/>\n\n<style type=\"text\/css\" data-created_by=\"avia_inline_auto\" id=\"style-css-av-lb0rhoz5-13b255cfd6960aeb9d9522406eab02a0\">\n#top .av_textblock_section.av-lb0rhoz5-13b255cfd6960aeb9d9522406eab02a0 .avia_textblock{\ncolor:#ffffff;\n}\n<\/style>\n<section  class='av_textblock_section av-lb0rhoz5-13b255cfd6960aeb9d9522406eab02a0 '   itemscope=\"itemscope\" itemtype=\"https:\/\/schema.org\/CreativeWork\" ><div class='avia_textblock av_inherit_color'  itemprop=\"text\" ><h3 style=\"text-align: left;\">Ave\u021bi \u00eentreb\u0103ri sau sugestii?<\/h3>\n<p style=\"text-align: left;\">Atunci, v\u0103 rug\u0103m s\u0103 nu ezita\u021bi s\u0103 ne contacta\u021bi \u00een orice moment la num\u0103rul de telefon +40 724 031 013, + 40 799 881 233 sau folosind formularul de contact de pe aceast\u0103 pagin\u0103.<\/p>\n<\/div><\/section><br \/>\n\n<style type=\"text\/css\" data-created_by=\"avia_inline_auto\" id=\"style-css-av-lb0ujzu0-a988519915f165f9d8d0d5f4c906ddc3\">\n#top .hr.hr-invisible.av-lb0ujzu0-a988519915f165f9d8d0d5f4c906ddc3{\nheight:50px;\n}\n<\/style>\n<div  class='hr av-lb0ujzu0-a988519915f165f9d8d0d5f4c906ddc3 hr-invisible  avia-builder-el-10  el_after_av_textblock  el_before_av_textblock '><span class='hr-inner '><span class=\"hr-inner-style\"><\/span><\/span><\/div><br \/>\n\n<style type=\"text\/css\" data-created_by=\"avia_inline_auto\" id=\"style-css-av-lb0ujhg9-862c44cb166a8cce47f78681dedde8ce\">\n#top .av_textblock_section.av-lb0ujhg9-862c44cb166a8cce47f78681dedde8ce .avia_textblock{\ncolor:#ffffff;\n}\n<\/style>\n<section  class='av_textblock_section av-lb0ujhg9-862c44cb166a8cce47f78681dedde8ce '   itemscope=\"itemscope\" itemtype=\"https:\/\/schema.org\/CreativeWork\" ><div class='avia_textblock av_inherit_color'  itemprop=\"text\" ><h3>Dori\u021bi s\u0103 intra\u021bi mai ad\u00e2nc \u00een lumea TimeLine?<\/h3>\n<p>V\u0103 oferim urm\u0103toarele posibilit\u0103\u021bi:<\/p>\n<ul>\n<li>prezent\u0103ri online gratuite cu echipa tehnic\u0103 de v\u00e2nz\u0103ri<\/li>\n<li>versiunea de \u00eencercare de 90 de zile cu func\u021bionalitate complet\u0103<\/li>\n<\/ul>\n<\/div><\/section><br \/>\n\n<style type=\"text\/css\" data-created_by=\"avia_inline_auto\" id=\"style-css-av-201wkk-4cb00f3afb613535662316dc681ea853\">\n#top .hr.hr-invisible.av-201wkk-4cb00f3afb613535662316dc681ea853{\nheight:50px;\n}\n<\/style>\n<div  class='hr av-201wkk-4cb00f3afb613535662316dc681ea853 hr-invisible  avia-builder-el-12  el_after_av_textblock  el_before_av_image '><span class='hr-inner '><span class=\"hr-inner-style\"><\/span><\/span><\/div><br \/>\n\n<style type=\"text\/css\" data-created_by=\"avia_inline_auto\" id=\"style-css-av-lb0v20rm-92f07338cf380c1ec4271ac9a53747bf\">\n.avia-image-container.av-lb0v20rm-92f07338cf380c1ec4271ac9a53747bf img.avia_image{\nbox-shadow:none;\n}\n.avia-image-container.av-lb0v20rm-92f07338cf380c1ec4271ac9a53747bf .av-image-caption-overlay-center{\ncolor:#ffffff;\n}\n<\/style>\n<div  class='avia-image-container av-lb0v20rm-92f07338cf380c1ec4271ac9a53747bf av-styling- avia-align-center  avia-builder-el-13  el_after_av_hr  el_before_av_textblock '   itemprop=\"image\" itemscope=\"itemscope\" itemtype=\"https:\/\/schema.org\/ImageObject\" ><div class=\"avia-image-container-inner\"><div class=\"avia-image-overlay-wrap\"><img fetchpriority=\"high\" fetchpriority=\"high\" decoding=\"async\" fetchpriority=\"high\" class='wp-image-718 avia-img-lazy-loading-not-718 avia_image ' src=\"https:\/\/www.timeline-erp.com\/ro\/wp-content\/uploads\/sites\/7\/2024\/03\/christian-salihin-and-boris-gebauer-1030x687.webp\" alt='' title='christian-salihin-and-boris-gebauer'  height=\"687\" width=\"1030\"  itemprop=\"thumbnailUrl\" srcset=\"https:\/\/www.timeline-erp.com\/ro\/wp-content\/uploads\/sites\/7\/2024\/03\/christian-salihin-and-boris-gebauer-1030x687.webp 1030w, https:\/\/www.timeline-erp.com\/ro\/wp-content\/uploads\/sites\/7\/2024\/03\/christian-salihin-and-boris-gebauer-300x200.webp 300w, https:\/\/www.timeline-erp.com\/ro\/wp-content\/uploads\/sites\/7\/2024\/03\/christian-salihin-and-boris-gebauer-768x512.webp 768w, https:\/\/www.timeline-erp.com\/ro\/wp-content\/uploads\/sites\/7\/2024\/03\/christian-salihin-and-boris-gebauer-1536x1024.webp 1536w, https:\/\/www.timeline-erp.com\/ro\/wp-content\/uploads\/sites\/7\/2024\/03\/christian-salihin-and-boris-gebauer-1500x1000.webp 1500w, https:\/\/www.timeline-erp.com\/ro\/wp-content\/uploads\/sites\/7\/2024\/03\/christian-salihin-and-boris-gebauer-705x470.webp 705w, https:\/\/www.timeline-erp.com\/ro\/wp-content\/uploads\/sites\/7\/2024\/03\/christian-salihin-and-boris-gebauer.jpg 1920w\" sizes=\"(max-width: 1030px) 100vw, 1030px\" \/><\/div><\/div><\/div><br \/>\n\n<style type=\"text\/css\" data-created_by=\"avia_inline_auto\" id=\"style-css-av-lb0v4cpo-90972f60c16eb46986e105c2a467d8cf\">\n#top .av_textblock_section.av-lb0v4cpo-90972f60c16eb46986e105c2a467d8cf .avia_textblock{\nfont-size:10px;\ncolor:#f6f7f8;\n}\n<\/style>\n<section  class='av_textblock_section av-lb0v4cpo-90972f60c16eb46986e105c2a467d8cf '   itemscope=\"itemscope\" itemtype=\"https:\/\/schema.org\/CreativeWork\" ><div class='avia_textblock av_inherit_color'  itemprop=\"text\" ><p>d.l.stg.l.dr.: Christian Salihin (Director de v\u00e2nz\u0103ri), Boris Gebauer (Director general \u0219i proprietar)<\/p>\n<\/div><\/section><\/p><\/div>\n","protected":false},"excerpt":{"rendered":"","protected":false},"author":1,"featured_media":682,"parent":192,"menu_order":0,"comment_status":"closed","ping_status":"closed","template":"","meta":{"footnotes":""},"class_list":["post-211","page","type-page","status-publish","has-post-thumbnail","hentry"],"_links":{"self":[{"href":"https:\/\/www.timeline-erp.com\/ro\/wp-json\/wp\/v2\/pages\/211","targetHints":{"allow":["GET"]}}],"collection":[{"href":"https:\/\/www.timeline-erp.com\/ro\/wp-json\/wp\/v2\/pages"}],"about":[{"href":"https:\/\/www.timeline-erp.com\/ro\/wp-json\/wp\/v2\/types\/page"}],"author":[{"embeddable":true,"href":"https:\/\/www.timeline-erp.com\/ro\/wp-json\/wp\/v2\/users\/1"}],"replies":[{"embeddable":true,"href":"https:\/\/www.timeline-erp.com\/ro\/wp-json\/wp\/v2\/comments?post=211"}],"version-history":[{"count":9,"href":"https:\/\/www.timeline-erp.com\/ro\/wp-json\/wp\/v2\/pages\/211\/revisions"}],"predecessor-version":[{"id":3316,"href":"https:\/\/www.timeline-erp.com\/ro\/wp-json\/wp\/v2\/pages\/211\/revisions\/3316"}],"up":[{"embeddable":true,"href":"https:\/\/www.timeline-erp.com\/ro\/wp-json\/wp\/v2\/pages\/192"}],"wp:featuredmedia":[{"embeddable":true,"href":"https:\/\/www.timeline-erp.com\/ro\/wp-json\/wp\/v2\/media\/682"}],"wp:attachment":[{"href":"https:\/\/www.timeline-erp.com\/ro\/wp-json\/wp\/v2\/media?parent=211"}],"curies":[{"name":"wp","href":"https:\/\/api.w.org\/{rel}","templated":true}]}}