{"id":271,"date":"2023-07-18T12:43:01","date_gmt":"2023-07-18T10:43:01","guid":{"rendered":"https:\/\/stage.timeline-erp.de\/en\/?page_id=271"},"modified":"2025-06-10T15:50:38","modified_gmt":"2025-06-10T13:50:38","slug":"prezentacja-online","status":"publish","type":"page","link":"https:\/\/www.timeline-erp.com\/pl\/serwis\/prezentacja-online\/","title":{"rendered":"Prezentacja online"},"content":{"rendered":"<p><span data-mce-type=\"bookmark\" style=\"display: inline-block; width: 0px; overflow: hidden; line-height: 0;\" class=\"mce_SELRES_start\">\ufeff<\/span><div id='av-layout-grid-1'  class='av-layout-grid-container av-fnxt29m-628880c786f59a62c73330a6054fd92e entry-content-wrapper main_color av-flex-cells  avia-builder-el-0  avia-builder-el-no-sibling   container_wrap fullsize'  >\n\n<style type=\"text\/css\" data-created_by=\"avia_inline_auto\" id=\"style-css-av-k9jpa7jh-29f020570c4e7e485b00fd8a471f4f3c\">\n.flex_cell.av-k9jpa7jh-29f020570c4e7e485b00fd8a471f4f3c{\nvertical-align:middle;\nbackground:url(https:\/\/www.timeline-erp.com\/pl\/wp-content\/uploads\/sites\/10\/2024\/02\/people-looking-at-pc-jpg.avif) 50% 50% no-repeat scroll ;\n}\n<\/style>\n<div class='flex_cell av-k9jpa7jh-29f020570c4e7e485b00fd8a471f4f3c av-gridrow-cell av_one_half no_margin  avia-builder-el-1  el_before_av_cell_one_half  avia-builder-el-first  content-align-middle avia-full-stretch'  ><div class='flex_cell_inner'><\/div><\/div>\n<style type=\"text\/css\" data-created_by=\"avia_inline_auto\" id=\"style-css-av-k9jpakc2-ebb771cefff1d4bd6170053833f8a2e0\">\n.flex_cell.av-k9jpakc2-ebb771cefff1d4bd6170053833f8a2e0{\nvertical-align:top;\nbackground-color:#ffffff;\n}\n.responsive #top #wrap_all .flex_cell.av-k9jpakc2-ebb771cefff1d4bd6170053833f8a2e0{\npadding:30px 30px 30px 5% !important;\n}\n<\/style>\n<div class='flex_cell av-k9jpakc2-ebb771cefff1d4bd6170053833f8a2e0 av-gridrow-cell av_one_half no_margin  avia-builder-el-2  el_after_av_cell_one_half  avia-builder-el-last  content-align-top'  ><div class='flex_cell_inner'><p>\n<style type=\"text\/css\" data-created_by=\"avia_inline_auto\" id=\"style-css-av-jz9v299w-bef8b6371290b6a19c1ee772e428aab2\">\n.flex_column.av-jz9v299w-bef8b6371290b6a19c1ee772e428aab2{\nborder-radius:0px 0px 0px 0px;\nbackground-color:#ffffff;\n}\n<\/style>\n<div  class='flex_column av-jz9v299w-bef8b6371290b6a19c1ee772e428aab2 av_three_fourth  avia-builder-el-3  el_before_av_three_fourth  avia-builder-el-first  shadow-l first flex_column_div  '     ><p>\n<style type=\"text\/css\" data-created_by=\"avia_inline_auto\" id=\"style-css-av-8jfjxoa-8b9ed03ef9bde48c2c08f6c7fc846c67\">\n#top .av-special-heading.av-8jfjxoa-8b9ed03ef9bde48c2c08f6c7fc846c67{\npadding-bottom:10px;\nfont-size:55px;\n}\nbody .av-special-heading.av-8jfjxoa-8b9ed03ef9bde48c2c08f6c7fc846c67 .av-special-heading-tag .heading-char{\nfont-size:25px;\n}\n#top #wrap_all .av-special-heading.av-8jfjxoa-8b9ed03ef9bde48c2c08f6c7fc846c67 .av-special-heading-tag{\nfont-size:55px;\n}\n.av-special-heading.av-8jfjxoa-8b9ed03ef9bde48c2c08f6c7fc846c67 .av-subheading{\nfont-size:22px;\n}\n\n@media only screen and (min-width: 480px) and (max-width: 767px){ \n#top #wrap_all .av-special-heading.av-8jfjxoa-8b9ed03ef9bde48c2c08f6c7fc846c67 .av-special-heading-tag{\nfont-size:0.8em;\n}\n}\n\n@media only screen and (max-width: 479px){ \n#top #wrap_all .av-special-heading.av-8jfjxoa-8b9ed03ef9bde48c2c08f6c7fc846c67 .av-special-heading-tag{\nfont-size:0.8em;\n}\n}\n<\/style>\n<div  class='av-special-heading av-8jfjxoa-8b9ed03ef9bde48c2c08f6c7fc846c67 av-special-heading-h1 blockquote modern-quote  avia-builder-el-4  el_before_av_textblock  avia-builder-el-first  av-inherit-size av-linked-heading'><h1 class='av-special-heading-tag '  itemprop=\"headline\"  >Prezentacja online<\/h1><div class=\"special-heading-border\"><div class=\"special-heading-inner-border\"><\/div><\/div><\/div><br \/>\n\n<style type=\"text\/css\" data-created_by=\"avia_inline_auto\" id=\"style-css-av-joo5ho3f-038c097ccde436ac001b5ed5afbfb4cc\">\n#top .av_textblock_section.av-joo5ho3f-038c097ccde436ac001b5ed5afbfb4cc .avia_textblock{\nfont-size:18px;\n}\n<\/style>\n<section  class='av_textblock_section av-joo5ho3f-038c097ccde436ac001b5ed5afbfb4cc '   itemscope=\"itemscope\" itemtype=\"https:\/\/schema.org\/CreativeWork\" ><div class='avia_textblock'  itemprop=\"text\" ><p>Najlepszy spos\u00f3b, aby pozna\u0107 TimeLine ERP. Ekspert zaprezentuje Ci funkcje oprogramowania w zaledwie godzin\u0119 i om\u00f3wi Twoje indywidualne wymagania oraz pytania.<\/p>\n<p>Po prezentacji b\u0119dziesz mia\u0142 wyobra\u017cenie o oprogramowaniu i otrzymasz bezpo\u015bredni\u0105 rekomendacj\u0119, kt\u00f3ry system TimeLine ERP b\u0119dzie dla Ciebie odpowiedni i czy b\u0119d\u0105 potrzebne jakiekolwiek dostosowania.<\/p>\n<p><strong>Bezp\u0142atnie i bez zobowi\u0105za\u0144!<\/strong><\/p>\n<\/div><\/section><br \/>\n\n<style type=\"text\/css\" data-created_by=\"avia_inline_auto\" id=\"style-css-av-ljfoobfy-52ec1a9eba2cd1a89964564025904a27\">\n#top .av-special-heading.av-ljfoobfy-52ec1a9eba2cd1a89964564025904a27{\npadding-bottom:10px;\n}\nbody .av-special-heading.av-ljfoobfy-52ec1a9eba2cd1a89964564025904a27 .av-special-heading-tag .heading-char{\nfont-size:25px;\n}\n.av-special-heading.av-ljfoobfy-52ec1a9eba2cd1a89964564025904a27 .av-subheading{\nfont-size:15px;\n}\n<\/style>\n<div  class='av-special-heading av-ljfoobfy-52ec1a9eba2cd1a89964564025904a27 av-special-heading-h3  avia-builder-el-6  el_after_av_textblock  avia-builder-el-last '><h3 class='av-special-heading-tag '  itemprop=\"headline\"  >Nasz zesp\u00f3\u0142 wsparcia sprzeda\u017cy<\/h3><div class=\"special-heading-border\"><div class=\"special-heading-inner-border\"><\/div><\/div><\/div><\/p><\/div><div  class='flex_column av-5k5yg1m-320900cc912f87594611533a9ab737f1 av_three_fourth  avia-builder-el-7  el_after_av_three_fourth  avia-builder-el-last  first flex_column_div  column-top-margin'     ><form action=\"https:\/\/www.timeline-erp.com\/pl\/serwis\/prezentacja-online\/\" method=\"post\" data-fields-with-error=\"Found errors in the following field(s):\" class=\"avia_ajax_form av-form-labels-hidden   avia-builder-el-8  avia-builder-el-no-sibling  av-custom-form-color av-dark-form \" data-avia-form-id=\"1\" data-avia-redirect='https:\/\/www.timeline-erp.com\/pl\/serwis\/prezentacja-online\/thank-you-olp-form\/' ><h3 class=''>Prze\u015blij nam swoj\u0105 propozycj\u0119 terminu spotkania<\/h3><fieldset><p class='  first_form  form_element form_fullwidth' id='element_avia_1_1'><label for=\"avia_1_1\">Firma <abbr class=\"required\" title=\"required\">*<\/abbr><\/label> <input name=\"avia_1_1\" class=\"text_input is_empty\" type=\"text\" id=\"avia_1_1\" value=\"\"  placeholder='Firma*'\/><\/p><p class='  first_form  form_element form_fullwidth' id='element_avia_2_1'><label for=\"avia_2_1\">Imi\u0119 i Nazwisko<\/label> <input name=\"avia_2_1\" class=\"text_input \" type=\"text\" id=\"avia_2_1\" value=\"\"  placeholder='Imi\u0119 i Nazwisko'\/><\/p><p class='  first_form  form_element form_fullwidth' id='element_avia_3_1'><label for=\"avia_3_1\">Email <abbr class=\"required\" title=\"required\">*<\/abbr><\/label> <input name=\"avia_3_1\" class=\"text_input is_email\" type=\"text\" id=\"avia_3_1\" value=\"\"  placeholder='Email*'\/><\/p><p class='  first_form  form_element form_fullwidth' id='element_avia_4_1'><label for=\"avia_4_1\">Telefon (+kod kraju) <abbr class=\"required\" title=\"required\">*<\/abbr><\/label> <input name=\"avia_4_1\" class=\"text_input is_phone\" type=\"text\" id=\"avia_4_1\" value=\"\"  placeholder='Telefon (+kod kraju)*'\/><\/p><p class='  first_form  form_element form_fullwidth' id='element_avia_5_1'><label for=\"avia_5_1\">Preferowana data<\/label> <input name=\"avia_5_1\" class=\"avia_datepicker text_input \" type=\"text\" id=\"avia_5_1\" value=\"\" placeholder=\"Preferowana data\" inputmode=\"none\" \/><\/p><div id='avia_6_1' class='av-form-text'><p>\n<span style=\"font-size: small; line-height: 1.25; display: block;\">Wype\u0142niaj\u0105c ten formularz, zgadzam si\u0119 na przechowywanie, przetwarzanie, przesy\u0142anie i wykorzystywanie danych osobowych zawartych w tej wiadomo\u015bci w bazie danych prowadzonej przez Gebauer GmbH wy\u0142\u0105cznie w celu obs\u0142ugi i odpowiedzi na to zapytanie oraz na otrzymywanie przez Gebauer GmbH istotnych informacji zwi\u0105zanych z zapytaniem za po\u015brednictwem poczty, e-maila lub telefonu. Twoje dane b\u0119d\u0105 traktowane jako poufne i nie zostan\u0105 przekazane osobom trzecim. Wi\u0119cej informacji mo\u017cna znale\u017a\u0107 w naszej\u00a0<a href=\"https:\/\/www.timeline-erp.com\/pl\/data-privacy\/\">polityce prywatno\u015bci<\/a>\u00a0oraz w\u00a0obowi\u0105zku informacyjnym dotycz\u0105cym ochrony danych.<\/span><\/p>\n<\/div><p class='  first_form  form_element form_fullwidth' id='element_avia_7_1'><input  name=\"avia_7_1\" class=\"input_checkbox is_empty\" type=\"checkbox\" id=\"avia_7_1\" value=\"true\"\/><label class=\"input_checkbox_label\" for=\"avia_7_1\">Zapozna\u0142em si\u0119 z informacj\u0105 o prywatno\u015bci i j\u0105 akceptuj\u0119 <abbr class=\"required\" title=\"required\">*<\/abbr><\/label><\/p><p class=\"hidden\"><input type=\"text\" name=\"avia_8_1\" class=\"hidden \" id=\"avia_8_1\" value=\"\" \/><\/p><div id='avia_9_1' class='av-recaptcha-area  first_form  form_element form_fullwidth '  data-container_class=\"\" data-custom_class=\"\" data-context=\"av_contact_form\" data-token_input=\"av_recaptcha_token\" data-version=\"avia_recaptcha_v3\" data-theme=\"light\" data-size=\"normal\" data-score=\"0.5\" data-text_to_preview=\"\" data-value=\"\"><div class=\"av-google-badge-message hidden\">This site is protected by reCAPTCHA and the Google <a href=\"https:\/\/policies.google.com\/privacy\">Privacy Policy<\/a> and <a href=\"https:\/\/policies.google.com\/terms\">Terms of Service<\/a> apply.<\/div><\/div><p class=\"form_element \"><input type=\"hidden\" value=\"1\" name=\"avia_generated_form1\" \/><input type=\"submit\" value=\"Um\u00f3w teraz\" class=\"button\"  data-sending-label=\"Trwa wysy\u0142anie...\"\/><\/p><\/fieldset><div class=\"avia-disabled-form\">This contact form is deactivated because you refused to accept Google reCaptcha service which is necessary to validate any messages sent by the form.<\/div><\/form><div id=\"ajaxresponse_1\" class=\"ajaxresponse ajaxresponse_1 hidden\"><\/div><\/div><\/p>\n<\/div><\/div><\/div><span data-mce-type=\"bookmark\" style=\"display: inline-block; width: 0px; overflow: hidden; line-height: 0;\" class=\"mce_SELRES_end\">\ufeff<\/span><\/p>\n","protected":false},"excerpt":{"rendered":"<p>\ufeff\ufeff<\/p>\n","protected":false},"author":2,"featured_media":918,"parent":192,"menu_order":0,"comment_status":"closed","ping_status":"closed","template":"","meta":{"footnotes":""},"class_list":["post-271","page","type-page","status-publish","has-post-thumbnail","hentry"],"yoast_head":"<!-- This site is optimized with the Yoast SEO Premium plugin v25.6 (Yoast SEO v27.5) - https:\/\/yoast.com\/product\/yoast-seo-premium-wordpress\/ -->\n<title>Online Presentation: The fastest way to get to know TimeLine ERP - TimeLine ERP PL<\/title>\n<meta name=\"description\" content=\"The fastest way to get to know TimeLine ERP. An expert will guide you through the functions of the software.\" \/>\n<meta name=\"robots\" content=\"noindex, follow, max-snippet:-1, max-image-preview:large, max-video-preview:-1\" \/>\n<meta property=\"og:locale\" content=\"pl_PL\" \/>\n<meta property=\"og:type\" content=\"article\" \/>\n<meta property=\"og:title\" content=\"Prezentacja online\" \/>\n<meta property=\"og:description\" content=\"The fastest way to get to know TimeLine ERP. An expert will guide you through the functions of the software.\" \/>\n<meta property=\"og:url\" content=\"https:\/\/www.timeline-erp.com\/pl\/serwis\/prezentacja-online\/\" \/>\n<meta property=\"og:site_name\" content=\"TimeLine ERP PL\" \/>\n<meta property=\"article:modified_time\" content=\"2025-06-10T13:50:38+00:00\" \/>\n<meta property=\"og:image\" content=\"https:\/\/www.timeline-erp.com\/pl\/wp-content\/uploads\/sites\/10\/2024\/02\/people-looking-at-pc-jpg.avif\" \/>\n\t<meta property=\"og:image:width\" content=\"1920\" \/>\n\t<meta property=\"og:image:height\" content=\"1111\" \/>\n\t<meta property=\"og:image:type\" content=\"image\/jpeg\" \/>\n<meta name=\"twitter:card\" content=\"summary_large_image\" \/>\n<meta name=\"twitter:label1\" content=\"Szacowany czas czytania\" \/>\n\t<meta name=\"twitter:data1\" content=\"2 minuty\" \/>\n<script type=\"application\/ld+json\" class=\"yoast-schema-graph\">{\"@context\":\"https:\\\/\\\/schema.org\",\"@graph\":[{\"@type\":\"WebPage\",\"@id\":\"https:\\\/\\\/www.timeline-erp.com\\\/pl\\\/serwis\\\/prezentacja-online\\\/\",\"url\":\"https:\\\/\\\/www.timeline-erp.com\\\/pl\\\/serwis\\\/prezentacja-online\\\/\",\"name\":\"Online Presentation: The fastest way to get to know TimeLine ERP - TimeLine ERP PL\",\"isPartOf\":{\"@id\":\"https:\\\/\\\/www.timeline-erp.com\\\/pl\\\/#website\"},\"primaryImageOfPage\":{\"@id\":\"https:\\\/\\\/www.timeline-erp.com\\\/pl\\\/serwis\\\/prezentacja-online\\\/#primaryimage\"},\"image\":{\"@id\":\"https:\\\/\\\/www.timeline-erp.com\\\/pl\\\/serwis\\\/prezentacja-online\\\/#primaryimage\"},\"thumbnailUrl\":\"https:\\\/\\\/www.timeline-erp.com\\\/pl\\\/wp-content\\\/uploads\\\/sites\\\/10\\\/2024\\\/02\\\/people-looking-at-pc-jpg.avif\",\"datePublished\":\"2023-07-18T10:43:01+00:00\",\"dateModified\":\"2025-06-10T13:50:38+00:00\",\"description\":\"The fastest way to get to know TimeLine ERP. An expert will guide you through the functions of the software.\",\"breadcrumb\":{\"@id\":\"https:\\\/\\\/www.timeline-erp.com\\\/pl\\\/serwis\\\/prezentacja-online\\\/#breadcrumb\"},\"inLanguage\":\"pl-PL\",\"potentialAction\":[{\"@type\":\"ReadAction\",\"target\":[\"https:\\\/\\\/www.timeline-erp.com\\\/pl\\\/serwis\\\/prezentacja-online\\\/\"]}]},{\"@type\":\"ImageObject\",\"inLanguage\":\"pl-PL\",\"@id\":\"https:\\\/\\\/www.timeline-erp.com\\\/pl\\\/serwis\\\/prezentacja-online\\\/#primaryimage\",\"url\":\"https:\\\/\\\/www.timeline-erp.com\\\/pl\\\/wp-content\\\/uploads\\\/sites\\\/10\\\/2024\\\/02\\\/people-looking-at-pc-jpg.avif\",\"contentUrl\":\"https:\\\/\\\/www.timeline-erp.com\\\/pl\\\/wp-content\\\/uploads\\\/sites\\\/10\\\/2024\\\/02\\\/people-looking-at-pc-jpg.avif\",\"width\":1920,\"height\":1111,\"caption\":\"two people in online presentation\"},{\"@type\":\"BreadcrumbList\",\"@id\":\"https:\\\/\\\/www.timeline-erp.com\\\/pl\\\/serwis\\\/prezentacja-online\\\/#breadcrumb\",\"itemListElement\":[{\"@type\":\"ListItem\",\"position\":1,\"name\":\"Startseite\",\"item\":\"https:\\\/\\\/www.timeline-erp.com\\\/pl\\\/timeline\\\/\"},{\"@type\":\"ListItem\",\"position\":2,\"name\":\"Serwis i Wsparcie\",\"item\":\"https:\\\/\\\/www.timeline-erp.com\\\/pl\\\/serwis\\\/\"},{\"@type\":\"ListItem\",\"position\":3,\"name\":\"Prezentacja online\"}]},{\"@type\":\"WebSite\",\"@id\":\"https:\\\/\\\/www.timeline-erp.com\\\/pl\\\/#website\",\"url\":\"https:\\\/\\\/www.timeline-erp.com\\\/pl\\\/\",\"name\":\"TimeLine ERP PL\",\"description\":\"\",\"potentialAction\":[{\"@type\":\"SearchAction\",\"target\":{\"@type\":\"EntryPoint\",\"urlTemplate\":\"https:\\\/\\\/www.timeline-erp.com\\\/pl\\\/?s={search_term_string}\"},\"query-input\":{\"@type\":\"PropertyValueSpecification\",\"valueRequired\":true,\"valueName\":\"search_term_string\"}}],\"inLanguage\":\"pl-PL\"}]}<\/script>\n<!-- \/ Yoast SEO Premium plugin. -->","yoast_head_json":{"title":"Online Presentation: The fastest way to get to know TimeLine ERP - TimeLine ERP PL","description":"The fastest way to get to know TimeLine ERP. An expert will guide you through the functions of the software.","robots":{"index":"noindex","follow":"follow","max-snippet":"max-snippet:-1","max-image-preview":"max-image-preview:large","max-video-preview":"max-video-preview:-1"},"og_locale":"pl_PL","og_type":"article","og_title":"Prezentacja online","og_description":"The fastest way to get to know TimeLine ERP. An expert will guide you through the functions of the software.","og_url":"https:\/\/www.timeline-erp.com\/pl\/serwis\/prezentacja-online\/","og_site_name":"TimeLine ERP PL","article_modified_time":"2025-06-10T13:50:38+00:00","og_image":[{"width":1920,"height":1111,"url":"https:\/\/www.timeline-erp.com\/pl\/wp-content\/uploads\/sites\/10\/2024\/02\/people-looking-at-pc-jpg.avif","type":"image\/jpeg"}],"twitter_card":"summary_large_image","twitter_misc":{"Szacowany czas czytania":"2 minuty"},"schema":{"@context":"https:\/\/schema.org","@graph":[{"@type":"WebPage","@id":"https:\/\/www.timeline-erp.com\/pl\/serwis\/prezentacja-online\/","url":"https:\/\/www.timeline-erp.com\/pl\/serwis\/prezentacja-online\/","name":"Online Presentation: The fastest way to get to know TimeLine ERP - TimeLine ERP PL","isPartOf":{"@id":"https:\/\/www.timeline-erp.com\/pl\/#website"},"primaryImageOfPage":{"@id":"https:\/\/www.timeline-erp.com\/pl\/serwis\/prezentacja-online\/#primaryimage"},"image":{"@id":"https:\/\/www.timeline-erp.com\/pl\/serwis\/prezentacja-online\/#primaryimage"},"thumbnailUrl":"https:\/\/www.timeline-erp.com\/pl\/wp-content\/uploads\/sites\/10\/2024\/02\/people-looking-at-pc-jpg.avif","datePublished":"2023-07-18T10:43:01+00:00","dateModified":"2025-06-10T13:50:38+00:00","description":"The fastest way to get to know TimeLine ERP. An expert will guide you through the functions of the software.","breadcrumb":{"@id":"https:\/\/www.timeline-erp.com\/pl\/serwis\/prezentacja-online\/#breadcrumb"},"inLanguage":"pl-PL","potentialAction":[{"@type":"ReadAction","target":["https:\/\/www.timeline-erp.com\/pl\/serwis\/prezentacja-online\/"]}]},{"@type":"ImageObject","inLanguage":"pl-PL","@id":"https:\/\/www.timeline-erp.com\/pl\/serwis\/prezentacja-online\/#primaryimage","url":"https:\/\/www.timeline-erp.com\/pl\/wp-content\/uploads\/sites\/10\/2024\/02\/people-looking-at-pc-jpg.avif","contentUrl":"https:\/\/www.timeline-erp.com\/pl\/wp-content\/uploads\/sites\/10\/2024\/02\/people-looking-at-pc-jpg.avif","width":1920,"height":1111,"caption":"two people in online presentation"},{"@type":"BreadcrumbList","@id":"https:\/\/www.timeline-erp.com\/pl\/serwis\/prezentacja-online\/#breadcrumb","itemListElement":[{"@type":"ListItem","position":1,"name":"Startseite","item":"https:\/\/www.timeline-erp.com\/pl\/timeline\/"},{"@type":"ListItem","position":2,"name":"Serwis i Wsparcie","item":"https:\/\/www.timeline-erp.com\/pl\/serwis\/"},{"@type":"ListItem","position":3,"name":"Prezentacja online"}]},{"@type":"WebSite","@id":"https:\/\/www.timeline-erp.com\/pl\/#website","url":"https:\/\/www.timeline-erp.com\/pl\/","name":"TimeLine ERP PL","description":"","potentialAction":[{"@type":"SearchAction","target":{"@type":"EntryPoint","urlTemplate":"https:\/\/www.timeline-erp.com\/pl\/?s={search_term_string}"},"query-input":{"@type":"PropertyValueSpecification","valueRequired":true,"valueName":"search_term_string"}}],"inLanguage":"pl-PL"}]}},"_links":{"self":[{"href":"https:\/\/www.timeline-erp.com\/pl\/wp-json\/wp\/v2\/pages\/271","targetHints":{"allow":["GET"]}}],"collection":[{"href":"https:\/\/www.timeline-erp.com\/pl\/wp-json\/wp\/v2\/pages"}],"about":[{"href":"https:\/\/www.timeline-erp.com\/pl\/wp-json\/wp\/v2\/types\/page"}],"author":[{"embeddable":true,"href":"https:\/\/www.timeline-erp.com\/pl\/wp-json\/wp\/v2\/users\/2"}],"replies":[{"embeddable":true,"href":"https:\/\/www.timeline-erp.com\/pl\/wp-json\/wp\/v2\/comments?post=271"}],"version-history":[{"count":5,"href":"https:\/\/www.timeline-erp.com\/pl\/wp-json\/wp\/v2\/pages\/271\/revisions"}],"predecessor-version":[{"id":1885,"href":"https:\/\/www.timeline-erp.com\/pl\/wp-json\/wp\/v2\/pages\/271\/revisions\/1885"}],"up":[{"embeddable":true,"href":"https:\/\/www.timeline-erp.com\/pl\/wp-json\/wp\/v2\/pages\/192"}],"wp:featuredmedia":[{"embeddable":true,"href":"https:\/\/www.timeline-erp.com\/pl\/wp-json\/wp\/v2\/media\/918"}],"wp:attachment":[{"href":"https:\/\/www.timeline-erp.com\/pl\/wp-json\/wp\/v2\/media?parent=271"}],"curies":[{"name":"wp","href":"https:\/\/api.w.org\/{rel}","templated":true}]}}