{"id":261,"date":"2023-07-18T12:11:23","date_gmt":"2023-07-18T10:11:23","guid":{"rendered":"https:\/\/stage.timeline-erp.de\/en\/?page_id=261"},"modified":"2024-09-26T10:35:07","modified_gmt":"2024-09-26T08:35:07","slug":"o-nas","status":"publish","type":"page","link":"https:\/\/www.timeline-erp.com\/pl\/kontakt\/o-nas\/","title":{"rendered":"O Nas"},"content":{"rendered":"\n<style type=\"text\/css\" data-created_by=\"avia_inline_auto\" id=\"style-css-av-fnvlg-aa1ae8a748ae893378b878ec0592cf8b\">\n.avia-section.av-fnvlg-aa1ae8a748ae893378b878ec0592cf8b{\nbackground-repeat:no-repeat;\nbackground-image:url(https:\/\/www.timeline-erp.com\/pl\/wp-content\/uploads\/sites\/10\/2024\/02\/timeline-headquaters-office-jpg.avif);\nbackground-position:50% 50%;\nbackground-attachment:scroll;\n}\n.avia-section.av-fnvlg-aa1ae8a748ae893378b878ec0592cf8b .av-section-color-overlay{\nopacity:0.6;\nbackground-color:#0f1021;\n}\n<\/style>\n<div id='av_section_1'  class='avia-section av-fnvlg-aa1ae8a748ae893378b878ec0592cf8b alternate_color avia-section-default avia-no-border-styling  avia-builder-el-0  el_before_av_section  avia-builder-el-first  avia-full-stretch avia-bg-style-scroll av-section-color-overlay-active av-minimum-height av-minimum-height-50 av-height-50  container_wrap fullsize'  data-section-bg-repeat='stretch' data-av_minimum_height_pc='50' data-av_min_height_opt='50'><div class=\"av-section-color-overlay-wrap\"><div class=\"av-section-color-overlay\"><\/div><div class='container av-section-cont-open' ><main  role=\"main\" itemprop=\"mainContentOfPage\"  class='template-page content  av-content-full alpha units'><div class='post-entry post-entry-type-page post-entry-261'><div class='entry-content-wrapper clearfix'>\n\n<style type=\"text\/css\" data-created_by=\"avia_inline_auto\" id=\"style-css-av-3maedo-c01c9e57ff9be877ded4c00291dadc59\">\n.flex_column.av-3maedo-c01c9e57ff9be877ded4c00291dadc59{\nborder-radius:0px 0px 0px 0px;\npadding:0px 0px 0px 0px;\n}\n<\/style>\n<div  class='flex_column av-3maedo-c01c9e57ff9be877ded4c00291dadc59 av_one_full  avia-builder-el-1  avia-builder-el-no-sibling  first flex_column_div av-zero-column-padding  '     ><p>\n<style type=\"text\/css\" data-created_by=\"avia_inline_auto\" id=\"style-css-av-a3378-b1453c90e14ad6057dfc9df077099456\">\n#top .av-special-heading.av-a3378-b1453c90e14ad6057dfc9df077099456{\npadding-bottom:10px;\n}\nbody .av-special-heading.av-a3378-b1453c90e14ad6057dfc9df077099456 .av-special-heading-tag .heading-char{\nfont-size:25px;\n}\n.av-special-heading.av-a3378-b1453c90e14ad6057dfc9df077099456 .av-subheading{\nfont-size:20px;\n}\n<\/style>\n<div  class='av-special-heading av-a3378-b1453c90e14ad6057dfc9df077099456 av-special-heading-h1 custom-color-heading blockquote modern-quote modern-centered  avia-builder-el-2  el_before_av_hr  avia-builder-el-first  av-thin-font'><h1 class='av-special-heading-tag '  itemprop=\"headline\"  ><strong>TimeLine Business Solutions Group<\/strong><\/h1><div class='av-subheading av-subheading_below'><p>Dowiedz si\u0119 wi\u0119cej o naszych firmach, lokalizacjach, us\u0142ugach i warto\u015bciach jakimi si\u0119 kierujemy<\/p>\n<\/div><div class=\"special-heading-border\"><div class=\"special-heading-inner-border\"><\/div><\/div><\/div><br \/>\n\n<style type=\"text\/css\" data-created_by=\"avia_inline_auto\" id=\"style-css-av-lecxah72-b5093fecca1f615714de26b16a747160\">\n#top .hr.hr-invisible.av-lecxah72-b5093fecca1f615714de26b16a747160{\nheight:30px;\n}\n<\/style>\n<div  class='hr av-lecxah72-b5093fecca1f615714de26b16a747160 hr-invisible  avia-builder-el-3  el_after_av_heading  el_before_av_button '><span class='hr-inner '><span class=\"hr-inner-style\"><\/span><\/span><\/div><br \/>\n<div  class='avia-button-wrap av-lecx9vnn-c30c906b23833069bfbefece5b05a7a8-wrap avia-button-center  avia-builder-el-4  el_after_av_hr  avia-builder-el-last '>\n<style type=\"text\/css\" data-created_by=\"avia_inline_auto\" id=\"style-css-av-lecx9vnn-c30c906b23833069bfbefece5b05a7a8\">\n#top #wrap_all .avia-button.av-lecx9vnn-c30c906b23833069bfbefece5b05a7a8{\nfont-size:14px;\nborder-radius:30px 30px 30px 30px;\ntransition:all 0.4s ease-in-out;\n}\n#top #wrap_all.avia-button.av-lecx9vnn-c30c906b23833069bfbefece5b05a7a8:hover .avia_button_background{\nborder-radius:30px 30px 30px 30px;\n}\n<\/style>\n<a href='https:\/\/www.timeline.group'  class='avia-button av-lecx9vnn-c30c906b23833069bfbefece5b05a7a8 av-link-btn avia-icon_select-yes-right-icon avia-size-large avia-position-center avia-color-theme-color-highlight'  target=\"_blank\"  rel=\"noopener noreferrer\"  aria-label=\"Wi\u0119cej informacji (GER)\"><span class='avia_iconbox_title' >Wi\u0119cej informacji (GER)<\/span><span class='avia_button_icon avia_button_icon_right avia-iconfont avia-font-entypo-fontello' data-av_icon='\ue835' data-av_iconfont='entypo-fontello' ><\/span><\/a><\/div><\/p><\/div><\/div><\/div><\/main><!-- close content main element --><\/div><\/div><\/div><div id='av_section_2'  class='avia-section av-4azod-ccd4dcf21180b628f323ba6d59bab84a main_color avia-section-default avia-no-border-styling  avia-builder-el-5  el_after_av_section  el_before_av_section  avia-bg-style-scroll container_wrap fullsize'  ><div class='container av-section-cont-open' ><div class='template-page content  av-content-full alpha units'><div class='post-entry post-entry-type-page post-entry-261'><div class='entry-content-wrapper clearfix'>\n<div  class='flex_column av-14m4rx-8a8206e10d05ed4bbe787cc0b8a61e82 av_one_fifth  avia-builder-el-6  el_before_av_one_fifth  avia-builder-el-first  first flex_column_div  '     ><style type=\"text\/css\" data-created_by=\"avia_inline_auto\" id=\"style-css-av-lk9noiy4-63885c8e56521c14339823e814bc0156\">\n#top .avia-animated-number.av-lk9noiy4-63885c8e56521c14339823e814bc0156 .avia-animated-number-content{\nfont-size:22px;\n}\n<\/style>\n<div  class=\"avia-animated-number av-lk9noiy4-63885c8e56521c14339823e814bc0156 av-force-default-color avia_animate_when_visible  avia-builder-el-7  avia-builder-el-no-sibling  \" data-timer=\"3000\"><strong class=\"heading avia-animated-number-title\"><span class=\"avia-single-number __av-single-number\" data-number_format=\".\" data-number=\"100\" data-start_from=\"0\">100<\/span><span class=\"avia-no-number\">%<\/span><\/strong><div class=\"avia-animated-number-content\"><p>W\u0142a\u015bcicielski model zarz\u0105dzania<\/p>\n<\/div><\/div><\/div><div  class='flex_column av-vm5yt-f47bf627d070c1b3c4b89d441191d4bd av_one_fifth  avia-builder-el-8  el_after_av_one_fifth  el_before_av_one_fifth  flex_column_div  '     ><style type=\"text\/css\" data-created_by=\"avia_inline_auto\" id=\"style-css-av-lk9np88q-d8e29dcc923443ccc77ca480dfd84590\">\n#top .avia-animated-number.av-lk9np88q-d8e29dcc923443ccc77ca480dfd84590 .avia-animated-number-content{\nfont-size:22px;\n}\n<\/style>\n<div  class=\"avia-animated-number av-lk9np88q-d8e29dcc923443ccc77ca480dfd84590 av-force-default-color avia_animate_when_visible  avia-builder-el-9  avia-builder-el-no-sibling  \" data-timer=\"3000\"><strong class=\"heading avia-animated-number-title\"><span class=\"avia-single-number __av-single-number\" data-number_format=\".\" data-number=\"180\" data-start_from=\"0\">180<\/span><span class=\"avia-no-number\">+<\/span><\/strong><div class=\"avia-animated-number-content\"><p>Pracownik\u00f3w<\/p>\n<\/div><\/div><\/div><div  class='flex_column av-sh5al-e6fef0a10326e5ec625504fcc5bb1579 av_one_fifth  avia-builder-el-10  el_after_av_one_fifth  el_before_av_one_fifth  flex_column_div  '     ><style type=\"text\/css\" data-created_by=\"avia_inline_auto\" id=\"style-css-av-lk9npyl3-4968f8154c30a2bdf86f2c2f75eec842\">\n#top .avia-animated-number.av-lk9npyl3-4968f8154c30a2bdf86f2c2f75eec842 .avia-animated-number-content{\nfont-size:22px;\n}\n<\/style>\n<div  class=\"avia-animated-number av-lk9npyl3-4968f8154c30a2bdf86f2c2f75eec842 av-force-default-color avia_animate_when_visible  avia-builder-el-11  avia-builder-el-no-sibling  \" data-timer=\"3000\"><strong class=\"heading avia-animated-number-title\"><span class=\"avia-single-number __av-single-number\" data-number_format=\".\" data-number=\"12\" data-start_from=\"0\">12<\/span><\/strong><div class=\"avia-animated-number-content\"><p>Wersji j\u0119zykowych<\/p>\n<\/div><\/div><\/div><div  class='flex_column av-mwj2l-72b007db99b793b3df703b00ffa3e244 av_one_fifth  avia-builder-el-12  el_after_av_one_fifth  el_before_av_one_fifth  flex_column_div  '     ><style type=\"text\/css\" data-created_by=\"avia_inline_auto\" id=\"style-css-av-lk9nqoiw-af111359902512bc5b6cdd5ae13781d5\">\n#top .avia-animated-number.av-lk9nqoiw-af111359902512bc5b6cdd5ae13781d5 .avia-animated-number-content{\nfont-size:22px;\n}\n<\/style>\n<div  class=\"avia-animated-number av-lk9nqoiw-af111359902512bc5b6cdd5ae13781d5 av-force-default-color avia_animate_when_visible  avia-builder-el-13  avia-builder-el-no-sibling  \" data-timer=\"3000\"><strong class=\"heading avia-animated-number-title\"><span class=\"avia-single-number __av-single-number\" data-number_format=\".\" data-number=\"30\" data-start_from=\"0\">30<\/span><span class=\"avia-no-number\">+<\/span><\/strong><div class=\"avia-animated-number-content\"><p>Do\u015bwiadczenia na rynku ERP<\/p>\n<\/div><\/div><\/div><div  class='flex_column av-h71p1-53e8c5bf2e24b4e385ac639825fbb0ec av_one_fifth  avia-builder-el-14  el_after_av_one_fifth  avia-builder-el-last  flex_column_div  '     ><style type=\"text\/css\" data-created_by=\"avia_inline_auto\" id=\"style-css-av-a6a5p-0c0134bd0b2efc5ec435fc7142a0150f\">\n#top .avia-animated-number.av-a6a5p-0c0134bd0b2efc5ec435fc7142a0150f .avia-animated-number-content{\nfont-size:22px;\n}\n<\/style>\n<div  class=\"avia-animated-number av-a6a5p-0c0134bd0b2efc5ec435fc7142a0150f av-force-default-color avia_animate_when_visible  avia-builder-el-15  avia-builder-el-no-sibling  \" data-timer=\"3000\"><strong class=\"heading avia-animated-number-title\"><span class=\"avia-single-number __av-single-number\" data-number_format=\".\" data-number=\"1100\" data-start_from=\"0\">1100<\/span><span class=\"avia-no-number\">+<\/span><\/strong><div class=\"avia-animated-number-content\"><p>Klient\u00f3w<\/p>\n<\/div><\/div><\/div><\/div><\/div><\/div><!-- close content main div --><\/div><\/div>\n<style type=\"text\/css\" data-created_by=\"avia_inline_auto\" id=\"style-css-av-37hiqk-4443616382d522ee9ab35d4783762199\">\n.avia-section.av-37hiqk-4443616382d522ee9ab35d4783762199{\nbackground-color:#f6f7f8;\nbackground-image:unset;\n}\n<\/style>\n<div id='av_section_3'  class='avia-section av-37hiqk-4443616382d522ee9ab35d4783762199 main_color avia-section-huge avia-no-border-styling  avia-builder-el-16  el_after_av_section  avia-builder-el-last  avia-bg-style-scroll container_wrap fullsize'  ><div class='container av-section-cont-open' ><div class='template-page content  av-content-full alpha units'><div class='post-entry post-entry-type-page post-entry-261'><div class='entry-content-wrapper clearfix'>\n<div  class='flex_column av-7110c-87f0b6e29bc62f9c205fbadf5d308d1a av_three_fourth  avia-builder-el-17  el_before_av_one_half  avia-builder-el-first  first flex_column_div  '     ><section  class='av_textblock_section av-2z12v0-020cba18bef6ec7cd59293728f75203b '   itemscope=\"itemscope\" itemtype=\"https:\/\/schema.org\/CreativeWork\" ><div class='avia_textblock'  itemprop=\"text\" ><h2>Wi\u0119cej o twoim dostawcy ERP<\/h2>\n<p>W kwestiach ERP mo\u017cesz na nas liczy\u0107. To nasza specjalizacja \u2013 od ponad 30 lat. Je\u015bli chcia\u0142by\u015b dowiedzie\u0107 si\u0119 wi\u0119cej o tym, jak jako dostawca ERP mo\u017cemy pom\u00f3c Twojej firmie: Chcieliby\u015bmy teraz zaprezentowa\u0107 Ci nasze rozwi\u0105zania ERP bardziej szczeg\u00f3\u0142owo.<\/p>\n<\/div><\/section><\/div>\n<style type=\"text\/css\" data-created_by=\"avia_inline_auto\" id=\"style-css-av-32krb8-29c2e2bed36af28f8abb73ad6b93ca4d\">\n.flex_column.av-32krb8-29c2e2bed36af28f8abb73ad6b93ca4d{\nborder-radius:0px 0px 0px 0px;\npadding:0px 0px 0px 0px;\n}\n<\/style>\n<div  class='flex_column av-32krb8-29c2e2bed36af28f8abb73ad6b93ca4d av_one_half  avia-builder-el-19  el_after_av_three_fourth  el_before_av_one_half  first flex_column_div av-zero-column-padding  column-top-margin'     ><section  class='av_textblock_section av-lecxfcc5-a24a39726b1c256a9565edbfc7d19d03 '   itemscope=\"itemscope\" itemtype=\"https:\/\/schema.org\/CreativeWork\" ><div class='avia_textblock'  itemprop=\"text\" ><h3>Czym jest system ERP<\/h3>\n<p>ERP, czyli Enterprise Resource Planning, to oprogramowanie wspomagaj\u0105ce zarz\u0105dzanie wszystkimi procesami biznesowymi \u2013 od administracyjnych, przez CRM, po produkcj\u0119. TimeLine, jako dostawca ERP, zapewnia pe\u0142n\u0105 kontrol\u0119 nad zarz\u0105dzaniem stanami magazynowymi i kosztami, oraz elastyczno\u015b\u0107 w reagowaniu na zmieniaj\u0105ce si\u0119 warunki.<\/p>\n<h3>Nasza oferta jako dostawcy ERP<\/h3>\n<p>Nasze produkty wspieraj\u0105 zdrowy rozw\u00f3j Twojej firmy. TimeLine jako dostawca ERP koncentruje si\u0119 na oferowaniu rozwi\u0105za\u0144 bran\u017cowych, g\u0142\u00f3wnie dla \u015brednich przedsi\u0119biorstw. Wiemy, co Ci\u0119 interesuje, czego jeszcze brakuje i jak mo\u017cemy pom\u00f3c. Oferujemy dostosowane rozwi\u0105zania ERP dla nast\u0119puj\u0105cych bran\u017c:<\/p>\n<ul>\n<li>Produkcja jednostkowa i projektowa<\/li>\n<li>Firmy motoryzacyjne i produkcja seryjna<\/li>\n<li>Odlewnie<\/li>\n<li>Firmy przetw\u00f3rstwa tworzyw sztucznych<\/li>\n<li>Technologia powierzchniowa i galwanizacyjna<\/li>\n<li>Przemys\u0142 \u015brubowy i t\u0142oczniowy<\/li>\n<\/ul>\n<p>Jako dostawca system\u00f3w ERP oferujemy modu\u0142owe, dopasowane rozwi\u0105zania niezale\u017cnie od Twoich obecnych wyzwa\u0144. Nie wahaj si\u0119 z nami skontaktowa\u0107.<\/p>\n<\/div><\/section><\/div>\n<style type=\"text\/css\" data-created_by=\"avia_inline_auto\" id=\"style-css-av-2rbzjw-7060e8e20106155bfa4aedd9d8a0e914\">\n.flex_column.av-2rbzjw-7060e8e20106155bfa4aedd9d8a0e914{\nborder-radius:0px 0px 0px 0px;\npadding:0px 0px 0px 0px;\n}\n<\/style>\n<div  class='flex_column av-2rbzjw-7060e8e20106155bfa4aedd9d8a0e914 av_one_half  avia-builder-el-21  el_after_av_one_half  avia-builder-el-last  flex_column_div av-zero-column-padding  column-top-margin'     ><section  class='av_textblock_section av-2k8yzw-b754aa713e05b11b28dd7d835d99f089 '   itemscope=\"itemscope\" itemtype=\"https:\/\/schema.org\/CreativeWork\" ><div class='avia_textblock'  itemprop=\"text\" ><h3>Oferta TimeLine<\/h3>\n<p>TimeLine, jako dostawca ERP, pe\u0142ni rol\u0119 planisty i optymalizatora proces\u00f3w w Twojej firmie. Nie tylko dostarczamy nowoczesne oprogramowanie, ale tak\u017ce oferujemy doradztwo i szkolenia dla Twojego zespo\u0142u. Wykorzystaj nasz\u0105 wiedz\u0119 oraz systemy ERP, by odpowiednio przygotowa\u0107 si\u0119 na wyzwania Przemys\u0142u 4.0.<\/p>\n<p>Dajemy Ci szans\u0119 na przetestowanie pe\u0142nej wersji naszego oprogramowania ERP \u2013 bezp\u0142atnie i bez ogranicze\u0144 przez 90 dni. Sprawd\u017a, jak nasz system mo\u017ce poprawi\u0107 efektywno\u015b\u0107 Twojej firmy. Brak ryzyka, a du\u017ca szansa na rozw\u00f3j.<\/p>\n<\/div><\/section><\/div><\/p>\n","protected":false},"excerpt":{"rendered":"","protected":false},"author":2,"featured_media":930,"parent":219,"menu_order":0,"comment_status":"closed","ping_status":"closed","template":"","meta":{"footnotes":""},"class_list":["post-261","page","type-page","status-publish","has-post-thumbnail","hentry"],"yoast_head":"<!-- This site is optimized with the Yoast SEO Premium plugin v25.6 (Yoast SEO v27.5) - https:\/\/yoast.com\/product\/yoast-seo-premium-wordpress\/ -->\n<title>O Nas - TimeLine ERP PL<\/title>\n<meta name=\"description\" content=\"Dowiedz si\u0119 wszystkiego o TimeLine Group, ich firmach, lokalizacjach, us\u0142ugach i warto\u015bciach. Mo\u017cesz nam zaufa\u0107, je\u015bli chodzi o systemy ERP.\" \/>\n<meta name=\"robots\" content=\"noindex, follow, max-snippet:-1, max-image-preview:large, max-video-preview:-1\" \/>\n<meta property=\"og:locale\" content=\"pl_PL\" \/>\n<meta property=\"og:type\" content=\"article\" \/>\n<meta property=\"og:title\" content=\"What You Need to Know About Group Timelines\" \/>\n<meta property=\"og:description\" content=\"Learn all about Timeline Group and their companies, locations, services and values. You can trust us when it comes to ERP.\" \/>\n<meta property=\"og:url\" content=\"https:\/\/www.timeline-erp.com\/pl\/kontakt\/o-nas\/\" \/>\n<meta property=\"og:site_name\" content=\"TimeLine ERP PL\" \/>\n<meta property=\"article:modified_time\" content=\"2024-09-26T08:35:07+00:00\" \/>\n<meta property=\"og:image\" content=\"https:\/\/www.timeline-erp.com\/pl\/wp-content\/uploads\/sites\/10\/2024\/02\/timeline-headquaters-office-jpg.avif\" \/>\n\t<meta property=\"og:image:width\" content=\"2400\" \/>\n\t<meta property=\"og:image:height\" content=\"1600\" \/>\n\t<meta property=\"og:image:type\" content=\"image\/jpeg\" \/>\n<meta name=\"twitter:card\" content=\"summary_large_image\" \/>\n<meta name=\"twitter:title\" content=\"O Nas\" \/>\n<meta name=\"twitter:label1\" content=\"Szacowany czas czytania\" \/>\n\t<meta name=\"twitter:data1\" content=\"2 minuty\" \/>\n<script type=\"application\/ld+json\" class=\"yoast-schema-graph\">{\"@context\":\"https:\\\/\\\/schema.org\",\"@graph\":[{\"@type\":\"WebPage\",\"@id\":\"https:\\\/\\\/www.timeline-erp.com\\\/pl\\\/kontakt\\\/o-nas\\\/\",\"url\":\"https:\\\/\\\/www.timeline-erp.com\\\/pl\\\/kontakt\\\/o-nas\\\/\",\"name\":\"O Nas - TimeLine ERP PL\",\"isPartOf\":{\"@id\":\"https:\\\/\\\/www.timeline-erp.com\\\/pl\\\/#website\"},\"primaryImageOfPage\":{\"@id\":\"https:\\\/\\\/www.timeline-erp.com\\\/pl\\\/kontakt\\\/o-nas\\\/#primaryimage\"},\"image\":{\"@id\":\"https:\\\/\\\/www.timeline-erp.com\\\/pl\\\/kontakt\\\/o-nas\\\/#primaryimage\"},\"thumbnailUrl\":\"https:\\\/\\\/www.timeline-erp.com\\\/pl\\\/wp-content\\\/uploads\\\/sites\\\/10\\\/2024\\\/02\\\/timeline-headquaters-office-jpg.avif\",\"datePublished\":\"2023-07-18T10:11:23+00:00\",\"dateModified\":\"2024-09-26T08:35:07+00:00\",\"description\":\"Dowiedz si\u0119 wszystkiego o TimeLine Group, ich firmach, lokalizacjach, us\u0142ugach i warto\u015bciach. Mo\u017cesz nam zaufa\u0107, je\u015bli chodzi o systemy ERP.\",\"breadcrumb\":{\"@id\":\"https:\\\/\\\/www.timeline-erp.com\\\/pl\\\/kontakt\\\/o-nas\\\/#breadcrumb\"},\"inLanguage\":\"pl-PL\",\"potentialAction\":[{\"@type\":\"ReadAction\",\"target\":[\"https:\\\/\\\/www.timeline-erp.com\\\/pl\\\/kontakt\\\/o-nas\\\/\"]}]},{\"@type\":\"ImageObject\",\"inLanguage\":\"pl-PL\",\"@id\":\"https:\\\/\\\/www.timeline-erp.com\\\/pl\\\/kontakt\\\/o-nas\\\/#primaryimage\",\"url\":\"https:\\\/\\\/www.timeline-erp.com\\\/pl\\\/wp-content\\\/uploads\\\/sites\\\/10\\\/2024\\\/02\\\/timeline-headquaters-office-jpg.avif\",\"contentUrl\":\"https:\\\/\\\/www.timeline-erp.com\\\/pl\\\/wp-content\\\/uploads\\\/sites\\\/10\\\/2024\\\/02\\\/timeline-headquaters-office-jpg.avif\",\"width\":2400,\"height\":1600,\"caption\":\"Employees in the head office\"},{\"@type\":\"BreadcrumbList\",\"@id\":\"https:\\\/\\\/www.timeline-erp.com\\\/pl\\\/kontakt\\\/o-nas\\\/#breadcrumb\",\"itemListElement\":[{\"@type\":\"ListItem\",\"position\":1,\"name\":\"Startseite\",\"item\":\"https:\\\/\\\/www.timeline-erp.com\\\/pl\\\/timeline\\\/\"},{\"@type\":\"ListItem\",\"position\":2,\"name\":\"Kontakt\",\"item\":\"https:\\\/\\\/www.timeline-erp.com\\\/pl\\\/kontakt\\\/\"},{\"@type\":\"ListItem\",\"position\":3,\"name\":\"O Nas\"}]},{\"@type\":\"WebSite\",\"@id\":\"https:\\\/\\\/www.timeline-erp.com\\\/pl\\\/#website\",\"url\":\"https:\\\/\\\/www.timeline-erp.com\\\/pl\\\/\",\"name\":\"TimeLine ERP PL\",\"description\":\"\",\"potentialAction\":[{\"@type\":\"SearchAction\",\"target\":{\"@type\":\"EntryPoint\",\"urlTemplate\":\"https:\\\/\\\/www.timeline-erp.com\\\/pl\\\/?s={search_term_string}\"},\"query-input\":{\"@type\":\"PropertyValueSpecification\",\"valueRequired\":true,\"valueName\":\"search_term_string\"}}],\"inLanguage\":\"pl-PL\"}]}<\/script>\n<!-- \/ Yoast SEO Premium plugin. -->","yoast_head_json":{"title":"O Nas - TimeLine ERP PL","description":"Dowiedz si\u0119 wszystkiego o TimeLine Group, ich firmach, lokalizacjach, us\u0142ugach i warto\u015bciach. Mo\u017cesz nam zaufa\u0107, je\u015bli chodzi o systemy ERP.","robots":{"index":"noindex","follow":"follow","max-snippet":"max-snippet:-1","max-image-preview":"max-image-preview:large","max-video-preview":"max-video-preview:-1"},"og_locale":"pl_PL","og_type":"article","og_title":"What You Need to Know About Group Timelines","og_description":"Learn all about Timeline Group and their companies, locations, services and values. You can trust us when it comes to ERP.","og_url":"https:\/\/www.timeline-erp.com\/pl\/kontakt\/o-nas\/","og_site_name":"TimeLine ERP PL","article_modified_time":"2024-09-26T08:35:07+00:00","og_image":[{"width":2400,"height":1600,"url":"https:\/\/www.timeline-erp.com\/pl\/wp-content\/uploads\/sites\/10\/2024\/02\/timeline-headquaters-office-jpg.avif","type":"image\/jpeg"}],"twitter_card":"summary_large_image","twitter_title":"O Nas","twitter_misc":{"Szacowany czas czytania":"2 minuty"},"schema":{"@context":"https:\/\/schema.org","@graph":[{"@type":"WebPage","@id":"https:\/\/www.timeline-erp.com\/pl\/kontakt\/o-nas\/","url":"https:\/\/www.timeline-erp.com\/pl\/kontakt\/o-nas\/","name":"O Nas - TimeLine ERP PL","isPartOf":{"@id":"https:\/\/www.timeline-erp.com\/pl\/#website"},"primaryImageOfPage":{"@id":"https:\/\/www.timeline-erp.com\/pl\/kontakt\/o-nas\/#primaryimage"},"image":{"@id":"https:\/\/www.timeline-erp.com\/pl\/kontakt\/o-nas\/#primaryimage"},"thumbnailUrl":"https:\/\/www.timeline-erp.com\/pl\/wp-content\/uploads\/sites\/10\/2024\/02\/timeline-headquaters-office-jpg.avif","datePublished":"2023-07-18T10:11:23+00:00","dateModified":"2024-09-26T08:35:07+00:00","description":"Dowiedz si\u0119 wszystkiego o TimeLine Group, ich firmach, lokalizacjach, us\u0142ugach i warto\u015bciach. Mo\u017cesz nam zaufa\u0107, je\u015bli chodzi o systemy ERP.","breadcrumb":{"@id":"https:\/\/www.timeline-erp.com\/pl\/kontakt\/o-nas\/#breadcrumb"},"inLanguage":"pl-PL","potentialAction":[{"@type":"ReadAction","target":["https:\/\/www.timeline-erp.com\/pl\/kontakt\/o-nas\/"]}]},{"@type":"ImageObject","inLanguage":"pl-PL","@id":"https:\/\/www.timeline-erp.com\/pl\/kontakt\/o-nas\/#primaryimage","url":"https:\/\/www.timeline-erp.com\/pl\/wp-content\/uploads\/sites\/10\/2024\/02\/timeline-headquaters-office-jpg.avif","contentUrl":"https:\/\/www.timeline-erp.com\/pl\/wp-content\/uploads\/sites\/10\/2024\/02\/timeline-headquaters-office-jpg.avif","width":2400,"height":1600,"caption":"Employees in the head office"},{"@type":"BreadcrumbList","@id":"https:\/\/www.timeline-erp.com\/pl\/kontakt\/o-nas\/#breadcrumb","itemListElement":[{"@type":"ListItem","position":1,"name":"Startseite","item":"https:\/\/www.timeline-erp.com\/pl\/timeline\/"},{"@type":"ListItem","position":2,"name":"Kontakt","item":"https:\/\/www.timeline-erp.com\/pl\/kontakt\/"},{"@type":"ListItem","position":3,"name":"O Nas"}]},{"@type":"WebSite","@id":"https:\/\/www.timeline-erp.com\/pl\/#website","url":"https:\/\/www.timeline-erp.com\/pl\/","name":"TimeLine ERP PL","description":"","potentialAction":[{"@type":"SearchAction","target":{"@type":"EntryPoint","urlTemplate":"https:\/\/www.timeline-erp.com\/pl\/?s={search_term_string}"},"query-input":{"@type":"PropertyValueSpecification","valueRequired":true,"valueName":"search_term_string"}}],"inLanguage":"pl-PL"}]}},"_links":{"self":[{"href":"https:\/\/www.timeline-erp.com\/pl\/wp-json\/wp\/v2\/pages\/261","targetHints":{"allow":["GET"]}}],"collection":[{"href":"https:\/\/www.timeline-erp.com\/pl\/wp-json\/wp\/v2\/pages"}],"about":[{"href":"https:\/\/www.timeline-erp.com\/pl\/wp-json\/wp\/v2\/types\/page"}],"author":[{"embeddable":true,"href":"https:\/\/www.timeline-erp.com\/pl\/wp-json\/wp\/v2\/users\/2"}],"replies":[{"embeddable":true,"href":"https:\/\/www.timeline-erp.com\/pl\/wp-json\/wp\/v2\/comments?post=261"}],"version-history":[{"count":3,"href":"https:\/\/www.timeline-erp.com\/pl\/wp-json\/wp\/v2\/pages\/261\/revisions"}],"predecessor-version":[{"id":1612,"href":"https:\/\/www.timeline-erp.com\/pl\/wp-json\/wp\/v2\/pages\/261\/revisions\/1612"}],"up":[{"embeddable":true,"href":"https:\/\/www.timeline-erp.com\/pl\/wp-json\/wp\/v2\/pages\/219"}],"wp:featuredmedia":[{"embeddable":true,"href":"https:\/\/www.timeline-erp.com\/pl\/wp-json\/wp\/v2\/media\/930"}],"wp:attachment":[{"href":"https:\/\/www.timeline-erp.com\/pl\/wp-json\/wp\/v2\/media?parent=261"}],"curies":[{"name":"wp","href":"https:\/\/api.w.org\/{rel}","templated":true}]}}