{"id":254,"date":"2023-07-18T11:32:05","date_gmt":"2023-07-18T09:32:05","guid":{"rendered":"https:\/\/stage.timeline-erp.de\/en\/?page_id=254"},"modified":"2025-05-28T13:11:51","modified_gmt":"2025-05-28T11:11:51","slug":"legal-notice","status":"publish","type":"page","link":"https:\/\/www.timeline-erp.com\/pl\/legal-notice\/","title":{"rendered":"Legal Notice"},"content":{"rendered":"<div id='av_section_1'  class='avia-section av-iswlph-4c60b78559d451729b03c1c76e975280 main_color avia-section-large avia-no-border-styling  avia-builder-el-0  avia-builder-el-no-sibling  avia-bg-style-scroll container_wrap fullsize'  ><div class='container av-section-cont-open' ><main  role=\"main\" itemprop=\"mainContentOfPage\"  class='template-page content  av-content-full alpha units'><div class='post-entry post-entry-type-page post-entry-254'><div class='entry-content-wrapper clearfix'>\n\n<style type=\"text\/css\" data-created_by=\"avia_inline_auto\" id=\"style-css-av-3kvisl-058a612c529ec894c747896607374861\">\n.flex_column.av-3kvisl-058a612c529ec894c747896607374861{\nborder-radius:0px 0px 0px 0px;\npadding:0px 0px 0px 0px;\n}\n<\/style>\n<div  class='flex_column av-3kvisl-058a612c529ec894c747896607374861 av_one_full  avia-builder-el-1  el_before_av_one_half  avia-builder-el-first  first flex_column_div av-zero-column-padding  '     ><style type=\"text\/css\" data-created_by=\"avia_inline_auto\" id=\"style-css-av-2lxt0l-4f17471b62aa1396d4d7e3a2aa49db5b\">\n#top .av-special-heading.av-2lxt0l-4f17471b62aa1396d4d7e3a2aa49db5b{\npadding-bottom:20px;\nfont-size:40px;\n}\nbody .av-special-heading.av-2lxt0l-4f17471b62aa1396d4d7e3a2aa49db5b .av-special-heading-tag .heading-char{\nfont-size:25px;\n}\n#top #wrap_all .av-special-heading.av-2lxt0l-4f17471b62aa1396d4d7e3a2aa49db5b .av-special-heading-tag{\nfont-size:40px;\n}\n.av-special-heading.av-2lxt0l-4f17471b62aa1396d4d7e3a2aa49db5b .av-subheading{\nfont-size:15px;\n}\n\n@media only screen and (min-width: 480px) and (max-width: 767px){ \n#top #wrap_all .av-special-heading.av-2lxt0l-4f17471b62aa1396d4d7e3a2aa49db5b .av-special-heading-tag{\nfont-size:0.8em;\n}\n}\n\n@media only screen and (max-width: 479px){ \n#top #wrap_all .av-special-heading.av-2lxt0l-4f17471b62aa1396d4d7e3a2aa49db5b .av-special-heading-tag{\nfont-size:0.8em;\n}\n}\n<\/style>\n<div  class='av-special-heading av-2lxt0l-4f17471b62aa1396d4d7e3a2aa49db5b av-special-heading-h1 blockquote modern-quote  avia-builder-el-2  avia-builder-el-no-sibling  av-inherit-size'><h1 class='av-special-heading-tag '  itemprop=\"headline\"  >Impressum<\/h1><div class=\"special-heading-border\"><div class=\"special-heading-inner-border\"><\/div><\/div><\/div><\/div>\n<style type=\"text\/css\" data-created_by=\"avia_inline_auto\" id=\"style-css-av-bzqq85-f3459dcd608308274081565be08f3673\">\n.flex_column.av-bzqq85-f3459dcd608308274081565be08f3673{\nborder-radius:0px 0px 0px 0px;\npadding:20px 0px 0px 0px;\n}\n<\/style>\n<div  class='flex_column av-bzqq85-f3459dcd608308274081565be08f3673 av_one_half  avia-builder-el-3  el_after_av_one_full  el_before_av_one_half  first flex_column_div  column-top-margin'     ><section  class='av_textblock_section av-a5u1k5-3cd02a3166ec3638508a9267468c5229 '   itemscope=\"itemscope\" itemtype=\"https:\/\/schema.org\/CreativeWork\" ><div class='avia_textblock'  itemprop=\"text\" ><h3>Gebauer GmbH<\/h3>\n<p>Obere Dammstra\u00dfe 8 \u2013 10<br \/>\n42653 Solingen<br \/>\nGermany<\/p>\n<h3>Management<\/h3>\n<p>Boris Gebauer, Dustin Klein<\/p>\n<h3>Contact<\/h3>\n<p>Email: <a href=\"mailto:info@timeline.de\">info@timeline.de<\/a><br \/>\nPhone:\u00a0+49 212 230 35 0<br \/>\nTelefax: +49 212 230 35 45<\/p>\n<\/div><\/section><\/div>\n<style type=\"text\/css\" data-created_by=\"avia_inline_auto\" id=\"style-css-av-uri0l-78cfc84f4c979ee4d0db9bfc867a93a4\">\n.flex_column.av-uri0l-78cfc84f4c979ee4d0db9bfc867a93a4{\nborder-radius:0px 0px 0px 0px;\npadding:0px 0px 0px 0px;\n}\n<\/style>\n<div  class='flex_column av-uri0l-78cfc84f4c979ee4d0db9bfc867a93a4 av_one_half  avia-builder-el-5  el_after_av_one_half  el_before_av_hr  flex_column_div av-zero-column-padding  column-top-margin'     ><section  class='av_textblock_section av-ornyd-3afaae68982758e35c3760a55afd45c2 '   itemscope=\"itemscope\" itemtype=\"https:\/\/schema.org\/CreativeWork\" ><div class='avia_textblock'  itemprop=\"text\" ><h3><\/h3>\n<h3>Register entry<\/h3>\n<p>Register court: district court Wuppertal Registration number: HRB 15111<\/p>\n<h3>VAT-ID<\/h3>\n<p>VAT identification number according to \u00a727 a Value Added Tax Act: DE120958132<\/p>\n<\/div><\/section><\/div>\n<style type=\"text\/css\" data-created_by=\"avia_inline_auto\" id=\"style-css-av-5ptl0l-49829c745eb5d75fc6eccfb68032a458\">\n#top .hr.av-5ptl0l-49829c745eb5d75fc6eccfb68032a458{\nmargin-top:10px;\nmargin-bottom:10px;\n}\n.hr.av-5ptl0l-49829c745eb5d75fc6eccfb68032a458 .hr-inner{\nwidth:50px;\nborder-color:#000000;\n}\n<\/style>\n<div  class='hr av-5ptl0l-49829c745eb5d75fc6eccfb68032a458 hr-custom  avia-builder-el-7  el_after_av_one_half  el_before_av_one_full  hr-left hr-icon-no'><span class='hr-inner inner-border-av-border-fat'><span class=\"hr-inner-style\"><\/span><\/span><\/div>\n\n<style type=\"text\/css\" data-created_by=\"avia_inline_auto\" id=\"style-css-av-4sz3kl-d59a646803ce82c5f666db79f95c6b70\">\n.flex_column.av-4sz3kl-d59a646803ce82c5f666db79f95c6b70{\nborder-radius:0px 0px 0px 0px;\npadding:20px 0px 0px 0px;\n}\n<\/style>\n<div  class='flex_column av-4sz3kl-d59a646803ce82c5f666db79f95c6b70 av_one_full  avia-builder-el-8  el_after_av_hr  avia-builder-el-last  first flex_column_div  '     ><section  class='av_textblock_section av-337dk5-5e8d2125b66d3004968a7177fecb005f '   itemscope=\"itemscope\" itemtype=\"https:\/\/schema.org\/CreativeWork\" ><div class='avia_textblock'  itemprop=\"text\" ><h2>Wy\u0142\u0105czenie odpowiedzialno\u015bci<\/h2>\n<h3>Odpowiedzialno\u015b\u0107 za tre\u015bci<\/h3>\n<p>Dok\u0142adamy wszelkich stara\u0144, aby zawarto\u015b\u0107 naszych stron by\u0142a poprawna, kompletna i aktualna. Nie mo\u017cemy jednak zagwarantowa\u0107 pe\u0142nej dok\u0142adno\u015bci i aktualno\u015bci tych informacji. Jako us\u0142ugodawca jeste\u015bmy odpowiedzialni za w\u0142asne tre\u015bci na tych stronach zgodnie z obowi\u0105zuj\u0105cym prawem. Nie jeste\u015bmy jednak zobowi\u0105zani do monitorowania przesy\u0142anych lub przechowywanych informacji od os\u00f3b trzecich ani do poszukiwania okoliczno\u015bci wskazuj\u0105cych na dzia\u0142alno\u015b\u0107 niezgodn\u0105 z prawem. Obowi\u0105zki usuni\u0119cia lub zablokowania wykorzystania informacji na mocy prawa pozostaj\u0105 nienaruszone. Odpowiedzialno\u015b\u0107 w tym zakresie powstaje dopiero od momentu uzyskania wiedzy o konkretnej naruszeniu prawa. Po uzyskaniu takiej informacji niezw\u0142ocznie usuniemy odpowiednie tre\u015bci.<\/p>\n<h3>Odpowiedzialno\u015b\u0107 za linki<\/h3>\n<p>Nasza oferta zawiera linki do zewn\u0119trznych stron internetowych os\u00f3b trzecich, na kt\u00f3rych tre\u015bci nie mamy wp\u0142ywu. Dlatego te\u017c nie mo\u017cemy ponosi\u0107 odpowiedzialno\u015bci za te tre\u015bci. Za zawarto\u015b\u0107 podlinkowanych stron zawsze odpowiada ich w\u0142a\u015bciciel lub operator. Podlinkowane strony zosta\u0142y sprawdzone pod k\u0105tem ewentualnych narusze\u0144 prawa w momencie dodawania link\u00f3w. Wtedy nie stwierdzono niezgodno\u015bci z prawem. Sta\u0142a kontrola tre\u015bci linkowanych stron bez konkretnych przes\u0142anek naruszenia prawa nie jest mo\u017cliwa. Po otrzymaniu informacji o naruszeniach prawa niezw\u0142ocznie usuniemy takie linki.<\/p>\n<h3>Prawo autorskie<\/h3>\n<p>Tre\u015bci i dzie\u0142a tworzone przez operator\u00f3w stron s\u0105 chronione polskim prawem autorskim. Powielanie, przetwarzanie, rozpowszechnianie i ka\u017cda forma wykorzystania poza granicami prawa autorskiego wymaga pisemnej zgody autora lub tw\u00f3rcy. Pobieranie i kopiowanie tych stron jest dozwolone wy\u0142\u0105cznie do u\u017cytku prywatnego i niekomercyjnego. W przypadku tre\u015bci, kt\u00f3re nie zosta\u0142y stworzone przez operatora strony, przestrzegamy praw autorskich os\u00f3b trzecich i odpowiednio je oznaczamy. Je\u015bli mimo to zauwa\u017cysz naruszenie praw autorskich, prosimy o odpowiedni\u0105 informacj\u0119. Po uzyskaniu takiej wiadomo\u015bci usuniemy takie tre\u015bci.<\/p>\n<\/div><\/section><\/div>\n","protected":false},"excerpt":{"rendered":"","protected":false},"author":2,"featured_media":0,"parent":0,"menu_order":0,"comment_status":"closed","ping_status":"closed","template":"","meta":{"footnotes":""},"class_list":["post-254","page","type-page","status-publish","hentry"],"yoast_head":"<!-- This site is optimized with the Yoast SEO Premium plugin v25.6 (Yoast SEO v27.5) - https:\/\/yoast.com\/product\/yoast-seo-premium-wordpress\/ -->\n<title>Legal Notice - TimeLine ERP PL<\/title>\n<meta name=\"description\" content=\"Legal notive of TimeLine ERP The content of our pages was created with the greatest care.\" \/>\n<meta name=\"robots\" content=\"noindex, follow, max-snippet:-1, max-image-preview:large, max-video-preview:-1\" \/>\n<meta property=\"og:locale\" content=\"pl_PL\" \/>\n<meta property=\"og:type\" content=\"article\" \/>\n<meta property=\"og:title\" content=\"Legal Notice\" \/>\n<meta property=\"og:description\" content=\"Legal notive of TimeLine ERP The content of our pages was created with the greatest care.\" \/>\n<meta property=\"og:url\" content=\"https:\/\/www.timeline-erp.com\/pl\/legal-notice\/\" \/>\n<meta property=\"og:site_name\" content=\"TimeLine ERP PL\" \/>\n<meta property=\"article:modified_time\" content=\"2025-05-28T11:11:51+00:00\" \/>\n<meta name=\"twitter:card\" content=\"summary_large_image\" \/>\n<meta name=\"twitter:label1\" content=\"Szacowany czas czytania\" \/>\n\t<meta name=\"twitter:data1\" content=\"2 minuty\" \/>\n<script type=\"application\/ld+json\" class=\"yoast-schema-graph\">{\"@context\":\"https:\\\/\\\/schema.org\",\"@graph\":[{\"@type\":\"WebPage\",\"@id\":\"https:\\\/\\\/www.timeline-erp.com\\\/pl\\\/legal-notice\\\/\",\"url\":\"https:\\\/\\\/www.timeline-erp.com\\\/pl\\\/legal-notice\\\/\",\"name\":\"Legal Notice - TimeLine ERP PL\",\"isPartOf\":{\"@id\":\"https:\\\/\\\/www.timeline-erp.com\\\/pl\\\/#website\"},\"datePublished\":\"2023-07-18T09:32:05+00:00\",\"dateModified\":\"2025-05-28T11:11:51+00:00\",\"description\":\"Legal notive of TimeLine ERP The content of our pages was created with the greatest care.\",\"breadcrumb\":{\"@id\":\"https:\\\/\\\/www.timeline-erp.com\\\/pl\\\/legal-notice\\\/#breadcrumb\"},\"inLanguage\":\"pl-PL\",\"potentialAction\":[{\"@type\":\"ReadAction\",\"target\":[\"https:\\\/\\\/www.timeline-erp.com\\\/pl\\\/legal-notice\\\/\"]}]},{\"@type\":\"BreadcrumbList\",\"@id\":\"https:\\\/\\\/www.timeline-erp.com\\\/pl\\\/legal-notice\\\/#breadcrumb\",\"itemListElement\":[{\"@type\":\"ListItem\",\"position\":1,\"name\":\"Startseite\",\"item\":\"https:\\\/\\\/www.timeline-erp.com\\\/pl\\\/timeline\\\/\"},{\"@type\":\"ListItem\",\"position\":2,\"name\":\"Legal Notice\"}]},{\"@type\":\"WebSite\",\"@id\":\"https:\\\/\\\/www.timeline-erp.com\\\/pl\\\/#website\",\"url\":\"https:\\\/\\\/www.timeline-erp.com\\\/pl\\\/\",\"name\":\"TimeLine ERP PL\",\"description\":\"\",\"potentialAction\":[{\"@type\":\"SearchAction\",\"target\":{\"@type\":\"EntryPoint\",\"urlTemplate\":\"https:\\\/\\\/www.timeline-erp.com\\\/pl\\\/?s={search_term_string}\"},\"query-input\":{\"@type\":\"PropertyValueSpecification\",\"valueRequired\":true,\"valueName\":\"search_term_string\"}}],\"inLanguage\":\"pl-PL\"}]}<\/script>\n<!-- \/ Yoast SEO Premium plugin. -->","yoast_head_json":{"title":"Legal Notice - TimeLine ERP PL","description":"Legal notive of TimeLine ERP The content of our pages was created with the greatest care.","robots":{"index":"noindex","follow":"follow","max-snippet":"max-snippet:-1","max-image-preview":"max-image-preview:large","max-video-preview":"max-video-preview:-1"},"og_locale":"pl_PL","og_type":"article","og_title":"Legal Notice","og_description":"Legal notive of TimeLine ERP The content of our pages was created with the greatest care.","og_url":"https:\/\/www.timeline-erp.com\/pl\/legal-notice\/","og_site_name":"TimeLine ERP PL","article_modified_time":"2025-05-28T11:11:51+00:00","twitter_card":"summary_large_image","twitter_misc":{"Szacowany czas czytania":"2 minuty"},"schema":{"@context":"https:\/\/schema.org","@graph":[{"@type":"WebPage","@id":"https:\/\/www.timeline-erp.com\/pl\/legal-notice\/","url":"https:\/\/www.timeline-erp.com\/pl\/legal-notice\/","name":"Legal Notice - TimeLine ERP PL","isPartOf":{"@id":"https:\/\/www.timeline-erp.com\/pl\/#website"},"datePublished":"2023-07-18T09:32:05+00:00","dateModified":"2025-05-28T11:11:51+00:00","description":"Legal notive of TimeLine ERP The content of our pages was created with the greatest care.","breadcrumb":{"@id":"https:\/\/www.timeline-erp.com\/pl\/legal-notice\/#breadcrumb"},"inLanguage":"pl-PL","potentialAction":[{"@type":"ReadAction","target":["https:\/\/www.timeline-erp.com\/pl\/legal-notice\/"]}]},{"@type":"BreadcrumbList","@id":"https:\/\/www.timeline-erp.com\/pl\/legal-notice\/#breadcrumb","itemListElement":[{"@type":"ListItem","position":1,"name":"Startseite","item":"https:\/\/www.timeline-erp.com\/pl\/timeline\/"},{"@type":"ListItem","position":2,"name":"Legal Notice"}]},{"@type":"WebSite","@id":"https:\/\/www.timeline-erp.com\/pl\/#website","url":"https:\/\/www.timeline-erp.com\/pl\/","name":"TimeLine ERP PL","description":"","potentialAction":[{"@type":"SearchAction","target":{"@type":"EntryPoint","urlTemplate":"https:\/\/www.timeline-erp.com\/pl\/?s={search_term_string}"},"query-input":{"@type":"PropertyValueSpecification","valueRequired":true,"valueName":"search_term_string"}}],"inLanguage":"pl-PL"}]}},"_links":{"self":[{"href":"https:\/\/www.timeline-erp.com\/pl\/wp-json\/wp\/v2\/pages\/254","targetHints":{"allow":["GET"]}}],"collection":[{"href":"https:\/\/www.timeline-erp.com\/pl\/wp-json\/wp\/v2\/pages"}],"about":[{"href":"https:\/\/www.timeline-erp.com\/pl\/wp-json\/wp\/v2\/types\/page"}],"author":[{"embeddable":true,"href":"https:\/\/www.timeline-erp.com\/pl\/wp-json\/wp\/v2\/users\/2"}],"replies":[{"embeddable":true,"href":"https:\/\/www.timeline-erp.com\/pl\/wp-json\/wp\/v2\/comments?post=254"}],"version-history":[{"count":2,"href":"https:\/\/www.timeline-erp.com\/pl\/wp-json\/wp\/v2\/pages\/254\/revisions"}],"predecessor-version":[{"id":1880,"href":"https:\/\/www.timeline-erp.com\/pl\/wp-json\/wp\/v2\/pages\/254\/revisions\/1880"}],"wp:attachment":[{"href":"https:\/\/www.timeline-erp.com\/pl\/wp-json\/wp\/v2\/media?parent=254"}],"curies":[{"name":"wp","href":"https:\/\/api.w.org\/{rel}","templated":true}]}}