{"id":211,"date":"2023-07-17T15:05:49","date_gmt":"2023-07-17T13:05:49","guid":{"rendered":"https:\/\/stage.timeline-erp.de\/en\/?page_id=211"},"modified":"2025-05-28T12:46:29","modified_gmt":"2025-05-28T10:46:29","slug":"wsparcie-sprzedazy","status":"publish","type":"page","link":"https:\/\/www.timeline-erp.com\/pl\/serwis\/wsparcie-sprzedazy\/","title":{"rendered":"Kontakt wsparcie sprzeda\u017cy"},"content":{"rendered":"\n<style type=\"text\/css\" data-created_by=\"avia_inline_auto\" id=\"style-css-av-lk17oupw-0eda5198fad3f0c286badc80d7430c83\">\n.avia-section.av-lk17oupw-0eda5198fad3f0c286badc80d7430c83{\nbackground-repeat:no-repeat;\nbackground-image:url(https:\/\/www.timeline-erp.com\/pl\/wp-content\/uploads\/sites\/10\/2024\/02\/Sales-WebHeader-jpg.avif);\nbackground-position:50% 50%;\nbackground-attachment:scroll;\n}\n<\/style>\n<div id='av_section_1'  class='avia-section av-lk17oupw-0eda5198fad3f0c286badc80d7430c83 alternate_color avia-section-default avia-no-border-styling  avia-builder-el-0  el_before_av_section  avia-builder-el-first  avia-full-stretch avia-bg-style-scroll av-minimum-height av-minimum-height-33 av-height-percent  container_wrap fullsize'  data-section-bg-repeat='stretch' data-av_minimum_height_pc='33' data-av_min_height_opt='percent'><div class='container av-section-cont-open' ><main  role=\"main\" itemprop=\"mainContentOfPage\"  class='template-page content  av-content-full alpha units'><div class='post-entry post-entry-type-page post-entry-211'><div class='entry-content-wrapper clearfix'>\n<div  class='flex_column av-3n016c-96539b6bdbc97b9ef9b91177f2de0946 av_three_fifth  avia-builder-el-1  el_before_av_two_fifth  avia-builder-el-first  first flex_column_div  '     ><style type=\"text\/css\" data-created_by=\"avia_inline_auto\" id=\"style-css-av-lk17ofxh-7dd389ac26c0a476767559f5c4904eed\">\n#top .av-special-heading.av-lk17ofxh-7dd389ac26c0a476767559f5c4904eed{\npadding-bottom:10px;\n}\nbody .av-special-heading.av-lk17ofxh-7dd389ac26c0a476767559f5c4904eed .av-special-heading-tag .heading-char{\nfont-size:25px;\n}\n.av-special-heading.av-lk17ofxh-7dd389ac26c0a476767559f5c4904eed .av-subheading{\nfont-size:22px;\n}\n<\/style>\n<div  class='av-special-heading av-lk17ofxh-7dd389ac26c0a476767559f5c4904eed av-special-heading-h1 blockquote modern-quote  avia-builder-el-2  avia-builder-el-no-sibling '><h1 class='av-special-heading-tag '  itemprop=\"headline\"  >Tw\u00f3j kontakt z dzia\u0142em sprzeda\u017cy TimeLine ERP<\/h1><div class='av-subheading av-subheading_below'><p>Wystarczy wype\u0142ni\u0107 formularz, a my skontaktujemy si\u0119 z Tob\u0105 jak najszybciej. Mo\u017cesz te\u017c zadzwoni\u0107 do nas ju\u017c teraz<\/p>\n<\/div><div class=\"special-heading-border\"><div class=\"special-heading-inner-border\"><\/div><\/div><\/div><\/div><div  class='flex_column av-2q7ow4-23645d5439545c44e6380a10df9291f0 av_two_fifth  avia-builder-el-3  el_after_av_three_fifth  avia-builder-el-last  flex_column_div  '     ><\/div>\n\n<\/div><\/div><\/main><!-- close content main element --><\/div><\/div>\n<style type=\"text\/css\" data-created_by=\"avia_inline_auto\" id=\"style-css-av-3lyyas-df9e406d83a37951cc22da764919f82a\">\n.avia-section.av-3lyyas-df9e406d83a37951cc22da764919f82a{\nbackground-color:#0c1d37;\nbackground:linear-gradient( to bottom, #0c1d37, #0f1022 );\n}\n<\/style>\n<div id='av_section_2'  class='avia-section av-3lyyas-df9e406d83a37951cc22da764919f82a main_color avia-section-large avia-no-border-styling  avia-builder-el-4  el_after_av_section  avia-builder-el-last  avia-bg-style-scroll container_wrap fullsize'  ><div class='container av-section-cont-open' ><div class='template-page content  av-content-full alpha units'><div class='post-entry post-entry-type-page post-entry-211'><div class='entry-content-wrapper clearfix'>\n<div class='flex_column_table av-2gqwdg-888013786c6036ac960fba2c8872d941 sc-av_one_half av-equal-height-column-flextable'>\n<style type=\"text\/css\" data-created_by=\"avia_inline_auto\" id=\"style-css-av-2gqwdg-888013786c6036ac960fba2c8872d941\">\n.flex_column.av-2gqwdg-888013786c6036ac960fba2c8872d941{\nborder-radius:20px 20px 20px 20px;\npadding:30px 30px 30px 30px;\nbackground-color:#ffffff;\n}\n<\/style>\n<div  class='flex_column av-2gqwdg-888013786c6036ac960fba2c8872d941 av_one_half  avia-builder-el-5  el_before_av_one_half  avia-builder-el-first  first flex_column_table_cell av-equal-height-column av-align-top  '     ><form action=\"https:\/\/www.timeline-erp.com\/pl\/serwis\/wsparcie-sprzedazy\/\" method=\"post\" data-fields-with-error=\"Found errors in the following field(s):\" class=\"avia_ajax_form av-form-labels-hidden   avia-builder-el-6  avia-builder-el-no-sibling  av-show-form-errors   \" data-avia-form-id=\"1\" data-avia-redirect='https:\/\/www.timeline-erp.com\/pl\/serwis\/wsparcie-sprzedazy\/thank-you-sales-form\/' ><h3 class=''>Skontaktuj si\u0119 z nami<\/h3><fieldset><p class='  first_form  form_element form_element_half' id='element_avia_1_1'><label for=\"avia_1_1\">Imi\u0119 i Nazwisko <abbr class=\"required\" title=\"required\">*<\/abbr><\/label> <input name=\"avia_1_1\" class=\"text_input is_empty\" type=\"text\" id=\"avia_1_1\" value=\"\"  placeholder='Imi\u0119 i Nazwisko*'\/><\/p><p class='  form_element form_element_half' id='element_avia_2_1'><label for=\"avia_2_1\">Firma <abbr class=\"required\" title=\"required\">*<\/abbr><\/label> <input name=\"avia_2_1\" class=\"text_input is_empty\" type=\"text\" id=\"avia_2_1\" value=\"\"  placeholder='Firma*'\/><\/p><p class='  first_form  form_element form_element_half' id='element_avia_3_1'><label for=\"avia_3_1\">Telefon (+kod kraju) <abbr class=\"required\" title=\"required\">*<\/abbr><\/label> <input name=\"avia_3_1\" class=\"text_input is_phone\" type=\"text\" id=\"avia_3_1\" value=\"\"  placeholder='Telefon (+kod kraju)*'\/><\/p><p class='  form_element form_element_half' id='element_avia_4_1'><label for=\"avia_4_1\">Email <abbr class=\"required\" title=\"required\">*<\/abbr><\/label> <input name=\"avia_4_1\" class=\"text_input is_email\" type=\"text\" id=\"avia_4_1\" value=\"\"  placeholder='Email*'\/><\/p><p class='  first_form  form_element form_fullwidth' id='element_avia_5_1'><label for=\"avia_5_1\">Temat wiadomo\u015bci: <abbr class=\"required\" title=\"required\">*<\/abbr><\/label> <input name=\"avia_5_1\" class=\"text_input is_empty\" type=\"text\" id=\"avia_5_1\" value=\"\"  placeholder='Temat wiadomo\u015bci:*'\/><\/p><p class='  first_form  form_element form_fullwidth' id='element_avia_6_1'><label for=\"avia_6_1\" class=\"textare_label hidden textare_label_avia_6_1\">Wiadomo\u015b\u0107 <abbr class=\"required\" title=\"required\">*<\/abbr><\/label><textarea  placeholder='Wiadomo\u015b\u0107*' name=\"avia_6_1\" class=\"text_area is_empty\" cols=\"40\" rows=\"7\" id=\"avia_6_1\" ><\/textarea><\/p><div id='avia_7_1' class='av-form-text'><p>\n<span style=\"font-size: small; line-height: 1.25; display: block;\">Wype\u0142niaj\u0105c ten formularz, zgadzam si\u0119 na przechowywanie, przetwarzanie, przesy\u0142anie i wykorzystywanie danych osobowych zawartych w tej wiadomo\u015bci w bazie danych prowadzonej przez Gebauer GmbH wy\u0142\u0105cznie w celu obs\u0142ugi i odpowiedzi na to zapytanie oraz na otrzymywanie przez Gebauer GmbH istotnych informacji zwi\u0105zanych z zapytaniem za po\u015brednictwem poczty, e-maila lub telefonu. Twoje dane b\u0119d\u0105 traktowane jako poufne i nie zostan\u0105 przekazane osobom trzecim. Wi\u0119cej informacji mo\u017cna znale\u017a\u0107 w naszej\u00a0<a href=\"https:\/\/www.timeline-erp.com\/pl\/data-privacy\/\">polityce prywatno\u015bci<\/a>\u00a0oraz w\u00a0obowi\u0105zku informacyjnym dotycz\u0105cym ochrony danych.<\/span><\/p>\n<\/div><p class='  first_form  form_element form_fullwidth' id='element_avia_8_1'><input  name=\"avia_8_1\" class=\"input_checkbox is_empty\" type=\"checkbox\" id=\"avia_8_1\" value=\"true\"\/><label class=\"input_checkbox_label\" for=\"avia_8_1\">Zapozna\u0142em si\u0119 z informacj\u0105 o prywatno\u015bci i j\u0105 akceptuj\u0119 <abbr class=\"required\" title=\"required\">*<\/abbr><\/label><\/p><p class=\"hidden\"><input type=\"text\" name=\"avia_9_1\" class=\"hidden \" id=\"avia_9_1\" value=\"\" \/><\/p><div id='avia_10_1' class='av-recaptcha-area  first_form  form_element form_fullwidth '  data-container_class=\"\" data-custom_class=\"\" data-context=\"av_contact_form\" data-token_input=\"av_recaptcha_token\" data-version=\"avia_recaptcha_v3\" data-theme=\"light\" data-size=\"normal\" data-score=\"0.5\" data-text_to_preview=\"\" data-value=\"\"><div class=\"av-google-badge-message hidden\">This site is protected by reCAPTCHA and the Google <a href=\"https:\/\/policies.google.com\/privacy\">Privacy Policy<\/a> and <a href=\"https:\/\/policies.google.com\/terms\">Terms of Service<\/a> apply.<\/div><\/div><p class=\"form_element \"><input type=\"hidden\" value=\"1\" name=\"avia_generated_form1\" \/><input type=\"submit\" value=\"Wy\u015blij\" class=\"button\"  data-sending-label=\"Trwa wysy\u0142anie...\"\/><\/p><\/fieldset><div class=\"avia-disabled-form\">This contact form is deactivated because you refused to accept Google reCaptcha service which is necessary to validate any messages sent by the form.<\/div><\/form><div id=\"ajaxresponse_1\" class=\"ajaxresponse ajaxresponse_1 hidden\"><\/div><\/div><div class='av-flex-placeholder'><\/div><div  class='flex_column av-1zced0-aeb26263e91b241ae899966b9bd8f3a1 av_one_half  avia-builder-el-7  el_after_av_one_half  avia-builder-el-last  flex_column_table_cell av-equal-height-column av-align-top  '     ><p>\n<style type=\"text\/css\" data-created_by=\"avia_inline_auto\" id=\"style-css-av-18yqur-75190d82a6b7b4969dfd773d416773f7\">\n#top .av-special-heading.av-18yqur-75190d82a6b7b4969dfd773d416773f7{\npadding-bottom:25px;\ncolor:#0090ea;\nfont-size:18px;\n}\nbody .av-special-heading.av-18yqur-75190d82a6b7b4969dfd773d416773f7 .av-special-heading-tag .heading-char{\nfont-size:25px;\n}\n#top #wrap_all .av-special-heading.av-18yqur-75190d82a6b7b4969dfd773d416773f7 .av-special-heading-tag{\nfont-size:18px;\n}\n.av-special-heading.av-18yqur-75190d82a6b7b4969dfd773d416773f7 .special-heading-inner-border{\nborder-color:#0090ea;\n}\n.av-special-heading.av-18yqur-75190d82a6b7b4969dfd773d416773f7 .av-subheading{\nfont-size:15px;\n}\n\n@media only screen and (min-width: 480px) and (max-width: 767px){ \n#top #wrap_all .av-special-heading.av-18yqur-75190d82a6b7b4969dfd773d416773f7 .av-special-heading-tag{\nfont-size:0.8em;\n}\n}\n\n@media only screen and (max-width: 479px){ \n#top #wrap_all .av-special-heading.av-18yqur-75190d82a6b7b4969dfd773d416773f7 .av-special-heading-tag{\nfont-size:0.8em;\n}\n}\n<\/style>\n<div  class='av-special-heading av-18yqur-75190d82a6b7b4969dfd773d416773f7 av-special-heading-h2 custom-color-heading blockquote modern-quote  avia-builder-el-8  el_before_av_textblock  avia-builder-el-first  av-inherit-size'><h2 class='av-special-heading-tag '  itemprop=\"headline\"  >WSPARCIE SPRZEDA\u017bY TIMELINE<\/h2><div class=\"special-heading-border\"><div class=\"special-heading-inner-border\"><\/div><\/div><\/div><br \/>\n\n<style type=\"text\/css\" data-created_by=\"avia_inline_auto\" id=\"style-css-av-118k6z-800aeee2e41ab196304460f16e80a513\">\n#top .av_textblock_section.av-118k6z-800aeee2e41ab196304460f16e80a513 .avia_textblock{\ncolor:#ffffff;\n}\n<\/style>\n<section  class='av_textblock_section av-118k6z-800aeee2e41ab196304460f16e80a513 '   itemscope=\"itemscope\" itemtype=\"https:\/\/schema.org\/CreativeWork\" ><div class='avia_textblock av_inherit_color'  itemprop=\"text\" ><h3 style=\"text-align: left;\">Masz pytania lub sugestie?<\/h3>\n<p>Skontaktuj si\u0119 z nami w ka\u017cdej chwili pod numerem telefonu +48 5000 900 70 lub korzystaj\u0105c z formularza kontaktowego na tej stronie.<\/p>\n<\/div><\/section><br \/>\n\n<style type=\"text\/css\" data-created_by=\"avia_inline_auto\" id=\"style-css-av-z4fgb-b7924cceb716ec322bcdbe714a98ceea\">\n#top .hr.hr-invisible.av-z4fgb-b7924cceb716ec322bcdbe714a98ceea{\nheight:50px;\n}\n<\/style>\n<div  class='hr av-z4fgb-b7924cceb716ec322bcdbe714a98ceea hr-invisible  avia-builder-el-10  el_after_av_textblock  el_before_av_textblock '><span class='hr-inner '><span class=\"hr-inner-style\"><\/span><\/span><\/div><br \/>\n\n<style type=\"text\/css\" data-created_by=\"avia_inline_auto\" id=\"style-css-av-s36xv-374299daba17cf0ff99728a46caa4ca9\">\n#top .av_textblock_section.av-s36xv-374299daba17cf0ff99728a46caa4ca9 .avia_textblock{\ncolor:#ffffff;\n}\n<\/style>\n<section  class='av_textblock_section av-s36xv-374299daba17cf0ff99728a46caa4ca9 '   itemscope=\"itemscope\" itemtype=\"https:\/\/schema.org\/CreativeWork\" ><div class='avia_textblock av_inherit_color'  itemprop=\"text\" ><h3>Chcia\u0142by\u015b lepiej pozna\u0107 \u015bwiat TimeLine?<\/h3>\n<p>Oferujemy nast\u0119puj\u0105ce opcje:<\/p>\n<ul>\n<li>darmowe prezentacje online z naszym dzia\u0142em sprzeda\u017cy technicznej<\/li>\n<li>90-dniow\u0105 wersj\u0119 pr\u00f3bn\u0105 z pe\u0142nymi funkcjami<\/li>\n<\/ul>\n<\/div><\/section><br \/>\n\n<style type=\"text\/css\" data-created_by=\"avia_inline_auto\" id=\"style-css-av-ko2ff-b3076170a7018e67836dfb7ae9bb613d\">\n#top .hr.hr-invisible.av-ko2ff-b3076170a7018e67836dfb7ae9bb613d{\nheight:50px;\n}\n<\/style>\n<div  class='hr av-ko2ff-b3076170a7018e67836dfb7ae9bb613d hr-invisible  avia-builder-el-12  el_after_av_textblock  el_before_av_image '><span class='hr-inner '><span class=\"hr-inner-style\"><\/span><\/span><\/div><br \/>\n\n<style type=\"text\/css\" data-created_by=\"avia_inline_auto\" id=\"style-css-av-1rqwz-a30cfb371607919ef58fe5846993aff2\">\n.avia-image-container.av-1rqwz-a30cfb371607919ef58fe5846993aff2 img.avia_image{\nbox-shadow:none;\n}\n.avia-image-container.av-1rqwz-a30cfb371607919ef58fe5846993aff2 .av-image-caption-overlay-center{\ncolor:#ffffff;\n}\n<\/style>\n<div  class='avia-image-container av-1rqwz-a30cfb371607919ef58fe5846993aff2 av-styling- avia-align-center  avia-builder-el-13  el_after_av_hr  el_before_av_textblock '   itemprop=\"image\" itemscope=\"itemscope\" itemtype=\"https:\/\/schema.org\/ImageObject\" ><div class=\"avia-image-container-inner\"><div class=\"avia-image-overlay-wrap\"><img fetchpriority=\"high\" fetchpriority=\"high\" decoding=\"async\" fetchpriority=\"high\" class='wp-image-904 avia-img-lazy-loading-not-904 avia_image ' src=\"https:\/\/www.timeline-erp.com\/pl\/wp-content\/uploads\/sites\/10\/2024\/02\/christian-salihin-and-boris-gebauer-1024x683.avif\" alt='' title='christian-salihin-and-boris-gebauer'  height=\"683\" width=\"1024\"  itemprop=\"thumbnailUrl\" srcset=\"https:\/\/www.timeline-erp.com\/pl\/wp-content\/uploads\/sites\/10\/2024\/02\/christian-salihin-and-boris-gebauer-1024x683.avif 1024w, https:\/\/www.timeline-erp.com\/pl\/wp-content\/uploads\/sites\/10\/2024\/02\/christian-salihin-and-boris-gebauer-300x200.avif 300w, https:\/\/www.timeline-erp.com\/pl\/wp-content\/uploads\/sites\/10\/2024\/02\/christian-salihin-and-boris-gebauer-768x512.avif 768w, https:\/\/www.timeline-erp.com\/pl\/wp-content\/uploads\/sites\/10\/2024\/02\/christian-salihin-and-boris-gebauer-1536x1024.avif 1536w, https:\/\/www.timeline-erp.com\/pl\/wp-content\/uploads\/sites\/10\/2024\/02\/christian-salihin-and-boris-gebauer-jpg.avif 1920w\" sizes=\"(max-width: 1024px) 100vw, 1024px\" \/><\/div><\/div><\/div><br \/>\n\n<style type=\"text\/css\" data-created_by=\"avia_inline_auto\" id=\"style-css-av-7z64j-7560f547290706924bb9e8ff58f2dbc5\">\n#top .av_textblock_section.av-7z64j-7560f547290706924bb9e8ff58f2dbc5 .avia_textblock{\nfont-size:10px;\ncolor:#f6f7f8;\n}\n<\/style>\n<section  class='av_textblock_section av-7z64j-7560f547290706924bb9e8ff58f2dbc5 '   itemscope=\"itemscope\" itemtype=\"https:\/\/schema.org\/CreativeWork\" ><div class='avia_textblock av_inherit_color'  itemprop=\"text\" ><p>f.l.t.r.: Christian Salihin (Head of Sales), Boris Gebauer (Managing director and owner)<\/p>\n<\/div><\/section><\/p><\/div><\/div><!--close column table wrapper. Autoclose: 1 -->\n","protected":false},"excerpt":{"rendered":"","protected":false},"author":2,"featured_media":860,"parent":192,"menu_order":0,"comment_status":"closed","ping_status":"closed","template":"","meta":{"footnotes":""},"class_list":["post-211","page","type-page","status-publish","has-post-thumbnail","hentry"],"yoast_head":"<!-- This site is optimized with the Yoast SEO Premium plugin v25.6 (Yoast SEO v27.5) - https:\/\/yoast.com\/product\/yoast-seo-premium-wordpress\/ -->\n<title>Kontakt wsparcie sprzeda\u017cy - TimeLine ERP PL<\/title>\n<meta name=\"description\" content=\"Nasz zesp\u00f3\u0142 sprzeda\u017cowy ch\u0119tnie odpowie na Twoje pytania dotycz\u0105ce zakupu lub licencjonowania produkt\u00f3w TimeLine ERP. Skontaktuj si\u0119 z nami.\" \/>\n<meta name=\"robots\" content=\"noindex, follow, max-snippet:-1, max-image-preview:large, max-video-preview:-1\" \/>\n<meta property=\"og:locale\" content=\"pl_PL\" \/>\n<meta property=\"og:type\" content=\"article\" \/>\n<meta property=\"og:title\" content=\"Kontakt wsparcie sprzeda\u017cy\" \/>\n<meta property=\"og:description\" content=\"Our sales team will answer your questions about purchasing or licensing TimeLine ERP products. Please feel free to contact us.\" \/>\n<meta property=\"og:url\" content=\"https:\/\/www.timeline-erp.com\/pl\/serwis\/wsparcie-sprzedazy\/\" \/>\n<meta property=\"og:site_name\" content=\"TimeLine ERP PL\" \/>\n<meta property=\"article:modified_time\" content=\"2025-05-28T10:46:29+00:00\" \/>\n<meta property=\"og:image\" content=\"https:\/\/www.timeline-erp.com\/pl\/wp-content\/uploads\/sites\/10\/2024\/02\/project-team-jpg.avif\" \/>\n\t<meta property=\"og:image:width\" content=\"939\" \/>\n\t<meta property=\"og:image:height\" content=\"626\" \/>\n\t<meta property=\"og:image:type\" content=\"image\/jpeg\" \/>\n<meta name=\"twitter:card\" content=\"summary_large_image\" \/>\n<meta name=\"twitter:label1\" content=\"Szacowany czas czytania\" \/>\n\t<meta name=\"twitter:data1\" content=\"2 minuty\" \/>\n<script type=\"application\/ld+json\" class=\"yoast-schema-graph\">{\"@context\":\"https:\\\/\\\/schema.org\",\"@graph\":[{\"@type\":\"WebPage\",\"@id\":\"https:\\\/\\\/www.timeline-erp.com\\\/pl\\\/serwis\\\/wsparcie-sprzedazy\\\/\",\"url\":\"https:\\\/\\\/www.timeline-erp.com\\\/pl\\\/serwis\\\/wsparcie-sprzedazy\\\/\",\"name\":\"Kontakt wsparcie sprzeda\u017cy - TimeLine ERP PL\",\"isPartOf\":{\"@id\":\"https:\\\/\\\/www.timeline-erp.com\\\/pl\\\/#website\"},\"primaryImageOfPage\":{\"@id\":\"https:\\\/\\\/www.timeline-erp.com\\\/pl\\\/serwis\\\/wsparcie-sprzedazy\\\/#primaryimage\"},\"image\":{\"@id\":\"https:\\\/\\\/www.timeline-erp.com\\\/pl\\\/serwis\\\/wsparcie-sprzedazy\\\/#primaryimage\"},\"thumbnailUrl\":\"https:\\\/\\\/www.timeline-erp.com\\\/pl\\\/wp-content\\\/uploads\\\/sites\\\/10\\\/2024\\\/02\\\/project-team-jpg.avif\",\"datePublished\":\"2023-07-17T13:05:49+00:00\",\"dateModified\":\"2025-05-28T10:46:29+00:00\",\"description\":\"Nasz zesp\u00f3\u0142 sprzeda\u017cowy ch\u0119tnie odpowie na Twoje pytania dotycz\u0105ce zakupu lub licencjonowania produkt\u00f3w TimeLine ERP. Skontaktuj si\u0119 z nami.\",\"breadcrumb\":{\"@id\":\"https:\\\/\\\/www.timeline-erp.com\\\/pl\\\/serwis\\\/wsparcie-sprzedazy\\\/#breadcrumb\"},\"inLanguage\":\"pl-PL\",\"potentialAction\":[{\"@type\":\"ReadAction\",\"target\":[\"https:\\\/\\\/www.timeline-erp.com\\\/pl\\\/serwis\\\/wsparcie-sprzedazy\\\/\"]}]},{\"@type\":\"ImageObject\",\"inLanguage\":\"pl-PL\",\"@id\":\"https:\\\/\\\/www.timeline-erp.com\\\/pl\\\/serwis\\\/wsparcie-sprzedazy\\\/#primaryimage\",\"url\":\"https:\\\/\\\/www.timeline-erp.com\\\/pl\\\/wp-content\\\/uploads\\\/sites\\\/10\\\/2024\\\/02\\\/project-team-jpg.avif\",\"contentUrl\":\"https:\\\/\\\/www.timeline-erp.com\\\/pl\\\/wp-content\\\/uploads\\\/sites\\\/10\\\/2024\\\/02\\\/project-team-jpg.avif\",\"width\":939,\"height\":626,\"caption\":\"Employees in a meeting\"},{\"@type\":\"BreadcrumbList\",\"@id\":\"https:\\\/\\\/www.timeline-erp.com\\\/pl\\\/serwis\\\/wsparcie-sprzedazy\\\/#breadcrumb\",\"itemListElement\":[{\"@type\":\"ListItem\",\"position\":1,\"name\":\"Startseite\",\"item\":\"https:\\\/\\\/www.timeline-erp.com\\\/pl\\\/timeline\\\/\"},{\"@type\":\"ListItem\",\"position\":2,\"name\":\"Serwis i Wsparcie\",\"item\":\"https:\\\/\\\/www.timeline-erp.com\\\/pl\\\/serwis\\\/\"},{\"@type\":\"ListItem\",\"position\":3,\"name\":\"Kontakt wsparcie sprzeda\u017cy\"}]},{\"@type\":\"WebSite\",\"@id\":\"https:\\\/\\\/www.timeline-erp.com\\\/pl\\\/#website\",\"url\":\"https:\\\/\\\/www.timeline-erp.com\\\/pl\\\/\",\"name\":\"TimeLine ERP PL\",\"description\":\"\",\"potentialAction\":[{\"@type\":\"SearchAction\",\"target\":{\"@type\":\"EntryPoint\",\"urlTemplate\":\"https:\\\/\\\/www.timeline-erp.com\\\/pl\\\/?s={search_term_string}\"},\"query-input\":{\"@type\":\"PropertyValueSpecification\",\"valueRequired\":true,\"valueName\":\"search_term_string\"}}],\"inLanguage\":\"pl-PL\"}]}<\/script>\n<!-- \/ Yoast SEO Premium plugin. -->","yoast_head_json":{"title":"Kontakt wsparcie sprzeda\u017cy - TimeLine ERP PL","description":"Nasz zesp\u00f3\u0142 sprzeda\u017cowy ch\u0119tnie odpowie na Twoje pytania dotycz\u0105ce zakupu lub licencjonowania produkt\u00f3w TimeLine ERP. Skontaktuj si\u0119 z nami.","robots":{"index":"noindex","follow":"follow","max-snippet":"max-snippet:-1","max-image-preview":"max-image-preview:large","max-video-preview":"max-video-preview:-1"},"og_locale":"pl_PL","og_type":"article","og_title":"Kontakt wsparcie sprzeda\u017cy","og_description":"Our sales team will answer your questions about purchasing or licensing TimeLine ERP products. Please feel free to contact us.","og_url":"https:\/\/www.timeline-erp.com\/pl\/serwis\/wsparcie-sprzedazy\/","og_site_name":"TimeLine ERP PL","article_modified_time":"2025-05-28T10:46:29+00:00","og_image":[{"width":939,"height":626,"url":"https:\/\/www.timeline-erp.com\/pl\/wp-content\/uploads\/sites\/10\/2024\/02\/project-team-jpg.avif","type":"image\/jpeg"}],"twitter_card":"summary_large_image","twitter_misc":{"Szacowany czas czytania":"2 minuty"},"schema":{"@context":"https:\/\/schema.org","@graph":[{"@type":"WebPage","@id":"https:\/\/www.timeline-erp.com\/pl\/serwis\/wsparcie-sprzedazy\/","url":"https:\/\/www.timeline-erp.com\/pl\/serwis\/wsparcie-sprzedazy\/","name":"Kontakt wsparcie sprzeda\u017cy - TimeLine ERP PL","isPartOf":{"@id":"https:\/\/www.timeline-erp.com\/pl\/#website"},"primaryImageOfPage":{"@id":"https:\/\/www.timeline-erp.com\/pl\/serwis\/wsparcie-sprzedazy\/#primaryimage"},"image":{"@id":"https:\/\/www.timeline-erp.com\/pl\/serwis\/wsparcie-sprzedazy\/#primaryimage"},"thumbnailUrl":"https:\/\/www.timeline-erp.com\/pl\/wp-content\/uploads\/sites\/10\/2024\/02\/project-team-jpg.avif","datePublished":"2023-07-17T13:05:49+00:00","dateModified":"2025-05-28T10:46:29+00:00","description":"Nasz zesp\u00f3\u0142 sprzeda\u017cowy ch\u0119tnie odpowie na Twoje pytania dotycz\u0105ce zakupu lub licencjonowania produkt\u00f3w TimeLine ERP. Skontaktuj si\u0119 z nami.","breadcrumb":{"@id":"https:\/\/www.timeline-erp.com\/pl\/serwis\/wsparcie-sprzedazy\/#breadcrumb"},"inLanguage":"pl-PL","potentialAction":[{"@type":"ReadAction","target":["https:\/\/www.timeline-erp.com\/pl\/serwis\/wsparcie-sprzedazy\/"]}]},{"@type":"ImageObject","inLanguage":"pl-PL","@id":"https:\/\/www.timeline-erp.com\/pl\/serwis\/wsparcie-sprzedazy\/#primaryimage","url":"https:\/\/www.timeline-erp.com\/pl\/wp-content\/uploads\/sites\/10\/2024\/02\/project-team-jpg.avif","contentUrl":"https:\/\/www.timeline-erp.com\/pl\/wp-content\/uploads\/sites\/10\/2024\/02\/project-team-jpg.avif","width":939,"height":626,"caption":"Employees in a meeting"},{"@type":"BreadcrumbList","@id":"https:\/\/www.timeline-erp.com\/pl\/serwis\/wsparcie-sprzedazy\/#breadcrumb","itemListElement":[{"@type":"ListItem","position":1,"name":"Startseite","item":"https:\/\/www.timeline-erp.com\/pl\/timeline\/"},{"@type":"ListItem","position":2,"name":"Serwis i Wsparcie","item":"https:\/\/www.timeline-erp.com\/pl\/serwis\/"},{"@type":"ListItem","position":3,"name":"Kontakt wsparcie sprzeda\u017cy"}]},{"@type":"WebSite","@id":"https:\/\/www.timeline-erp.com\/pl\/#website","url":"https:\/\/www.timeline-erp.com\/pl\/","name":"TimeLine ERP PL","description":"","potentialAction":[{"@type":"SearchAction","target":{"@type":"EntryPoint","urlTemplate":"https:\/\/www.timeline-erp.com\/pl\/?s={search_term_string}"},"query-input":{"@type":"PropertyValueSpecification","valueRequired":true,"valueName":"search_term_string"}}],"inLanguage":"pl-PL"}]}},"_links":{"self":[{"href":"https:\/\/www.timeline-erp.com\/pl\/wp-json\/wp\/v2\/pages\/211","targetHints":{"allow":["GET"]}}],"collection":[{"href":"https:\/\/www.timeline-erp.com\/pl\/wp-json\/wp\/v2\/pages"}],"about":[{"href":"https:\/\/www.timeline-erp.com\/pl\/wp-json\/wp\/v2\/types\/page"}],"author":[{"embeddable":true,"href":"https:\/\/www.timeline-erp.com\/pl\/wp-json\/wp\/v2\/users\/2"}],"replies":[{"embeddable":true,"href":"https:\/\/www.timeline-erp.com\/pl\/wp-json\/wp\/v2\/comments?post=211"}],"version-history":[{"count":5,"href":"https:\/\/www.timeline-erp.com\/pl\/wp-json\/wp\/v2\/pages\/211\/revisions"}],"predecessor-version":[{"id":1866,"href":"https:\/\/www.timeline-erp.com\/pl\/wp-json\/wp\/v2\/pages\/211\/revisions\/1866"}],"up":[{"embeddable":true,"href":"https:\/\/www.timeline-erp.com\/pl\/wp-json\/wp\/v2\/pages\/192"}],"wp:featuredmedia":[{"embeddable":true,"href":"https:\/\/www.timeline-erp.com\/pl\/wp-json\/wp\/v2\/media\/860"}],"wp:attachment":[{"href":"https:\/\/www.timeline-erp.com\/pl\/wp-json\/wp\/v2\/media?parent=211"}],"curies":[{"name":"wp","href":"https:\/\/api.w.org\/{rel}","templated":true}]}}