{"id":99,"date":"2023-07-07T12:31:06","date_gmt":"2023-07-07T10:31:06","guid":{"rendered":"https:\/\/stage.timeline-erp.de\/en\/?page_id=99"},"modified":"2024-07-29T13:02:39","modified_gmt":"2024-07-29T11:02:39","slug":"industries","status":"publish","type":"page","link":"https:\/\/www.timeline-erp.com\/fr\/industries\/","title":{"rendered":"Industries"},"content":{"rendered":"<div id='av_section_1'  class='avia-section av-jgwcilg8-6d6d01c361474b7ee9f24e57147badd9 main_color avia-section-default avia-no-border-styling  avia-builder-el-0  el_before_av_section  avia-builder-el-first  avia-bg-style-scroll container_wrap sidebar_right'  ><div class='container av-section-cont-open' ><main  role=\"main\" itemprop=\"mainContentOfPage\"  class='template-page content  av-content-small alpha units'><div class='post-entry post-entry-type-page post-entry-99'><div class='entry-content-wrapper clearfix'>\n\n<style type=\"text\/css\" data-created_by=\"avia_inline_auto\" id=\"style-css-av-3k2ea-677225059185e0f95221dd3d3a596db3\">\n.flex_column.av-3k2ea-677225059185e0f95221dd3d3a596db3{\nborder-radius:0px 0px 0px 0px;\npadding:0px 0px 0px 0px;\n}\n<\/style>\n<div  class='flex_column av-3k2ea-677225059185e0f95221dd3d3a596db3 av_one_full  avia-builder-el-1  avia-builder-el-no-sibling  first flex_column_div av-zero-column-padding  '     ><style type=\"text\/css\" data-created_by=\"avia_inline_auto\" id=\"style-css-av-key1oahh-b32bdba92fe6769046669f421555e29e\">\n#top .av-special-heading.av-key1oahh-b32bdba92fe6769046669f421555e29e{\npadding-bottom:10px;\n}\nbody .av-special-heading.av-key1oahh-b32bdba92fe6769046669f421555e29e .av-special-heading-tag .heading-char{\nfont-size:25px;\n}\n.av-special-heading.av-key1oahh-b32bdba92fe6769046669f421555e29e .av-subheading{\nfont-size:22px;\n}\n<\/style>\n<div  class='av-special-heading av-key1oahh-b32bdba92fe6769046669f421555e29e av-special-heading-h1 blockquote modern-quote modern-centered  avia-builder-el-2  avia-builder-el-no-sibling '><h1 class='av-special-heading-tag '  itemprop=\"headline\"  >TimeLine ERP &#8211; Solutions sectorielles<\/h1><div class='av-subheading av-subheading_below'><p>Des solutions ERP et PPS pour vos besoins sp\u00e9cifiques.<\/p>\n<\/div><div class=\"special-heading-border\"><div class=\"special-heading-inner-border\"><\/div><\/div><\/div><\/div>\n\n<\/div><\/div><\/main><!-- close content main element --><\/div><\/div>\n<style type=\"text\/css\" data-created_by=\"avia_inline_auto\" id=\"style-css-av-gvum-6a9d133ee505dcdfb64acae9a7bf3873\">\n.avia-section.av-gvum-6a9d133ee505dcdfb64acae9a7bf3873{\nbackground-color:#0c1d37;\nbackground:linear-gradient( to bottom, #0c1d37, #0f1022 );\n}\n<\/style>\n<div id='av_section_2'  class='avia-section av-gvum-6a9d133ee505dcdfb64acae9a7bf3873 alternate_color avia-section-default avia-no-border-styling  avia-builder-el-3  el_after_av_section  el_before_av_section  avia-bg-style-scroll av-minimum-height av-minimum-height-25 av-height-25  container_wrap sidebar_right'   data-av_minimum_height_pc='25' data-av_min_height_opt='25'><div class='container av-section-cont-open' ><div class='template-page content  av-content-small alpha units'><div class='post-entry post-entry-type-page post-entry-99'><div class='entry-content-wrapper clearfix'>\n<div class='flex_column_table av-7yv2a-9f089e78a296b3246d689ebdadcfe1dd sc-av_two_fifth av-equal-height-column-flextable'><div  class='flex_column av-7yv2a-9f089e78a296b3246d689ebdadcfe1dd av_two_fifth  avia-builder-el-4  el_before_av_three_fifth  avia-builder-el-first  first flex_column_table_cell av-equal-height-column av-align-middle  '     ><style type=\"text\/css\" data-created_by=\"avia_inline_auto\" id=\"style-css-av-7cw3a-a386982b6f8773d4188a8a5e64551fd1\">\n.avia-image-container.av-7cw3a-a386982b6f8773d4188a8a5e64551fd1 img.avia_image{\nbox-shadow:none;\n}\n.avia-image-container.av-7cw3a-a386982b6f8773d4188a8a5e64551fd1 .av-image-caption-overlay-center{\ncolor:#ffffff;\n}\n<\/style>\n<div  class='avia-image-container av-7cw3a-a386982b6f8773d4188a8a5e64551fd1 av-styling- avia-align-center  avia-builder-el-5  avia-builder-el-no-sibling '   itemprop=\"image\" itemscope=\"itemscope\" itemtype=\"https:\/\/schema.org\/ImageObject\" ><div class=\"avia-image-container-inner\"><div class=\"avia-image-overlay-wrap\"><img fetchpriority=\"high\" fetchpriority=\"high\" decoding=\"async\" fetchpriority=\"high\" class='wp-image-640 avia-img-lazy-loading-not-640 avia_image ' src=\"https:\/\/www.timeline-erp.com\/fr\/wp-content\/uploads\/sites\/6\/2024\/03\/timeline-erp-plastics-box.png\" alt='' title='timeline-erp-plastics-box'  height=\"759\" width=\"596\"  itemprop=\"thumbnailUrl\" srcset=\"https:\/\/www.timeline-erp.com\/fr\/wp-content\/uploads\/sites\/6\/2024\/03\/timeline-erp-plastics-box.png 596w, https:\/\/www.timeline-erp.com\/fr\/wp-content\/uploads\/sites\/6\/2024\/03\/timeline-erp-plastics-box-236x300.png 236w, https:\/\/www.timeline-erp.com\/fr\/wp-content\/uploads\/sites\/6\/2024\/03\/timeline-erp-plastics-box-554x705.png 554w\" sizes=\"(max-width: 596px) 100vw, 596px\" \/><\/div><\/div><\/div><\/div><div class='av-flex-placeholder'><\/div><div  class='flex_column av-6taou-3bfad435641bf21fe2bd9b3837861ede av_three_fifth  avia-builder-el-6  el_after_av_two_fifth  avia-builder-el-last  flex_column_table_cell av-equal-height-column av-align-middle  '     ><p>\n<style type=\"text\/css\" data-created_by=\"avia_inline_auto\" id=\"style-css-av-6fk3a-8c5e8fa24cdcb783cd0f89cef9de8cb0\">\n#top .av-special-heading.av-6fk3a-8c5e8fa24cdcb783cd0f89cef9de8cb0{\npadding-bottom:10px;\n}\nbody .av-special-heading.av-6fk3a-8c5e8fa24cdcb783cd0f89cef9de8cb0 .av-special-heading-tag .heading-char{\nfont-size:25px;\n}\n.av-special-heading.av-6fk3a-8c5e8fa24cdcb783cd0f89cef9de8cb0 .av-subheading{\nfont-size:22px;\ncolor:#a07eb7;\n}\n<\/style>\n<div  class='av-special-heading av-6fk3a-8c5e8fa24cdcb783cd0f89cef9de8cb0 av-special-heading-h2 custom-color-heading blockquote modern-quote  avia-builder-el-7  el_before_av_textblock  avia-builder-el-first  gradienthl'><div class='av-subheading av-subheading_above'><p>TIMELINE PLASTICS<\/p>\n<\/div><h2 class='av-special-heading-tag '  itemprop=\"headline\"  >Le syst\u00e8me ERP pour les entreprises de transformation des mati\u00e8res plastiques<\/h2><div class=\"special-heading-border\"><div class=\"special-heading-inner-border\"><\/div><\/div><\/div><br \/>\n<section  class='av_textblock_section av-5rz3e-59c106104f7a39abc1f7f6d5708320c7 '   itemscope=\"itemscope\" itemtype=\"https:\/\/schema.org\/CreativeWork\" ><div class='avia_textblock'  itemprop=\"text\" ><p>TimeLine ERP offre aux entreprises de transformation des mati\u00e8res plastiques une base unique avec une grande vari\u00e9t\u00e9 de modules standard combin\u00e9s \u00e0 des fonctionnalit\u00e9s sp\u00e9cifiques \u00e0 l&rsquo;industrie. Compl\u00e9t\u00e9 par une adaptabilit\u00e9 sans pr\u00e9c\u00e9dent aux besoins individuels, il constitue une solution sur mesure pour tous les sc\u00e9narios.<\/p>\n<\/div><\/section><br \/>\n<div  class='avia-button-wrap av-j6n6-43b1ccb10404fff58e5ad707a1ac9110-wrap avia-button-left  avia-builder-el-9  el_after_av_textblock  avia-builder-el-last '>\n<style type=\"text\/css\" data-created_by=\"avia_inline_auto\" id=\"style-css-av-j6n6-43b1ccb10404fff58e5ad707a1ac9110\">\n#top #wrap_all .avia-button.av-j6n6-43b1ccb10404fff58e5ad707a1ac9110{\nborder-radius:50px 50px 50px 50px;\ntransition:all 0.4s ease-in-out;\n}\n#top #wrap_all.avia-button.av-j6n6-43b1ccb10404fff58e5ad707a1ac9110:hover .avia_button_background{\nborder-radius:50px 50px 50px 50px;\n}\n<\/style>\n<a href='https:\/\/www.timeline-erp.com\/fr\/industries\/plastics\/'  class='avia-button av-j6n6-43b1ccb10404fff58e5ad707a1ac9110 av-link-btn avia-icon_select-yes-right-icon avia-size-large avia-position-left av-icon-on-hover avia-color-theme-color-highlight'   aria-label=\"en savoir plus\"><span class='avia_iconbox_title' >en savoir plus<\/span><span class='avia_button_icon avia_button_icon_right avia-iconfont avia-font-entypo-fontello' data-av_icon='\ue875' data-av_iconfont='entypo-fontello' ><\/span><\/a><\/div><\/p><\/div><\/div><!--close column table wrapper. Autoclose: 1 -->\n\n<\/div><\/div><\/div><!-- close content main div --><\/div><\/div><div id='av_section_3'  class='avia-section av-lb0lrruu-1c712a777693d38593fca50a9327323d main_color avia-section-default avia-no-border-styling  avia-builder-el-10  el_after_av_section  avia-builder-el-last  avia-bg-style-scroll container_wrap sidebar_right'  ><div class='container av-section-cont-open' ><div class='template-page content  av-content-small alpha units'><div class='post-entry post-entry-type-page post-entry-99'><div class='entry-content-wrapper clearfix'>\n<div class='flex_column_table av-29lv6-0603eddbc0c31bda577f2056293c0cc3 sc-av_two_fifth av-equal-height-column-flextable'><div  class='flex_column av-29lv6-0603eddbc0c31bda577f2056293c0cc3 av_two_fifth  avia-builder-el-11  el_before_av_three_fifth  avia-builder-el-first  first flex_column_table_cell av-equal-height-column av-align-middle  '     ><style type=\"text\/css\" data-created_by=\"avia_inline_auto\" id=\"style-css-av-1cpdi-3f22bc80907f741904e56edb6948d9da\">\n.avia-image-container.av-1cpdi-3f22bc80907f741904e56edb6948d9da img.avia_image{\nbox-shadow:none;\n}\n.avia-image-container.av-1cpdi-3f22bc80907f741904e56edb6948d9da .av-image-caption-overlay-center{\ncolor:#ffffff;\n}\n<\/style>\n<div  class='avia-image-container av-1cpdi-3f22bc80907f741904e56edb6948d9da av-styling- avia-align-center  avia-builder-el-12  avia-builder-el-no-sibling '   itemprop=\"image\" itemscope=\"itemscope\" itemtype=\"https:\/\/schema.org\/ImageObject\" ><div class=\"avia-image-container-inner\"><div class=\"avia-image-overlay-wrap\"><img fetchpriority=\"high\" fetchpriority=\"high\" decoding=\"async\" fetchpriority=\"high\" class='wp-image-639 avia-img-lazy-loading-not-639 avia_image ' src=\"https:\/\/www.timeline-erp.com\/fr\/wp-content\/uploads\/sites\/6\/2024\/03\/timeline-erp-foundry-box.png\" alt='' title='timeline-erp-foundry-box'  height=\"925\" width=\"719\"  itemprop=\"thumbnailUrl\" srcset=\"https:\/\/www.timeline-erp.com\/fr\/wp-content\/uploads\/sites\/6\/2024\/03\/timeline-erp-foundry-box.png 719w, https:\/\/www.timeline-erp.com\/fr\/wp-content\/uploads\/sites\/6\/2024\/03\/timeline-erp-foundry-box-233x300.png 233w, https:\/\/www.timeline-erp.com\/fr\/wp-content\/uploads\/sites\/6\/2024\/03\/timeline-erp-foundry-box-548x705.png 548w\" sizes=\"(max-width: 719px) 100vw, 719px\" \/><\/div><\/div><\/div><\/div><div class='av-flex-placeholder'><\/div><div  class='flex_column av-3x12-2fc0afdfc74dc4dcfa5a74337bedcd43 av_three_fifth  avia-builder-el-13  el_after_av_two_fifth  avia-builder-el-last  flex_column_table_cell av-equal-height-column av-align-middle  '     ><p>\n<style type=\"text\/css\" data-created_by=\"avia_inline_auto\" id=\"style-css-av-lb0ma53x-9ee3664e5d3ed8a30bf7ed2362e8ac6f\">\n#top .av-special-heading.av-lb0ma53x-9ee3664e5d3ed8a30bf7ed2362e8ac6f{\npadding-bottom:10px;\n}\nbody .av-special-heading.av-lb0ma53x-9ee3664e5d3ed8a30bf7ed2362e8ac6f .av-special-heading-tag .heading-char{\nfont-size:25px;\n}\n.av-special-heading.av-lb0ma53x-9ee3664e5d3ed8a30bf7ed2362e8ac6f .av-subheading{\nfont-size:22px;\ncolor:#e63510;\n}\n<\/style>\n<div  class='av-special-heading av-lb0ma53x-9ee3664e5d3ed8a30bf7ed2362e8ac6f av-special-heading-h2 custom-color-heading blockquote modern-quote  avia-builder-el-14  el_before_av_textblock  avia-builder-el-first  gradienthl'><div class='av-subheading av-subheading_above'><p>TIMELINE FONDERIE<\/p>\n<\/div><h2 class='av-special-heading-tag '  itemprop=\"headline\"  >Le sp\u00e9cialiste des fonderies depuis plus de 30 ans<\/h2><div class=\"special-heading-border\"><div class=\"special-heading-inner-border\"><\/div><\/div><\/div><br \/>\n<section  class='av_textblock_section av-lb0mbay7-4e2181c6e6519241b4723791a0743c8e '   itemscope=\"itemscope\" itemtype=\"https:\/\/schema.org\/CreativeWork\" ><div class='avia_textblock'  itemprop=\"text\" ><p>TimeLine Fonderie est une solution ERP sectorielle sp\u00e9cialement con\u00e7ue pour les fonderies. Elle couvre toutes les fonctions de gestion de l&rsquo;administration et de la production dans une solution ferm\u00e9e et sans interface. Cela inclut non seulement les fonctions classiques de PPS, mais aussi la gamme compl\u00e8te de modules commerciaux et un syst\u00e8me de gestion de documents et de courrier enti\u00e8rement int\u00e9gr\u00e9.<\/p>\n<\/div><\/section><br \/>\n<div  class='avia-button-wrap av-lb0mbghh-8b31b8150de4f96a1af5b92ab7afd9fc-wrap avia-button-left  avia-builder-el-16  el_after_av_textblock  avia-builder-el-last '>\n<style type=\"text\/css\" data-created_by=\"avia_inline_auto\" id=\"style-css-av-lb0mbghh-8b31b8150de4f96a1af5b92ab7afd9fc\">\n#top #wrap_all .avia-button.av-lb0mbghh-8b31b8150de4f96a1af5b92ab7afd9fc{\nborder-radius:50px 50px 50px 50px;\ntransition:all 0.4s ease-in-out;\n}\n#top #wrap_all.avia-button.av-lb0mbghh-8b31b8150de4f96a1af5b92ab7afd9fc:hover .avia_button_background{\nborder-radius:50px 50px 50px 50px;\n}\n<\/style>\n<a href='https:\/\/www.timeline-erp.com\/fr\/industries\/fonderie\/'  class='avia-button av-lb0mbghh-8b31b8150de4f96a1af5b92ab7afd9fc av-link-btn avia-icon_select-yes-right-icon avia-size-large avia-position-left av-icon-on-hover avia-color-theme-color-highlight'   aria-label=\"En savoir plus\"><span class='avia_iconbox_title' >En savoir plus<\/span><span class='avia_button_icon avia_button_icon_right avia-iconfont avia-font-entypo-fontello' data-av_icon='\ue875' data-av_iconfont='entypo-fontello' ><\/span><\/a><\/div><\/p><\/div><\/div><!--close column table wrapper. Autoclose: 1 --><\/div><\/div><\/div><!-- close content main div --><\/div><\/div><div id='after_section_3'  class='main_color av_default_container_wrap container_wrap sidebar_right'  ><div class='container av-section-cont-open' ><div class='template-page content  av-content-small alpha units'><div class='post-entry post-entry-type-page post-entry-99'><div class='entry-content-wrapper clearfix'>\n","protected":false},"excerpt":{"rendered":"","protected":false},"author":1,"featured_media":0,"parent":0,"menu_order":0,"comment_status":"closed","ping_status":"closed","template":"","meta":{"footnotes":""},"class_list":["post-99","page","type-page","status-publish","hentry"],"yoast_head":"<!-- This site is optimized with the Yoast SEO Premium plugin v25.6 (Yoast SEO v27.4) - https:\/\/yoast.com\/product\/yoast-seo-premium-wordpress\/ -->\n<title>Solutions ERP Timeline par industrie | Logiciel de gestion sectoriel<\/title>\n<meta name=\"description\" content=\"D\u00e9couvrez les solutions ERP Timeline adapt\u00e9es \u00e0 votre secteur. Notre logiciel de gestion r\u00e9pond aux besoins sp\u00e9cifiques de chaque industrie pour optimiser vos processus.\" \/>\n<meta name=\"robots\" content=\"index, follow, max-snippet:-1, max-image-preview:large, max-video-preview:-1\" \/>\n<link rel=\"canonical\" href=\"https:\/\/www.timeline-erp.com\/fr\/industries\/\" \/>\n<meta property=\"og:locale\" content=\"fr_FR\" \/>\n<meta property=\"og:type\" content=\"article\" \/>\n<meta property=\"og:title\" content=\"Industries\" \/>\n<meta property=\"og:description\" content=\"D\u00e9couvrez les solutions ERP Timeline adapt\u00e9es \u00e0 votre secteur. Notre logiciel de gestion r\u00e9pond aux besoins sp\u00e9cifiques de chaque industrie pour optimiser vos processus.\" \/>\n<meta property=\"og:url\" content=\"https:\/\/www.timeline-erp.com\/fr\/industries\/\" \/>\n<meta property=\"og:site_name\" content=\"TimeLine ERP FR\" \/>\n<meta property=\"article:modified_time\" content=\"2024-07-29T11:02:39+00:00\" \/>\n<meta property=\"og:image\" content=\"https:\/\/www.timeline-erp.com\/fr\/wp-content\/uploads\/sites\/6\/2024\/03\/timeline-erp-screen-mockup.png\" \/>\n\t<meta property=\"og:image:width\" content=\"932\" \/>\n\t<meta property=\"og:image:height\" content=\"546\" \/>\n\t<meta property=\"og:image:type\" content=\"image\/png\" \/>\n<meta name=\"twitter:card\" content=\"summary_large_image\" \/>\n<meta name=\"twitter:label1\" content=\"Dur\u00e9e de lecture estim\u00e9e\" \/>\n\t<meta name=\"twitter:data1\" content=\"2 minutes\" \/>\n<script type=\"application\/ld+json\" class=\"yoast-schema-graph\">{\"@context\":\"https:\\\/\\\/schema.org\",\"@graph\":[{\"@type\":\"WebPage\",\"@id\":\"https:\\\/\\\/www.timeline-erp.com\\\/fr\\\/industries\\\/\",\"url\":\"https:\\\/\\\/www.timeline-erp.com\\\/fr\\\/industries\\\/\",\"name\":\"Solutions ERP Timeline par industrie | Logiciel de gestion sectoriel\",\"isPartOf\":{\"@id\":\"https:\\\/\\\/www.timeline-erp.com\\\/fr\\\/#website\"},\"datePublished\":\"2023-07-07T10:31:06+00:00\",\"dateModified\":\"2024-07-29T11:02:39+00:00\",\"description\":\"D\u00e9couvrez les solutions ERP Timeline adapt\u00e9es \u00e0 votre secteur. Notre logiciel de gestion r\u00e9pond aux besoins sp\u00e9cifiques de chaque industrie pour optimiser vos processus.\",\"breadcrumb\":{\"@id\":\"https:\\\/\\\/www.timeline-erp.com\\\/fr\\\/industries\\\/#breadcrumb\"},\"inLanguage\":\"fr-FR\",\"potentialAction\":[{\"@type\":\"ReadAction\",\"target\":[\"https:\\\/\\\/www.timeline-erp.com\\\/fr\\\/industries\\\/\"]}]},{\"@type\":\"BreadcrumbList\",\"@id\":\"https:\\\/\\\/www.timeline-erp.com\\\/fr\\\/industries\\\/#breadcrumb\",\"itemListElement\":[{\"@type\":\"ListItem\",\"position\":1,\"name\":\"Startseite\",\"item\":\"https:\\\/\\\/www.timeline-erp.com\\\/fr\\\/\"},{\"@type\":\"ListItem\",\"position\":2,\"name\":\"Industries\"}]},{\"@type\":\"WebSite\",\"@id\":\"https:\\\/\\\/www.timeline-erp.com\\\/fr\\\/#website\",\"url\":\"https:\\\/\\\/www.timeline-erp.com\\\/fr\\\/\",\"name\":\"TimeLine ERP FR\",\"description\":\"\",\"publisher\":{\"@id\":\"https:\\\/\\\/www.timeline-erp.com\\\/fr\\\/#organization\"},\"potentialAction\":[{\"@type\":\"SearchAction\",\"target\":{\"@type\":\"EntryPoint\",\"urlTemplate\":\"https:\\\/\\\/www.timeline-erp.com\\\/fr\\\/?s={search_term_string}\"},\"query-input\":{\"@type\":\"PropertyValueSpecification\",\"valueRequired\":true,\"valueName\":\"search_term_string\"}}],\"inLanguage\":\"fr-FR\"},{\"@type\":\"Organization\",\"@id\":\"https:\\\/\\\/www.timeline-erp.com\\\/fr\\\/#organization\",\"name\":\"TimeLine ERP FR\",\"url\":\"https:\\\/\\\/www.timeline-erp.com\\\/fr\\\/\",\"logo\":{\"@type\":\"ImageObject\",\"inLanguage\":\"fr-FR\",\"@id\":\"https:\\\/\\\/www.timeline-erp.com\\\/fr\\\/#\\\/schema\\\/logo\\\/image\\\/\",\"url\":\"https:\\\/\\\/www.timeline-erp.com\\\/fr\\\/wp-content\\\/uploads\\\/sites\\\/6\\\/2024\\\/03\\\/TimLine-ERP-Logo.png\",\"contentUrl\":\"https:\\\/\\\/www.timeline-erp.com\\\/fr\\\/wp-content\\\/uploads\\\/sites\\\/6\\\/2024\\\/03\\\/TimLine-ERP-Logo.png\",\"width\":340,\"height\":156,\"caption\":\"TimeLine ERP FR\"},\"image\":{\"@id\":\"https:\\\/\\\/www.timeline-erp.com\\\/fr\\\/#\\\/schema\\\/logo\\\/image\\\/\"},\"sameAs\":[\"https:\\\/\\\/www.linkedin.com\\\/company\\\/timeline-erp-business-solutions-france\\\/\"],\"description\":\"TimeLine est un logiciel ERP pour les entreprises de production. Ce logiciel moderne et innovant g\u00e8re tous les d\u00e9partements et processus des entreprises de taille moyenne, ce qui conduit \u00e0 des op\u00e9rations \u00e9conomiques efficaces. Le syst\u00e8me ERP est sp\u00e9cialis\u00e9 dans plusieurs secteurs : les petites entreprises et les startups, les fabricants \u00e0 l'unit\u00e9 et sur projet, les fabricants en s\u00e9rie et les entreprises de l'industrie automobile, les fonderies, les transformateurs de plastique, les entreprises de traitement de surface et de galvanoplastie, les fabricants de vis et les entreprises de d\u00e9coupage.\",\"email\":\"jvondra@timeline-erp.fr\",\"telephone\":\"+33 6 43 67 80 44\",\"legalName\":\"TimeLine ERP France\"}]}<\/script>\n<!-- \/ Yoast SEO Premium plugin. -->","yoast_head_json":{"title":"Solutions ERP Timeline par industrie | Logiciel de gestion sectoriel","description":"D\u00e9couvrez les solutions ERP Timeline adapt\u00e9es \u00e0 votre secteur. Notre logiciel de gestion r\u00e9pond aux besoins sp\u00e9cifiques de chaque industrie pour optimiser vos processus.","robots":{"index":"index","follow":"follow","max-snippet":"max-snippet:-1","max-image-preview":"max-image-preview:large","max-video-preview":"max-video-preview:-1"},"canonical":"https:\/\/www.timeline-erp.com\/fr\/industries\/","og_locale":"fr_FR","og_type":"article","og_title":"Industries","og_description":"D\u00e9couvrez les solutions ERP Timeline adapt\u00e9es \u00e0 votre secteur. Notre logiciel de gestion r\u00e9pond aux besoins sp\u00e9cifiques de chaque industrie pour optimiser vos processus.","og_url":"https:\/\/www.timeline-erp.com\/fr\/industries\/","og_site_name":"TimeLine ERP FR","article_modified_time":"2024-07-29T11:02:39+00:00","og_image":[{"width":932,"height":546,"url":"https:\/\/www.timeline-erp.com\/fr\/wp-content\/uploads\/sites\/6\/2024\/03\/timeline-erp-screen-mockup.png","type":"image\/png"}],"twitter_card":"summary_large_image","twitter_misc":{"Dur\u00e9e de lecture estim\u00e9e":"2 minutes"},"schema":{"@context":"https:\/\/schema.org","@graph":[{"@type":"WebPage","@id":"https:\/\/www.timeline-erp.com\/fr\/industries\/","url":"https:\/\/www.timeline-erp.com\/fr\/industries\/","name":"Solutions ERP Timeline par industrie | Logiciel de gestion sectoriel","isPartOf":{"@id":"https:\/\/www.timeline-erp.com\/fr\/#website"},"datePublished":"2023-07-07T10:31:06+00:00","dateModified":"2024-07-29T11:02:39+00:00","description":"D\u00e9couvrez les solutions ERP Timeline adapt\u00e9es \u00e0 votre secteur. Notre logiciel de gestion r\u00e9pond aux besoins sp\u00e9cifiques de chaque industrie pour optimiser vos processus.","breadcrumb":{"@id":"https:\/\/www.timeline-erp.com\/fr\/industries\/#breadcrumb"},"inLanguage":"fr-FR","potentialAction":[{"@type":"ReadAction","target":["https:\/\/www.timeline-erp.com\/fr\/industries\/"]}]},{"@type":"BreadcrumbList","@id":"https:\/\/www.timeline-erp.com\/fr\/industries\/#breadcrumb","itemListElement":[{"@type":"ListItem","position":1,"name":"Startseite","item":"https:\/\/www.timeline-erp.com\/fr\/"},{"@type":"ListItem","position":2,"name":"Industries"}]},{"@type":"WebSite","@id":"https:\/\/www.timeline-erp.com\/fr\/#website","url":"https:\/\/www.timeline-erp.com\/fr\/","name":"TimeLine ERP FR","description":"","publisher":{"@id":"https:\/\/www.timeline-erp.com\/fr\/#organization"},"potentialAction":[{"@type":"SearchAction","target":{"@type":"EntryPoint","urlTemplate":"https:\/\/www.timeline-erp.com\/fr\/?s={search_term_string}"},"query-input":{"@type":"PropertyValueSpecification","valueRequired":true,"valueName":"search_term_string"}}],"inLanguage":"fr-FR"},{"@type":"Organization","@id":"https:\/\/www.timeline-erp.com\/fr\/#organization","name":"TimeLine ERP FR","url":"https:\/\/www.timeline-erp.com\/fr\/","logo":{"@type":"ImageObject","inLanguage":"fr-FR","@id":"https:\/\/www.timeline-erp.com\/fr\/#\/schema\/logo\/image\/","url":"https:\/\/www.timeline-erp.com\/fr\/wp-content\/uploads\/sites\/6\/2024\/03\/TimLine-ERP-Logo.png","contentUrl":"https:\/\/www.timeline-erp.com\/fr\/wp-content\/uploads\/sites\/6\/2024\/03\/TimLine-ERP-Logo.png","width":340,"height":156,"caption":"TimeLine ERP FR"},"image":{"@id":"https:\/\/www.timeline-erp.com\/fr\/#\/schema\/logo\/image\/"},"sameAs":["https:\/\/www.linkedin.com\/company\/timeline-erp-business-solutions-france\/"],"description":"TimeLine est un logiciel ERP pour les entreprises de production. Ce logiciel moderne et innovant g\u00e8re tous les d\u00e9partements et processus des entreprises de taille moyenne, ce qui conduit \u00e0 des op\u00e9rations \u00e9conomiques efficaces. Le syst\u00e8me ERP est sp\u00e9cialis\u00e9 dans plusieurs secteurs : les petites entreprises et les startups, les fabricants \u00e0 l'unit\u00e9 et sur projet, les fabricants en s\u00e9rie et les entreprises de l'industrie automobile, les fonderies, les transformateurs de plastique, les entreprises de traitement de surface et de galvanoplastie, les fabricants de vis et les entreprises de d\u00e9coupage.","email":"jvondra@timeline-erp.fr","telephone":"+33 6 43 67 80 44","legalName":"TimeLine ERP France"}]}},"_links":{"self":[{"href":"https:\/\/www.timeline-erp.com\/fr\/wp-json\/wp\/v2\/pages\/99","targetHints":{"allow":["GET"]}}],"collection":[{"href":"https:\/\/www.timeline-erp.com\/fr\/wp-json\/wp\/v2\/pages"}],"about":[{"href":"https:\/\/www.timeline-erp.com\/fr\/wp-json\/wp\/v2\/types\/page"}],"author":[{"embeddable":true,"href":"https:\/\/www.timeline-erp.com\/fr\/wp-json\/wp\/v2\/users\/1"}],"replies":[{"embeddable":true,"href":"https:\/\/www.timeline-erp.com\/fr\/wp-json\/wp\/v2\/comments?post=99"}],"version-history":[{"count":5,"href":"https:\/\/www.timeline-erp.com\/fr\/wp-json\/wp\/v2\/pages\/99\/revisions"}],"predecessor-version":[{"id":1006,"href":"https:\/\/www.timeline-erp.com\/fr\/wp-json\/wp\/v2\/pages\/99\/revisions\/1006"}],"wp:attachment":[{"href":"https:\/\/www.timeline-erp.com\/fr\/wp-json\/wp\/v2\/media?parent=99"}],"curies":[{"name":"wp","href":"https:\/\/api.w.org\/{rel}","templated":true}]}}