{"id":271,"date":"2023-07-18T12:43:01","date_gmt":"2023-07-18T10:43:01","guid":{"rendered":"https:\/\/stage.timeline-erp.de\/en\/?page_id=271"},"modified":"2024-07-29T13:20:36","modified_gmt":"2024-07-29T11:20:36","slug":"presentation-en-ligne","status":"publish","type":"page","link":"https:\/\/www.timeline-erp.com\/fr\/service-et-assistance\/presentation-en-ligne\/","title":{"rendered":"Presentation-en-ligne"},"content":{"rendered":"<div id='av-layout-grid-1'  class='av-layout-grid-container av-fnxt29m-628880c786f59a62c73330a6054fd92e entry-content-wrapper main_color av-flex-cells  avia-builder-el-0  avia-builder-el-no-sibling   container_wrap sidebar_right'  >\n\n<style type=\"text\/css\" data-created_by=\"avia_inline_auto\" id=\"style-css-av-k9jpa7jh-190f3d6a83821f79824a8170d14b30c5\">\n.flex_cell.av-k9jpa7jh-190f3d6a83821f79824a8170d14b30c5{\nvertical-align:middle;\nbackground:url(https:\/\/www.timeline-erp.com\/fr\/wp-content\/uploads\/sites\/6\/2024\/07\/people-looking-at-pc-jpg.avif) 50% 50% no-repeat scroll ;\n}\n<\/style>\n<div class='flex_cell av-k9jpa7jh-190f3d6a83821f79824a8170d14b30c5 av-gridrow-cell av_one_half no_margin  avia-builder-el-1  el_before_av_cell_one_half  avia-builder-el-first  content-align-middle avia-full-stretch'  ><div class='flex_cell_inner'><\/div><\/div>\n<style type=\"text\/css\" data-created_by=\"avia_inline_auto\" id=\"style-css-av-k9jpakc2-ebb771cefff1d4bd6170053833f8a2e0\">\n.flex_cell.av-k9jpakc2-ebb771cefff1d4bd6170053833f8a2e0{\nvertical-align:top;\nbackground-color:#ffffff;\n}\n.responsive #top #wrap_all .flex_cell.av-k9jpakc2-ebb771cefff1d4bd6170053833f8a2e0{\npadding:30px 30px 30px 5% !important;\n}\n<\/style>\n<div class='flex_cell av-k9jpakc2-ebb771cefff1d4bd6170053833f8a2e0 av-gridrow-cell av_one_half no_margin  avia-builder-el-2  el_after_av_cell_one_half  avia-builder-el-last  content-align-top'  ><div class='flex_cell_inner'><p>\n<style type=\"text\/css\" data-created_by=\"avia_inline_auto\" id=\"style-css-av-jz9v299w-bef8b6371290b6a19c1ee772e428aab2\">\n.flex_column.av-jz9v299w-bef8b6371290b6a19c1ee772e428aab2{\nborder-radius:0px 0px 0px 0px;\nbackground-color:#ffffff;\n}\n<\/style>\n<div  class='flex_column av-jz9v299w-bef8b6371290b6a19c1ee772e428aab2 av_three_fourth  avia-builder-el-3  el_before_av_one_fourth  avia-builder-el-first  shadow-l first flex_column_div  '     ><p>\n<style type=\"text\/css\" data-created_by=\"avia_inline_auto\" id=\"style-css-av-8jfjxoa-7045fc866f9fad866f7bfe766038c036\">\n#top .av-special-heading.av-8jfjxoa-7045fc866f9fad866f7bfe766038c036{\npadding-bottom:10px;\nfont-size:55px;\n}\nbody .av-special-heading.av-8jfjxoa-7045fc866f9fad866f7bfe766038c036 .av-special-heading-tag .heading-char{\nfont-size:25px;\n}\n#top #wrap_all .av-special-heading.av-8jfjxoa-7045fc866f9fad866f7bfe766038c036 .av-special-heading-tag{\nfont-size:55px;\n}\n.av-special-heading.av-8jfjxoa-7045fc866f9fad866f7bfe766038c036 .av-subheading{\nfont-size:22px;\n}\n\n@media only screen and (min-width: 480px) and (max-width: 767px){ \n#top #wrap_all .av-special-heading.av-8jfjxoa-7045fc866f9fad866f7bfe766038c036 .av-special-heading-tag{\nfont-size:0.8em;\n}\n}\n\n@media only screen and (max-width: 479px){ \n#top #wrap_all .av-special-heading.av-8jfjxoa-7045fc866f9fad866f7bfe766038c036 .av-special-heading-tag{\nfont-size:0.8em;\n}\n}\n<\/style>\n<div  class='av-special-heading av-8jfjxoa-7045fc866f9fad866f7bfe766038c036 av-special-heading-h1 blockquote modern-quote  avia-builder-el-4  el_before_av_textblock  avia-builder-el-first  av-inherit-size av-linked-heading'><h1 class='av-special-heading-tag '  itemprop=\"headline\"  >Pr\u00e9sentation en ligne<\/h1><div class=\"special-heading-border\"><div class=\"special-heading-inner-border\"><\/div><\/div><\/div><br \/>\n\n<style type=\"text\/css\" data-created_by=\"avia_inline_auto\" id=\"style-css-av-joo5ho3f-038c097ccde436ac001b5ed5afbfb4cc\">\n#top .av_textblock_section.av-joo5ho3f-038c097ccde436ac001b5ed5afbfb4cc .avia_textblock{\nfont-size:18px;\n}\n<\/style>\n<section  class='av_textblock_section av-joo5ho3f-038c097ccde436ac001b5ed5afbfb4cc '   itemscope=\"itemscope\" itemtype=\"https:\/\/schema.org\/CreativeWork\" ><div class='avia_textblock'  itemprop=\"text\" ><p>La mani\u00e8re la plus rapide de d\u00e9couvrir TimeLine ERP. En moins d&rsquo;une heure, un expert vous guidera \u00e0 travers les fonctions du logiciel et discutera avec vous de vos besoins individuels et de vos questions.<\/p>\n<p>Apr\u00e8s la pr\u00e9sentation, vous aurez une premi\u00e8re id\u00e9e du logiciel et recevrez une recommandation directe quant au syst\u00e8me TimeLine ERP qui vous convient et si des adaptations sont encore n\u00e9cessaires.<\/p>\n<p><strong>Gratuitement et sans engagement !<\/strong><\/p>\n<\/div><\/section><\/p><\/div><div  class='flex_column av-kw26sfu-c66fa67ed4a39ee5752158c9f8504c98 av_one_fourth  avia-builder-el-6  el_after_av_three_fourth  el_before_av_three_fourth  flex_column_div  '     ><\/div><div  class='flex_column av-5k5yg1m-320900cc912f87594611533a9ab737f1 av_three_fourth  avia-builder-el-7  el_after_av_one_fourth  avia-builder-el-last  first flex_column_div  column-top-margin'     ><form action=\"https:\/\/www.timeline-erp.com\/fr\/service-et-assistance\/presentation-en-ligne\/\" method=\"post\" data-fields-with-error=\"Erreurs trouv\u00e9es dans les champs suivants :\" class=\"avia_ajax_form av-form-labels-hidden   avia-builder-el-8  avia-builder-el-no-sibling  av-custom-form-color av-dark-form \" data-avia-form-id=\"1\" data-avia-redirect='' ><h3 class=''>Envoyez-nous votre proposition de date<\/h3><fieldset><p class='  first_form  form_element form_fullwidth' id='element_avia_1_1'><label for=\"avia_1_1\">Entreprise <abbr class=\"required\" title=\"requis(e)\">*<\/abbr><\/label> <input name=\"avia_1_1\" class=\"text_input is_empty\" type=\"text\" id=\"avia_1_1\" value=\"\"  placeholder='Entreprise*'\/><\/p><p class='  first_form  form_element form_fullwidth' id='element_avia_2_1'><label for=\"avia_2_1\">Nom<\/label> <input name=\"avia_2_1\" class=\"text_input \" type=\"text\" id=\"avia_2_1\" value=\"\"  placeholder='Nom'\/><\/p><p class='  first_form  form_element form_fullwidth' id='element_avia_3_1'><label for=\"avia_3_1\">Email <abbr class=\"required\" title=\"requis(e)\">*<\/abbr><\/label> <input name=\"avia_3_1\" class=\"text_input is_email\" type=\"text\" id=\"avia_3_1\" value=\"\"  placeholder='Email*'\/><\/p><p class='  first_form  form_element form_fullwidth' id='element_avia_4_1'><label for=\"avia_4_1\">T\u00e9l\u00e9phone <abbr class=\"required\" title=\"requis(e)\">*<\/abbr><\/label> <input name=\"avia_4_1\" class=\"text_input is_phone\" type=\"text\" id=\"avia_4_1\" value=\"\"  placeholder='T\u00e9l\u00e9phone*'\/><\/p><p class='  first_form  form_element form_fullwidth' id='element_avia_5_1'><label for=\"avia_5_1\">Jour souhait\u00e9<\/label> <input name=\"avia_5_1\" class=\"avia_datepicker text_input \" type=\"text\" id=\"avia_5_1\" value=\"\" placeholder=\"Jour souhait\u00e9\" inputmode=\"none\" \/><\/p><div id='avia_6_1' class='av-form-text'><p>\n<span style=\"font-size: small; line-height: 1.25; display: block;\">En soumettant ce formulaire, j\u2019accepte que les donn\u00e9es personnelles fournies dans ce message soient stock\u00e9es, trait\u00e9es, transmises et utilis\u00e9es dans une base de donn\u00e9es maintenue sous la responsabilit\u00e9 de Gebauer GmbH exclusivement dans le but de traiter et de r\u00e9pondre \u00e0 cette demande, et que Gebauer GmbH puisse m\u2019envoyer des informations pertinentes li\u00e9es \u00e0 la demande par courrier, e-mail ou t\u00e9l\u00e9phone. Vos donn\u00e9es seront trait\u00e9es de mani\u00e8re confidentielle et ne seront pas transmises \u00e0 des tiers. Pour plus d\u2019informations, veuillez consulter notre politique de confidentialit\u00e9 et notre obligation\u00a0<a href=\"https:\/\/www.timeline-erp.com\/fr\/politique-de-confidentialite\/\">d\u2019information sur la protection des donn\u00e9es<\/a>.<\/span><\/p>\n<\/div><p class='  first_form  form_element form_fullwidth' id='element_avia_7_1'><input  name=\"avia_7_1\" class=\"input_checkbox is_empty\" type=\"checkbox\" id=\"avia_7_1\" value=\"true\"\/><label class=\"input_checkbox_label\" for=\"avia_7_1\">j\u2019ai lu et accepte la politique de confidentialit\u00e9 <abbr class=\"required\" title=\"requis(e)\">*<\/abbr><\/label><\/p><p class=\"hidden\"><input type=\"text\" name=\"avia_8_1\" class=\"hidden \" id=\"avia_8_1\" value=\"\" \/><\/p><p class='   form_element form_fullwidth' id='element_avia_9_1'><span class='value_verifier_label'>4 + 3 = ?<\/span><input name=\"avia_9_1_verifier\" type=\"hidden\" id=\"avia_9_1_verifier\" value=\"787414242\"\/><label for=\"avia_9_1\">Merci de prouver que vous \u00eates un humain en donnant le r\u00e9sultat de cette op\u00e9ration <abbr class=\"required\" title=\"requis(e)\">*<\/abbr><\/label><input name=\"avia_9_1\" class=\"text_input captcha\" type=\"text\" id=\"avia_9_1\" value=\"\"\/><\/p><p class=\"form_element \"><input type=\"hidden\" value=\"1\" name=\"avia_generated_form1\" \/><input type=\"submit\" value=\"Envoyer ma demande\" class=\"button\"  data-sending-label=\"Envoi\"\/><\/p><\/fieldset><\/form><div id=\"ajaxresponse_1\" class=\"ajaxresponse ajaxresponse_1 hidden\"><\/div><\/div><\/p>\n<\/div><\/div><\/div>\n","protected":false},"excerpt":{"rendered":"","protected":false},"author":1,"featured_media":878,"parent":192,"menu_order":0,"comment_status":"closed","ping_status":"closed","template":"","meta":{"footnotes":""},"class_list":["post-271","page","type-page","status-publish","has-post-thumbnail","hentry"],"yoast_head":"<!-- This site is optimized with the Yoast SEO Premium plugin v25.6 (Yoast SEO v27.4) - https:\/\/yoast.com\/product\/yoast-seo-premium-wordpress\/ -->\n<title>Pr\u00e9sentation en ligne ERP | D\u00e9mo en ligne Timeline<\/title>\n<meta name=\"description\" content=\"Participez \u00e0 une pr\u00e9sentation en ligne de Timeline ERP. D\u00e9couvrez les fonctionnalit\u00e9s de notre logiciel ERP et voyez comment il peut optimiser votre entreprise.\" \/>\n<meta name=\"robots\" content=\"index, follow, max-snippet:-1, max-image-preview:large, max-video-preview:-1\" \/>\n<link rel=\"canonical\" href=\"https:\/\/www.timeline-erp.com\/fr\/service-et-assistance\/presentation-en-ligne\/\" \/>\n<meta property=\"og:locale\" content=\"fr_FR\" \/>\n<meta property=\"og:type\" content=\"article\" \/>\n<meta property=\"og:title\" content=\"Presentation-en-ligne\" \/>\n<meta property=\"og:description\" content=\"Participez \u00e0 une pr\u00e9sentation en ligne de Timeline ERP. D\u00e9couvrez les fonctionnalit\u00e9s de notre logiciel ERP et voyez comment il peut optimiser votre entreprise.\" \/>\n<meta property=\"og:url\" content=\"https:\/\/www.timeline-erp.com\/fr\/service-et-assistance\/presentation-en-ligne\/\" \/>\n<meta property=\"og:site_name\" content=\"TimeLine ERP FR\" \/>\n<meta property=\"article:modified_time\" content=\"2024-07-29T11:20:36+00:00\" \/>\n<meta property=\"og:image\" content=\"https:\/\/www.timeline-erp.com\/fr\/wp-content\/uploads\/sites\/6\/2024\/07\/people-looking-at-pc-jpg.avif\" \/>\n\t<meta property=\"og:image:width\" content=\"1920\" \/>\n\t<meta property=\"og:image:height\" content=\"1111\" \/>\n\t<meta property=\"og:image:type\" content=\"image\/jpeg\" \/>\n<meta name=\"twitter:card\" content=\"summary_large_image\" \/>\n<meta name=\"twitter:label1\" content=\"Dur\u00e9e de lecture estim\u00e9e\" \/>\n\t<meta name=\"twitter:data1\" content=\"2 minutes\" \/>\n<script type=\"application\/ld+json\" class=\"yoast-schema-graph\">{\"@context\":\"https:\\\/\\\/schema.org\",\"@graph\":[{\"@type\":\"WebPage\",\"@id\":\"https:\\\/\\\/www.timeline-erp.com\\\/fr\\\/service-et-assistance\\\/presentation-en-ligne\\\/\",\"url\":\"https:\\\/\\\/www.timeline-erp.com\\\/fr\\\/service-et-assistance\\\/presentation-en-ligne\\\/\",\"name\":\"Pr\u00e9sentation en ligne ERP | D\u00e9mo en ligne Timeline\",\"isPartOf\":{\"@id\":\"https:\\\/\\\/www.timeline-erp.com\\\/fr\\\/#website\"},\"primaryImageOfPage\":{\"@id\":\"https:\\\/\\\/www.timeline-erp.com\\\/fr\\\/service-et-assistance\\\/presentation-en-ligne\\\/#primaryimage\"},\"image\":{\"@id\":\"https:\\\/\\\/www.timeline-erp.com\\\/fr\\\/service-et-assistance\\\/presentation-en-ligne\\\/#primaryimage\"},\"thumbnailUrl\":\"https:\\\/\\\/www.timeline-erp.com\\\/fr\\\/wp-content\\\/uploads\\\/sites\\\/6\\\/2024\\\/07\\\/people-looking-at-pc-jpg.avif\",\"datePublished\":\"2023-07-18T10:43:01+00:00\",\"dateModified\":\"2024-07-29T11:20:36+00:00\",\"description\":\"Participez \u00e0 une pr\u00e9sentation en ligne de Timeline ERP. D\u00e9couvrez les fonctionnalit\u00e9s de notre logiciel ERP et voyez comment il peut optimiser votre entreprise.\",\"breadcrumb\":{\"@id\":\"https:\\\/\\\/www.timeline-erp.com\\\/fr\\\/service-et-assistance\\\/presentation-en-ligne\\\/#breadcrumb\"},\"inLanguage\":\"fr-FR\",\"potentialAction\":[{\"@type\":\"ReadAction\",\"target\":[\"https:\\\/\\\/www.timeline-erp.com\\\/fr\\\/service-et-assistance\\\/presentation-en-ligne\\\/\"]}]},{\"@type\":\"ImageObject\",\"inLanguage\":\"fr-FR\",\"@id\":\"https:\\\/\\\/www.timeline-erp.com\\\/fr\\\/service-et-assistance\\\/presentation-en-ligne\\\/#primaryimage\",\"url\":\"https:\\\/\\\/www.timeline-erp.com\\\/fr\\\/wp-content\\\/uploads\\\/sites\\\/6\\\/2024\\\/07\\\/people-looking-at-pc-jpg.avif\",\"contentUrl\":\"https:\\\/\\\/www.timeline-erp.com\\\/fr\\\/wp-content\\\/uploads\\\/sites\\\/6\\\/2024\\\/07\\\/people-looking-at-pc-jpg.avif\",\"width\":1920,\"height\":1111},{\"@type\":\"BreadcrumbList\",\"@id\":\"https:\\\/\\\/www.timeline-erp.com\\\/fr\\\/service-et-assistance\\\/presentation-en-ligne\\\/#breadcrumb\",\"itemListElement\":[{\"@type\":\"ListItem\",\"position\":1,\"name\":\"Startseite\",\"item\":\"https:\\\/\\\/www.timeline-erp.com\\\/fr\\\/\"},{\"@type\":\"ListItem\",\"position\":2,\"name\":\"Service-et-assistance\",\"item\":\"https:\\\/\\\/www.timeline-erp.com\\\/fr\\\/service-et-assistance\\\/\"},{\"@type\":\"ListItem\",\"position\":3,\"name\":\"Presentation-en-ligne\"}]},{\"@type\":\"WebSite\",\"@id\":\"https:\\\/\\\/www.timeline-erp.com\\\/fr\\\/#website\",\"url\":\"https:\\\/\\\/www.timeline-erp.com\\\/fr\\\/\",\"name\":\"TimeLine ERP FR\",\"description\":\"\",\"publisher\":{\"@id\":\"https:\\\/\\\/www.timeline-erp.com\\\/fr\\\/#organization\"},\"potentialAction\":[{\"@type\":\"SearchAction\",\"target\":{\"@type\":\"EntryPoint\",\"urlTemplate\":\"https:\\\/\\\/www.timeline-erp.com\\\/fr\\\/?s={search_term_string}\"},\"query-input\":{\"@type\":\"PropertyValueSpecification\",\"valueRequired\":true,\"valueName\":\"search_term_string\"}}],\"inLanguage\":\"fr-FR\"},{\"@type\":\"Organization\",\"@id\":\"https:\\\/\\\/www.timeline-erp.com\\\/fr\\\/#organization\",\"name\":\"TimeLine ERP FR\",\"url\":\"https:\\\/\\\/www.timeline-erp.com\\\/fr\\\/\",\"logo\":{\"@type\":\"ImageObject\",\"inLanguage\":\"fr-FR\",\"@id\":\"https:\\\/\\\/www.timeline-erp.com\\\/fr\\\/#\\\/schema\\\/logo\\\/image\\\/\",\"url\":\"https:\\\/\\\/www.timeline-erp.com\\\/fr\\\/wp-content\\\/uploads\\\/sites\\\/6\\\/2024\\\/03\\\/TimLine-ERP-Logo.png\",\"contentUrl\":\"https:\\\/\\\/www.timeline-erp.com\\\/fr\\\/wp-content\\\/uploads\\\/sites\\\/6\\\/2024\\\/03\\\/TimLine-ERP-Logo.png\",\"width\":340,\"height\":156,\"caption\":\"TimeLine ERP FR\"},\"image\":{\"@id\":\"https:\\\/\\\/www.timeline-erp.com\\\/fr\\\/#\\\/schema\\\/logo\\\/image\\\/\"},\"sameAs\":[\"https:\\\/\\\/www.linkedin.com\\\/company\\\/timeline-erp-business-solutions-france\\\/\"],\"description\":\"TimeLine est un logiciel ERP pour les entreprises de production. Ce logiciel moderne et innovant g\u00e8re tous les d\u00e9partements et processus des entreprises de taille moyenne, ce qui conduit \u00e0 des op\u00e9rations \u00e9conomiques efficaces. Le syst\u00e8me ERP est sp\u00e9cialis\u00e9 dans plusieurs secteurs : les petites entreprises et les startups, les fabricants \u00e0 l'unit\u00e9 et sur projet, les fabricants en s\u00e9rie et les entreprises de l'industrie automobile, les fonderies, les transformateurs de plastique, les entreprises de traitement de surface et de galvanoplastie, les fabricants de vis et les entreprises de d\u00e9coupage.\",\"email\":\"jvondra@timeline-erp.fr\",\"telephone\":\"+33 6 43 67 80 44\",\"legalName\":\"TimeLine ERP France\"}]}<\/script>\n<!-- \/ Yoast SEO Premium plugin. -->","yoast_head_json":{"title":"Pr\u00e9sentation en ligne ERP | D\u00e9mo en ligne Timeline","description":"Participez \u00e0 une pr\u00e9sentation en ligne de Timeline ERP. D\u00e9couvrez les fonctionnalit\u00e9s de notre logiciel ERP et voyez comment il peut optimiser votre entreprise.","robots":{"index":"index","follow":"follow","max-snippet":"max-snippet:-1","max-image-preview":"max-image-preview:large","max-video-preview":"max-video-preview:-1"},"canonical":"https:\/\/www.timeline-erp.com\/fr\/service-et-assistance\/presentation-en-ligne\/","og_locale":"fr_FR","og_type":"article","og_title":"Presentation-en-ligne","og_description":"Participez \u00e0 une pr\u00e9sentation en ligne de Timeline ERP. D\u00e9couvrez les fonctionnalit\u00e9s de notre logiciel ERP et voyez comment il peut optimiser votre entreprise.","og_url":"https:\/\/www.timeline-erp.com\/fr\/service-et-assistance\/presentation-en-ligne\/","og_site_name":"TimeLine ERP FR","article_modified_time":"2024-07-29T11:20:36+00:00","og_image":[{"width":1920,"height":1111,"url":"https:\/\/www.timeline-erp.com\/fr\/wp-content\/uploads\/sites\/6\/2024\/07\/people-looking-at-pc-jpg.avif","type":"image\/jpeg"}],"twitter_card":"summary_large_image","twitter_misc":{"Dur\u00e9e de lecture estim\u00e9e":"2 minutes"},"schema":{"@context":"https:\/\/schema.org","@graph":[{"@type":"WebPage","@id":"https:\/\/www.timeline-erp.com\/fr\/service-et-assistance\/presentation-en-ligne\/","url":"https:\/\/www.timeline-erp.com\/fr\/service-et-assistance\/presentation-en-ligne\/","name":"Pr\u00e9sentation en ligne ERP | D\u00e9mo en ligne Timeline","isPartOf":{"@id":"https:\/\/www.timeline-erp.com\/fr\/#website"},"primaryImageOfPage":{"@id":"https:\/\/www.timeline-erp.com\/fr\/service-et-assistance\/presentation-en-ligne\/#primaryimage"},"image":{"@id":"https:\/\/www.timeline-erp.com\/fr\/service-et-assistance\/presentation-en-ligne\/#primaryimage"},"thumbnailUrl":"https:\/\/www.timeline-erp.com\/fr\/wp-content\/uploads\/sites\/6\/2024\/07\/people-looking-at-pc-jpg.avif","datePublished":"2023-07-18T10:43:01+00:00","dateModified":"2024-07-29T11:20:36+00:00","description":"Participez \u00e0 une pr\u00e9sentation en ligne de Timeline ERP. D\u00e9couvrez les fonctionnalit\u00e9s de notre logiciel ERP et voyez comment il peut optimiser votre entreprise.","breadcrumb":{"@id":"https:\/\/www.timeline-erp.com\/fr\/service-et-assistance\/presentation-en-ligne\/#breadcrumb"},"inLanguage":"fr-FR","potentialAction":[{"@type":"ReadAction","target":["https:\/\/www.timeline-erp.com\/fr\/service-et-assistance\/presentation-en-ligne\/"]}]},{"@type":"ImageObject","inLanguage":"fr-FR","@id":"https:\/\/www.timeline-erp.com\/fr\/service-et-assistance\/presentation-en-ligne\/#primaryimage","url":"https:\/\/www.timeline-erp.com\/fr\/wp-content\/uploads\/sites\/6\/2024\/07\/people-looking-at-pc-jpg.avif","contentUrl":"https:\/\/www.timeline-erp.com\/fr\/wp-content\/uploads\/sites\/6\/2024\/07\/people-looking-at-pc-jpg.avif","width":1920,"height":1111},{"@type":"BreadcrumbList","@id":"https:\/\/www.timeline-erp.com\/fr\/service-et-assistance\/presentation-en-ligne\/#breadcrumb","itemListElement":[{"@type":"ListItem","position":1,"name":"Startseite","item":"https:\/\/www.timeline-erp.com\/fr\/"},{"@type":"ListItem","position":2,"name":"Service-et-assistance","item":"https:\/\/www.timeline-erp.com\/fr\/service-et-assistance\/"},{"@type":"ListItem","position":3,"name":"Presentation-en-ligne"}]},{"@type":"WebSite","@id":"https:\/\/www.timeline-erp.com\/fr\/#website","url":"https:\/\/www.timeline-erp.com\/fr\/","name":"TimeLine ERP FR","description":"","publisher":{"@id":"https:\/\/www.timeline-erp.com\/fr\/#organization"},"potentialAction":[{"@type":"SearchAction","target":{"@type":"EntryPoint","urlTemplate":"https:\/\/www.timeline-erp.com\/fr\/?s={search_term_string}"},"query-input":{"@type":"PropertyValueSpecification","valueRequired":true,"valueName":"search_term_string"}}],"inLanguage":"fr-FR"},{"@type":"Organization","@id":"https:\/\/www.timeline-erp.com\/fr\/#organization","name":"TimeLine ERP FR","url":"https:\/\/www.timeline-erp.com\/fr\/","logo":{"@type":"ImageObject","inLanguage":"fr-FR","@id":"https:\/\/www.timeline-erp.com\/fr\/#\/schema\/logo\/image\/","url":"https:\/\/www.timeline-erp.com\/fr\/wp-content\/uploads\/sites\/6\/2024\/03\/TimLine-ERP-Logo.png","contentUrl":"https:\/\/www.timeline-erp.com\/fr\/wp-content\/uploads\/sites\/6\/2024\/03\/TimLine-ERP-Logo.png","width":340,"height":156,"caption":"TimeLine ERP FR"},"image":{"@id":"https:\/\/www.timeline-erp.com\/fr\/#\/schema\/logo\/image\/"},"sameAs":["https:\/\/www.linkedin.com\/company\/timeline-erp-business-solutions-france\/"],"description":"TimeLine est un logiciel ERP pour les entreprises de production. Ce logiciel moderne et innovant g\u00e8re tous les d\u00e9partements et processus des entreprises de taille moyenne, ce qui conduit \u00e0 des op\u00e9rations \u00e9conomiques efficaces. Le syst\u00e8me ERP est sp\u00e9cialis\u00e9 dans plusieurs secteurs : les petites entreprises et les startups, les fabricants \u00e0 l'unit\u00e9 et sur projet, les fabricants en s\u00e9rie et les entreprises de l'industrie automobile, les fonderies, les transformateurs de plastique, les entreprises de traitement de surface et de galvanoplastie, les fabricants de vis et les entreprises de d\u00e9coupage.","email":"jvondra@timeline-erp.fr","telephone":"+33 6 43 67 80 44","legalName":"TimeLine ERP France"}]}},"_links":{"self":[{"href":"https:\/\/www.timeline-erp.com\/fr\/wp-json\/wp\/v2\/pages\/271","targetHints":{"allow":["GET"]}}],"collection":[{"href":"https:\/\/www.timeline-erp.com\/fr\/wp-json\/wp\/v2\/pages"}],"about":[{"href":"https:\/\/www.timeline-erp.com\/fr\/wp-json\/wp\/v2\/types\/page"}],"author":[{"embeddable":true,"href":"https:\/\/www.timeline-erp.com\/fr\/wp-json\/wp\/v2\/users\/1"}],"replies":[{"embeddable":true,"href":"https:\/\/www.timeline-erp.com\/fr\/wp-json\/wp\/v2\/comments?post=271"}],"version-history":[{"count":6,"href":"https:\/\/www.timeline-erp.com\/fr\/wp-json\/wp\/v2\/pages\/271\/revisions"}],"predecessor-version":[{"id":1016,"href":"https:\/\/www.timeline-erp.com\/fr\/wp-json\/wp\/v2\/pages\/271\/revisions\/1016"}],"up":[{"embeddable":true,"href":"https:\/\/www.timeline-erp.com\/fr\/wp-json\/wp\/v2\/pages\/192"}],"wp:featuredmedia":[{"embeddable":true,"href":"https:\/\/www.timeline-erp.com\/fr\/wp-json\/wp\/v2\/media\/878"}],"wp:attachment":[{"href":"https:\/\/www.timeline-erp.com\/fr\/wp-json\/wp\/v2\/media?parent=271"}],"curies":[{"name":"wp","href":"https:\/\/api.w.org\/{rel}","templated":true}]}}