{"id":211,"date":"2023-07-17T15:05:49","date_gmt":"2023-07-17T13:05:49","guid":{"rendered":"https:\/\/stage.timeline-erp.de\/en\/?page_id=211"},"modified":"2024-07-29T13:16:18","modified_gmt":"2024-07-29T11:16:18","slug":"contact-commercial","status":"publish","type":"page","link":"https:\/\/www.timeline-erp.com\/fr\/service-et-assistance\/contact-commercial\/","title":{"rendered":"Contact-commercial"},"content":{"rendered":"\n<style type=\"text\/css\" data-created_by=\"avia_inline_auto\" id=\"style-css-av-lk17oupw-082af7f58459a49897dec7c34d6e6eac\">\n.avia-section.av-lk17oupw-082af7f58459a49897dec7c34d6e6eac{\nbackground-repeat:no-repeat;\nbackground-image:url(https:\/\/www.timeline-erp.com\/fr\/wp-content\/uploads\/sites\/6\/2024\/03\/Sales-WebHeader-1210x423.webp);\nbackground-position:50% 50%;\nbackground-attachment:scroll;\n}\n<\/style>\n<div id='av_section_1'  class='avia-section av-lk17oupw-082af7f58459a49897dec7c34d6e6eac alternate_color avia-section-default avia-no-border-styling  avia-builder-el-0  el_before_av_section  avia-builder-el-first  avia-full-stretch avia-bg-style-scroll av-minimum-height av-minimum-height-33 av-height-percent  container_wrap sidebar_right'  data-section-bg-repeat='stretch' data-av_minimum_height_pc='33' data-av_min_height_opt='percent'><div class='container av-section-cont-open' ><main  role=\"main\" itemprop=\"mainContentOfPage\"  class='template-page content  av-content-small alpha units'><div class='post-entry post-entry-type-page post-entry-211'><div class='entry-content-wrapper clearfix'>\n<div  class='flex_column av-3n016c-96539b6bdbc97b9ef9b91177f2de0946 av_three_fifth  avia-builder-el-1  el_before_av_two_fifth  avia-builder-el-first  first flex_column_div  '     ><style type=\"text\/css\" data-created_by=\"avia_inline_auto\" id=\"style-css-av-lk17ofxh-6d87f23e00830f9ce39bac3b62c3d0b8\">\n#top .av-special-heading.av-lk17ofxh-6d87f23e00830f9ce39bac3b62c3d0b8{\npadding-bottom:10px;\n}\nbody .av-special-heading.av-lk17ofxh-6d87f23e00830f9ce39bac3b62c3d0b8 .av-special-heading-tag .heading-char{\nfont-size:25px;\n}\n.av-special-heading.av-lk17ofxh-6d87f23e00830f9ce39bac3b62c3d0b8 .av-subheading{\nfont-size:22px;\n}\n<\/style>\n<div  class='av-special-heading av-lk17ofxh-6d87f23e00830f9ce39bac3b62c3d0b8 av-special-heading-h1 blockquote modern-quote  avia-builder-el-2  avia-builder-el-no-sibling '><h1 class='av-special-heading-tag '  itemprop=\"headline\"  >Votre contact avec le service commercial<\/h1><div class='av-subheading av-subheading_below'><p>Remplissez le formulaire et nous vous contacterons dans les plus brefs d\u00e9lais. Ou appelez-nous sans plus attendre.<\/p>\n<\/div><div class=\"special-heading-border\"><div class=\"special-heading-inner-border\"><\/div><\/div><\/div><\/div><div  class='flex_column av-2q7ow4-23645d5439545c44e6380a10df9291f0 av_two_fifth  avia-builder-el-3  el_after_av_three_fifth  avia-builder-el-last  flex_column_div  '     ><\/div>\n\n<\/div><\/div><\/main><!-- close content main element --><\/div><\/div>\n<style type=\"text\/css\" data-created_by=\"avia_inline_auto\" id=\"style-css-av-3lyyas-df9e406d83a37951cc22da764919f82a\">\n.avia-section.av-3lyyas-df9e406d83a37951cc22da764919f82a{\nbackground-color:#0c1d37;\nbackground:linear-gradient( to bottom, #0c1d37, #0f1022 );\n}\n<\/style>\n<div id='av_section_2'  class='avia-section av-3lyyas-df9e406d83a37951cc22da764919f82a main_color avia-section-large avia-no-border-styling  avia-builder-el-4  el_after_av_section  avia-builder-el-last  avia-bg-style-scroll container_wrap sidebar_right'  ><div class='container av-section-cont-open' ><div class='template-page content  av-content-small alpha units'><div class='post-entry post-entry-type-page post-entry-211'><div class='entry-content-wrapper clearfix'>\n\n<style type=\"text\/css\" data-created_by=\"avia_inline_auto\" id=\"style-css-av-2gqwdg-00e679530e621e423b64f9faa43b4f61\">\n.flex_column.av-2gqwdg-00e679530e621e423b64f9faa43b4f61{\nborder-radius:20px 20px 20px 20px;\npadding:30px 30px 30px 30px;\nbackground-color:#ffffff;\n}\n<\/style>\n<div  class='flex_column av-2gqwdg-00e679530e621e423b64f9faa43b4f61 av_one_half  avia-builder-el-5  el_before_av_one_half  avia-builder-el-first  first flex_column_div  '     ><form action=\"https:\/\/www.timeline-erp.com\/fr\/service-et-assistance\/contact-commercial\/\" method=\"post\" data-fields-with-error=\"Erreurs trouv\u00e9es dans les champs suivants :\" class=\"avia_ajax_form av-form-labels-hidden   avia-builder-el-6  avia-builder-el-no-sibling   \" data-avia-form-id=\"1\" data-avia-redirect='' ><h3 class=''>Envoyez-nous votre demande<\/h3><fieldset><p class='  first_form  form_element form_element_half' id='element_avia_1_1'><label for=\"avia_1_1\">Nom <abbr class=\"required\" title=\"requis(e)\">*<\/abbr><\/label> <input name=\"avia_1_1\" class=\"text_input is_empty\" type=\"text\" id=\"avia_1_1\" value=\"\"  placeholder='Nom*'\/><\/p><p class='  form_element form_element_half' id='element_avia_2_1'><label for=\"avia_2_1\">Soci\u00e9t\u00e9 <abbr class=\"required\" title=\"requis(e)\">*<\/abbr><\/label> <input name=\"avia_2_1\" class=\"text_input is_empty\" type=\"text\" id=\"avia_2_1\" value=\"\"  placeholder='Soci\u00e9t\u00e9*'\/><\/p><p class='  first_form  form_element form_element_half' id='element_avia_3_1'><label for=\"avia_3_1\">T\u00e9l\u00e9phone<\/label> <input name=\"avia_3_1\" class=\"text_input \" type=\"text\" id=\"avia_3_1\" value=\"\"  placeholder='T\u00e9l\u00e9phone'\/><\/p><p class='  form_element form_element_half' id='element_avia_4_1'><label for=\"avia_4_1\">Email <abbr class=\"required\" title=\"requis(e)\">*<\/abbr><\/label> <input name=\"avia_4_1\" class=\"text_input is_email\" type=\"text\" id=\"avia_4_1\" value=\"\"  placeholder='Email*'\/><\/p><p class='  first_form  form_element form_fullwidth' id='element_avia_5_1'><label for=\"avia_5_1\">Objet <abbr class=\"required\" title=\"requis(e)\">*<\/abbr><\/label> <input name=\"avia_5_1\" class=\"text_input is_empty\" type=\"text\" id=\"avia_5_1\" value=\"\"  placeholder='Objet*'\/><\/p><p class='  first_form  form_element form_fullwidth' id='element_avia_6_1'><label for=\"avia_6_1\" class=\"textare_label hidden textare_label_avia_6_1\">Message <abbr class=\"required\" title=\"requis(e)\">*<\/abbr><\/label><textarea  placeholder='Message*' name=\"avia_6_1\" class=\"text_area is_empty\" cols=\"40\" rows=\"7\" id=\"avia_6_1\" ><\/textarea><\/p><div id='avia_7_1' class='av-form-text'><p>\n<span style=\"font-size: small; line-height: 1.25; display: block;\">En soumettant ce formulaire, j\u2019accepte que les donn\u00e9es personnelles fournies dans ce message soient stock\u00e9es, trait\u00e9es, transmises et utilis\u00e9es dans une base de donn\u00e9es maintenue sous la responsabilit\u00e9 de Gebauer GmbH exclusivement dans le but de traiter et de r\u00e9pondre \u00e0 cette demande, et que Gebauer GmbH puisse m\u2019envoyer des informations pertinentes li\u00e9es \u00e0 la demande par courrier, e-mail ou t\u00e9l\u00e9phone. Vos donn\u00e9es seront trait\u00e9es de mani\u00e8re confidentielle et ne seront pas transmises \u00e0 des tiers. Pour plus d\u2019informations, veuillez consulter notre politique de confidentialit\u00e9 et notre obligation\u00a0<a href=\"https:\/\/www.timeline-erp.com\/fr\/politique-de-confidentialite\/\">d\u2019information sur la protection des donn\u00e9es<\/a>.<\/span><\/p>\n<\/div><p class='  first_form  form_element form_fullwidth' id='element_avia_8_1'><input  name=\"avia_8_1\" class=\"input_checkbox is_empty\" type=\"checkbox\" id=\"avia_8_1\" value=\"true\"\/><label class=\"input_checkbox_label\" for=\"avia_8_1\">J\u2019ai lu et accept\u00e9 la d\u00e9claration de confidentialit\u00e9 <abbr class=\"required\" title=\"requis(e)\">*<\/abbr><\/label><\/p><p class=\"hidden\"><input type=\"text\" name=\"avia_9_1\" class=\"hidden \" id=\"avia_9_1\" value=\"\" \/><\/p><p class='   form_element form_fullwidth' id='element_avia_10_1'><span class='value_verifier_label'>1 + 2 = ?<\/span><input name=\"avia_10_1_verifier\" type=\"hidden\" id=\"avia_10_1_verifier\" value=\"225242437\"\/><label for=\"avia_10_1\">Merci de prouver que vous \u00eates un humain en donnant le r\u00e9sultat de cette op\u00e9ration <abbr class=\"required\" title=\"requis(e)\">*<\/abbr><\/label><input name=\"avia_10_1\" class=\"text_input captcha\" type=\"text\" id=\"avia_10_1\" value=\"\"\/><\/p><p class=\"form_element \"><input type=\"hidden\" value=\"1\" name=\"avia_generated_form1\" \/><input type=\"submit\" value=\"Envoyer\" class=\"button\"  data-sending-label=\"Envoi\"\/><\/p><\/fieldset><\/form><div id=\"ajaxresponse_1\" class=\"ajaxresponse ajaxresponse_1 hidden\"><\/div><\/div><div  class='flex_column av-1zced0-aeb26263e91b241ae899966b9bd8f3a1 av_one_half  avia-builder-el-7  el_after_av_one_half  avia-builder-el-last  flex_column_div  '     ><p>\n<style type=\"text\/css\" data-created_by=\"avia_inline_auto\" id=\"style-css-av-lk17xw9r-3ad0bd72fe168f8be43e91f1e1b8010d\">\n#top .av-special-heading.av-lk17xw9r-3ad0bd72fe168f8be43e91f1e1b8010d{\npadding-bottom:25px;\ncolor:#0090ea;\nfont-size:18px;\n}\nbody .av-special-heading.av-lk17xw9r-3ad0bd72fe168f8be43e91f1e1b8010d .av-special-heading-tag .heading-char{\nfont-size:25px;\n}\n#top #wrap_all .av-special-heading.av-lk17xw9r-3ad0bd72fe168f8be43e91f1e1b8010d .av-special-heading-tag{\nfont-size:18px;\n}\n.av-special-heading.av-lk17xw9r-3ad0bd72fe168f8be43e91f1e1b8010d .special-heading-inner-border{\nborder-color:#0090ea;\n}\n.av-special-heading.av-lk17xw9r-3ad0bd72fe168f8be43e91f1e1b8010d .av-subheading{\nfont-size:15px;\n}\n\n@media only screen and (min-width: 480px) and (max-width: 767px){ \n#top #wrap_all .av-special-heading.av-lk17xw9r-3ad0bd72fe168f8be43e91f1e1b8010d .av-special-heading-tag{\nfont-size:0.8em;\n}\n}\n\n@media only screen and (max-width: 479px){ \n#top #wrap_all .av-special-heading.av-lk17xw9r-3ad0bd72fe168f8be43e91f1e1b8010d .av-special-heading-tag{\nfont-size:0.8em;\n}\n}\n<\/style>\n<div  class='av-special-heading av-lk17xw9r-3ad0bd72fe168f8be43e91f1e1b8010d av-special-heading-h2 custom-color-heading blockquote modern-quote  avia-builder-el-8  el_before_av_textblock  avia-builder-el-first  av-inherit-size'><h2 class='av-special-heading-tag '  itemprop=\"headline\"  >TIMELINE CONTACT COMMERCIAL<\/h2><div class=\"special-heading-border\"><div class=\"special-heading-inner-border\"><\/div><\/div><\/div><br \/>\n\n<style type=\"text\/css\" data-created_by=\"avia_inline_auto\" id=\"style-css-av-lb0rhoz5-13b255cfd6960aeb9d9522406eab02a0\">\n#top .av_textblock_section.av-lb0rhoz5-13b255cfd6960aeb9d9522406eab02a0 .avia_textblock{\ncolor:#ffffff;\n}\n<\/style>\n<section  class='av_textblock_section av-lb0rhoz5-13b255cfd6960aeb9d9522406eab02a0 '   itemscope=\"itemscope\" itemtype=\"https:\/\/schema.org\/CreativeWork\" ><div class='avia_textblock av_inherit_color'  itemprop=\"text\" ><h3>Vous avez des questions ou des suggestions ?<\/h3>\n<p>N&rsquo;h\u00e9sitez pas \u00e0 nous contacter \u00e0 tout moment au num\u00e9ro de t\u00e9l\u00e9phone suivant<\/p>\n<p style=\"text-align: left;\">+33 6 43 67 80 44 ou en utilisant le formulaire de contact sur cette page.<\/p>\n<\/div><\/section><br \/>\n\n<style type=\"text\/css\" data-created_by=\"avia_inline_auto\" id=\"style-css-av-lb0ujzu0-a988519915f165f9d8d0d5f4c906ddc3\">\n#top .hr.hr-invisible.av-lb0ujzu0-a988519915f165f9d8d0d5f4c906ddc3{\nheight:50px;\n}\n<\/style>\n<div  class='hr av-lb0ujzu0-a988519915f165f9d8d0d5f4c906ddc3 hr-invisible  avia-builder-el-10  el_after_av_textblock  el_before_av_textblock '><span class='hr-inner '><span class=\"hr-inner-style\"><\/span><\/span><\/div><br \/>\n\n<style type=\"text\/css\" data-created_by=\"avia_inline_auto\" id=\"style-css-av-lb0ujhg9-862c44cb166a8cce47f78681dedde8ce\">\n#top .av_textblock_section.av-lb0ujhg9-862c44cb166a8cce47f78681dedde8ce .avia_textblock{\ncolor:#ffffff;\n}\n<\/style>\n<section  class='av_textblock_section av-lb0ujhg9-862c44cb166a8cce47f78681dedde8ce '   itemscope=\"itemscope\" itemtype=\"https:\/\/schema.org\/CreativeWork\" ><div class='avia_textblock av_inherit_color'  itemprop=\"text\" ><h3>Vous \u00eates pr\u00eat \u00e0 explorer davantage le monde de TimeLine ?<\/h3>\n<p>Nous vous offrons les possibilit\u00e9s suivantes :<\/p>\n<ul>\n<li>pr\u00e9sentations en ligne gratuites avec notre service technico-commercial<\/li>\n<li>Version d&rsquo;essai de 90 jours avec toutes les fonctionnalit\u00e9s<\/li>\n<\/ul>\n<\/div><\/section><\/p><\/div><\/div><\/div><\/div><!-- close content main div --><\/div><\/div><div id='after_section_2'  class='main_color av_default_container_wrap container_wrap sidebar_right'  ><div class='container av-section-cont-open' ><div class='template-page content  av-content-small alpha units'><div class='post-entry post-entry-type-page post-entry-211'><div class='entry-content-wrapper clearfix'>\n","protected":false},"excerpt":{"rendered":"","protected":false},"author":1,"featured_media":851,"parent":192,"menu_order":0,"comment_status":"closed","ping_status":"closed","template":"","meta":{"footnotes":""},"class_list":["post-211","page","type-page","status-publish","has-post-thumbnail","hentry"],"yoast_head":"<!-- This site is optimized with the Yoast SEO Premium plugin v25.6 (Yoast SEO v27.5) - https:\/\/yoast.com\/product\/yoast-seo-premium-wordpress\/ -->\n<title>Contact commercial ERP | Service client Timeline - TimeLine ERP FR<\/title>\n<meta name=\"description\" content=\"Contactez notre \u00e9quipe commerciale ERP. Nos experts sont \u00e0 votre disposition pour r\u00e9pondre \u00e0 vos questions et vous guider dans le choix de votre solution Timeline.\" \/>\n<meta name=\"robots\" content=\"index, follow, max-snippet:-1, max-image-preview:large, max-video-preview:-1\" \/>\n<link rel=\"canonical\" href=\"https:\/\/www.timeline-erp.com\/fr\/service-et-assistance\/contact-commercial\/\" \/>\n<meta property=\"og:locale\" content=\"fr_FR\" \/>\n<meta property=\"og:type\" content=\"article\" \/>\n<meta property=\"og:title\" content=\"Contact-commercial\" \/>\n<meta property=\"og:description\" content=\"Contactez notre \u00e9quipe commerciale ERP. Nos experts sont \u00e0 votre disposition pour r\u00e9pondre \u00e0 vos questions et vous guider dans le choix de votre solution Timeline.\" \/>\n<meta property=\"og:url\" content=\"https:\/\/www.timeline-erp.com\/fr\/service-et-assistance\/contact-commercial\/\" \/>\n<meta property=\"og:site_name\" content=\"TimeLine ERP FR\" \/>\n<meta property=\"article:modified_time\" content=\"2024-07-29T11:16:18+00:00\" \/>\n<meta property=\"og:image\" content=\"https:\/\/www.timeline-erp.com\/fr\/wp-content\/uploads\/sites\/6\/2024\/07\/image-3-jpeg.avif\" \/>\n\t<meta property=\"og:image:width\" content=\"939\" \/>\n\t<meta property=\"og:image:height\" content=\"626\" \/>\n\t<meta property=\"og:image:type\" content=\"image\/jpeg\" \/>\n<meta name=\"twitter:card\" content=\"summary_large_image\" \/>\n<meta name=\"twitter:label1\" content=\"Dur\u00e9e de lecture estim\u00e9e\" \/>\n\t<meta name=\"twitter:data1\" content=\"2 minutes\" \/>\n<script type=\"application\/ld+json\" class=\"yoast-schema-graph\">{\"@context\":\"https:\\\/\\\/schema.org\",\"@graph\":[{\"@type\":\"WebPage\",\"@id\":\"https:\\\/\\\/www.timeline-erp.com\\\/fr\\\/service-et-assistance\\\/contact-commercial\\\/\",\"url\":\"https:\\\/\\\/www.timeline-erp.com\\\/fr\\\/service-et-assistance\\\/contact-commercial\\\/\",\"name\":\"Contact commercial ERP | Service client Timeline - TimeLine ERP FR\",\"isPartOf\":{\"@id\":\"https:\\\/\\\/www.timeline-erp.com\\\/fr\\\/#website\"},\"primaryImageOfPage\":{\"@id\":\"https:\\\/\\\/www.timeline-erp.com\\\/fr\\\/service-et-assistance\\\/contact-commercial\\\/#primaryimage\"},\"image\":{\"@id\":\"https:\\\/\\\/www.timeline-erp.com\\\/fr\\\/service-et-assistance\\\/contact-commercial\\\/#primaryimage\"},\"thumbnailUrl\":\"https:\\\/\\\/www.timeline-erp.com\\\/fr\\\/wp-content\\\/uploads\\\/sites\\\/6\\\/2024\\\/07\\\/image-3-jpeg.avif\",\"datePublished\":\"2023-07-17T13:05:49+00:00\",\"dateModified\":\"2024-07-29T11:16:18+00:00\",\"description\":\"Contactez notre \u00e9quipe commerciale ERP. Nos experts sont \u00e0 votre disposition pour r\u00e9pondre \u00e0 vos questions et vous guider dans le choix de votre solution Timeline.\",\"breadcrumb\":{\"@id\":\"https:\\\/\\\/www.timeline-erp.com\\\/fr\\\/service-et-assistance\\\/contact-commercial\\\/#breadcrumb\"},\"inLanguage\":\"fr-FR\",\"potentialAction\":[{\"@type\":\"ReadAction\",\"target\":[\"https:\\\/\\\/www.timeline-erp.com\\\/fr\\\/service-et-assistance\\\/contact-commercial\\\/\"]}]},{\"@type\":\"ImageObject\",\"inLanguage\":\"fr-FR\",\"@id\":\"https:\\\/\\\/www.timeline-erp.com\\\/fr\\\/service-et-assistance\\\/contact-commercial\\\/#primaryimage\",\"url\":\"https:\\\/\\\/www.timeline-erp.com\\\/fr\\\/wp-content\\\/uploads\\\/sites\\\/6\\\/2024\\\/07\\\/image-3-jpeg.avif\",\"contentUrl\":\"https:\\\/\\\/www.timeline-erp.com\\\/fr\\\/wp-content\\\/uploads\\\/sites\\\/6\\\/2024\\\/07\\\/image-3-jpeg.avif\",\"width\":939,\"height\":626},{\"@type\":\"BreadcrumbList\",\"@id\":\"https:\\\/\\\/www.timeline-erp.com\\\/fr\\\/service-et-assistance\\\/contact-commercial\\\/#breadcrumb\",\"itemListElement\":[{\"@type\":\"ListItem\",\"position\":1,\"name\":\"Startseite\",\"item\":\"https:\\\/\\\/www.timeline-erp.com\\\/fr\\\/\"},{\"@type\":\"ListItem\",\"position\":2,\"name\":\"Service-et-assistance\",\"item\":\"https:\\\/\\\/www.timeline-erp.com\\\/fr\\\/service-et-assistance\\\/\"},{\"@type\":\"ListItem\",\"position\":3,\"name\":\"Contact-commercial\"}]},{\"@type\":\"WebSite\",\"@id\":\"https:\\\/\\\/www.timeline-erp.com\\\/fr\\\/#website\",\"url\":\"https:\\\/\\\/www.timeline-erp.com\\\/fr\\\/\",\"name\":\"TimeLine ERP FR\",\"description\":\"\",\"publisher\":{\"@id\":\"https:\\\/\\\/www.timeline-erp.com\\\/fr\\\/#organization\"},\"potentialAction\":[{\"@type\":\"SearchAction\",\"target\":{\"@type\":\"EntryPoint\",\"urlTemplate\":\"https:\\\/\\\/www.timeline-erp.com\\\/fr\\\/?s={search_term_string}\"},\"query-input\":{\"@type\":\"PropertyValueSpecification\",\"valueRequired\":true,\"valueName\":\"search_term_string\"}}],\"inLanguage\":\"fr-FR\"},{\"@type\":\"Organization\",\"@id\":\"https:\\\/\\\/www.timeline-erp.com\\\/fr\\\/#organization\",\"name\":\"TimeLine ERP FR\",\"url\":\"https:\\\/\\\/www.timeline-erp.com\\\/fr\\\/\",\"logo\":{\"@type\":\"ImageObject\",\"inLanguage\":\"fr-FR\",\"@id\":\"https:\\\/\\\/www.timeline-erp.com\\\/fr\\\/#\\\/schema\\\/logo\\\/image\\\/\",\"url\":\"https:\\\/\\\/www.timeline-erp.com\\\/fr\\\/wp-content\\\/uploads\\\/sites\\\/6\\\/2024\\\/03\\\/TimLine-ERP-Logo.png\",\"contentUrl\":\"https:\\\/\\\/www.timeline-erp.com\\\/fr\\\/wp-content\\\/uploads\\\/sites\\\/6\\\/2024\\\/03\\\/TimLine-ERP-Logo.png\",\"width\":340,\"height\":156,\"caption\":\"TimeLine ERP FR\"},\"image\":{\"@id\":\"https:\\\/\\\/www.timeline-erp.com\\\/fr\\\/#\\\/schema\\\/logo\\\/image\\\/\"},\"sameAs\":[\"https:\\\/\\\/www.linkedin.com\\\/company\\\/timeline-erp-business-solutions-france\\\/\"],\"description\":\"TimeLine est un logiciel ERP pour les entreprises de production. Ce logiciel moderne et innovant g\u00e8re tous les d\u00e9partements et processus des entreprises de taille moyenne, ce qui conduit \u00e0 des op\u00e9rations \u00e9conomiques efficaces. Le syst\u00e8me ERP est sp\u00e9cialis\u00e9 dans plusieurs secteurs : les petites entreprises et les startups, les fabricants \u00e0 l'unit\u00e9 et sur projet, les fabricants en s\u00e9rie et les entreprises de l'industrie automobile, les fonderies, les transformateurs de plastique, les entreprises de traitement de surface et de galvanoplastie, les fabricants de vis et les entreprises de d\u00e9coupage.\",\"email\":\"jvondra@timeline-erp.fr\",\"telephone\":\"+33 6 43 67 80 44\",\"legalName\":\"TimeLine ERP France\"}]}<\/script>\n<!-- \/ Yoast SEO Premium plugin. -->","yoast_head_json":{"title":"Contact commercial ERP | Service client Timeline - TimeLine ERP FR","description":"Contactez notre \u00e9quipe commerciale ERP. Nos experts sont \u00e0 votre disposition pour r\u00e9pondre \u00e0 vos questions et vous guider dans le choix de votre solution Timeline.","robots":{"index":"index","follow":"follow","max-snippet":"max-snippet:-1","max-image-preview":"max-image-preview:large","max-video-preview":"max-video-preview:-1"},"canonical":"https:\/\/www.timeline-erp.com\/fr\/service-et-assistance\/contact-commercial\/","og_locale":"fr_FR","og_type":"article","og_title":"Contact-commercial","og_description":"Contactez notre \u00e9quipe commerciale ERP. Nos experts sont \u00e0 votre disposition pour r\u00e9pondre \u00e0 vos questions et vous guider dans le choix de votre solution Timeline.","og_url":"https:\/\/www.timeline-erp.com\/fr\/service-et-assistance\/contact-commercial\/","og_site_name":"TimeLine ERP FR","article_modified_time":"2024-07-29T11:16:18+00:00","og_image":[{"width":939,"height":626,"url":"https:\/\/www.timeline-erp.com\/fr\/wp-content\/uploads\/sites\/6\/2024\/07\/image-3-jpeg.avif","type":"image\/jpeg"}],"twitter_card":"summary_large_image","twitter_misc":{"Dur\u00e9e de lecture estim\u00e9e":"2 minutes"},"schema":{"@context":"https:\/\/schema.org","@graph":[{"@type":"WebPage","@id":"https:\/\/www.timeline-erp.com\/fr\/service-et-assistance\/contact-commercial\/","url":"https:\/\/www.timeline-erp.com\/fr\/service-et-assistance\/contact-commercial\/","name":"Contact commercial ERP | Service client Timeline - TimeLine ERP FR","isPartOf":{"@id":"https:\/\/www.timeline-erp.com\/fr\/#website"},"primaryImageOfPage":{"@id":"https:\/\/www.timeline-erp.com\/fr\/service-et-assistance\/contact-commercial\/#primaryimage"},"image":{"@id":"https:\/\/www.timeline-erp.com\/fr\/service-et-assistance\/contact-commercial\/#primaryimage"},"thumbnailUrl":"https:\/\/www.timeline-erp.com\/fr\/wp-content\/uploads\/sites\/6\/2024\/07\/image-3-jpeg.avif","datePublished":"2023-07-17T13:05:49+00:00","dateModified":"2024-07-29T11:16:18+00:00","description":"Contactez notre \u00e9quipe commerciale ERP. Nos experts sont \u00e0 votre disposition pour r\u00e9pondre \u00e0 vos questions et vous guider dans le choix de votre solution Timeline.","breadcrumb":{"@id":"https:\/\/www.timeline-erp.com\/fr\/service-et-assistance\/contact-commercial\/#breadcrumb"},"inLanguage":"fr-FR","potentialAction":[{"@type":"ReadAction","target":["https:\/\/www.timeline-erp.com\/fr\/service-et-assistance\/contact-commercial\/"]}]},{"@type":"ImageObject","inLanguage":"fr-FR","@id":"https:\/\/www.timeline-erp.com\/fr\/service-et-assistance\/contact-commercial\/#primaryimage","url":"https:\/\/www.timeline-erp.com\/fr\/wp-content\/uploads\/sites\/6\/2024\/07\/image-3-jpeg.avif","contentUrl":"https:\/\/www.timeline-erp.com\/fr\/wp-content\/uploads\/sites\/6\/2024\/07\/image-3-jpeg.avif","width":939,"height":626},{"@type":"BreadcrumbList","@id":"https:\/\/www.timeline-erp.com\/fr\/service-et-assistance\/contact-commercial\/#breadcrumb","itemListElement":[{"@type":"ListItem","position":1,"name":"Startseite","item":"https:\/\/www.timeline-erp.com\/fr\/"},{"@type":"ListItem","position":2,"name":"Service-et-assistance","item":"https:\/\/www.timeline-erp.com\/fr\/service-et-assistance\/"},{"@type":"ListItem","position":3,"name":"Contact-commercial"}]},{"@type":"WebSite","@id":"https:\/\/www.timeline-erp.com\/fr\/#website","url":"https:\/\/www.timeline-erp.com\/fr\/","name":"TimeLine ERP FR","description":"","publisher":{"@id":"https:\/\/www.timeline-erp.com\/fr\/#organization"},"potentialAction":[{"@type":"SearchAction","target":{"@type":"EntryPoint","urlTemplate":"https:\/\/www.timeline-erp.com\/fr\/?s={search_term_string}"},"query-input":{"@type":"PropertyValueSpecification","valueRequired":true,"valueName":"search_term_string"}}],"inLanguage":"fr-FR"},{"@type":"Organization","@id":"https:\/\/www.timeline-erp.com\/fr\/#organization","name":"TimeLine ERP FR","url":"https:\/\/www.timeline-erp.com\/fr\/","logo":{"@type":"ImageObject","inLanguage":"fr-FR","@id":"https:\/\/www.timeline-erp.com\/fr\/#\/schema\/logo\/image\/","url":"https:\/\/www.timeline-erp.com\/fr\/wp-content\/uploads\/sites\/6\/2024\/03\/TimLine-ERP-Logo.png","contentUrl":"https:\/\/www.timeline-erp.com\/fr\/wp-content\/uploads\/sites\/6\/2024\/03\/TimLine-ERP-Logo.png","width":340,"height":156,"caption":"TimeLine ERP FR"},"image":{"@id":"https:\/\/www.timeline-erp.com\/fr\/#\/schema\/logo\/image\/"},"sameAs":["https:\/\/www.linkedin.com\/company\/timeline-erp-business-solutions-france\/"],"description":"TimeLine est un logiciel ERP pour les entreprises de production. Ce logiciel moderne et innovant g\u00e8re tous les d\u00e9partements et processus des entreprises de taille moyenne, ce qui conduit \u00e0 des op\u00e9rations \u00e9conomiques efficaces. Le syst\u00e8me ERP est sp\u00e9cialis\u00e9 dans plusieurs secteurs : les petites entreprises et les startups, les fabricants \u00e0 l'unit\u00e9 et sur projet, les fabricants en s\u00e9rie et les entreprises de l'industrie automobile, les fonderies, les transformateurs de plastique, les entreprises de traitement de surface et de galvanoplastie, les fabricants de vis et les entreprises de d\u00e9coupage.","email":"jvondra@timeline-erp.fr","telephone":"+33 6 43 67 80 44","legalName":"TimeLine ERP France"}]}},"_links":{"self":[{"href":"https:\/\/www.timeline-erp.com\/fr\/wp-json\/wp\/v2\/pages\/211","targetHints":{"allow":["GET"]}}],"collection":[{"href":"https:\/\/www.timeline-erp.com\/fr\/wp-json\/wp\/v2\/pages"}],"about":[{"href":"https:\/\/www.timeline-erp.com\/fr\/wp-json\/wp\/v2\/types\/page"}],"author":[{"embeddable":true,"href":"https:\/\/www.timeline-erp.com\/fr\/wp-json\/wp\/v2\/users\/1"}],"replies":[{"embeddable":true,"href":"https:\/\/www.timeline-erp.com\/fr\/wp-json\/wp\/v2\/comments?post=211"}],"version-history":[{"count":5,"href":"https:\/\/www.timeline-erp.com\/fr\/wp-json\/wp\/v2\/pages\/211\/revisions"}],"predecessor-version":[{"id":1014,"href":"https:\/\/www.timeline-erp.com\/fr\/wp-json\/wp\/v2\/pages\/211\/revisions\/1014"}],"up":[{"embeddable":true,"href":"https:\/\/www.timeline-erp.com\/fr\/wp-json\/wp\/v2\/pages\/192"}],"wp:featuredmedia":[{"embeddable":true,"href":"https:\/\/www.timeline-erp.com\/fr\/wp-json\/wp\/v2\/media\/851"}],"wp:attachment":[{"href":"https:\/\/www.timeline-erp.com\/fr\/wp-json\/wp\/v2\/media?parent=211"}],"curies":[{"name":"wp","href":"https:\/\/api.w.org\/{rel}","templated":true}]}}