{"id":253047,"date":"2022-11-08T14:39:39","date_gmt":"2022-11-08T13:39:39","guid":{"rendered":"https:\/\/stage.timeline-erp.de\/de\/?page_id=253047"},"modified":"2022-11-08T14:39:39","modified_gmt":"2022-11-08T13:39:39","slug":"zuschlagsverwaltung","status":"publish","type":"page","link":"https:\/\/www.timeline-erp.com\/de\/funktionen\/warenwirtschaft\/zuschlagsverwaltung\/","title":{"rendered":"Zuschlagsverwaltung"},"content":{"rendered":"\t\t<div data-elementor-type=\"wp-page\" data-elementor-id=\"253047\" class=\"elementor elementor-253047\" data-elementor-post-type=\"page\">\n\t\t\t\t\t\t<section data-particle_enable=\"false\" data-particle-mobile-disabled=\"false\" class=\"elementor-section elementor-top-section elementor-element elementor-element-28203886 elementor-section-height-min-height elementor-section-boxed elementor-section-height-default elementor-section-items-middle\" data-id=\"28203886\" data-element_type=\"section\" data-e-type=\"section\" data-settings=\"{&quot;background_background&quot;:&quot;classic&quot;,&quot;background_motion_fx_motion_fx_scrolling&quot;:&quot;yes&quot;,&quot;background_motion_fx_scale_effect&quot;:&quot;yes&quot;,&quot;background_motion_fx_scale_speed&quot;:{&quot;unit&quot;:&quot;px&quot;,&quot;size&quot;:5,&quot;sizes&quot;:[]},&quot;background_motion_fx_scale_direction&quot;:&quot;out-in&quot;,&quot;background_motion_fx_scale_range&quot;:{&quot;unit&quot;:&quot;%&quot;,&quot;size&quot;:&quot;&quot;,&quot;sizes&quot;:{&quot;start&quot;:20,&quot;end&quot;:80}},&quot;background_motion_fx_devices&quot;:[&quot;desktop&quot;,&quot;tablet&quot;,&quot;mobile&quot;]}\">\n\t\t\t\t\t\t\t<div class=\"elementor-background-overlay\"><\/div>\n\t\t\t\t\t\t\t<div class=\"elementor-container elementor-column-gap-default\">\n\t\t\t\t\t<div class=\"elementor-column elementor-col-100 elementor-top-column elementor-element elementor-element-c3c02ce\" data-id=\"c3c02ce\" data-element_type=\"column\" data-e-type=\"column\">\n\t\t\t<div class=\"elementor-widget-wrap elementor-element-populated\">\n\t\t\t\t\t\t<div class=\"elementor-element elementor-element-5ad612da elementor-widget elementor-widget-theme-post-title elementor-page-title elementor-widget-heading\" data-id=\"5ad612da\" data-element_type=\"widget\" data-e-type=\"widget\" data-widget_type=\"theme-post-title.default\">\n\t\t\t\t<div class=\"elementor-widget-container\">\n\t\t\t\t\t<h1 class=\"elementor-heading-title elementor-size-xxl\">Zuschlagsverwaltung<\/h1>\t\t\t\t<\/div>\n\t\t\t\t<\/div>\n\t\t\t\t\t<\/div>\n\t\t<\/div>\n\t\t\t\t\t<\/div>\n\t\t<\/section>\n\t\t\t\t<section data-particle_enable=\"false\" data-particle-mobile-disabled=\"false\" class=\"elementor-section elementor-top-section elementor-element elementor-element-5fd9d7e8 elementor-section-boxed elementor-section-height-default elementor-section-height-default\" data-id=\"5fd9d7e8\" data-element_type=\"section\" data-e-type=\"section\">\n\t\t\t\t\t\t<div class=\"elementor-container elementor-column-gap-default\">\n\t\t\t\t\t<div class=\"elementor-column elementor-col-33 elementor-top-column elementor-element elementor-element-2c32c8c8\" data-id=\"2c32c8c8\" data-element_type=\"column\" data-e-type=\"column\">\n\t\t\t<div class=\"elementor-widget-wrap elementor-element-populated\">\n\t\t\t\t\t\t<div class=\"elementor-element elementor-element-17357170 elementor-widget elementor-widget-heading\" data-id=\"17357170\" data-element_type=\"widget\" data-e-type=\"widget\" data-settings=\"{&quot;sticky&quot;:&quot;top&quot;,&quot;sticky_on&quot;:[&quot;desktop&quot;],&quot;sticky_offset&quot;:70,&quot;sticky_effects_offset&quot;:0,&quot;sticky_anchor_link_offset&quot;:0}\" data-widget_type=\"heading.default\">\n\t\t\t\t<div class=\"elementor-widget-container\">\n\t\t\t\t\t<h4 class=\"elementor-heading-title elementor-size-default\">TimeLine ERP Funktionen<\/h4>\t\t\t\t<\/div>\n\t\t\t\t<\/div>\n\t\t\t\t<div class=\"elementor-element elementor-element-8fc959f elementor-widget__width-inherit eael-advanced-menu-hamburger-align-right eael-hamburger--tablet elementor-widget elementor-widget-eael-advanced-menu\" data-id=\"8fc959f\" data-element_type=\"widget\" data-e-type=\"widget\" data-settings=\"{&quot;sticky&quot;:&quot;top&quot;,&quot;sticky_on&quot;:[&quot;desktop&quot;],&quot;sticky_offset&quot;:100,&quot;sticky_effects_offset&quot;:0,&quot;sticky_anchor_link_offset&quot;:0}\" data-widget_type=\"eael-advanced-menu.default\">\n\t\t\t\t<div class=\"elementor-widget-container\">\n\t\t\t\t\t<style>\n                        @media screen and (max-width: 1024px) {\n                            .eael-hamburger--tablet {\n                                .eael-advanced-menu-horizontal,\n                                .eael-advanced-menu-vertical {\n                                    display: none;\n                                }\n                            }\n                            .eael-hamburger--tablet {\n                                .eael-advanced-menu-container .eael-advanced-menu-toggle {\n                                    display: block;\n                                }\n                            }\n                        }\n                    <\/style>            <div data-hamburger-icon=\"&lt;svg aria-hidden=&quot;true&quot; class=&quot;e-font-icon-svg e-fas-bars&quot; viewBox=&quot;0 0 448 512&quot; xmlns=&quot;http:\/\/www.w3.org\/2000\/svg&quot;&gt;&lt;path d=&quot;M16 132h416c8.837 0 16-7.163 16-16V76c0-8.837-7.163-16-16-16H16C7.163 60 0 67.163 0 76v40c0 8.837 7.163 16 16 16zm0 160h416c8.837 0 16-7.163 16-16v-40c0-8.837-7.163-16-16-16H16c-8.837 0-16 7.163-16 16v40c0 8.837 7.163 16 16 16zm0 160h416c8.837 0 16-7.163 16-16v-40c0-8.837-7.163-16-16-16H16c-8.837 0-16 7.163-16 16v40c0 8.837 7.163 16 16 16z&quot;&gt;&lt;\/path&gt;&lt;\/svg&gt;\" data-indicator-class=\"&lt;svg aria-hidden=&quot;true&quot; class=&quot;e-font-icon-svg e-fas-angle-down&quot; viewBox=&quot;0 0 320 512&quot; xmlns=&quot;http:\/\/www.w3.org\/2000\/svg&quot;&gt;&lt;path d=&quot;M143 352.3L7 216.3c-9.4-9.4-9.4-24.6 0-33.9l22.6-22.6c9.4-9.4 24.6-9.4 33.9 0l96.4 96.4 96.4-96.4c9.4-9.4 24.6-9.4 33.9 0l22.6 22.6c9.4 9.4 9.4 24.6 0 33.9l-136 136c-9.2 9.4-24.4 9.4-33.8 0z&quot;&gt;&lt;\/path&gt;&lt;\/svg&gt;\" data-dropdown-indicator-class=\"&lt;svg aria-hidden=&quot;true&quot; class=&quot;e-font-icon-svg e-fas-angle-down&quot; viewBox=&quot;0 0 320 512&quot; xmlns=&quot;http:\/\/www.w3.org\/2000\/svg&quot;&gt;&lt;path d=&quot;M143 352.3L7 216.3c-9.4-9.4-9.4-24.6 0-33.9l22.6-22.6c9.4-9.4 24.6-9.4 33.9 0l96.4 96.4 96.4-96.4c9.4-9.4 24.6-9.4 33.9 0l22.6 22.6c9.4 9.4 9.4 24.6 0 33.9l-136 136c-9.2 9.4-24.4 9.4-33.8 0z&quot;&gt;&lt;\/path&gt;&lt;\/svg&gt;\" class=\"eael-advanced-menu-container eael-advanced-menu-align-left eael-advanced-menu-dropdown-align-left\" data-hamburger-breakpoints=\"{&quot;mobile&quot;:&quot;Mobil Hochformat (&gt; 767px)&quot;,&quot;tablet&quot;:&quot;Tablet Hochformat (&gt; 1024px)&quot;,&quot;desktop&quot;:&quot;Desktop (&gt; 2400px)&quot;,&quot;none&quot;:&quot;None&quot;}\" data-hamburger-device=\"tablet\">\n                <ul id=\"menu-footer-menu\" class=\"eael-advanced-menu eael-advanced-menu-dropdown-animate-to-top eael-advanced-menu-indicator eael-advanced-menu-vertical\"><li id=\"menu-item-257306\" class=\"menu-item menu-item-type-post_type menu-item-object-page menu-item-257306\"><a href=\"https:\/\/www.timeline-erp.com\/de\/karriere\/\">Karriere<\/a><\/li>\n<li id=\"menu-item-257305\" class=\"menu-item menu-item-type-post_type menu-item-object-page menu-item-257305\"><a href=\"https:\/\/www.timeline-erp.com\/de\/agb\/\">AGB<\/a><\/li>\n<li id=\"menu-item-255659\" class=\"menu-item menu-item-type-post_type menu-item-object-page menu-item-privacy-policy menu-item-255659\"><a rel=\"privacy-policy\" href=\"https:\/\/www.timeline-erp.com\/de\/datenschutz\/\">Datenschutz<\/a><\/li>\n<li id=\"menu-item-255660\" class=\"menu-item menu-item-type-post_type menu-item-object-page menu-item-255660\"><a href=\"https:\/\/www.timeline-erp.com\/de\/impressum\/\">Impressum<\/a><\/li>\n<\/ul>                <button class=\"eael-advanced-menu-toggle\">\n                    <svg aria-hidden=\"true\" class=\"e-font-icon-svg e-fas-bars\" viewBox=\"0 0 448 512\" xmlns=\"http:\/\/www.w3.org\/2000\/svg\"><path d=\"M16 132h416c8.837 0 16-7.163 16-16V76c0-8.837-7.163-16-16-16H16C7.163 60 0 67.163 0 76v40c0 8.837 7.163 16 16 16zm0 160h416c8.837 0 16-7.163 16-16v-40c0-8.837-7.163-16-16-16H16c-8.837 0-16 7.163-16 16v40c0 8.837 7.163 16 16 16zm0 160h416c8.837 0 16-7.163 16-16v-40c0-8.837-7.163-16-16-16H16c-8.837 0-16 7.163-16 16v40c0 8.837 7.163 16 16 16z\"><\/path><\/svg>                <\/button>\n            <\/div>\n            \t\t\t\t<\/div>\n\t\t\t\t<\/div>\n\t\t\t\t\t<\/div>\n\t\t<\/div>\n\t\t\t\t<div class=\"elementor-column elementor-col-33 elementor-top-column elementor-element elementor-element-3a031f5\" data-id=\"3a031f5\" data-element_type=\"column\" data-e-type=\"column\">\n\t\t\t<div class=\"elementor-widget-wrap elementor-element-populated\">\n\t\t\t\t\t\t<div class=\"elementor-element elementor-element-57970438 elementor-widget elementor-widget-heading\" data-id=\"57970438\" data-element_type=\"widget\" data-e-type=\"widget\" data-widget_type=\"heading.default\">\n\t\t\t\t<div class=\"elementor-widget-container\">\n\t\t\t\t\t<h2 class=\"elementor-heading-title elementor-size-large\">MTZ, ETZ und mehr:<\/h2>\t\t\t\t<\/div>\n\t\t\t\t<\/div>\n\t\t\t\t<div class=\"elementor-element elementor-element-4597830d elementor-widget elementor-widget-text-editor\" data-id=\"4597830d\" data-element_type=\"widget\" data-e-type=\"widget\" data-widget_type=\"text-editor.default\">\n\t\t\t\t<div class=\"elementor-widget-container\">\n\t\t\t\t\t\t\t\t\t<p>Durch optimale Parametrierung k\u00f6nnen alle Metallpreis-vereinbarungen in einem Modul schnell und einfach hinterlegt werden.<span class=\"Apple-converted-space\">\u00a0<\/span><\/p>\t\t\t\t\t\t\t\t<\/div>\n\t\t\t\t<\/div>\n\t\t\t\t<div class=\"elementor-element elementor-element-58a672c0 elementor-widget elementor-widget-text-editor\" data-id=\"58a672c0\" data-element_type=\"widget\" data-e-type=\"widget\" data-widget_type=\"text-editor.default\">\n\t\t\t\t<div class=\"elementor-widget-container\">\n\t\t\t\t\t\t\t\t\t<p><b>Variable Zuordnung<span class=\"Apple-converted-space\">\u00a0<\/span><\/b><\/p><p>Ob legierungs- oder werkstoffgruppenbezogen, ob kundenbezogen oder allgemein \u2013 durch gezielte Zuordnung des Legierungskontrakts minimieren Sie den Pflegeaufwand f\u00fcr Ihre MTZ-Konditionen auf ein Minimum.<span class=\"Apple-converted-space\">\u00a0<\/span><\/p><p><b>Alle g\u00e4ngigen MTZ\/ETZ-Berechnungsvarianten<span class=\"Apple-converted-space\">\u00a0<\/span><\/b><\/p><ul><li>Notierung \u2013 Basis<span class=\"Apple-converted-space\">\u00a0<\/span><\/li><li>EUR\/100 kg<span class=\"Apple-converted-space\">\u00a0<\/span><\/li><li>EUR\/St.<span class=\"Apple-converted-space\">\u00a0<\/span><\/li><\/ul><p><b>Variabler MTZ\/ETZ-Ausweis beim Belegdruck<span class=\"Apple-converted-space\">\u00a0<\/span><\/b><\/p><ul><li>EUR\/100 kg<span class=\"Apple-converted-space\">\u00a0<\/span><\/li><li>EUR\/St.<span class=\"Apple-converted-space\">\u00a0<\/span><\/li><li>gesamt<span class=\"Apple-converted-space\">\u00a0<\/span><\/li><li>verrechnet\/versteckt im Grundpreis<span class=\"Apple-converted-space\">\u00a0<\/span><\/li><\/ul><p><b>Variabel und universell<span class=\"Apple-converted-space\">\u00a0<\/span><\/b><\/p><ul><li>einsetzbar f\u00fcr Einkauf und Verkauf<span class=\"Apple-converted-space\">\u00a0<\/span><\/li><li>Limitierung der Vereinbarung auf einen Zeitraum oder eine festgelegte Tonnage<span class=\"Apple-converted-space\">\u00a0<\/span><\/li><li>freie Definition von Umstellgruppen (t\u00e4glich, w\u00f6chentlich, monatlich, quartalsweise)<span class=\"Apple-converted-space\">\u00a0<\/span><\/li><\/ul><p><b>MTZ-Umstellung ohne Probleme <\/b>TimeLine stellt vollautomatisch kundenspezifische Preise, offene Auftr\u00e4ge und Abrufe um, aktualisiert die Auftragsbestandsstatistik und liefert ein ausf\u00fchrliches Umstellprotokoll \u00fcber alle durchgef\u00fchrten \u00c4nderungen.<span class=\"Apple-converted-space\">\u00a0<\/span><\/p>\t\t\t\t\t\t\t\t<\/div>\n\t\t\t\t<\/div>\n\t\t\t\t\t<\/div>\n\t\t<\/div>\n\t\t\t\t<div class=\"elementor-column elementor-col-33 elementor-top-column elementor-element elementor-element-10f205f6\" data-id=\"10f205f6\" data-element_type=\"column\" data-e-type=\"column\">\n\t\t\t<div class=\"elementor-widget-wrap elementor-element-populated\">\n\t\t\t\t\t\t\t<\/div>\n\t\t<\/div>\n\t\t\t\t\t<\/div>\n\t\t<\/section>\n\t\t\t\t<\/div>\n\t\t","protected":false},"excerpt":{"rendered":"<p>TimeLine ERP Funktionen Warenwirtschaft Bedarfsermittlung Beschaffung Lagerung Verkauf Logistik und Versand Belege Produktion und Planung Datenerfassung Anbindungen Qualit\u00e4tsmanagement Doc\/Workflow Foundation CRM BI MTZ, ETZ und mehr: Durch optimale Parametrierung k\u00f6nnen alle Metallpreis-vereinbarungen in einem Modul schnell und einfach hinterlegt werden. Variable Zuordnung\u00a0 Ob legierungs- oder werkstoffgruppenbezogen, ob kundenbezogen oder allgemein \u2013 durch gezielte Zuordnung des [&hellip;]<\/p>\n","protected":false},"author":2,"featured_media":0,"parent":240569,"menu_order":0,"comment_status":"closed","ping_status":"closed","template":"","meta":{"footnotes":""},"class_list":["post-253047","page","type-page","status-publish","hentry"],"yoast_head":"<!-- This site is optimized with the Yoast SEO Premium plugin v25.6 (Yoast SEO v27.4) - https:\/\/yoast.com\/product\/yoast-seo-premium-wordpress\/ -->\n<title>Zuschlagsverwaltung - TimeLine ERP<\/title>\n<meta name=\"robots\" content=\"index, follow, max-snippet:-1, max-image-preview:large, max-video-preview:-1\" \/>\n<link rel=\"canonical\" href=\"https:\/\/www.timeline-erp.com\/de\/funktionen\/warenwirtschaft\/zuschlagsverwaltung\/\" \/>\n<meta property=\"og:locale\" content=\"de_DE\" \/>\n<meta property=\"og:type\" content=\"article\" \/>\n<meta property=\"og:title\" content=\"Zuschlagsverwaltung - TimeLine ERP\" \/>\n<meta property=\"og:description\" content=\"TimeLine ERP Funktionen Warenwirtschaft Bedarfsermittlung Beschaffung Lagerung Verkauf Logistik und Versand Belege Produktion und Planung Datenerfassung Anbindungen Qualit\u00e4tsmanagement Doc\/Workflow Foundation CRM BI MTZ, ETZ und mehr: Durch optimale Parametrierung k\u00f6nnen alle Metallpreis-vereinbarungen in einem Modul schnell und einfach hinterlegt werden. Variable Zuordnung\u00a0 Ob legierungs- oder werkstoffgruppenbezogen, ob kundenbezogen oder allgemein \u2013 durch gezielte Zuordnung des [&hellip;]\" \/>\n<meta property=\"og:url\" content=\"https:\/\/www.timeline-erp.com\/de\/funktionen\/warenwirtschaft\/zuschlagsverwaltung\/\" \/>\n<meta property=\"og:site_name\" content=\"TimeLine ERP DE\" \/>\n<meta property=\"article:publisher\" content=\"https:\/\/www.facebook.com\/TLBSGroup\" \/>\n<meta property=\"og:image\" content=\"https:\/\/www.timeline-erp.com\/de\/wp-content\/uploads\/sites\/9\/2023\/02\/Screen-Mockup-1500px-e1677246784116.png\" \/>\n\t<meta property=\"og:image:width\" content=\"1327\" \/>\n\t<meta property=\"og:image:height\" content=\"795\" \/>\n\t<meta property=\"og:image:type\" content=\"image\/png\" \/>\n<meta name=\"twitter:card\" content=\"summary_large_image\" \/>\n<meta name=\"twitter:label1\" content=\"Gesch\u00e4tzte Lesezeit\" \/>\n\t<meta name=\"twitter:data1\" content=\"1\u00a0Minute\" \/>\n<script type=\"application\/ld+json\" class=\"yoast-schema-graph\">{\"@context\":\"https:\\\/\\\/schema.org\",\"@graph\":[{\"@type\":\"WebPage\",\"@id\":\"https:\\\/\\\/www.timeline-erp.com\\\/de\\\/funktionen\\\/warenwirtschaft\\\/zuschlagsverwaltung\\\/\",\"url\":\"https:\\\/\\\/www.timeline-erp.com\\\/de\\\/funktionen\\\/warenwirtschaft\\\/zuschlagsverwaltung\\\/\",\"name\":\"Zuschlagsverwaltung - TimeLine ERP\",\"isPartOf\":{\"@id\":\"https:\\\/\\\/www.timeline-erp.com\\\/de\\\/#website\"},\"datePublished\":\"2022-11-08T13:39:39+00:00\",\"breadcrumb\":{\"@id\":\"https:\\\/\\\/www.timeline-erp.com\\\/de\\\/funktionen\\\/warenwirtschaft\\\/zuschlagsverwaltung\\\/#breadcrumb\"},\"inLanguage\":\"de\",\"potentialAction\":[{\"@type\":\"ReadAction\",\"target\":[\"https:\\\/\\\/www.timeline-erp.com\\\/de\\\/funktionen\\\/warenwirtschaft\\\/zuschlagsverwaltung\\\/\"]}]},{\"@type\":\"BreadcrumbList\",\"@id\":\"https:\\\/\\\/www.timeline-erp.com\\\/de\\\/funktionen\\\/warenwirtschaft\\\/zuschlagsverwaltung\\\/#breadcrumb\",\"itemListElement\":[{\"@type\":\"ListItem\",\"position\":1,\"name\":\"Startseite\",\"item\":\"https:\\\/\\\/www.timeline-erp.com\\\/de\\\/\"},{\"@type\":\"ListItem\",\"position\":2,\"name\":\"Funktionen\",\"item\":\"https:\\\/\\\/www.timeline-erp.com\\\/de\\\/funktionen\\\/\"},{\"@type\":\"ListItem\",\"position\":3,\"name\":\"Warenwirtschaft\",\"item\":\"https:\\\/\\\/www.timeline-erp.com\\\/de\\\/funktionen\\\/warenwirtschaft\\\/\"},{\"@type\":\"ListItem\",\"position\":4,\"name\":\"Zuschlagsverwaltung\"}]},{\"@type\":\"WebSite\",\"@id\":\"https:\\\/\\\/www.timeline-erp.com\\\/de\\\/#website\",\"url\":\"https:\\\/\\\/www.timeline-erp.com\\\/de\\\/\",\"name\":\"TimeLine ERP DE\",\"description\":\"\",\"publisher\":{\"@id\":\"https:\\\/\\\/www.timeline-erp.com\\\/de\\\/#organization\"},\"potentialAction\":[{\"@type\":\"SearchAction\",\"target\":{\"@type\":\"EntryPoint\",\"urlTemplate\":\"https:\\\/\\\/www.timeline-erp.com\\\/de\\\/?s={search_term_string}\"},\"query-input\":{\"@type\":\"PropertyValueSpecification\",\"valueRequired\":true,\"valueName\":\"search_term_string\"}}],\"inLanguage\":\"de\"},{\"@type\":\"Organization\",\"@id\":\"https:\\\/\\\/www.timeline-erp.com\\\/de\\\/#organization\",\"name\":\"TimeLine ERP DE\",\"url\":\"https:\\\/\\\/www.timeline-erp.com\\\/de\\\/\",\"logo\":{\"@type\":\"ImageObject\",\"inLanguage\":\"de\",\"@id\":\"https:\\\/\\\/www.timeline-erp.com\\\/de\\\/#\\\/schema\\\/logo\\\/image\\\/\",\"url\":\"https:\\\/\\\/www.timeline-erp.com\\\/de\\\/wp-content\\\/uploads\\\/sites\\\/9\\\/2022\\\/12\\\/TimLine-ERP_Logo.png\",\"contentUrl\":\"https:\\\/\\\/www.timeline-erp.com\\\/de\\\/wp-content\\\/uploads\\\/sites\\\/9\\\/2022\\\/12\\\/TimLine-ERP_Logo.png\",\"width\":340,\"height\":156,\"caption\":\"TimeLine ERP DE\"},\"image\":{\"@id\":\"https:\\\/\\\/www.timeline-erp.com\\\/de\\\/#\\\/schema\\\/logo\\\/image\\\/\"},\"sameAs\":[\"https:\\\/\\\/www.facebook.com\\\/TLBSGroup\"],\"description\":\"TimeLine ist eine ERP-Software f\u00fcr produzierende Unternehmen. Die moderne und innovative Software verwaltet alle Abteilungen und Prozesse von mittelst\u00e4ndischen Unternehmen, was zu effizienten betriebswirtschaftlichen Abl\u00e4ufen f\u00fchrt. Das ERP-System ist f\u00fcr mehrere Branchen spezialisiert: Kleine Unternehmen und Startups, Einzel- und Projektfertiger, Serienfertiger und Automotive-Betriebe, Gie\u00dfereien, Kunststoffverarbeiter, Oberfl\u00e4chenbearbeiter und Galvanik-Betriebe, Schraubenhersteller und Stanzbetriebe\",\"email\":\"info@timeline.de\",\"telephone\":\"+49212230350\",\"legalName\":\"Gebauer GmbH\",\"foundingDate\":\"1982-08-13\",\"vatID\":\"DE120958132\",\"numberOfEmployees\":{\"@type\":\"QuantitativeValue\",\"minValue\":\"51\",\"maxValue\":\"200\"}}]}<\/script>\n<!-- \/ Yoast SEO Premium plugin. -->","yoast_head_json":{"title":"Zuschlagsverwaltung - TimeLine ERP","robots":{"index":"index","follow":"follow","max-snippet":"max-snippet:-1","max-image-preview":"max-image-preview:large","max-video-preview":"max-video-preview:-1"},"canonical":"https:\/\/www.timeline-erp.com\/de\/funktionen\/warenwirtschaft\/zuschlagsverwaltung\/","og_locale":"de_DE","og_type":"article","og_title":"Zuschlagsverwaltung - TimeLine ERP","og_description":"TimeLine ERP Funktionen Warenwirtschaft Bedarfsermittlung Beschaffung Lagerung Verkauf Logistik und Versand Belege Produktion und Planung Datenerfassung Anbindungen Qualit\u00e4tsmanagement Doc\/Workflow Foundation CRM BI MTZ, ETZ und mehr: Durch optimale Parametrierung k\u00f6nnen alle Metallpreis-vereinbarungen in einem Modul schnell und einfach hinterlegt werden. Variable Zuordnung\u00a0 Ob legierungs- oder werkstoffgruppenbezogen, ob kundenbezogen oder allgemein \u2013 durch gezielte Zuordnung des [&hellip;]","og_url":"https:\/\/www.timeline-erp.com\/de\/funktionen\/warenwirtschaft\/zuschlagsverwaltung\/","og_site_name":"TimeLine ERP DE","article_publisher":"https:\/\/www.facebook.com\/TLBSGroup","og_image":[{"width":1327,"height":795,"url":"https:\/\/www.timeline-erp.com\/de\/wp-content\/uploads\/sites\/9\/2023\/02\/Screen-Mockup-1500px-e1677246784116.png","type":"image\/png"}],"twitter_card":"summary_large_image","twitter_misc":{"Gesch\u00e4tzte Lesezeit":"1\u00a0Minute"},"schema":{"@context":"https:\/\/schema.org","@graph":[{"@type":"WebPage","@id":"https:\/\/www.timeline-erp.com\/de\/funktionen\/warenwirtschaft\/zuschlagsverwaltung\/","url":"https:\/\/www.timeline-erp.com\/de\/funktionen\/warenwirtschaft\/zuschlagsverwaltung\/","name":"Zuschlagsverwaltung - TimeLine ERP","isPartOf":{"@id":"https:\/\/www.timeline-erp.com\/de\/#website"},"datePublished":"2022-11-08T13:39:39+00:00","breadcrumb":{"@id":"https:\/\/www.timeline-erp.com\/de\/funktionen\/warenwirtschaft\/zuschlagsverwaltung\/#breadcrumb"},"inLanguage":"de","potentialAction":[{"@type":"ReadAction","target":["https:\/\/www.timeline-erp.com\/de\/funktionen\/warenwirtschaft\/zuschlagsverwaltung\/"]}]},{"@type":"BreadcrumbList","@id":"https:\/\/www.timeline-erp.com\/de\/funktionen\/warenwirtschaft\/zuschlagsverwaltung\/#breadcrumb","itemListElement":[{"@type":"ListItem","position":1,"name":"Startseite","item":"https:\/\/www.timeline-erp.com\/de\/"},{"@type":"ListItem","position":2,"name":"Funktionen","item":"https:\/\/www.timeline-erp.com\/de\/funktionen\/"},{"@type":"ListItem","position":3,"name":"Warenwirtschaft","item":"https:\/\/www.timeline-erp.com\/de\/funktionen\/warenwirtschaft\/"},{"@type":"ListItem","position":4,"name":"Zuschlagsverwaltung"}]},{"@type":"WebSite","@id":"https:\/\/www.timeline-erp.com\/de\/#website","url":"https:\/\/www.timeline-erp.com\/de\/","name":"TimeLine ERP DE","description":"","publisher":{"@id":"https:\/\/www.timeline-erp.com\/de\/#organization"},"potentialAction":[{"@type":"SearchAction","target":{"@type":"EntryPoint","urlTemplate":"https:\/\/www.timeline-erp.com\/de\/?s={search_term_string}"},"query-input":{"@type":"PropertyValueSpecification","valueRequired":true,"valueName":"search_term_string"}}],"inLanguage":"de"},{"@type":"Organization","@id":"https:\/\/www.timeline-erp.com\/de\/#organization","name":"TimeLine ERP DE","url":"https:\/\/www.timeline-erp.com\/de\/","logo":{"@type":"ImageObject","inLanguage":"de","@id":"https:\/\/www.timeline-erp.com\/de\/#\/schema\/logo\/image\/","url":"https:\/\/www.timeline-erp.com\/de\/wp-content\/uploads\/sites\/9\/2022\/12\/TimLine-ERP_Logo.png","contentUrl":"https:\/\/www.timeline-erp.com\/de\/wp-content\/uploads\/sites\/9\/2022\/12\/TimLine-ERP_Logo.png","width":340,"height":156,"caption":"TimeLine ERP DE"},"image":{"@id":"https:\/\/www.timeline-erp.com\/de\/#\/schema\/logo\/image\/"},"sameAs":["https:\/\/www.facebook.com\/TLBSGroup"],"description":"TimeLine ist eine ERP-Software f\u00fcr produzierende Unternehmen. Die moderne und innovative Software verwaltet alle Abteilungen und Prozesse von mittelst\u00e4ndischen Unternehmen, was zu effizienten betriebswirtschaftlichen Abl\u00e4ufen f\u00fchrt. Das ERP-System ist f\u00fcr mehrere Branchen spezialisiert: Kleine Unternehmen und Startups, Einzel- und Projektfertiger, Serienfertiger und Automotive-Betriebe, Gie\u00dfereien, Kunststoffverarbeiter, Oberfl\u00e4chenbearbeiter und Galvanik-Betriebe, Schraubenhersteller und Stanzbetriebe","email":"info@timeline.de","telephone":"+49212230350","legalName":"Gebauer GmbH","foundingDate":"1982-08-13","vatID":"DE120958132","numberOfEmployees":{"@type":"QuantitativeValue","minValue":"51","maxValue":"200"}}]}},"_links":{"self":[{"href":"https:\/\/www.timeline-erp.com\/de\/wp-json\/wp\/v2\/pages\/253047","targetHints":{"allow":["GET"]}}],"collection":[{"href":"https:\/\/www.timeline-erp.com\/de\/wp-json\/wp\/v2\/pages"}],"about":[{"href":"https:\/\/www.timeline-erp.com\/de\/wp-json\/wp\/v2\/types\/page"}],"author":[{"embeddable":true,"href":"https:\/\/www.timeline-erp.com\/de\/wp-json\/wp\/v2\/users\/2"}],"replies":[{"embeddable":true,"href":"https:\/\/www.timeline-erp.com\/de\/wp-json\/wp\/v2\/comments?post=253047"}],"version-history":[{"count":1,"href":"https:\/\/www.timeline-erp.com\/de\/wp-json\/wp\/v2\/pages\/253047\/revisions"}],"predecessor-version":[{"id":257269,"href":"https:\/\/www.timeline-erp.com\/de\/wp-json\/wp\/v2\/pages\/253047\/revisions\/257269"}],"up":[{"embeddable":true,"href":"https:\/\/www.timeline-erp.com\/de\/wp-json\/wp\/v2\/pages\/240569"}],"wp:attachment":[{"href":"https:\/\/www.timeline-erp.com\/de\/wp-json\/wp\/v2\/media?parent=253047"}],"curies":[{"name":"wp","href":"https:\/\/api.w.org\/{rel}","templated":true}]}}