{"id":251359,"date":"2022-02-21T11:33:20","date_gmt":"2022-02-21T10:33:20","guid":{"rendered":"https:\/\/www.timeline-erp.de\/?page_id=251359"},"modified":"2022-02-21T11:33:20","modified_gmt":"2022-02-21T10:33:20","slug":"technical-sales-erp-schweiz","status":"publish","type":"page","link":"https:\/\/www.timeline-erp.com\/de\/karriere\/technical-sales-erp-schweiz\/","title":{"rendered":"Technical Sales ERP, 100% (w\/m\/d)"},"content":{"rendered":"<div id='av_section_1'  class='avia-section av-mqub78l-cc1c48dbc9302a33e648121fa52fa9ec main_color avia-section-default avia-no-border-styling  avia-builder-el-0  avia-builder-el-no-sibling  avia-bg-style-scroll container_wrap fullsize'  ><div class='container av-section-cont-open' ><main  role=\"main\" itemprop=\"mainContentOfPage\"  class='template-page content  av-content-full alpha units'><div class='post-entry post-entry-type-page post-entry-251359'><div class='entry-content-wrapper clearfix'>\n\n<style type=\"text\/css\" data-created_by=\"avia_inline_auto\" id=\"style-css-av-hk5q6p1-f0c9396ecc1881d353550e332116d6a6\">\n.flex_column.av-hk5q6p1-f0c9396ecc1881d353550e332116d6a6{\nborder-radius:0px 0px 0px 0px;\npadding:0px 0px 0px 0px;\n}\n<\/style>\n<div  class='flex_column av-hk5q6p1-f0c9396ecc1881d353550e332116d6a6 av_two_third  avia-builder-el-1  avia-builder-el-no-sibling  first flex_column_div av-zero-column-padding  '     ><p>\n<style type=\"text\/css\" data-created_by=\"avia_inline_auto\" id=\"style-css-av-keo3tbjl-a84a08380c48ee302f8d3cc876aa4388\">\n#top .av-special-heading.av-keo3tbjl-a84a08380c48ee302f8d3cc876aa4388{\npadding-bottom:10px;\n}\nbody .av-special-heading.av-keo3tbjl-a84a08380c48ee302f8d3cc876aa4388 .av-special-heading-tag .heading-char{\nfont-size:25px;\n}\n.av-special-heading.av-keo3tbjl-a84a08380c48ee302f8d3cc876aa4388 .av-subheading{\nfont-size:26px;\n}\n\n@media only screen and (min-width: 768px) and (max-width: 989px){ \n#top #wrap_all .av-special-heading.av-keo3tbjl-a84a08380c48ee302f8d3cc876aa4388 .av-special-heading-tag{\nfont-size:45px;\n}\n}\n\n@media only screen and (min-width: 480px) and (max-width: 767px){ \n#top #wrap_all .av-special-heading.av-keo3tbjl-a84a08380c48ee302f8d3cc876aa4388 .av-special-heading-tag{\nfont-size:35px;\n}\n.av-special-heading.av-keo3tbjl-a84a08380c48ee302f8d3cc876aa4388 .av-subheading{\nfont-size:20px;\n}\n}\n\n@media only screen and (max-width: 479px){ \n#top #wrap_all .av-special-heading.av-keo3tbjl-a84a08380c48ee302f8d3cc876aa4388 .av-special-heading-tag{\nfont-size:30px;\n}\n.av-special-heading.av-keo3tbjl-a84a08380c48ee302f8d3cc876aa4388 .av-subheading{\nfont-size:18px;\n}\n}\n<\/style>\n<div  class='av-special-heading av-keo3tbjl-a84a08380c48ee302f8d3cc876aa4388 av-special-heading-h1 blockquote modern-quote  avia-builder-el-2  el_before_av_hr  avia-builder-el-first  av-linked-heading'><h1 class='av-special-heading-tag '  itemprop=\"headline\"  >Technical Sales ERP, 100% (w\/m\/d)<\/h1><div class='av-subheading av-subheading_below'><p>TimeLine Consulting SCHWEIZ AG, Raum Z\u00fcrich (Schweiz)<\/p>\n<\/div><div class=\"special-heading-border\"><div class=\"special-heading-inner-border\"><\/div><\/div><\/div><br \/>\n<div  class='hr av-k3r78fq2-828aae69f4d9189b9f1069d5a37e1e39 hr-default  avia-builder-el-3  el_after_av_heading  el_before_av_textblock '><span class='hr-inner '><span class=\"hr-inner-style\"><\/span><\/span><\/div><br \/>\n\n<style type=\"text\/css\" data-created_by=\"avia_inline_auto\" id=\"style-css-av-k3r70e9k-caec637304a026b1ea242e92571d755c\">\n#top .av_textblock_section.av-k3r70e9k-caec637304a026b1ea242e92571d755c .avia_textblock{\nfont-size:18px;\n}\n<\/style>\n<section  class='av_textblock_section av-k3r70e9k-caec637304a026b1ea242e92571d755c '   itemscope=\"itemscope\" itemtype=\"https:\/\/schema.org\/CreativeWork\" ><div class='avia_textblock'  itemprop=\"text\" ><div>\n<div>\n<p>Die TimeLine Gruppe ist eine ambitionierte, aufstrebende Unternehmensgruppe rund um das familiengef\u00fchrte Stammhaus, der Gebauer GmbH in Solingen. Wir entwickeln und vertreiben sehr erfolgreich unsere weltweit eingesetzte ERP-Software TimeLine\u00ae f\u00fcr kleine und mittel-st\u00e4ndische Industrie- und Handelsunternehmen. Unsere Gesellschaften und Partner mit Standorten in Deutschland, Luxemburg, Polen, Slowakei, Rum\u00e4nien, Bulgarien, Indien und den Niederlanden besch\u00e4ftigen rund 150 Mitarbeiter, die \u00fcber 1.000 Kunden mit mehr als 22.000 Installationen betreuen. Und wir wachsen stetig weiter.<\/p>\n<\/div>\n<div>\n<p>F\u00fcr unsere neue Unternehmung in Gr\u00fcndung in der Schweiz suchen wir unbefristet in Vollzeit eine\/n<\/p>\n<\/div>\n<\/div>\n<div><\/div>\n<div>\n<p><strong>Technical Sales ERP (w\/m\/d)<\/strong><\/p>\n<\/div>\n<\/div><\/section><br \/>\n<div  class='hr av-k3r78fq2-828aae69f4d9189b9f1069d5a37e1e39 hr-default  avia-builder-el-5  el_after_av_textblock  el_before_av_textblock '><span class='hr-inner '><span class=\"hr-inner-style\"><\/span><\/span><\/div><br \/>\n\n<style type=\"text\/css\" data-created_by=\"avia_inline_auto\" id=\"style-css-av-k3r70e9k-caec637304a026b1ea242e92571d755c\">\n#top .av_textblock_section.av-k3r70e9k-caec637304a026b1ea242e92571d755c .avia_textblock{\nfont-size:18px;\n}\n<\/style>\n<section  class='av_textblock_section av-k3r70e9k-caec637304a026b1ea242e92571d755c '   itemscope=\"itemscope\" itemtype=\"https:\/\/schema.org\/CreativeWork\" ><div class='avia_textblock'  itemprop=\"text\" ><p><strong>Deine Aufgaben:<\/strong><\/p>\n<ul>\n<li>Zentrale Ansprechperson f\u00fcr Schweizer Interessenten<\/li>\n<li>Enge Zusammenarbeit mit dem Sales &amp; Marketing Team des Headquarters zur Strategieentwicklung und Konzeption des Sales Cycles<\/li>\n<li>Aufbau und Pflege der Sales Pipeline f\u00fcr den Schweizer Raum<\/li>\n<li>Durchf\u00fchrung von TimeLine ERP Pr\u00e4sentationen (online oder vor Ort)<\/li>\n<li>Vertriebliche Unterst\u00fctzung bei on-site Workshops<\/li>\n<li>Pflege des hausinternen CRM-Systems<\/li>\n<li>Je nach Entwicklung, F\u00e4higkeiten und Interesse kann dein T\u00e4tigkeitsbereich weiter ausgebaut werden<\/li>\n<\/ul>\n<\/div><\/section><br \/>\n<div  class='hr av-54ytbkr-21ecf4471772126c6cd31ba7a8c32d33 hr-default  avia-builder-el-7  el_after_av_textblock  el_before_av_textblock '><span class='hr-inner '><span class=\"hr-inner-style\"><\/span><\/span><\/div><br \/>\n\n<style type=\"text\/css\" data-created_by=\"avia_inline_auto\" id=\"style-css-av-k3r74qz7-38381f93574b846a4bb6618d93e3e76b\">\n#top .av_textblock_section.av-k3r74qz7-38381f93574b846a4bb6618d93e3e76b .avia_textblock{\nfont-size:18px;\n}\n<\/style>\n<section  class='av_textblock_section av-k3r74qz7-38381f93574b846a4bb6618d93e3e76b '   itemscope=\"itemscope\" itemtype=\"https:\/\/schema.org\/CreativeWork\" ><div class='avia_textblock'  itemprop=\"text\" ><p><strong>Das bringst Du mit:<\/strong><\/p>\n<ul>\n<li>Du ben\u00f6tigst keinen spezifischen Abschluss. Die \u201eHunter-Mentalit\u00e4t\u201c eines Vertrieblers sollte dir jedoch im Blut liegen und die Themenbereiche ERP- und PPS sollten dir nicht fremd sein<\/li>\n<li>Mindestens 2 Jahre Berufserfahrung im Vertrieb von Business Software, idealerweise im Bereich ERP- und PPS-L\u00f6sungen<\/li>\n<li>Souver\u00e4nes &amp; professionelles Auftreten gegen\u00fcber Interessenten und Kunden<\/li>\n<li>Du verf\u00fcgst \u00fcber Pr\u00e4sentations- und Moderationsskills in Deutsch und Englisch<\/li>\n<li>Du verf\u00fcgst \u00fcber eine ausgepr\u00e4gte Team- und Kommunikationsf\u00e4higkeit<\/li>\n<\/ul>\n<\/div><\/section><br \/>\n\n<style type=\"text\/css\" data-created_by=\"avia_inline_auto\" id=\"style-css-av-k3r74qz7-38381f93574b846a4bb6618d93e3e76b\">\n#top .av_textblock_section.av-k3r74qz7-38381f93574b846a4bb6618d93e3e76b .avia_textblock{\nfont-size:18px;\n}\n<\/style>\n<section  class='av_textblock_section av-k3r74qz7-38381f93574b846a4bb6618d93e3e76b '   itemscope=\"itemscope\" itemtype=\"https:\/\/schema.org\/CreativeWork\" ><div class='avia_textblock'  itemprop=\"text\" ><p><strong>Das bieten wir Dir:<\/strong><\/p>\n<ul>\n<li>Bestes Arbeitsklima in einem jungen und motivierten Team mit flachen Hierarchien<\/li>\n<li>Kinderfreundliche Work-Life-Balance<\/li>\n<li>Eigenverantwortliches Arbeiten<\/li>\n<li>Variabler Gehaltsanteil \u2013 bei uns wird Leistung belohnt!<\/li>\n<li>Die Gelegenheit unsere noch junge TimeLine-Geschichte in der Schweiz ma\u00dfgeblich mitzupr\u00e4gen<\/li>\n<\/ul>\n<\/div><\/section><br \/>\n<div  class='hr av-k3r78fq2-828aae69f4d9189b9f1069d5a37e1e39 hr-default  avia-builder-el-10  el_after_av_textblock  el_before_av_textblock '><span class='hr-inner '><span class=\"hr-inner-style\"><\/span><\/span><\/div><br \/>\n\n<style type=\"text\/css\" data-created_by=\"avia_inline_auto\" id=\"style-css-av-k3r74qz7-38381f93574b846a4bb6618d93e3e76b\">\n#top .av_textblock_section.av-k3r74qz7-38381f93574b846a4bb6618d93e3e76b .avia_textblock{\nfont-size:18px;\n}\n<\/style>\n<section  class='av_textblock_section av-k3r74qz7-38381f93574b846a4bb6618d93e3e76b '   itemscope=\"itemscope\" itemtype=\"https:\/\/schema.org\/CreativeWork\" ><div class='avia_textblock'  itemprop=\"text\" ><div>\n<p>Alles Weitere erz\u00e4hlen wir Dir gerne in einem pers\u00f6nlichen Gespr\u00e4ch.<\/p>\n<\/div>\n<div>\n<p><b>Lust Teil der TimeLine Familie zu werden?<\/b><\/p>\n<\/div>\n<p>Dann sende deine aussagekr\u00e4ftige Bewerbung inkl. Motivationsschreiben, Lebenslauf, Referenzen, Gehaltsvorstellung und m\u00f6glichem Eintrittstermin an\u00a0 <a href=\"mailto:karriere@timeline-erp.ch\">karriere@timeline-erp.ch<\/a>.<\/p>\n<\/div><\/section><\/p><\/div>\n","protected":false},"excerpt":{"rendered":"","protected":false},"author":2,"featured_media":0,"parent":1669,"menu_order":0,"comment_status":"closed","ping_status":"closed","template":"","meta":{"footnotes":""},"class_list":["post-251359","page","type-page","status-publish","hentry"],"yoast_head":"<!-- This site is optimized with the Yoast SEO Premium plugin v25.6 (Yoast SEO v27.4) - https:\/\/yoast.com\/product\/yoast-seo-premium-wordpress\/ -->\n<title>Jobs | Technical Sales ERP, 100% (w\/m\/d) - TimeLine ERP<\/title>\n<meta name=\"robots\" content=\"index, follow, max-snippet:-1, max-image-preview:large, max-video-preview:-1\" \/>\n<link rel=\"canonical\" href=\"https:\/\/www.timeline-erp.com\/de\/karriere\/technical-sales-erp-schweiz\/\" \/>\n<meta property=\"og:locale\" content=\"de_DE\" \/>\n<meta property=\"og:type\" content=\"article\" \/>\n<meta property=\"og:title\" content=\"Jobs | Technical Sales ERP, 100% (w\/m\/d) - TimeLine ERP\" \/>\n<meta property=\"og:url\" content=\"https:\/\/www.timeline-erp.com\/de\/karriere\/technical-sales-erp-schweiz\/\" \/>\n<meta property=\"og:site_name\" content=\"TimeLine ERP DE\" \/>\n<meta property=\"article:publisher\" content=\"https:\/\/www.facebook.com\/TLBSGroup\" \/>\n<meta property=\"og:image\" content=\"https:\/\/www.timeline-erp.com\/de\/wp-content\/uploads\/sites\/9\/2023\/02\/Screen-Mockup-1500px-e1677246784116.png\" \/>\n\t<meta property=\"og:image:width\" content=\"1327\" \/>\n\t<meta property=\"og:image:height\" content=\"795\" \/>\n\t<meta property=\"og:image:type\" content=\"image\/png\" \/>\n<meta name=\"twitter:card\" content=\"summary_large_image\" \/>\n<meta name=\"twitter:label1\" content=\"Gesch\u00e4tzte Lesezeit\" \/>\n\t<meta name=\"twitter:data1\" content=\"4\u00a0Minuten\" \/>\n<script type=\"application\/ld+json\" class=\"yoast-schema-graph\">{\"@context\":\"https:\\\/\\\/schema.org\",\"@graph\":[{\"@type\":\"WebPage\",\"@id\":\"https:\\\/\\\/www.timeline-erp.com\\\/de\\\/karriere\\\/technical-sales-erp-schweiz\\\/\",\"url\":\"https:\\\/\\\/www.timeline-erp.com\\\/de\\\/karriere\\\/technical-sales-erp-schweiz\\\/\",\"name\":\"Jobs | Technical Sales ERP, 100% (w\\\/m\\\/d) - TimeLine ERP\",\"isPartOf\":{\"@id\":\"https:\\\/\\\/www.timeline-erp.com\\\/de\\\/#website\"},\"datePublished\":\"2022-02-21T10:33:20+00:00\",\"breadcrumb\":{\"@id\":\"https:\\\/\\\/www.timeline-erp.com\\\/de\\\/karriere\\\/technical-sales-erp-schweiz\\\/#breadcrumb\"},\"inLanguage\":\"de\",\"potentialAction\":[{\"@type\":\"ReadAction\",\"target\":[\"https:\\\/\\\/www.timeline-erp.com\\\/de\\\/karriere\\\/technical-sales-erp-schweiz\\\/\"]}]},{\"@type\":\"BreadcrumbList\",\"@id\":\"https:\\\/\\\/www.timeline-erp.com\\\/de\\\/karriere\\\/technical-sales-erp-schweiz\\\/#breadcrumb\",\"itemListElement\":[{\"@type\":\"ListItem\",\"position\":1,\"name\":\"Startseite\",\"item\":\"https:\\\/\\\/www.timeline-erp.com\\\/de\\\/\"},{\"@type\":\"ListItem\",\"position\":2,\"name\":\"Karriere\",\"item\":\"https:\\\/\\\/www.timeline-erp.com\\\/de\\\/karriere\\\/\"},{\"@type\":\"ListItem\",\"position\":3,\"name\":\"Technical Sales ERP, 100% (w\\\/m\\\/d)\"}]},{\"@type\":\"WebSite\",\"@id\":\"https:\\\/\\\/www.timeline-erp.com\\\/de\\\/#website\",\"url\":\"https:\\\/\\\/www.timeline-erp.com\\\/de\\\/\",\"name\":\"TimeLine ERP DE\",\"description\":\"\",\"publisher\":{\"@id\":\"https:\\\/\\\/www.timeline-erp.com\\\/de\\\/#organization\"},\"potentialAction\":[{\"@type\":\"SearchAction\",\"target\":{\"@type\":\"EntryPoint\",\"urlTemplate\":\"https:\\\/\\\/www.timeline-erp.com\\\/de\\\/?s={search_term_string}\"},\"query-input\":{\"@type\":\"PropertyValueSpecification\",\"valueRequired\":true,\"valueName\":\"search_term_string\"}}],\"inLanguage\":\"de\"},{\"@type\":\"Organization\",\"@id\":\"https:\\\/\\\/www.timeline-erp.com\\\/de\\\/#organization\",\"name\":\"TimeLine ERP DE\",\"url\":\"https:\\\/\\\/www.timeline-erp.com\\\/de\\\/\",\"logo\":{\"@type\":\"ImageObject\",\"inLanguage\":\"de\",\"@id\":\"https:\\\/\\\/www.timeline-erp.com\\\/de\\\/#\\\/schema\\\/logo\\\/image\\\/\",\"url\":\"https:\\\/\\\/www.timeline-erp.com\\\/de\\\/wp-content\\\/uploads\\\/sites\\\/9\\\/2022\\\/12\\\/TimLine-ERP_Logo.png\",\"contentUrl\":\"https:\\\/\\\/www.timeline-erp.com\\\/de\\\/wp-content\\\/uploads\\\/sites\\\/9\\\/2022\\\/12\\\/TimLine-ERP_Logo.png\",\"width\":340,\"height\":156,\"caption\":\"TimeLine ERP DE\"},\"image\":{\"@id\":\"https:\\\/\\\/www.timeline-erp.com\\\/de\\\/#\\\/schema\\\/logo\\\/image\\\/\"},\"sameAs\":[\"https:\\\/\\\/www.facebook.com\\\/TLBSGroup\"],\"description\":\"TimeLine ist eine ERP-Software f\u00fcr produzierende Unternehmen. Die moderne und innovative Software verwaltet alle Abteilungen und Prozesse von mittelst\u00e4ndischen Unternehmen, was zu effizienten betriebswirtschaftlichen Abl\u00e4ufen f\u00fchrt. Das ERP-System ist f\u00fcr mehrere Branchen spezialisiert: Kleine Unternehmen und Startups, Einzel- und Projektfertiger, Serienfertiger und Automotive-Betriebe, Gie\u00dfereien, Kunststoffverarbeiter, Oberfl\u00e4chenbearbeiter und Galvanik-Betriebe, Schraubenhersteller und Stanzbetriebe\",\"email\":\"info@timeline.de\",\"telephone\":\"+49212230350\",\"legalName\":\"Gebauer GmbH\",\"foundingDate\":\"1982-08-13\",\"vatID\":\"DE120958132\",\"numberOfEmployees\":{\"@type\":\"QuantitativeValue\",\"minValue\":\"51\",\"maxValue\":\"200\"}}]}<\/script>\n<!-- \/ Yoast SEO Premium plugin. -->","yoast_head_json":{"title":"Jobs | Technical Sales ERP, 100% (w\/m\/d) - TimeLine ERP","robots":{"index":"index","follow":"follow","max-snippet":"max-snippet:-1","max-image-preview":"max-image-preview:large","max-video-preview":"max-video-preview:-1"},"canonical":"https:\/\/www.timeline-erp.com\/de\/karriere\/technical-sales-erp-schweiz\/","og_locale":"de_DE","og_type":"article","og_title":"Jobs | Technical Sales ERP, 100% (w\/m\/d) - TimeLine ERP","og_url":"https:\/\/www.timeline-erp.com\/de\/karriere\/technical-sales-erp-schweiz\/","og_site_name":"TimeLine ERP DE","article_publisher":"https:\/\/www.facebook.com\/TLBSGroup","og_image":[{"width":1327,"height":795,"url":"https:\/\/www.timeline-erp.com\/de\/wp-content\/uploads\/sites\/9\/2023\/02\/Screen-Mockup-1500px-e1677246784116.png","type":"image\/png"}],"twitter_card":"summary_large_image","twitter_misc":{"Gesch\u00e4tzte Lesezeit":"4\u00a0Minuten"},"schema":{"@context":"https:\/\/schema.org","@graph":[{"@type":"WebPage","@id":"https:\/\/www.timeline-erp.com\/de\/karriere\/technical-sales-erp-schweiz\/","url":"https:\/\/www.timeline-erp.com\/de\/karriere\/technical-sales-erp-schweiz\/","name":"Jobs | Technical Sales ERP, 100% (w\/m\/d) - TimeLine ERP","isPartOf":{"@id":"https:\/\/www.timeline-erp.com\/de\/#website"},"datePublished":"2022-02-21T10:33:20+00:00","breadcrumb":{"@id":"https:\/\/www.timeline-erp.com\/de\/karriere\/technical-sales-erp-schweiz\/#breadcrumb"},"inLanguage":"de","potentialAction":[{"@type":"ReadAction","target":["https:\/\/www.timeline-erp.com\/de\/karriere\/technical-sales-erp-schweiz\/"]}]},{"@type":"BreadcrumbList","@id":"https:\/\/www.timeline-erp.com\/de\/karriere\/technical-sales-erp-schweiz\/#breadcrumb","itemListElement":[{"@type":"ListItem","position":1,"name":"Startseite","item":"https:\/\/www.timeline-erp.com\/de\/"},{"@type":"ListItem","position":2,"name":"Karriere","item":"https:\/\/www.timeline-erp.com\/de\/karriere\/"},{"@type":"ListItem","position":3,"name":"Technical Sales ERP, 100% (w\/m\/d)"}]},{"@type":"WebSite","@id":"https:\/\/www.timeline-erp.com\/de\/#website","url":"https:\/\/www.timeline-erp.com\/de\/","name":"TimeLine ERP DE","description":"","publisher":{"@id":"https:\/\/www.timeline-erp.com\/de\/#organization"},"potentialAction":[{"@type":"SearchAction","target":{"@type":"EntryPoint","urlTemplate":"https:\/\/www.timeline-erp.com\/de\/?s={search_term_string}"},"query-input":{"@type":"PropertyValueSpecification","valueRequired":true,"valueName":"search_term_string"}}],"inLanguage":"de"},{"@type":"Organization","@id":"https:\/\/www.timeline-erp.com\/de\/#organization","name":"TimeLine ERP DE","url":"https:\/\/www.timeline-erp.com\/de\/","logo":{"@type":"ImageObject","inLanguage":"de","@id":"https:\/\/www.timeline-erp.com\/de\/#\/schema\/logo\/image\/","url":"https:\/\/www.timeline-erp.com\/de\/wp-content\/uploads\/sites\/9\/2022\/12\/TimLine-ERP_Logo.png","contentUrl":"https:\/\/www.timeline-erp.com\/de\/wp-content\/uploads\/sites\/9\/2022\/12\/TimLine-ERP_Logo.png","width":340,"height":156,"caption":"TimeLine ERP DE"},"image":{"@id":"https:\/\/www.timeline-erp.com\/de\/#\/schema\/logo\/image\/"},"sameAs":["https:\/\/www.facebook.com\/TLBSGroup"],"description":"TimeLine ist eine ERP-Software f\u00fcr produzierende Unternehmen. Die moderne und innovative Software verwaltet alle Abteilungen und Prozesse von mittelst\u00e4ndischen Unternehmen, was zu effizienten betriebswirtschaftlichen Abl\u00e4ufen f\u00fchrt. Das ERP-System ist f\u00fcr mehrere Branchen spezialisiert: Kleine Unternehmen und Startups, Einzel- und Projektfertiger, Serienfertiger und Automotive-Betriebe, Gie\u00dfereien, Kunststoffverarbeiter, Oberfl\u00e4chenbearbeiter und Galvanik-Betriebe, Schraubenhersteller und Stanzbetriebe","email":"info@timeline.de","telephone":"+49212230350","legalName":"Gebauer GmbH","foundingDate":"1982-08-13","vatID":"DE120958132","numberOfEmployees":{"@type":"QuantitativeValue","minValue":"51","maxValue":"200"}}]}},"_links":{"self":[{"href":"https:\/\/www.timeline-erp.com\/de\/wp-json\/wp\/v2\/pages\/251359","targetHints":{"allow":["GET"]}}],"collection":[{"href":"https:\/\/www.timeline-erp.com\/de\/wp-json\/wp\/v2\/pages"}],"about":[{"href":"https:\/\/www.timeline-erp.com\/de\/wp-json\/wp\/v2\/types\/page"}],"author":[{"embeddable":true,"href":"https:\/\/www.timeline-erp.com\/de\/wp-json\/wp\/v2\/users\/2"}],"replies":[{"embeddable":true,"href":"https:\/\/www.timeline-erp.com\/de\/wp-json\/wp\/v2\/comments?post=251359"}],"version-history":[{"count":0,"href":"https:\/\/www.timeline-erp.com\/de\/wp-json\/wp\/v2\/pages\/251359\/revisions"}],"up":[{"embeddable":true,"href":"https:\/\/www.timeline-erp.com\/de\/wp-json\/wp\/v2\/pages\/1669"}],"wp:attachment":[{"href":"https:\/\/www.timeline-erp.com\/de\/wp-json\/wp\/v2\/media?parent=251359"}],"curies":[{"name":"wp","href":"https:\/\/api.w.org\/{rel}","templated":true}]}}