{"id":250057,"date":"2021-06-18T14:42:42","date_gmt":"2021-06-18T12:42:42","guid":{"rendered":"https:\/\/www.timeline-erp.de\/?page_id=250057"},"modified":"2024-10-24T16:46:19","modified_gmt":"2024-10-24T14:46:19","slug":"portal","status":"publish","type":"page","link":"https:\/\/www.timeline-erp.com\/de\/service-und-support\/portal\/","title":{"rendered":"Kunden- und Partnerportal"},"content":{"rendered":"","protected":true},"excerpt":{"rendered":"","protected":true},"author":2,"featured_media":0,"parent":241062,"menu_order":0,"comment_status":"closed","ping_status":"closed","template":"","meta":{"footnotes":""},"class_list":["post-250057","page","type-page","status-publish","post-password-required","hentry"],"yoast_head":"<!-- This site is optimized with the Yoast SEO Premium plugin v25.6 (Yoast SEO v27.5) - https:\/\/yoast.com\/product\/yoast-seo-premium-wordpress\/ -->\n<title>Kunden- und Partnerportal - TimeLine ERP<\/title>\n<meta name=\"robots\" content=\"noindex, nofollow\" \/>\n<meta property=\"og:locale\" content=\"de_DE\" \/>\n<meta property=\"og:type\" content=\"article\" \/>\n<meta property=\"og:title\" content=\"Kunden- und Partnerportal - TimeLine ERP\" \/>\n<meta property=\"og:description\" content=\"Es gibt keinen Textauszug, da dies ein gesch\u00fctzter Beitrag ist.\" \/>\n<meta property=\"og:url\" content=\"https:\/\/www.timeline-erp.com\/de\/service-und-support\/portal\/\" \/>\n<meta property=\"og:site_name\" content=\"TimeLine ERP DE\" \/>\n<meta property=\"article:publisher\" content=\"https:\/\/www.facebook.com\/TLBSGroup\" \/>\n<meta property=\"article:modified_time\" content=\"2024-10-24T14:46:19+00:00\" \/>\n<meta name=\"twitter:card\" content=\"summary_large_image\" \/>\n<meta name=\"twitter:label1\" content=\"Gesch\u00e4tzte Lesezeit\" \/>\n\t<meta name=\"twitter:data1\" content=\"3\u00a0Minuten\" \/>\n<script type=\"application\/ld+json\" class=\"yoast-schema-graph\">{\"@context\":\"https:\\\/\\\/schema.org\",\"@graph\":[{\"@type\":\"WebPage\",\"@id\":\"https:\\\/\\\/www.timeline-erp.com\\\/de\\\/service-und-support\\\/portal\\\/\",\"url\":\"https:\\\/\\\/www.timeline-erp.com\\\/de\\\/service-und-support\\\/portal\\\/\",\"name\":\"Kunden- und Partnerportal - TimeLine ERP\",\"isPartOf\":{\"@id\":\"https:\\\/\\\/www.timeline-erp.com\\\/de\\\/#website\"},\"datePublished\":\"2021-06-18T12:42:42+00:00\",\"dateModified\":\"2024-10-24T14:46:19+00:00\",\"breadcrumb\":{\"@id\":\"https:\\\/\\\/www.timeline-erp.com\\\/de\\\/service-und-support\\\/portal\\\/#breadcrumb\"},\"inLanguage\":\"de\"},{\"@type\":\"WebSite\",\"@id\":\"https:\\\/\\\/www.timeline-erp.com\\\/de\\\/#website\",\"url\":\"https:\\\/\\\/www.timeline-erp.com\\\/de\\\/\",\"name\":\"TimeLine ERP DE\",\"description\":\"\",\"publisher\":{\"@id\":\"https:\\\/\\\/www.timeline-erp.com\\\/de\\\/#organization\"},\"potentialAction\":[{\"@type\":\"SearchAction\",\"target\":{\"@type\":\"EntryPoint\",\"urlTemplate\":\"https:\\\/\\\/www.timeline-erp.com\\\/de\\\/?s={search_term_string}\"},\"query-input\":{\"@type\":\"PropertyValueSpecification\",\"valueRequired\":true,\"valueName\":\"search_term_string\"}}],\"inLanguage\":\"de\"},{\"@type\":\"Organization\",\"@id\":\"https:\\\/\\\/www.timeline-erp.com\\\/de\\\/#organization\",\"name\":\"TimeLine ERP DE\",\"url\":\"https:\\\/\\\/www.timeline-erp.com\\\/de\\\/\",\"logo\":{\"@type\":\"ImageObject\",\"inLanguage\":\"de\",\"@id\":\"https:\\\/\\\/www.timeline-erp.com\\\/de\\\/#\\\/schema\\\/logo\\\/image\\\/\",\"url\":\"https:\\\/\\\/www.timeline-erp.com\\\/de\\\/wp-content\\\/uploads\\\/sites\\\/9\\\/2022\\\/12\\\/TimLine-ERP_Logo.png\",\"contentUrl\":\"https:\\\/\\\/www.timeline-erp.com\\\/de\\\/wp-content\\\/uploads\\\/sites\\\/9\\\/2022\\\/12\\\/TimLine-ERP_Logo.png\",\"width\":340,\"height\":156,\"caption\":\"TimeLine ERP DE\"},\"image\":{\"@id\":\"https:\\\/\\\/www.timeline-erp.com\\\/de\\\/#\\\/schema\\\/logo\\\/image\\\/\"},\"sameAs\":[\"https:\\\/\\\/www.facebook.com\\\/TLBSGroup\"],\"description\":\"TimeLine ist eine ERP-Software f\u00fcr produzierende Unternehmen. Die moderne und innovative Software verwaltet alle Abteilungen und Prozesse von mittelst\u00e4ndischen Unternehmen, was zu effizienten betriebswirtschaftlichen Abl\u00e4ufen f\u00fchrt. Das ERP-System ist f\u00fcr mehrere Branchen spezialisiert: Kleine Unternehmen und Startups, Einzel- und Projektfertiger, Serienfertiger und Automotive-Betriebe, Gie\u00dfereien, Kunststoffverarbeiter, Oberfl\u00e4chenbearbeiter und Galvanik-Betriebe, Schraubenhersteller und Stanzbetriebe\",\"email\":\"info@timeline.de\",\"telephone\":\"+49212230350\",\"legalName\":\"Gebauer GmbH\",\"foundingDate\":\"1982-08-13\",\"vatID\":\"DE120958132\",\"numberOfEmployees\":{\"@type\":\"QuantitativeValue\",\"minValue\":\"51\",\"maxValue\":\"200\"}}]}<\/script>\n<!-- \/ Yoast SEO Premium plugin. -->","yoast_head_json":{"title":"Kunden- und Partnerportal - TimeLine ERP","robots":{"index":"noindex","follow":"nofollow"},"og_locale":"de_DE","og_type":"article","og_title":"Kunden- und Partnerportal - TimeLine ERP","og_description":"Es gibt keinen Textauszug, da dies ein gesch\u00fctzter Beitrag ist.","og_url":"https:\/\/www.timeline-erp.com\/de\/service-und-support\/portal\/","og_site_name":"TimeLine ERP DE","article_publisher":"https:\/\/www.facebook.com\/TLBSGroup","article_modified_time":"2024-10-24T14:46:19+00:00","twitter_card":"summary_large_image","twitter_misc":{"Gesch\u00e4tzte Lesezeit":"3\u00a0Minuten"},"schema":{"@context":"https:\/\/schema.org","@graph":[{"@type":"WebPage","@id":"https:\/\/www.timeline-erp.com\/de\/service-und-support\/portal\/","url":"https:\/\/www.timeline-erp.com\/de\/service-und-support\/portal\/","name":"Kunden- und Partnerportal - TimeLine ERP","isPartOf":{"@id":"https:\/\/www.timeline-erp.com\/de\/#website"},"datePublished":"2021-06-18T12:42:42+00:00","dateModified":"2024-10-24T14:46:19+00:00","breadcrumb":{"@id":"https:\/\/www.timeline-erp.com\/de\/service-und-support\/portal\/#breadcrumb"},"inLanguage":"de"},{"@type":"WebSite","@id":"https:\/\/www.timeline-erp.com\/de\/#website","url":"https:\/\/www.timeline-erp.com\/de\/","name":"TimeLine ERP DE","description":"","publisher":{"@id":"https:\/\/www.timeline-erp.com\/de\/#organization"},"potentialAction":[{"@type":"SearchAction","target":{"@type":"EntryPoint","urlTemplate":"https:\/\/www.timeline-erp.com\/de\/?s={search_term_string}"},"query-input":{"@type":"PropertyValueSpecification","valueRequired":true,"valueName":"search_term_string"}}],"inLanguage":"de"},{"@type":"Organization","@id":"https:\/\/www.timeline-erp.com\/de\/#organization","name":"TimeLine ERP DE","url":"https:\/\/www.timeline-erp.com\/de\/","logo":{"@type":"ImageObject","inLanguage":"de","@id":"https:\/\/www.timeline-erp.com\/de\/#\/schema\/logo\/image\/","url":"https:\/\/www.timeline-erp.com\/de\/wp-content\/uploads\/sites\/9\/2022\/12\/TimLine-ERP_Logo.png","contentUrl":"https:\/\/www.timeline-erp.com\/de\/wp-content\/uploads\/sites\/9\/2022\/12\/TimLine-ERP_Logo.png","width":340,"height":156,"caption":"TimeLine ERP DE"},"image":{"@id":"https:\/\/www.timeline-erp.com\/de\/#\/schema\/logo\/image\/"},"sameAs":["https:\/\/www.facebook.com\/TLBSGroup"],"description":"TimeLine ist eine ERP-Software f\u00fcr produzierende Unternehmen. Die moderne und innovative Software verwaltet alle Abteilungen und Prozesse von mittelst\u00e4ndischen Unternehmen, was zu effizienten betriebswirtschaftlichen Abl\u00e4ufen f\u00fchrt. Das ERP-System ist f\u00fcr mehrere Branchen spezialisiert: Kleine Unternehmen und Startups, Einzel- und Projektfertiger, Serienfertiger und Automotive-Betriebe, Gie\u00dfereien, Kunststoffverarbeiter, Oberfl\u00e4chenbearbeiter und Galvanik-Betriebe, Schraubenhersteller und Stanzbetriebe","email":"info@timeline.de","telephone":"+49212230350","legalName":"Gebauer GmbH","foundingDate":"1982-08-13","vatID":"DE120958132","numberOfEmployees":{"@type":"QuantitativeValue","minValue":"51","maxValue":"200"}}]}},"_links":{"self":[{"href":"https:\/\/www.timeline-erp.com\/de\/wp-json\/wp\/v2\/pages\/250057","targetHints":{"allow":["GET"]}}],"collection":[{"href":"https:\/\/www.timeline-erp.com\/de\/wp-json\/wp\/v2\/pages"}],"about":[{"href":"https:\/\/www.timeline-erp.com\/de\/wp-json\/wp\/v2\/types\/page"}],"author":[{"embeddable":true,"href":"https:\/\/www.timeline-erp.com\/de\/wp-json\/wp\/v2\/users\/2"}],"replies":[{"embeddable":true,"href":"https:\/\/www.timeline-erp.com\/de\/wp-json\/wp\/v2\/comments?post=250057"}],"version-history":[{"count":5,"href":"https:\/\/www.timeline-erp.com\/de\/wp-json\/wp\/v2\/pages\/250057\/revisions"}],"predecessor-version":[{"id":258049,"href":"https:\/\/www.timeline-erp.com\/de\/wp-json\/wp\/v2\/pages\/250057\/revisions\/258049"}],"up":[{"embeddable":true,"href":"https:\/\/www.timeline-erp.com\/de\/wp-json\/wp\/v2\/pages\/241062"}],"wp:attachment":[{"href":"https:\/\/www.timeline-erp.com\/de\/wp-json\/wp\/v2\/media?parent=250057"}],"curies":[{"name":"wp","href":"https:\/\/api.w.org\/{rel}","templated":true}]}}