{"id":248255,"date":"2020-09-04T12:38:06","date_gmt":"2020-09-04T10:38:06","guid":{"rendered":"https:\/\/www.timeline-erp.de\/?page_id=248255"},"modified":"2020-09-04T12:38:06","modified_gmt":"2020-09-04T10:38:06","slug":"softwareentwickler-in-c-sharp","status":"publish","type":"page","link":"https:\/\/www.timeline-erp.com\/de\/karriere\/softwareentwickler-in-c-sharp\/","title":{"rendered":"Softwareentwickler\/-in C# (m\/w\/d)"},"content":{"rendered":"<div id='av_section_1'  class='avia-section av-mqub78l-cc1c48dbc9302a33e648121fa52fa9ec main_color avia-section-default avia-no-border-styling  avia-builder-el-0  avia-builder-el-no-sibling  avia-bg-style-scroll container_wrap fullsize'  ><div class='container av-section-cont-open' ><main  role=\"main\" itemprop=\"mainContentOfPage\"  class='template-page content  av-content-full alpha units'><div class='post-entry post-entry-type-page post-entry-248255'><div class='entry-content-wrapper clearfix'>\n\n<style type=\"text\/css\" data-created_by=\"avia_inline_auto\" id=\"style-css-av-hk5q6p1-f0c9396ecc1881d353550e332116d6a6\">\n.flex_column.av-hk5q6p1-f0c9396ecc1881d353550e332116d6a6{\nborder-radius:0px 0px 0px 0px;\npadding:0px 0px 0px 0px;\n}\n<\/style>\n<div  class='flex_column av-hk5q6p1-f0c9396ecc1881d353550e332116d6a6 av_two_third  avia-builder-el-1  el_before_av_one_third  avia-builder-el-first  first flex_column_div av-zero-column-padding  '     ><p>\n<style type=\"text\/css\" data-created_by=\"avia_inline_auto\" id=\"style-css-av-keo3tbjl-3b067933c1f7b6731d53a40c596cc385\">\n#top .av-special-heading.av-keo3tbjl-3b067933c1f7b6731d53a40c596cc385{\npadding-bottom:10px;\n}\nbody .av-special-heading.av-keo3tbjl-3b067933c1f7b6731d53a40c596cc385 .av-special-heading-tag .heading-char{\nfont-size:25px;\n}\n.av-special-heading.av-keo3tbjl-3b067933c1f7b6731d53a40c596cc385 .av-subheading{\nfont-size:26px;\n}\n\n@media only screen and (min-width: 768px) and (max-width: 989px){ \n#top #wrap_all .av-special-heading.av-keo3tbjl-3b067933c1f7b6731d53a40c596cc385 .av-special-heading-tag{\nfont-size:45px;\n}\n}\n\n@media only screen and (min-width: 480px) and (max-width: 767px){ \n#top #wrap_all .av-special-heading.av-keo3tbjl-3b067933c1f7b6731d53a40c596cc385 .av-special-heading-tag{\nfont-size:35px;\n}\n.av-special-heading.av-keo3tbjl-3b067933c1f7b6731d53a40c596cc385 .av-subheading{\nfont-size:20px;\n}\n}\n\n@media only screen and (max-width: 479px){ \n#top #wrap_all .av-special-heading.av-keo3tbjl-3b067933c1f7b6731d53a40c596cc385 .av-special-heading-tag{\nfont-size:30px;\n}\n.av-special-heading.av-keo3tbjl-3b067933c1f7b6731d53a40c596cc385 .av-subheading{\nfont-size:18px;\n}\n}\n<\/style>\n<div  class='av-special-heading av-keo3tbjl-3b067933c1f7b6731d53a40c596cc385 av-special-heading-h1 blockquote modern-quote  avia-builder-el-2  el_before_av_hr  avia-builder-el-first  av-linked-heading'><h1 class='av-special-heading-tag '  itemprop=\"headline\"  >Softwareentwickler\/-in C# (m\/w\/d)<\/h1><div class='av-subheading av-subheading_below'><p>Gebauer GmbH, Solingen, NRW<\/p>\n<\/div><div class=\"special-heading-border\"><div class=\"special-heading-inner-border\"><\/div><\/div><\/div><br \/>\n<div  class='hr av-k3r78fq2-828aae69f4d9189b9f1069d5a37e1e39 hr-default  avia-builder-el-3  el_after_av_heading  el_before_av_textblock '><span class='hr-inner '><span class=\"hr-inner-style\"><\/span><\/span><\/div><br \/>\n\n<style type=\"text\/css\" data-created_by=\"avia_inline_auto\" id=\"style-css-av-k3r70e9k-ed4d60f0e5ca68084d5d2985fbea326b\">\n#top .av_textblock_section.av-k3r70e9k-ed4d60f0e5ca68084d5d2985fbea326b .avia_textblock{\nfont-size:18px;\n}\n<\/style>\n<section  class='av_textblock_section av-k3r70e9k-ed4d60f0e5ca68084d5d2985fbea326b '   itemscope=\"itemscope\" itemtype=\"https:\/\/schema.org\/CreativeWork\" ><div class='avia_textblock'  itemprop=\"text\" ><p>Die Gebauer GmbH ist ein erfolgreiches, aufstrebendes Familienunternehmen und zugleich f\u00fchrender Teil der TimeLine\u00ae Business Solutions Group. Wir entwickeln und vertreiben sehr erfolgreich unsere weltweit eingesetzte ERP-Software TimeLine\u00ae f\u00fcr kleine und mittel-st\u00e4ndische Industrie- und Handelsunternehmen. Unsere Gesellschaften und Partner mit Standorten in Deutschland, Luxemburg, Polen, Slowakei, Rum\u00e4nien, Bulgarien, Indien und den Niederlanden besch\u00e4ftigen rund 150 Mitarbeiter, die \u00fcber 1.000 Kunden mit mehr als 22.000 Installationen betreuen. Und wir wachsen weiter.<\/p>\n<p>Deshalb suchen wir unbefristet in Vollzeit f\u00fcr unseren Stammsitz in Solingen einen<\/p>\n<p style=\"text-align: left\"><strong>Softwareentwickler\/-in C# (m\/w\/d)<\/strong><\/p>\n<\/div><\/section><br \/>\n\n<style type=\"text\/css\" data-created_by=\"avia_inline_auto\" id=\"style-css-av-k3r70e9k-ed4d60f0e5ca68084d5d2985fbea326b\">\n#top .av_textblock_section.av-k3r70e9k-ed4d60f0e5ca68084d5d2985fbea326b .avia_textblock{\nfont-size:18px;\n}\n<\/style>\n<section  class='av_textblock_section av-k3r70e9k-ed4d60f0e5ca68084d5d2985fbea326b '   itemscope=\"itemscope\" itemtype=\"https:\/\/schema.org\/CreativeWork\" ><div class='avia_textblock'  itemprop=\"text\" ><p>Deine Aufgaben in unserer Entwicklung sind vielseitig und abwechslungsreich:<\/p>\n<p>Im Team entwickelst Du Schnittstellen und Anpassungen f\u00fcr eine komplexe Client-Server-Applikation. Du realisierst ein Projekt vom Konzept, der Planung, der Programmierung bis zur Einf\u00fchrung und anschlie\u00dfenden Wartung. Auf Basis von Kundenanforderungen entwickelst oder optimierst Du Gesch\u00e4ftsprozesse und kannst die Konzepte anschlie\u00dfend selbstst\u00e4ndig umsetzen.<\/p>\n<\/div><\/section><br \/>\n<div  class='hr av-k3r78fq2-828aae69f4d9189b9f1069d5a37e1e39 hr-default  avia-builder-el-6  el_after_av_textblock  el_before_av_textblock '><span class='hr-inner '><span class=\"hr-inner-style\"><\/span><\/span><\/div><br \/>\n\n<style type=\"text\/css\" data-created_by=\"avia_inline_auto\" id=\"style-css-av-k3r74qz7-75308d641fb317a7ce9dcce8a7579b23\">\n#top .av_textblock_section.av-k3r74qz7-75308d641fb317a7ce9dcce8a7579b23 .avia_textblock{\nfont-size:18px;\n}\n<\/style>\n<section  class='av_textblock_section av-k3r74qz7-75308d641fb317a7ce9dcce8a7579b23 '   itemscope=\"itemscope\" itemtype=\"https:\/\/schema.org\/CreativeWork\" ><div class='avia_textblock'  itemprop=\"text\" ><p><strong>Das bringst Du mit:<\/strong><\/p>\n<ul>\n<li>Studium oder Ausbildung im IT-Beruf<\/li>\n<li>Erfahrungen in der Softwareentwicklung<\/li>\n<li>Beherrschen von Visual Studio und C#<\/li>\n<li>Vertrautheit mit den .NET-Werkzeugen<\/li>\n<li>Routine mit Interfaces und Design-Patterns<\/li>\n<li>Sprachkenntnisse in Deutsch und Englisch<\/li>\n<li>Reisebereitschaft und F\u00fchrerschein Klasse B<\/li>\n<li>F\u00e4higkeit zur schnellen Einarbeitung in produktive ERP-Systeme<\/li>\n<\/ul>\n<\/div><\/section><br \/>\n\n<style type=\"text\/css\" data-created_by=\"avia_inline_auto\" id=\"style-css-av-k3r74qz7-75308d641fb317a7ce9dcce8a7579b23\">\n#top .av_textblock_section.av-k3r74qz7-75308d641fb317a7ce9dcce8a7579b23 .avia_textblock{\nfont-size:18px;\n}\n<\/style>\n<section  class='av_textblock_section av-k3r74qz7-75308d641fb317a7ce9dcce8a7579b23 '   itemscope=\"itemscope\" itemtype=\"https:\/\/schema.org\/CreativeWork\" ><div class='avia_textblock'  itemprop=\"text\" ><p><strong>Das bieten wir Dir:<\/strong><\/p>\n<ul>\n<li>ausgezeichnetes Arbeitsklima<\/li>\n<li>modernste B\u00fcroausstattung<\/li>\n<li>eigenverantwortliches Arbeiten<\/li>\n<li>erholsame 30 Tage Urlaub<\/li>\n<li>kostenlose Kaltgetr\u00e4nke und Kaffee-Bar<\/li>\n<li>geschmackvolle K\u00fcche und Lounge<\/li>\n<li>spannende Firmen-Events<\/li>\n<li>pers\u00f6nliches Mitwachsen in einem aufstrebenden Unternehmen<\/li>\n<\/ul>\n<\/div><\/section><br \/>\n<div  class='hr av-k3r78fq2-828aae69f4d9189b9f1069d5a37e1e39 hr-default  avia-builder-el-9  el_after_av_textblock  el_before_av_textblock '><span class='hr-inner '><span class=\"hr-inner-style\"><\/span><\/span><\/div><br \/>\n\n<style type=\"text\/css\" data-created_by=\"avia_inline_auto\" id=\"style-css-av-k3r74qz7-75308d641fb317a7ce9dcce8a7579b23\">\n#top .av_textblock_section.av-k3r74qz7-75308d641fb317a7ce9dcce8a7579b23 .avia_textblock{\nfont-size:18px;\n}\n<\/style>\n<section  class='av_textblock_section av-k3r74qz7-75308d641fb317a7ce9dcce8a7579b23 '   itemscope=\"itemscope\" itemtype=\"https:\/\/schema.org\/CreativeWork\" ><div class='avia_textblock'  itemprop=\"text\" ><p>Bitte sende Deine Bewerbung ausschlie\u00dflich digital und in einer einzigen PDF-Datei mit Anschreiben, Lebenslauf und Zeugnissen an <a href=\"mailto:karriere@timeline.de\">karriere@timeline.de<\/a>. Aus Deinen Unterlagen sollte hervorgehen, was Dich f\u00fcr die Aufgabe begeistert und \u00fcber welche Erfahrungen Du in der Entwicklung bereits verf\u00fcgst.<\/p>\n<p>Lade die Stellenanzeige als PDF herunter: <a href=\"https:\/\/www.timeline-erp.com\/de\/wp-content\/uploads\/sites\/9\/2024\/03\/Stellenanzeige-Softwareentwickler_in-C.pdf\">Hier geht es zum Download<\/a><\/p>\n<\/div><\/section><\/p><\/div>\n<style type=\"text\/css\" data-created_by=\"avia_inline_auto\" id=\"style-css-av-cdn3i79-bedf2e10688663baa10752cba973caef\">\n.flex_column.av-cdn3i79-bedf2e10688663baa10752cba973caef{\nborder-radius:0px 0px 0px 0px;\npadding:20px 20px 20px 20px;\nbackground-color:#f6f7f8;\n}\n<\/style>\n<div  class='flex_column av-cdn3i79-bedf2e10688663baa10752cba973caef av_one_third  avia-builder-el-11  el_after_av_two_third  avia-builder-el-last  flex_column_div  '     ><p>\n<style type=\"text\/css\" data-created_by=\"avia_inline_auto\" id=\"style-css-av-k3r7dyyf-c29fbde1c4b0844270b8d73672e994c1\">\n.avia-image-container.av-k3r7dyyf-c29fbde1c4b0844270b8d73672e994c1 img.avia_image{\nbox-shadow:none;\n}\n.avia-image-container.av-k3r7dyyf-c29fbde1c4b0844270b8d73672e994c1 .av-image-caption-overlay-center{\ncolor:#ffffff;\n}\n<\/style>\n<div  class='avia-image-container av-k3r7dyyf-c29fbde1c4b0844270b8d73672e994c1 av-styling- avia-align-center  avia-builder-el-12  el_before_av_heading  avia-builder-el-first '   itemprop=\"image\" itemscope=\"itemscope\" itemtype=\"https:\/\/schema.org\/ImageObject\" ><div class=\"avia-image-container-inner\"><div class=\"avia-image-overlay-wrap\"><img decoding=\"async\" fetchpriority=\"high\" class='wp-image- avia-img-lazy-loading-not- avia_image ' src=\"https:\/\/www.timeline-erp.com\/de\/wp-content\/uploads\/sites\/9\/2024\/03\/Solingen_Wappen.gif\" alt='' title=''   itemprop=\"thumbnailUrl\"  \/><\/div><\/div><\/div><br \/>\n\n<style type=\"text\/css\" data-created_by=\"avia_inline_auto\" id=\"style-css-av-d3fvtxb-55c11e75023b6a652cf4ebc5776462c3\">\n#top .av-special-heading.av-d3fvtxb-55c11e75023b6a652cf4ebc5776462c3{\npadding-bottom:10px;\n}\nbody .av-special-heading.av-d3fvtxb-55c11e75023b6a652cf4ebc5776462c3 .av-special-heading-tag .heading-char{\nfont-size:25px;\n}\n.av-special-heading.av-d3fvtxb-55c11e75023b6a652cf4ebc5776462c3 .av-subheading{\nfont-size:15px;\n}\n<\/style>\n<div  class='av-special-heading av-d3fvtxb-55c11e75023b6a652cf4ebc5776462c3 av-special-heading-h3 blockquote modern-quote modern-centered  avia-builder-el-13  el_after_av_image  el_before_av_textblock  av-thin-font av-linked-heading'><h3 class='av-special-heading-tag '  itemprop=\"headline\"  ><strong>Die Klingenstadt Solingen<\/strong><\/h3><div class=\"special-heading-border\"><div class=\"special-heading-inner-border\"><\/div><\/div><\/div><br \/>\n<section  class='av_textblock_section av-k3r7nr4j-e31e713b2956eb30ff376296c65bc002 '   itemscope=\"itemscope\" itemtype=\"https:\/\/schema.org\/CreativeWork\" ><div class='avia_textblock'  itemprop=\"text\" ><p style=\"text-align: center\">Du willst etwas \u00fcber Solingen erfahren?\u00a0Dann schau dich mal <a href=\"https:\/\/www.solingen.de\/marketing\/\" target=\"_blank\" rel=\"noopener\">hier<\/a> um.<\/p>\n<\/div><\/section><br \/>\n<div  class='av_gmaps_sc_main_wrap av_gmaps_main_wrap '><div id='av_gmap_0' class='avia-google-map-container av_gmaps_show_delayed avia-google-map-sc  av-no-fallback-img ' data-mapid='av_gmap_0'  style='height: 400px;'><a class=\"av_gmaps_browser_disabled av_text_confirm_link av_text_confirm_link_visible\" href=\"https:\/\/www.google.com\/maps\/search\/?api=1&#038;query=Obere%20Dammstra\u00dfe%208-10%2042653%20Solingen\" target=\"_blank\">Aufgrund deiner Datenschutz-Einstellungen k\u00f6nnen wir Ihnen die Karte nicht anzeigen. Klicken Sie hier, um die Karte in einem neuen Fenster zu \u00f6ffnen.<\/a><a class=\"av_text_confirm_link brlbs-unblock-google-maps-enfold\" style=\"display:none\"><\/a> <div class=\"brlbs-cmpnt-container brlbs-cmpnt-content-blocker brlbs-cmpnt-with-individual-styles\" data-borlabs-cookie-content-blocker-id=\"google-maps-enfold\" data-borlabs-cookie-content=\"PGRpdiAgY2xhc3M9J2F2X2dtYXBzX3NjX21haW5fd3JhcCBhdl9nbWFwc19tYWluX3dyYXAgJz48ZGl2IGlkPSdhdl9nbWFwXzAnIGNsYXNzPSdhdmlhLWdvb2dsZS1tYXAtY29udGFpbmVyIGF2X2dtYXBzX3Nob3dfZGVsYXllZCBhdmlhLWdvb2dsZS1tYXAtc2MgIGF2LW5vLWZhbGxiYWNrLWltZyAnIGRhdGEtbWFwaWQ9J2F2X2dtYXBfMCcgIHN0eWxlPSdoZWlnaHQ6IDQwMHB4Oyc+PGEgY2xhc3M9ImF2X2dtYXBzX2Jyb3dzZXJfZGlzYWJsZWQgYXZfdGV4dF9jb25maXJtX2xpbmsgYXZfdGV4dF9jb25maXJtX2xpbmtfdmlzaWJsZSIgaHJlZj0iaHR0cHM6Ly93d3cuZ29vZ2xlLmNvbS9tYXBzL3NlYXJjaC8\/YXBpPTEmIzAzODtxdWVyeT1PYmVyZSUyMERhbW1zdHJhw59lJTIwOC0xMCUyMDQyNjUzJTIwU29saW5nZW4iIHRhcmdldD0iX2JsYW5rIj5BdWZncnVuZCBkZWluZXIgRGF0ZW5zY2h1dHotRWluc3RlbGx1bmdlbiBrw7ZubmVuIHdpciBJaG5lbiBkaWUgS2FydGUgbmljaHQgYW56ZWlnZW4uIEtsaWNrZW4gU2llIGhpZXIsIHVtIGRpZSBLYXJ0ZSBpbiBlaW5lbSBuZXVlbiBGZW5zdGVyIHp1IMO2ZmZuZW4uPC9hPjwvZGl2PjwvZGl2Pg==\"><div class=\"brlbs-cmpnt-cb-preset-b brlbs-cmpnt-cb-google-maps-enfold\"> <div class=\"brlbs-cmpnt-cb-thumbnail\" style=\"background-image: url('https:\/\/www.timeline-erp.com\/de\/wp-content\/uploads\/borlabs-cookie\/9\/brlbs-cb-google-maps-main.png')\"><\/div> <div class=\"brlbs-cmpnt-cb-main\"> <div class=\"brlbs-cmpnt-cb-content\"> <p class=\"brlbs-cmpnt-cb-description\">Sie sehen gerade einen Platzhalterinhalt von <strong>Google Maps<\/strong>. Um auf den eigentlichen Inhalt zuzugreifen, klicken Sie auf die Schaltfl\u00e4che unten. Bitte beachten Sie, dass dabei Daten an Drittanbieter weitergegeben werden.<\/p> <a class=\"brlbs-cmpnt-cb-provider-toggle\" href=\"#\" data-borlabs-cookie-show-provider-information role=\"button\">Mehr Informationen<\/a> <\/div> <div class=\"brlbs-cmpnt-cb-buttons\"> <a class=\"brlbs-cmpnt-cb-btn\" href=\"#\" data-borlabs-cookie-unblock role=\"button\">Inhalt entsperren<\/a> <a class=\"brlbs-cmpnt-cb-btn\" href=\"#\" data-borlabs-cookie-accept-service role=\"button\" style=\"display: inherit\">Erforderlichen Service akzeptieren und Inhalte entsperren<\/a> <\/div> <\/div> <\/div><\/div><\/div><\/div><br \/>\n<div  class='hr av-k3r78fq2-828aae69f4d9189b9f1069d5a37e1e39 hr-default  avia-builder-el-16  el_after_av_google_map  el_before_av_heading  avia-builder-el-first '><span class='hr-inner '><span class=\"hr-inner-style\"><\/span><\/span><\/div><br \/>\n\n<style type=\"text\/css\" data-created_by=\"avia_inline_auto\" id=\"style-css-av-7yieri7-f232a7ee7f4db7ba6b59c69d0c3a50ee\">\n#top .av-special-heading.av-7yieri7-f232a7ee7f4db7ba6b59c69d0c3a50ee{\npadding-bottom:10px;\nfont-size:22px;\n}\nbody .av-special-heading.av-7yieri7-f232a7ee7f4db7ba6b59c69d0c3a50ee .av-special-heading-tag .heading-char{\nfont-size:25px;\n}\n#top #wrap_all .av-special-heading.av-7yieri7-f232a7ee7f4db7ba6b59c69d0c3a50ee .av-special-heading-tag{\nfont-size:22px;\n}\n.av-special-heading.av-7yieri7-f232a7ee7f4db7ba6b59c69d0c3a50ee .av-subheading{\nfont-size:16px;\n}\n\n@media only screen and (min-width: 480px) and (max-width: 767px){ \n#top #wrap_all .av-special-heading.av-7yieri7-f232a7ee7f4db7ba6b59c69d0c3a50ee .av-special-heading-tag{\nfont-size:0.8em;\n}\n}\n\n@media only screen and (max-width: 479px){ \n#top #wrap_all .av-special-heading.av-7yieri7-f232a7ee7f4db7ba6b59c69d0c3a50ee .av-special-heading-tag{\nfont-size:0.8em;\n}\n}\n<\/style>\n<div  class='av-special-heading av-7yieri7-f232a7ee7f4db7ba6b59c69d0c3a50ee av-special-heading-h6 blockquote modern-quote modern-centered  avia-builder-el-17  el_after_av_hr  el_before_av_button  av-inherit-size av-linked-heading'><h6 class='av-special-heading-tag '  itemprop=\"headline\"  >Nicht die richtige Stelle f\u00fcr dich?<\/h6><div class='av-subheading av-subheading_below'><p>Dann schau dir unsere anderen freien Stellen an oder schicke uns deine Initiativbewerbung.<\/p>\n<\/div><div class=\"special-heading-border\"><div class=\"special-heading-inner-border\"><\/div><\/div><\/div><br \/>\n<div  class='avia-button-wrap av-k3txdr87-f104a6022ce5f61b0bbafa6ea50412c5-wrap avia-button-center  avia-builder-el-18  el_after_av_heading  avia-builder-el-last '><a href='\/karriere\/#offene-stellen'  class='avia-button av-k3txdr87-f104a6022ce5f61b0bbafa6ea50412c5 av-link-btn avia-icon_select-no avia-size-large avia-position-center avia-color-theme-color'   aria-label=\"offene Stellen\"><span class='avia_iconbox_title' >offene Stellen<\/span><\/a><\/div><\/p><\/div>\n","protected":false},"excerpt":{"rendered":"","protected":false},"author":2,"featured_media":0,"parent":1669,"menu_order":0,"comment_status":"closed","ping_status":"closed","template":"","meta":{"footnotes":""},"class_list":["post-248255","page","type-page","status-publish","hentry"],"yoast_head":"<!-- This site is optimized with the Yoast SEO Premium plugin v25.6 (Yoast SEO v27.5) - https:\/\/yoast.com\/product\/yoast-seo-premium-wordpress\/ -->\n<title>Jobs | Softwareentwickler\/-in C# (m\/w\/d) - TimeLine ERP<\/title>\n<meta name=\"robots\" content=\"index, follow, max-snippet:-1, max-image-preview:large, max-video-preview:-1\" \/>\n<link rel=\"canonical\" href=\"https:\/\/www.timeline-erp.com\/de\/karriere\/softwareentwickler-in-c-sharp\/\" \/>\n<meta property=\"og:locale\" content=\"de_DE\" \/>\n<meta property=\"og:type\" content=\"article\" \/>\n<meta property=\"og:title\" content=\"Jobs | Softwareentwickler\/-in C# (m\/w\/d) - TimeLine ERP\" \/>\n<meta property=\"og:url\" content=\"https:\/\/www.timeline-erp.com\/de\/karriere\/softwareentwickler-in-c-sharp\/\" \/>\n<meta property=\"og:site_name\" content=\"TimeLine ERP DE\" \/>\n<meta property=\"article:publisher\" content=\"https:\/\/www.facebook.com\/TLBSGroup\" \/>\n<meta property=\"og:image\" content=\"https:\/\/www.timeline-erp.com\/de\/wp-content\/uploads\/sites\/9\/2023\/02\/Screen-Mockup-1500px-e1677246784116.png\" \/>\n\t<meta property=\"og:image:width\" content=\"1327\" \/>\n\t<meta property=\"og:image:height\" content=\"795\" \/>\n\t<meta property=\"og:image:type\" content=\"image\/png\" \/>\n<meta name=\"twitter:card\" content=\"summary_large_image\" \/>\n<meta name=\"twitter:label1\" content=\"Gesch\u00e4tzte Lesezeit\" \/>\n\t<meta name=\"twitter:data1\" content=\"9\u00a0Minuten\" \/>\n<script type=\"application\/ld+json\" class=\"yoast-schema-graph\">{\"@context\":\"https:\\\/\\\/schema.org\",\"@graph\":[{\"@type\":\"WebPage\",\"@id\":\"https:\\\/\\\/www.timeline-erp.com\\\/de\\\/karriere\\\/softwareentwickler-in-c-sharp\\\/\",\"url\":\"https:\\\/\\\/www.timeline-erp.com\\\/de\\\/karriere\\\/softwareentwickler-in-c-sharp\\\/\",\"name\":\"Jobs | Softwareentwickler\\\/-in C# (m\\\/w\\\/d) - TimeLine ERP\",\"isPartOf\":{\"@id\":\"https:\\\/\\\/www.timeline-erp.com\\\/de\\\/#website\"},\"datePublished\":\"2020-09-04T10:38:06+00:00\",\"breadcrumb\":{\"@id\":\"https:\\\/\\\/www.timeline-erp.com\\\/de\\\/karriere\\\/softwareentwickler-in-c-sharp\\\/#breadcrumb\"},\"inLanguage\":\"de\",\"potentialAction\":[{\"@type\":\"ReadAction\",\"target\":[\"https:\\\/\\\/www.timeline-erp.com\\\/de\\\/karriere\\\/softwareentwickler-in-c-sharp\\\/\"]}]},{\"@type\":\"BreadcrumbList\",\"@id\":\"https:\\\/\\\/www.timeline-erp.com\\\/de\\\/karriere\\\/softwareentwickler-in-c-sharp\\\/#breadcrumb\",\"itemListElement\":[{\"@type\":\"ListItem\",\"position\":1,\"name\":\"Startseite\",\"item\":\"https:\\\/\\\/www.timeline-erp.com\\\/de\\\/\"},{\"@type\":\"ListItem\",\"position\":2,\"name\":\"Karriere\",\"item\":\"https:\\\/\\\/www.timeline-erp.com\\\/de\\\/karriere\\\/\"},{\"@type\":\"ListItem\",\"position\":3,\"name\":\"Softwareentwickler\\\/-in C# (m\\\/w\\\/d)\"}]},{\"@type\":\"WebSite\",\"@id\":\"https:\\\/\\\/www.timeline-erp.com\\\/de\\\/#website\",\"url\":\"https:\\\/\\\/www.timeline-erp.com\\\/de\\\/\",\"name\":\"TimeLine ERP DE\",\"description\":\"\",\"publisher\":{\"@id\":\"https:\\\/\\\/www.timeline-erp.com\\\/de\\\/#organization\"},\"potentialAction\":[{\"@type\":\"SearchAction\",\"target\":{\"@type\":\"EntryPoint\",\"urlTemplate\":\"https:\\\/\\\/www.timeline-erp.com\\\/de\\\/?s={search_term_string}\"},\"query-input\":{\"@type\":\"PropertyValueSpecification\",\"valueRequired\":true,\"valueName\":\"search_term_string\"}}],\"inLanguage\":\"de\"},{\"@type\":\"Organization\",\"@id\":\"https:\\\/\\\/www.timeline-erp.com\\\/de\\\/#organization\",\"name\":\"TimeLine ERP DE\",\"url\":\"https:\\\/\\\/www.timeline-erp.com\\\/de\\\/\",\"logo\":{\"@type\":\"ImageObject\",\"inLanguage\":\"de\",\"@id\":\"https:\\\/\\\/www.timeline-erp.com\\\/de\\\/#\\\/schema\\\/logo\\\/image\\\/\",\"url\":\"https:\\\/\\\/www.timeline-erp.com\\\/de\\\/wp-content\\\/uploads\\\/sites\\\/9\\\/2022\\\/12\\\/TimLine-ERP_Logo.png\",\"contentUrl\":\"https:\\\/\\\/www.timeline-erp.com\\\/de\\\/wp-content\\\/uploads\\\/sites\\\/9\\\/2022\\\/12\\\/TimLine-ERP_Logo.png\",\"width\":340,\"height\":156,\"caption\":\"TimeLine ERP DE\"},\"image\":{\"@id\":\"https:\\\/\\\/www.timeline-erp.com\\\/de\\\/#\\\/schema\\\/logo\\\/image\\\/\"},\"sameAs\":[\"https:\\\/\\\/www.facebook.com\\\/TLBSGroup\"],\"description\":\"TimeLine ist eine ERP-Software f\u00fcr produzierende Unternehmen. Die moderne und innovative Software verwaltet alle Abteilungen und Prozesse von mittelst\u00e4ndischen Unternehmen, was zu effizienten betriebswirtschaftlichen Abl\u00e4ufen f\u00fchrt. Das ERP-System ist f\u00fcr mehrere Branchen spezialisiert: Kleine Unternehmen und Startups, Einzel- und Projektfertiger, Serienfertiger und Automotive-Betriebe, Gie\u00dfereien, Kunststoffverarbeiter, Oberfl\u00e4chenbearbeiter und Galvanik-Betriebe, Schraubenhersteller und Stanzbetriebe\",\"email\":\"info@timeline.de\",\"telephone\":\"+49212230350\",\"legalName\":\"Gebauer GmbH\",\"foundingDate\":\"1982-08-13\",\"vatID\":\"DE120958132\",\"numberOfEmployees\":{\"@type\":\"QuantitativeValue\",\"minValue\":\"51\",\"maxValue\":\"200\"}}]}<\/script>\n<!-- \/ Yoast SEO Premium plugin. -->","yoast_head_json":{"title":"Jobs | Softwareentwickler\/-in C# (m\/w\/d) - TimeLine ERP","robots":{"index":"index","follow":"follow","max-snippet":"max-snippet:-1","max-image-preview":"max-image-preview:large","max-video-preview":"max-video-preview:-1"},"canonical":"https:\/\/www.timeline-erp.com\/de\/karriere\/softwareentwickler-in-c-sharp\/","og_locale":"de_DE","og_type":"article","og_title":"Jobs | Softwareentwickler\/-in C# (m\/w\/d) - TimeLine ERP","og_url":"https:\/\/www.timeline-erp.com\/de\/karriere\/softwareentwickler-in-c-sharp\/","og_site_name":"TimeLine ERP DE","article_publisher":"https:\/\/www.facebook.com\/TLBSGroup","og_image":[{"width":1327,"height":795,"url":"https:\/\/www.timeline-erp.com\/de\/wp-content\/uploads\/sites\/9\/2023\/02\/Screen-Mockup-1500px-e1677246784116.png","type":"image\/png"}],"twitter_card":"summary_large_image","twitter_misc":{"Gesch\u00e4tzte Lesezeit":"9\u00a0Minuten"},"schema":{"@context":"https:\/\/schema.org","@graph":[{"@type":"WebPage","@id":"https:\/\/www.timeline-erp.com\/de\/karriere\/softwareentwickler-in-c-sharp\/","url":"https:\/\/www.timeline-erp.com\/de\/karriere\/softwareentwickler-in-c-sharp\/","name":"Jobs | Softwareentwickler\/-in C# (m\/w\/d) - TimeLine ERP","isPartOf":{"@id":"https:\/\/www.timeline-erp.com\/de\/#website"},"datePublished":"2020-09-04T10:38:06+00:00","breadcrumb":{"@id":"https:\/\/www.timeline-erp.com\/de\/karriere\/softwareentwickler-in-c-sharp\/#breadcrumb"},"inLanguage":"de","potentialAction":[{"@type":"ReadAction","target":["https:\/\/www.timeline-erp.com\/de\/karriere\/softwareentwickler-in-c-sharp\/"]}]},{"@type":"BreadcrumbList","@id":"https:\/\/www.timeline-erp.com\/de\/karriere\/softwareentwickler-in-c-sharp\/#breadcrumb","itemListElement":[{"@type":"ListItem","position":1,"name":"Startseite","item":"https:\/\/www.timeline-erp.com\/de\/"},{"@type":"ListItem","position":2,"name":"Karriere","item":"https:\/\/www.timeline-erp.com\/de\/karriere\/"},{"@type":"ListItem","position":3,"name":"Softwareentwickler\/-in C# (m\/w\/d)"}]},{"@type":"WebSite","@id":"https:\/\/www.timeline-erp.com\/de\/#website","url":"https:\/\/www.timeline-erp.com\/de\/","name":"TimeLine ERP DE","description":"","publisher":{"@id":"https:\/\/www.timeline-erp.com\/de\/#organization"},"potentialAction":[{"@type":"SearchAction","target":{"@type":"EntryPoint","urlTemplate":"https:\/\/www.timeline-erp.com\/de\/?s={search_term_string}"},"query-input":{"@type":"PropertyValueSpecification","valueRequired":true,"valueName":"search_term_string"}}],"inLanguage":"de"},{"@type":"Organization","@id":"https:\/\/www.timeline-erp.com\/de\/#organization","name":"TimeLine ERP DE","url":"https:\/\/www.timeline-erp.com\/de\/","logo":{"@type":"ImageObject","inLanguage":"de","@id":"https:\/\/www.timeline-erp.com\/de\/#\/schema\/logo\/image\/","url":"https:\/\/www.timeline-erp.com\/de\/wp-content\/uploads\/sites\/9\/2022\/12\/TimLine-ERP_Logo.png","contentUrl":"https:\/\/www.timeline-erp.com\/de\/wp-content\/uploads\/sites\/9\/2022\/12\/TimLine-ERP_Logo.png","width":340,"height":156,"caption":"TimeLine ERP DE"},"image":{"@id":"https:\/\/www.timeline-erp.com\/de\/#\/schema\/logo\/image\/"},"sameAs":["https:\/\/www.facebook.com\/TLBSGroup"],"description":"TimeLine ist eine ERP-Software f\u00fcr produzierende Unternehmen. Die moderne und innovative Software verwaltet alle Abteilungen und Prozesse von mittelst\u00e4ndischen Unternehmen, was zu effizienten betriebswirtschaftlichen Abl\u00e4ufen f\u00fchrt. Das ERP-System ist f\u00fcr mehrere Branchen spezialisiert: Kleine Unternehmen und Startups, Einzel- und Projektfertiger, Serienfertiger und Automotive-Betriebe, Gie\u00dfereien, Kunststoffverarbeiter, Oberfl\u00e4chenbearbeiter und Galvanik-Betriebe, Schraubenhersteller und Stanzbetriebe","email":"info@timeline.de","telephone":"+49212230350","legalName":"Gebauer GmbH","foundingDate":"1982-08-13","vatID":"DE120958132","numberOfEmployees":{"@type":"QuantitativeValue","minValue":"51","maxValue":"200"}}]}},"_links":{"self":[{"href":"https:\/\/www.timeline-erp.com\/de\/wp-json\/wp\/v2\/pages\/248255","targetHints":{"allow":["GET"]}}],"collection":[{"href":"https:\/\/www.timeline-erp.com\/de\/wp-json\/wp\/v2\/pages"}],"about":[{"href":"https:\/\/www.timeline-erp.com\/de\/wp-json\/wp\/v2\/types\/page"}],"author":[{"embeddable":true,"href":"https:\/\/www.timeline-erp.com\/de\/wp-json\/wp\/v2\/users\/2"}],"replies":[{"embeddable":true,"href":"https:\/\/www.timeline-erp.com\/de\/wp-json\/wp\/v2\/comments?post=248255"}],"version-history":[{"count":0,"href":"https:\/\/www.timeline-erp.com\/de\/wp-json\/wp\/v2\/pages\/248255\/revisions"}],"up":[{"embeddable":true,"href":"https:\/\/www.timeline-erp.com\/de\/wp-json\/wp\/v2\/pages\/1669"}],"wp:attachment":[{"href":"https:\/\/www.timeline-erp.com\/de\/wp-json\/wp\/v2\/media?parent=248255"}],"curies":[{"name":"wp","href":"https:\/\/api.w.org\/{rel}","templated":true}]}}