{"id":245206,"date":"2020-03-05T14:31:25","date_gmt":"2020-03-05T13:31:25","guid":{"rendered":"https:\/\/www.timeline-erp.de\/?page_id=245206"},"modified":"2026-01-05T12:23:16","modified_gmt":"2026-01-05T11:23:16","slug":"agb","status":"publish","type":"page","link":"https:\/\/www.timeline-erp.com\/de\/agb\/","title":{"rendered":"Allgemeine Gesch\u00e4ftsbedingungen"},"content":{"rendered":"\n<style type=\"text\/css\" data-created_by=\"avia_inline_auto\" id=\"style-css-av-k7esd78q-99d2d23bae5c3087321ab01d4902556c\">\n.avia-section.av-k7esd78q-99d2d23bae5c3087321ab01d4902556c{\nbackground-color:#f6f7f8;\nbackground-image:unset;\n}\n<\/style>\n<div id='av_section_1'  class='avia-section av-k7esd78q-99d2d23bae5c3087321ab01d4902556c main_color avia-section-default avia-no-border-styling  avia-builder-el-0  el_before_av_section  avia-builder-el-first  avia-bg-style-scroll av-minimum-height av-minimum-height-25 av-height-25  container_wrap fullsize'   data-av_minimum_height_pc='25' data-av_min_height_opt='25'><div class='container av-section-cont-open' ><main  role=\"main\" itemprop=\"mainContentOfPage\"  class='template-page content  av-content-full alpha units'><div class='post-entry post-entry-type-page post-entry-245206'><div class='entry-content-wrapper clearfix'>\n\n<style type=\"text\/css\" data-created_by=\"avia_inline_auto\" id=\"style-css-av-ey2n7va-d56196032064fe5f2a91ef3ee14204d6\">\n.flex_column.av-ey2n7va-d56196032064fe5f2a91ef3ee14204d6{\nborder-radius:0px 0px 0px 0px;\npadding:0px 0px 0px 0px;\n}\n<\/style>\n<div  class='flex_column av-ey2n7va-d56196032064fe5f2a91ef3ee14204d6 av_one_full  avia-builder-el-1  avia-builder-el-no-sibling  first flex_column_div av-zero-column-padding  '     ><style type=\"text\/css\" data-created_by=\"avia_inline_auto\" id=\"style-css-av-kggih8at-59e0597807add15460cc94442bd98524\">\n#top .av-special-heading.av-kggih8at-59e0597807add15460cc94442bd98524{\npadding-bottom:10px;\n}\nbody .av-special-heading.av-kggih8at-59e0597807add15460cc94442bd98524 .av-special-heading-tag .heading-char{\nfont-size:25px;\n}\n.av-special-heading.av-kggih8at-59e0597807add15460cc94442bd98524 .av-subheading{\nfont-size:20px;\n}\n<\/style>\n<div  class='av-special-heading av-kggih8at-59e0597807add15460cc94442bd98524 av-special-heading-h1 blockquote modern-quote  avia-builder-el-2  avia-builder-el-no-sibling '><h1 class='av-special-heading-tag '  itemprop=\"headline\"  >Allgemeine Gesch\u00e4ftsbedingungen<\/h1><div class='av-subheading av-subheading_below'><p>Auf dieser Seite k\u00f6nnen Sie sich die aktuell g\u00fcltige Version unserer Allgemeinen Gesch\u00e4ftsbedingungen (AGB) herunterladen.<\/p>\n<\/div><div class=\"special-heading-border\"><div class=\"special-heading-inner-border\"><\/div><\/div><\/div><\/div>\n\n<\/div><\/div><\/main><!-- close content main element --><\/div><\/div><div id='av_section_2'  class='avia-section av-czswehi-82841f9b80a64187c653dd84ffa3fc56 main_color avia-section-default avia-no-border-styling  avia-builder-el-3  el_after_av_section  el_before_av_section  avia-bg-style-scroll container_wrap fullsize'  ><div class='container av-section-cont-open' ><div class='template-page content  av-content-full alpha units'><div class='post-entry post-entry-type-page post-entry-245206'><div class='entry-content-wrapper clearfix'>\n\n<style type=\"text\/css\" data-created_by=\"avia_inline_auto\" id=\"style-css-av-96cqtue-0385c783704288f710b7e359ad7d6977\">\n.flex_column.av-96cqtue-0385c783704288f710b7e359ad7d6977{\nborder-radius:0px 0px 0px 0px;\npadding:0px 0px 0px 0px;\n}\n<\/style>\n<div  class='flex_column av-96cqtue-0385c783704288f710b7e359ad7d6977 av_one_full  avia-builder-el-4  avia-builder-el-no-sibling  first flex_column_div av-zero-column-padding  '     ><p>\n<style type=\"text\/css\" data-created_by=\"avia_inline_auto\" id=\"style-css-av-6yfav6e-d3a2c3f61946ea277dcf83d705ac2d7c\">\n#top .av-special-heading.av-6yfav6e-d3a2c3f61946ea277dcf83d705ac2d7c{\npadding-bottom:10px;\n}\nbody .av-special-heading.av-6yfav6e-d3a2c3f61946ea277dcf83d705ac2d7c .av-special-heading-tag .heading-char{\nfont-size:25px;\n}\n.av-special-heading.av-6yfav6e-d3a2c3f61946ea277dcf83d705ac2d7c .av-subheading{\nfont-size:15px;\n}\n<\/style>\n<div  class='av-special-heading av-6yfav6e-d3a2c3f61946ea277dcf83d705ac2d7c av-special-heading-h2 blockquote modern-quote  avia-builder-el-5  el_before_av_textblock  avia-builder-el-first '><h2 class='av-special-heading-tag '  itemprop=\"headline\"  >Gebauer GmbH<\/h2><div class='av-subheading av-subheading_below'><p>Vertragspartner: Gebauer GmbH, Obere Dammstra\u00dfe 8-10, 42653 Solingen, Deutschland<\/p>\n<\/div><div class=\"special-heading-border\"><div class=\"special-heading-inner-border\"><\/div><\/div><\/div><br \/>\n<section  class='av_textblock_section av-k7esbqou-95be2d44c577632ad9c7c2223edb9ab7 '   itemscope=\"itemscope\" itemtype=\"https:\/\/schema.org\/CreativeWork\" ><div class='avia_textblock'  itemprop=\"text\" ><p>Download:\u00a0<a href=\"https:\/\/www.timeline-erp.com\/de\/wp-content\/uploads\/sites\/9\/2026\/01\/Gebauer-AGB-DEUTSCH.pdf\" target=\"_blank\" rel=\"noopener\">Allgemeine Gesch\u00e4ftsbedingungen<\/a>\u00a0\/ <a href=\"https:\/\/www.timeline-erp.com\/de\/wp-content\/uploads\/sites\/9\/2026\/01\/Gebauer-GTC-ENGLISCH.pdf\" target=\"_blank\" rel=\"noopener\">General Terms and Conditions<\/a><\/p>\n<\/div><\/section><\/p><\/div><\/div><\/div><\/div><!-- close content main div --><\/div><\/div><div id='av_section_3'  class='avia-section av-czswehi-4-5d59c36ca12fa91cf9268fae657e4845 main_color avia-section-default avia-no-border-styling  avia-builder-el-7  el_after_av_section  avia-builder-el-last  avia-bg-style-scroll container_wrap fullsize'  ><div class='container av-section-cont-open' ><div class='template-page content  av-content-full alpha units'><div class='post-entry post-entry-type-page post-entry-245206'><div class='entry-content-wrapper clearfix'>\n\n<style type=\"text\/css\" data-created_by=\"avia_inline_auto\" id=\"style-css-av-96cqtue-3-2f48fa4b932a791aecba8751759ad529\">\n.flex_column.av-96cqtue-3-2f48fa4b932a791aecba8751759ad529{\nborder-radius:0px 0px 0px 0px;\npadding:0px 0px 0px 0px;\n}\n<\/style>\n<div  class='flex_column av-96cqtue-3-2f48fa4b932a791aecba8751759ad529 av_one_full  avia-builder-el-8  avia-builder-el-no-sibling  first flex_column_div av-zero-column-padding  '     ><p>\n<style type=\"text\/css\" data-created_by=\"avia_inline_auto\" id=\"style-css-av-kama9mnb-33a9ee6cac8b5a20eb9f2b60fee06b2c\">\n#top .av-special-heading.av-kama9mnb-33a9ee6cac8b5a20eb9f2b60fee06b2c{\npadding-bottom:10px;\n}\nbody .av-special-heading.av-kama9mnb-33a9ee6cac8b5a20eb9f2b60fee06b2c .av-special-heading-tag .heading-char{\nfont-size:25px;\n}\n.av-special-heading.av-kama9mnb-33a9ee6cac8b5a20eb9f2b60fee06b2c .av-subheading{\nfont-size:15px;\n}\n<\/style>\n<div  class='av-special-heading av-kama9mnb-33a9ee6cac8b5a20eb9f2b60fee06b2c av-special-heading-h2 blockquote modern-quote  avia-builder-el-9  el_before_av_textblock  avia-builder-el-first '><h2 class='av-special-heading-tag '  itemprop=\"headline\"  >TimeLine Neo GmbH<\/h2><div class='av-subheading av-subheading_below'><p>Vertragspartner: TimeLine Neo GmbH, Obere Dammstra\u00dfe 8-10, 42653 Solingen, Deutschland<\/p>\n<\/div><div class=\"special-heading-border\"><div class=\"special-heading-inner-border\"><\/div><\/div><\/div><br \/>\n<section  class='av_textblock_section av-k7esbqou-2-260f88bb48a0e5a0977e81b0d6f0cdee '   itemscope=\"itemscope\" itemtype=\"https:\/\/schema.org\/CreativeWork\" ><div class='avia_textblock'  itemprop=\"text\" ><p>Download:\u00a0<a href=\"https:\/\/www.timeline-erp.com\/de\/wp-content\/uploads\/sites\/9\/2024\/04\/TimeLine-Neo-GmbH-AGB-SW-Kauf-Stand-03-2018.pdf\" target=\"_blank\" rel=\"noopener\">Allgemeine Gesch\u00e4ftsbedingungen (Kauf)<\/a><\/p>\n<\/div><\/section><br \/>\n<section  class='av_textblock_section av-k7esbqou-1-cc348a8eb9fad77e1016630c3afad95b '   itemscope=\"itemscope\" itemtype=\"https:\/\/schema.org\/CreativeWork\" ><div class='avia_textblock'  itemprop=\"text\" ><p>Download: <a href=\"https:\/\/www.timeline-erp.com\/de\/wp-content\/uploads\/sites\/9\/2024\/04\/TimeLine-Neo-GmbH-AGB-SW-Miete-Stand-03-2018.pdf\" target=\"_blank\" rel=\"noopener\">Allgemeine Gesch\u00e4ftsbedingungen (Miete)<\/a><\/p>\n<\/div><\/section><\/p><\/div>\n<\/p>\n","protected":false},"excerpt":{"rendered":"","protected":false},"author":2,"featured_media":0,"parent":0,"menu_order":0,"comment_status":"closed","ping_status":"closed","template":"","meta":{"footnotes":""},"class_list":["post-245206","page","type-page","status-publish","hentry"],"yoast_head":"<!-- This site is optimized with the Yoast SEO Premium plugin v25.6 (Yoast SEO v27.6) - https:\/\/yoast.com\/product\/yoast-seo-premium-wordpress\/ -->\n<title>Allgemeine Gesch\u00e4ftsbedingungen - TimeLine ERP<\/title>\n<meta name=\"robots\" content=\"index, follow, max-snippet:-1, max-image-preview:large, max-video-preview:-1\" \/>\n<link rel=\"canonical\" href=\"https:\/\/www.timeline-erp.com\/de\/agb\/\" \/>\n<meta property=\"og:locale\" content=\"de_DE\" \/>\n<meta property=\"og:type\" content=\"article\" \/>\n<meta property=\"og:title\" content=\"Allgemeine Gesch\u00e4ftsbedingungen - TimeLine ERP\" \/>\n<meta property=\"og:url\" content=\"https:\/\/www.timeline-erp.com\/de\/agb\/\" \/>\n<meta property=\"og:site_name\" content=\"TimeLine ERP DE\" \/>\n<meta property=\"article:publisher\" content=\"https:\/\/www.facebook.com\/TLBSGroup\" \/>\n<meta property=\"article:modified_time\" content=\"2026-01-05T11:23:16+00:00\" \/>\n<meta property=\"og:image\" content=\"https:\/\/www.timeline-erp.com\/de\/wp-content\/uploads\/sites\/9\/2023\/02\/Screen-Mockup-1500px-e1677246784116.png\" \/>\n\t<meta property=\"og:image:width\" content=\"1327\" \/>\n\t<meta property=\"og:image:height\" content=\"795\" \/>\n\t<meta property=\"og:image:type\" content=\"image\/png\" \/>\n<meta name=\"twitter:card\" content=\"summary_large_image\" \/>\n<meta name=\"twitter:label1\" content=\"Gesch\u00e4tzte Lesezeit\" \/>\n\t<meta name=\"twitter:data1\" content=\"1\u00a0Minute\" \/>\n<script type=\"application\/ld+json\" class=\"yoast-schema-graph\">{\"@context\":\"https:\\\/\\\/schema.org\",\"@graph\":[{\"@type\":\"WebPage\",\"@id\":\"https:\\\/\\\/www.timeline-erp.com\\\/de\\\/agb\\\/\",\"url\":\"https:\\\/\\\/www.timeline-erp.com\\\/de\\\/agb\\\/\",\"name\":\"Allgemeine Gesch\u00e4ftsbedingungen - TimeLine ERP\",\"isPartOf\":{\"@id\":\"https:\\\/\\\/www.timeline-erp.com\\\/de\\\/#website\"},\"datePublished\":\"2020-03-05T13:31:25+00:00\",\"dateModified\":\"2026-01-05T11:23:16+00:00\",\"breadcrumb\":{\"@id\":\"https:\\\/\\\/www.timeline-erp.com\\\/de\\\/agb\\\/#breadcrumb\"},\"inLanguage\":\"de\",\"potentialAction\":[{\"@type\":\"ReadAction\",\"target\":[\"https:\\\/\\\/www.timeline-erp.com\\\/de\\\/agb\\\/\"]}]},{\"@type\":\"BreadcrumbList\",\"@id\":\"https:\\\/\\\/www.timeline-erp.com\\\/de\\\/agb\\\/#breadcrumb\",\"itemListElement\":[{\"@type\":\"ListItem\",\"position\":1,\"name\":\"Startseite\",\"item\":\"https:\\\/\\\/www.timeline-erp.com\\\/de\\\/\"},{\"@type\":\"ListItem\",\"position\":2,\"name\":\"Allgemeine Gesch\u00e4ftsbedingungen\"}]},{\"@type\":\"WebSite\",\"@id\":\"https:\\\/\\\/www.timeline-erp.com\\\/de\\\/#website\",\"url\":\"https:\\\/\\\/www.timeline-erp.com\\\/de\\\/\",\"name\":\"TimeLine ERP DE\",\"description\":\"\",\"publisher\":{\"@id\":\"https:\\\/\\\/www.timeline-erp.com\\\/de\\\/#organization\"},\"potentialAction\":[{\"@type\":\"SearchAction\",\"target\":{\"@type\":\"EntryPoint\",\"urlTemplate\":\"https:\\\/\\\/www.timeline-erp.com\\\/de\\\/?s={search_term_string}\"},\"query-input\":{\"@type\":\"PropertyValueSpecification\",\"valueRequired\":true,\"valueName\":\"search_term_string\"}}],\"inLanguage\":\"de\"},{\"@type\":\"Organization\",\"@id\":\"https:\\\/\\\/www.timeline-erp.com\\\/de\\\/#organization\",\"name\":\"TimeLine ERP DE\",\"url\":\"https:\\\/\\\/www.timeline-erp.com\\\/de\\\/\",\"logo\":{\"@type\":\"ImageObject\",\"inLanguage\":\"de\",\"@id\":\"https:\\\/\\\/www.timeline-erp.com\\\/de\\\/#\\\/schema\\\/logo\\\/image\\\/\",\"url\":\"https:\\\/\\\/www.timeline-erp.com\\\/de\\\/wp-content\\\/uploads\\\/sites\\\/9\\\/2022\\\/12\\\/TimLine-ERP_Logo.png\",\"contentUrl\":\"https:\\\/\\\/www.timeline-erp.com\\\/de\\\/wp-content\\\/uploads\\\/sites\\\/9\\\/2022\\\/12\\\/TimLine-ERP_Logo.png\",\"width\":340,\"height\":156,\"caption\":\"TimeLine ERP DE\"},\"image\":{\"@id\":\"https:\\\/\\\/www.timeline-erp.com\\\/de\\\/#\\\/schema\\\/logo\\\/image\\\/\"},\"sameAs\":[\"https:\\\/\\\/www.facebook.com\\\/TLBSGroup\"],\"description\":\"TimeLine ist eine ERP-Software f\u00fcr produzierende Unternehmen. Die moderne und innovative Software verwaltet alle Abteilungen und Prozesse von mittelst\u00e4ndischen Unternehmen, was zu effizienten betriebswirtschaftlichen Abl\u00e4ufen f\u00fchrt. Das ERP-System ist f\u00fcr mehrere Branchen spezialisiert: Kleine Unternehmen und Startups, Einzel- und Projektfertiger, Serienfertiger und Automotive-Betriebe, Gie\u00dfereien, Kunststoffverarbeiter, Oberfl\u00e4chenbearbeiter und Galvanik-Betriebe, Schraubenhersteller und Stanzbetriebe\",\"email\":\"info@timeline.de\",\"telephone\":\"+49212230350\",\"legalName\":\"Gebauer GmbH\",\"foundingDate\":\"1982-08-13\",\"vatID\":\"DE120958132\",\"numberOfEmployees\":{\"@type\":\"QuantitativeValue\",\"minValue\":\"51\",\"maxValue\":\"200\"}}]}<\/script>\n<!-- \/ Yoast SEO Premium plugin. -->","yoast_head_json":{"title":"Allgemeine Gesch\u00e4ftsbedingungen - TimeLine ERP","robots":{"index":"index","follow":"follow","max-snippet":"max-snippet:-1","max-image-preview":"max-image-preview:large","max-video-preview":"max-video-preview:-1"},"canonical":"https:\/\/www.timeline-erp.com\/de\/agb\/","og_locale":"de_DE","og_type":"article","og_title":"Allgemeine Gesch\u00e4ftsbedingungen - TimeLine ERP","og_url":"https:\/\/www.timeline-erp.com\/de\/agb\/","og_site_name":"TimeLine ERP DE","article_publisher":"https:\/\/www.facebook.com\/TLBSGroup","article_modified_time":"2026-01-05T11:23:16+00:00","og_image":[{"width":1327,"height":795,"url":"https:\/\/www.timeline-erp.com\/de\/wp-content\/uploads\/sites\/9\/2023\/02\/Screen-Mockup-1500px-e1677246784116.png","type":"image\/png"}],"twitter_card":"summary_large_image","twitter_misc":{"Gesch\u00e4tzte Lesezeit":"1\u00a0Minute"},"schema":{"@context":"https:\/\/schema.org","@graph":[{"@type":"WebPage","@id":"https:\/\/www.timeline-erp.com\/de\/agb\/","url":"https:\/\/www.timeline-erp.com\/de\/agb\/","name":"Allgemeine Gesch\u00e4ftsbedingungen - TimeLine ERP","isPartOf":{"@id":"https:\/\/www.timeline-erp.com\/de\/#website"},"datePublished":"2020-03-05T13:31:25+00:00","dateModified":"2026-01-05T11:23:16+00:00","breadcrumb":{"@id":"https:\/\/www.timeline-erp.com\/de\/agb\/#breadcrumb"},"inLanguage":"de","potentialAction":[{"@type":"ReadAction","target":["https:\/\/www.timeline-erp.com\/de\/agb\/"]}]},{"@type":"BreadcrumbList","@id":"https:\/\/www.timeline-erp.com\/de\/agb\/#breadcrumb","itemListElement":[{"@type":"ListItem","position":1,"name":"Startseite","item":"https:\/\/www.timeline-erp.com\/de\/"},{"@type":"ListItem","position":2,"name":"Allgemeine Gesch\u00e4ftsbedingungen"}]},{"@type":"WebSite","@id":"https:\/\/www.timeline-erp.com\/de\/#website","url":"https:\/\/www.timeline-erp.com\/de\/","name":"TimeLine ERP DE","description":"","publisher":{"@id":"https:\/\/www.timeline-erp.com\/de\/#organization"},"potentialAction":[{"@type":"SearchAction","target":{"@type":"EntryPoint","urlTemplate":"https:\/\/www.timeline-erp.com\/de\/?s={search_term_string}"},"query-input":{"@type":"PropertyValueSpecification","valueRequired":true,"valueName":"search_term_string"}}],"inLanguage":"de"},{"@type":"Organization","@id":"https:\/\/www.timeline-erp.com\/de\/#organization","name":"TimeLine ERP DE","url":"https:\/\/www.timeline-erp.com\/de\/","logo":{"@type":"ImageObject","inLanguage":"de","@id":"https:\/\/www.timeline-erp.com\/de\/#\/schema\/logo\/image\/","url":"https:\/\/www.timeline-erp.com\/de\/wp-content\/uploads\/sites\/9\/2022\/12\/TimLine-ERP_Logo.png","contentUrl":"https:\/\/www.timeline-erp.com\/de\/wp-content\/uploads\/sites\/9\/2022\/12\/TimLine-ERP_Logo.png","width":340,"height":156,"caption":"TimeLine ERP DE"},"image":{"@id":"https:\/\/www.timeline-erp.com\/de\/#\/schema\/logo\/image\/"},"sameAs":["https:\/\/www.facebook.com\/TLBSGroup"],"description":"TimeLine ist eine ERP-Software f\u00fcr produzierende Unternehmen. Die moderne und innovative Software verwaltet alle Abteilungen und Prozesse von mittelst\u00e4ndischen Unternehmen, was zu effizienten betriebswirtschaftlichen Abl\u00e4ufen f\u00fchrt. Das ERP-System ist f\u00fcr mehrere Branchen spezialisiert: Kleine Unternehmen und Startups, Einzel- und Projektfertiger, Serienfertiger und Automotive-Betriebe, Gie\u00dfereien, Kunststoffverarbeiter, Oberfl\u00e4chenbearbeiter und Galvanik-Betriebe, Schraubenhersteller und Stanzbetriebe","email":"info@timeline.de","telephone":"+49212230350","legalName":"Gebauer GmbH","foundingDate":"1982-08-13","vatID":"DE120958132","numberOfEmployees":{"@type":"QuantitativeValue","minValue":"51","maxValue":"200"}}]}},"_links":{"self":[{"href":"https:\/\/www.timeline-erp.com\/de\/wp-json\/wp\/v2\/pages\/245206","targetHints":{"allow":["GET"]}}],"collection":[{"href":"https:\/\/www.timeline-erp.com\/de\/wp-json\/wp\/v2\/pages"}],"about":[{"href":"https:\/\/www.timeline-erp.com\/de\/wp-json\/wp\/v2\/types\/page"}],"author":[{"embeddable":true,"href":"https:\/\/www.timeline-erp.com\/de\/wp-json\/wp\/v2\/users\/2"}],"replies":[{"embeddable":true,"href":"https:\/\/www.timeline-erp.com\/de\/wp-json\/wp\/v2\/comments?post=245206"}],"version-history":[{"count":6,"href":"https:\/\/www.timeline-erp.com\/de\/wp-json\/wp\/v2\/pages\/245206\/revisions"}],"predecessor-version":[{"id":258630,"href":"https:\/\/www.timeline-erp.com\/de\/wp-json\/wp\/v2\/pages\/245206\/revisions\/258630"}],"wp:attachment":[{"href":"https:\/\/www.timeline-erp.com\/de\/wp-json\/wp\/v2\/media?parent=245206"}],"curies":[{"name":"wp","href":"https:\/\/api.w.org\/{rel}","templated":true}]}}