{"id":240423,"date":"2018-05-15T16:29:37","date_gmt":"2018-05-15T14:29:37","guid":{"rendered":"http:\/\/www.timeline-erp.de\/?page_id=240423"},"modified":"2025-05-26T13:16:22","modified_gmt":"2025-05-26T11:16:22","slug":"adv-vertrag","status":"publish","type":"page","link":"https:\/\/www.timeline-erp.com\/de\/datenschutz\/adv-vertrag\/","title":{"rendered":"ADV-Vertrag"},"content":{"rendered":"<div id='av_section_1'  class='avia-section av-11r9y3dz-3b34bd807ea93d26769ca305ea555c22 main_color avia-section-default avia-no-border-styling  avia-builder-el-0  el_before_av_section  avia-builder-el-first  avia-bg-style-scroll container_wrap fullsize'  ><div class='container av-section-cont-open' ><main  role=\"main\" itemprop=\"mainContentOfPage\"  class='template-page content  av-content-full alpha units'><div class='post-entry post-entry-type-page post-entry-240423'><div class='entry-content-wrapper clearfix'>\n\n<style type=\"text\/css\" data-created_by=\"avia_inline_auto\" id=\"style-css-av-zu7nx5z-791e5d120a10a269591afe15ef395c06\">\n.flex_column.av-zu7nx5z-791e5d120a10a269591afe15ef395c06{\nborder-radius:0px 0px 0px 0px;\npadding:0px 0px 0px 0px;\n}\n<\/style>\n<div  class='flex_column av-zu7nx5z-791e5d120a10a269591afe15ef395c06 av_one_full  avia-builder-el-1  avia-builder-el-no-sibling  first flex_column_div av-zero-column-padding  '     ><style type=\"text\/css\" data-created_by=\"avia_inline_auto\" id=\"style-css-av-jh94r71u-df7c9381ee48284e1e4aac099c99eea3\">\n#top .av-special-heading.av-jh94r71u-df7c9381ee48284e1e4aac099c99eea3{\npadding-bottom:10px;\nfont-size:47px;\n}\nbody .av-special-heading.av-jh94r71u-df7c9381ee48284e1e4aac099c99eea3 .av-special-heading-tag .heading-char{\nfont-size:25px;\n}\n#top #wrap_all .av-special-heading.av-jh94r71u-df7c9381ee48284e1e4aac099c99eea3 .av-special-heading-tag{\nfont-size:47px;\n}\n.av-special-heading.av-jh94r71u-df7c9381ee48284e1e4aac099c99eea3 .av-subheading{\nfont-size:20px;\n}\n\n@media only screen and (min-width: 480px) and (max-width: 767px){ \n#top #wrap_all .av-special-heading.av-jh94r71u-df7c9381ee48284e1e4aac099c99eea3 .av-special-heading-tag{\nfont-size:35px;\n}\n.av-special-heading.av-jh94r71u-df7c9381ee48284e1e4aac099c99eea3 .av-subheading{\nfont-size:20px;\n}\n}\n\n@media only screen and (max-width: 479px){ \n#top #wrap_all .av-special-heading.av-jh94r71u-df7c9381ee48284e1e4aac099c99eea3 .av-special-heading-tag{\nfont-size:25px;\n}\n.av-special-heading.av-jh94r71u-df7c9381ee48284e1e4aac099c99eea3 .av-subheading{\nfont-size:17px;\n}\n}\n<\/style>\n<div  class='av-special-heading av-jh94r71u-df7c9381ee48284e1e4aac099c99eea3 av-special-heading-h1 blockquote modern-quote  avia-builder-el-2  avia-builder-el-no-sibling  av-thin-font av-inherit-size'><h1 class='av-special-heading-tag '  itemprop=\"headline\"  ><strong>Vereinbarung zur Datenverarbeitung im Auftrag (ADV)<\/strong><\/h1><div class='av-subheading av-subheading_below'><p>F\u00fcr Kunden mit einem TimeLine Enterprise Service &amp; Wartungs-Vertrag<\/p>\n<\/div><div class=\"special-heading-border\"><div class=\"special-heading-inner-border\"><\/div><\/div><\/div><\/div>\n\n<\/div><\/div><\/main><!-- close content main element --><\/div><\/div><div id='av_section_2'  class='avia-section av-u5u13c7-75d549d255738ef1773b216b3afeeb8a main_color avia-section-default avia-no-border-styling  avia-builder-el-3  el_after_av_section  el_before_av_section  avia-bg-style-scroll container_wrap fullsize'  ><div class='container av-section-cont-open' ><div class='template-page content  av-content-full alpha units'><div class='post-entry post-entry-type-page post-entry-240423'><div class='entry-content-wrapper clearfix'>\n\n<style type=\"text\/css\" data-created_by=\"avia_inline_auto\" id=\"style-css-av-oruahev-edc41fb93c2cd703b4f3ed739b1fa2d5\">\n.flex_column.av-oruahev-edc41fb93c2cd703b4f3ed739b1fa2d5{\nborder-radius:0px 0px 0px 0px;\npadding:0px 0px 0px 0px;\n}\n<\/style>\n<div  class='flex_column av-oruahev-edc41fb93c2cd703b4f3ed739b1fa2d5 av_one_third  avia-builder-el-4  el_before_av_one_third  avia-builder-el-first  first flex_column_div av-zero-column-padding  '     ><article  class='iconbox iconbox_top av-jh7rpt8a-35b5dd355cf444ceca02b01c8f58f37e  avia-builder-el-5  avia-builder-el-no-sibling  main_color'  itemscope=\"itemscope\" itemtype=\"https:\/\/schema.org\/CreativeWork\" ><div class=\"iconbox_content\"><header class=\"entry-content-header\" aria-label=\"Icon: Schritt 1\"><div class='iconbox_icon heading-color avia-iconfont avia-font-entypo-fontello' data-av_icon='\ue82d' data-av_iconfont='entypo-fontello'  ><\/div><h3 class='iconbox_content_title '  itemprop=\"headline\" >Schritt 1<\/h3><\/header><div class='iconbox_content_container '  itemprop=\"text\" ><p>Fordern Sie \u00fcber das Kontaktformular Ihr Exemplar des ADV-Vertrags an.<\/p>\n<\/div><\/div><footer class=\"entry-footer\"><\/footer><\/article><\/div>\n<style type=\"text\/css\" data-created_by=\"avia_inline_auto\" id=\"style-css-av-29tgj53-6ca50debea7c2d4c446928599c9a95e5\">\n.flex_column.av-29tgj53-6ca50debea7c2d4c446928599c9a95e5{\nborder-radius:0px 0px 0px 0px;\npadding:0px 0px 0px 0px;\n}\n<\/style>\n<div  class='flex_column av-29tgj53-6ca50debea7c2d4c446928599c9a95e5 av_one_third  avia-builder-el-6  el_after_av_one_third  el_before_av_one_third  flex_column_div av-zero-column-padding  '     ><article  class='iconbox iconbox_top av-jh7rpt8a-2-35a999907aaf3bbb10258fac9531224e  avia-builder-el-7  avia-builder-el-no-sibling  main_color'  itemscope=\"itemscope\" itemtype=\"https:\/\/schema.org\/CreativeWork\" ><div class=\"iconbox_content\"><header class=\"entry-content-header\" aria-label=\"Icon: Schritt 2\"><div class='iconbox_icon heading-color avia-iconfont avia-font-entypo-fontello' data-av_icon='\ue838' data-av_iconfont='entypo-fontello'  ><\/div><h3 class='iconbox_content_title '  itemprop=\"headline\" >Schritt 2<\/h3><\/header><div class='iconbox_content_container '  itemprop=\"text\" ><p>Tragen Sie Ihre Kunden- und Vertragsdaten ein und unterschreiben Sie den Vertrag.<\/p>\n<\/div><\/div><footer class=\"entry-footer\"><\/footer><\/article><\/div>\n<style type=\"text\/css\" data-created_by=\"avia_inline_auto\" id=\"style-css-av-i2tb31j-b63bbe1e9c7e40004093714f8dfeb60f\">\n.flex_column.av-i2tb31j-b63bbe1e9c7e40004093714f8dfeb60f{\nborder-radius:0px 0px 0px 0px;\npadding:0px 0px 0px 0px;\n}\n<\/style>\n<div  class='flex_column av-i2tb31j-b63bbe1e9c7e40004093714f8dfeb60f av_one_third  avia-builder-el-8  el_after_av_one_third  avia-builder-el-last  flex_column_div av-zero-column-padding  '     ><article  class='iconbox iconbox_top av-jh7rpt8a-1-6b4c4f8f8798301ec90df6dfb3ddbc79  avia-builder-el-9  avia-builder-el-no-sibling  main_color'  itemscope=\"itemscope\" itemtype=\"https:\/\/schema.org\/CreativeWork\" ><div class=\"iconbox_content\"><header class=\"entry-content-header\" aria-label=\"Icon: Schritt 3\"><div class='iconbox_icon heading-color avia-iconfont avia-font-entypo-fontello' data-av_icon='\ue805' data-av_iconfont='entypo-fontello'  ><\/div><h3 class='iconbox_content_title '  itemprop=\"headline\" >Schritt 3<\/h3><\/header><div class='iconbox_content_container '  itemprop=\"text\" ><p>Senden Sie uns den Vertrag anschlie\u00dfend per E-Mail an: <a href=\"mailto:datenschutz@timeline.de\">datenschutz@timeline.de<\/a><span class=\"Apple-converted-space\">\u00a0<\/span><\/p>\n<\/div><\/div><footer class=\"entry-footer\"><\/footer><\/article><\/div>\n\n<\/div><\/div><\/div><!-- close content main div --><\/div><\/div><div id='av_section_3'  class='avia-section av-anaj9k7-30a9a88e5db2f50746d0e412db6f620a main_color avia-section-default avia-no-border-styling  avia-builder-el-10  el_after_av_section  avia-builder-el-last  avia-bg-style-scroll container_wrap fullsize'  ><div class='container av-section-cont-open' ><div class='template-page content  av-content-full alpha units'><div class='post-entry post-entry-type-page post-entry-240423'><div class='entry-content-wrapper clearfix'>\n\n<style type=\"text\/css\" data-created_by=\"avia_inline_auto\" id=\"style-css-av-13iyqe07-69c54d30d7b2197d11da15912810eea7\">\n.flex_column.av-13iyqe07-69c54d30d7b2197d11da15912810eea7{\nborder-radius:0px 0px 0px 0px;\npadding:0px 0px 0px 0px;\n}\n<\/style>\n<div  class='flex_column av-13iyqe07-69c54d30d7b2197d11da15912810eea7 av_one_third  avia-builder-el-11  el_before_av_two_third  avia-builder-el-first  first flex_column_div av-zero-column-padding  '     ><form action=\"https:\/\/www.timeline-erp.com\/de\/datenschutz\/adv-vertrag\/\" method=\"post\" data-fields-with-error=\"Fehler wurden in folgenden Feld(ern) gefunden:\" class=\"avia_ajax_form av-form-labels-visible   avia-builder-el-12  avia-builder-el-no-sibling   \" data-avia-form-id=\"1\" data-avia-redirect='https:\/\/www.timeline-erp.com\/de\/wp-content\/uploads\/sites\/9\/2025\/05\/Gebauer-GmbH-Vereinbarung-ADV-MUSTER_2025.pdf' ><h3 class=''>ADV-Vertrag anfordern<\/h3><fieldset><p class='  first_form  form_element form_fullwidth' id='element_avia_1_1'><label for=\"avia_1_1\">Name <abbr class=\"required\" title=\"ben\u00f6tigt\">*<\/abbr><\/label> <input name=\"avia_1_1\" class=\"text_input is_empty\" type=\"text\" id=\"avia_1_1\" value=\"\" \/><\/p><p class='  first_form  form_element form_fullwidth' id='element_avia_2_1'><label for=\"avia_2_1\">Unternehmen <abbr class=\"required\" title=\"ben\u00f6tigt\">*<\/abbr><\/label> <input name=\"avia_2_1\" class=\"text_input is_empty\" type=\"text\" id=\"avia_2_1\" value=\"\" \/><\/p><p class='  first_form  form_element form_fullwidth' id='element_avia_3_1'><label for=\"avia_3_1\">Telefonnummer gesch\u00e4ftlich <abbr class=\"required\" title=\"ben\u00f6tigt\">*<\/abbr><\/label> <input name=\"avia_3_1\" class=\"text_input is_phone\" type=\"text\" id=\"avia_3_1\" value=\"\" \/><\/p><p class='  first_form  form_element form_fullwidth' id='element_avia_4_1'><label for=\"avia_4_1\">E-Mail <abbr class=\"required\" title=\"ben\u00f6tigt\">*<\/abbr><\/label> <input name=\"avia_4_1\" class=\"text_input is_email\" type=\"text\" id=\"avia_4_1\" value=\"\" \/><\/p><div id='avia_5_1' class='av-form-text'><p>\n<span style=\"font-size: small; line-height: 1.25; display: block;\">Mit Absenden des Formulars erkl\u00e4re ich mich damit einverstanden, dass die im Rahmen dieser Nachricht angegebenen personenbezogenen Daten in einer unter der Verantwortung der Gebauer GmbH gef\u00fchrten Datenbank ausschlie\u00dflich f\u00fcr die Bearbeitung und Beantwortung dieser Anfrage gespeichert, verarbeitet, \u00fcbermittelt und genutzt werden und die Gebauer GmbH mir entsprechende, anfragebezogene Informationen per Post, E-Mail oder telefonisch zukommen lassen kann. Ihre Daten werden vertraulich behandelt und nicht an Dritte weitergegeben. Weitere Informationen finden Sie in unserer <a href=\"https:\/\/www.timeline-erp.com\/de\/datenschutz\/\">Datenschutzerkl\u00e4rung<\/a>\u00a0und der <a href=\"https:\/\/www.timeline-erp.com\/de\/datenschutz\/datenschutz-informationspflichten-gem-art-14-dsgvo\/\">Datenschutz-Informationspflicht<\/a>.<\/span><\/p>\n<\/div><p class='  first_form  form_element form_fullwidth' id='element_avia_6_1'><input  name=\"avia_6_1\" class=\"input_checkbox is_empty\" type=\"checkbox\" id=\"avia_6_1\" value=\"true\"\/><label class=\"input_checkbox_label\" for=\"avia_6_1\">Ich habe den Datenschutzhinweis gelesen und akzeptiert <abbr class=\"required\" title=\"ben\u00f6tigt\">*<\/abbr><\/label><\/p><p class=\"hidden\"><input type=\"text\" name=\"avia_7_1\" class=\"hidden \" id=\"avia_7_1\" value=\"\" \/><\/p><div id='avia_8_1' class='av-recaptcha-area  first_form  form_element form_fullwidth '  data-container_class=\"\" data-custom_class=\"\" data-context=\"av_contact_form\" data-token_input=\"av_recaptcha_token\" data-version=\"avia_recaptcha_v3\" data-theme=\"light\" data-size=\"normal\" data-score=\"0.5\" data-text_to_preview=\"\" data-value=\"\"><div class=\"av-google-badge-message hidden\">Diese Seite wird durch reCAPTCHA gesch\u00fctzt und es gelten die Google <a href=\"https:\/\/policies.google.com\/privacy\">Datenschutzerkl\u00e4rungen<\/a> und <a href=\"https:\/\/policies.google.com\/terms\">Nutzungsbedingungen<\/a><\/div><\/div><p class=\"form_element \"><input type=\"hidden\" value=\"1\" name=\"avia_generated_form1\" \/><input type=\"submit\" value=\"Anfordern\" class=\"button\"  data-sending-label=\"Sende\"\/><\/p><\/fieldset><div class=\"avia-disabled-form\">Dieses Kontaktformular ist momentan deaktiviert, da Sie den Google reCAPTCHA-Service noch nicht akzeptiert haben. Dieser ist f\u00fcr die Validierung des Sendevorgangs jedoch notwendig<\/div><\/form><div id=\"ajaxresponse_1\" class=\"ajaxresponse ajaxresponse_1 hidden\"><\/div><\/div>\n<style type=\"text\/css\" data-created_by=\"avia_inline_auto\" id=\"style-css-av-66fxbxj-668af6fbf710905e10f2d582351776bd\">\n.flex_column.av-66fxbxj-668af6fbf710905e10f2d582351776bd{\nborder-radius:0px 0px 0px 0px;\npadding:0px 0px 0px 0px;\n}\n<\/style>\n<div  class='flex_column av-66fxbxj-668af6fbf710905e10f2d582351776bd av_two_third  avia-builder-el-13  el_after_av_one_third  avia-builder-el-last  flex_column_div av-zero-column-padding  '     ><section  class='av_textblock_section av-jh7rtnci-a0f0dd175d4dc1388ce47e3c16a1d1ac '   itemscope=\"itemscope\" itemtype=\"https:\/\/schema.org\/CreativeWork\" ><div class='avia_textblock'  itemprop=\"text\" ><h3>Weitere Informationen zur Vereinbarung der Auftragsdatenverarbeitung<\/h3>\n<p>Die Datenschutzvereinbarung ist nach Art. 28 DSGVO (Datenschutzgrundverordnung) zu erstellen. So sind zum Beispiel Umfang, Art und Zweck der vorgesehenen Erhebung, Verarbeitung oder Nutzung von Daten, sowie die Art der Daten und der Kreis der Betroffenen in einer Datenschutzvereinbarung zur Datenverarbeitung im Auftrag (ADV) zu bezeichnen.<span class=\"Apple-converted-space\">\u00a0<\/span><\/p>\n<p>Als Kunde der Gebauer GmbH speichern Sie in unserem ERP-System personenbezogene Daten. Wenn Sie mit uns einen entsprechenden Service &amp; Wartungsvertrag geschlossen haben, kann es sein, dass die Gebauer GmbH Zugriff auf personenbezogene Daten Ihres Unternehmens erh\u00e4lt, sei es auch nur lesend. Dies wird als Datenverarbeitung im Auftrag eingestuft. In dem Moment, in dem Sie personenbezogene Daten Ihrer Kunden sonstiger Betroffener im System TimeLine Enterprise speichern bzw. verarbeiten, sollten Sie dies rechtlich absichern. Dies geschieht eben durch eine entsprechende ADV-Vereinbarung.<\/p>\n<h4>Bei der Gebauer GmbH hat der Schutz Ihrer Daten oberste Priorit\u00e4t.<span class=\"Apple-converted-space\">\u00a0<\/span><\/h4>\n<p>Aus diesem Grund stellen wir Ihnen die M\u00f6glichkeit zur Verf\u00fcgung, die Vereinbarung zur Auftragsdatenverarbeitung (ADV) mit uns zu schlie\u00dfen. Mit dieser Vereinbarung k\u00f6nnen Sie Ihren Kunden, Mitarbeitern und sonstigen Betroffenen die Sicherheit der Daten im Rahmen von Service &amp; Wartung rechtlich best\u00e4tigen.<\/p>\n<p>Mit einer Vereinbarung zur \u201eAuftragsdatenverarbeitung\u201c (ADV) gem\u00e4\u00df Art. 28 DSGVO bescheinigen wir Ihnen auf rechtlicher Basis nochmals explizit den sicheren und hoch-priorisierten Umgang im Rahmen von Service &amp; Wartung des Systems TimeLine Enterprise.<\/p>\n<h4>Vorteile f\u00fcr Sie:<span class=\"Apple-converted-space\">\u00a0<\/span><\/h4>\n<p>Explizite Best\u00e4tigung der rechtskonformen Umsetzung der gesetzlichen Vorgaben zum Datenschutz nach DSGVO und BDSG durch die Gebauer GmbH f\u00fcr Sie.<span class=\"Apple-converted-space\">\u00a0<\/span><\/p>\n<p>Best\u00e4tigen Sie auch Ihren Kunden, dass die Daten in Ihrem TimeLine Enterprise System sicher verarbeitet werden.<span class=\"Apple-converted-space\">\u00a0<\/span><\/p>\n<p><em>*Die ADV k\u00f6nnen Sie mit uns abschlie\u00dfen, wenn Sie einen Service &amp; Wartungs-Vertrag bez\u00fcglich des Systems TimeLine Enterprise besitzen.<\/em><\/p>\n<\/div><\/section><\/div>\n","protected":false},"excerpt":{"rendered":"","protected":false},"author":2,"featured_media":0,"parent":1546,"menu_order":0,"comment_status":"closed","ping_status":"closed","template":"","meta":{"footnotes":""},"class_list":["post-240423","page","type-page","status-publish","hentry"],"yoast_head":"<!-- This site is optimized with the Yoast SEO Premium plugin v25.6 (Yoast SEO v27.5) - https:\/\/yoast.com\/product\/yoast-seo-premium-wordpress\/ -->\n<title>ADV-Vertrag - TimeLine ERP<\/title>\n<meta name=\"robots\" content=\"index, follow, max-snippet:-1, max-image-preview:large, max-video-preview:-1\" \/>\n<link rel=\"canonical\" href=\"https:\/\/www.timeline-erp.com\/de\/datenschutz\/adv-vertrag\/\" \/>\n<meta property=\"og:locale\" content=\"de_DE\" \/>\n<meta property=\"og:type\" content=\"article\" \/>\n<meta property=\"og:title\" content=\"ADV-Vertrag - TimeLine ERP\" \/>\n<meta property=\"og:url\" content=\"https:\/\/www.timeline-erp.com\/de\/datenschutz\/adv-vertrag\/\" \/>\n<meta property=\"og:site_name\" content=\"TimeLine ERP DE\" \/>\n<meta property=\"article:publisher\" content=\"https:\/\/www.facebook.com\/TLBSGroup\" \/>\n<meta property=\"article:modified_time\" content=\"2025-05-26T11:16:22+00:00\" \/>\n<meta property=\"og:image\" content=\"https:\/\/www.timeline-erp.com\/de\/wp-content\/uploads\/sites\/9\/2023\/02\/Screen-Mockup-1500px-e1677246784116.png\" \/>\n\t<meta property=\"og:image:width\" content=\"1327\" \/>\n\t<meta property=\"og:image:height\" content=\"795\" \/>\n\t<meta property=\"og:image:type\" content=\"image\/png\" \/>\n<meta name=\"twitter:card\" content=\"summary_large_image\" \/>\n<meta name=\"twitter:label1\" content=\"Gesch\u00e4tzte Lesezeit\" \/>\n\t<meta name=\"twitter:data1\" content=\"3\u00a0Minuten\" \/>\n<script type=\"application\/ld+json\" class=\"yoast-schema-graph\">{\"@context\":\"https:\\\/\\\/schema.org\",\"@graph\":[{\"@type\":\"WebPage\",\"@id\":\"https:\\\/\\\/www.timeline-erp.com\\\/de\\\/datenschutz\\\/adv-vertrag\\\/\",\"url\":\"https:\\\/\\\/www.timeline-erp.com\\\/de\\\/datenschutz\\\/adv-vertrag\\\/\",\"name\":\"ADV-Vertrag - TimeLine ERP\",\"isPartOf\":{\"@id\":\"https:\\\/\\\/www.timeline-erp.com\\\/de\\\/#website\"},\"datePublished\":\"2018-05-15T14:29:37+00:00\",\"dateModified\":\"2025-05-26T11:16:22+00:00\",\"breadcrumb\":{\"@id\":\"https:\\\/\\\/www.timeline-erp.com\\\/de\\\/datenschutz\\\/adv-vertrag\\\/#breadcrumb\"},\"inLanguage\":\"de\",\"potentialAction\":[{\"@type\":\"ReadAction\",\"target\":[\"https:\\\/\\\/www.timeline-erp.com\\\/de\\\/datenschutz\\\/adv-vertrag\\\/\"]}]},{\"@type\":\"BreadcrumbList\",\"@id\":\"https:\\\/\\\/www.timeline-erp.com\\\/de\\\/datenschutz\\\/adv-vertrag\\\/#breadcrumb\",\"itemListElement\":[{\"@type\":\"ListItem\",\"position\":1,\"name\":\"Startseite\",\"item\":\"https:\\\/\\\/www.timeline-erp.com\\\/de\\\/\"},{\"@type\":\"ListItem\",\"position\":2,\"name\":\"Datenschutz\",\"item\":\"https:\\\/\\\/www.timeline-erp.com\\\/de\\\/datenschutz\\\/\"},{\"@type\":\"ListItem\",\"position\":3,\"name\":\"ADV-Vertrag\"}]},{\"@type\":\"WebSite\",\"@id\":\"https:\\\/\\\/www.timeline-erp.com\\\/de\\\/#website\",\"url\":\"https:\\\/\\\/www.timeline-erp.com\\\/de\\\/\",\"name\":\"TimeLine ERP DE\",\"description\":\"\",\"publisher\":{\"@id\":\"https:\\\/\\\/www.timeline-erp.com\\\/de\\\/#organization\"},\"potentialAction\":[{\"@type\":\"SearchAction\",\"target\":{\"@type\":\"EntryPoint\",\"urlTemplate\":\"https:\\\/\\\/www.timeline-erp.com\\\/de\\\/?s={search_term_string}\"},\"query-input\":{\"@type\":\"PropertyValueSpecification\",\"valueRequired\":true,\"valueName\":\"search_term_string\"}}],\"inLanguage\":\"de\"},{\"@type\":\"Organization\",\"@id\":\"https:\\\/\\\/www.timeline-erp.com\\\/de\\\/#organization\",\"name\":\"TimeLine ERP DE\",\"url\":\"https:\\\/\\\/www.timeline-erp.com\\\/de\\\/\",\"logo\":{\"@type\":\"ImageObject\",\"inLanguage\":\"de\",\"@id\":\"https:\\\/\\\/www.timeline-erp.com\\\/de\\\/#\\\/schema\\\/logo\\\/image\\\/\",\"url\":\"https:\\\/\\\/www.timeline-erp.com\\\/de\\\/wp-content\\\/uploads\\\/sites\\\/9\\\/2022\\\/12\\\/TimLine-ERP_Logo.png\",\"contentUrl\":\"https:\\\/\\\/www.timeline-erp.com\\\/de\\\/wp-content\\\/uploads\\\/sites\\\/9\\\/2022\\\/12\\\/TimLine-ERP_Logo.png\",\"width\":340,\"height\":156,\"caption\":\"TimeLine ERP DE\"},\"image\":{\"@id\":\"https:\\\/\\\/www.timeline-erp.com\\\/de\\\/#\\\/schema\\\/logo\\\/image\\\/\"},\"sameAs\":[\"https:\\\/\\\/www.facebook.com\\\/TLBSGroup\"],\"description\":\"TimeLine ist eine ERP-Software f\u00fcr produzierende Unternehmen. Die moderne und innovative Software verwaltet alle Abteilungen und Prozesse von mittelst\u00e4ndischen Unternehmen, was zu effizienten betriebswirtschaftlichen Abl\u00e4ufen f\u00fchrt. Das ERP-System ist f\u00fcr mehrere Branchen spezialisiert: Kleine Unternehmen und Startups, Einzel- und Projektfertiger, Serienfertiger und Automotive-Betriebe, Gie\u00dfereien, Kunststoffverarbeiter, Oberfl\u00e4chenbearbeiter und Galvanik-Betriebe, Schraubenhersteller und Stanzbetriebe\",\"email\":\"info@timeline.de\",\"telephone\":\"+49212230350\",\"legalName\":\"Gebauer GmbH\",\"foundingDate\":\"1982-08-13\",\"vatID\":\"DE120958132\",\"numberOfEmployees\":{\"@type\":\"QuantitativeValue\",\"minValue\":\"51\",\"maxValue\":\"200\"}}]}<\/script>\n<!-- \/ Yoast SEO Premium plugin. -->","yoast_head_json":{"title":"ADV-Vertrag - TimeLine ERP","robots":{"index":"index","follow":"follow","max-snippet":"max-snippet:-1","max-image-preview":"max-image-preview:large","max-video-preview":"max-video-preview:-1"},"canonical":"https:\/\/www.timeline-erp.com\/de\/datenschutz\/adv-vertrag\/","og_locale":"de_DE","og_type":"article","og_title":"ADV-Vertrag - TimeLine ERP","og_url":"https:\/\/www.timeline-erp.com\/de\/datenschutz\/adv-vertrag\/","og_site_name":"TimeLine ERP DE","article_publisher":"https:\/\/www.facebook.com\/TLBSGroup","article_modified_time":"2025-05-26T11:16:22+00:00","og_image":[{"width":1327,"height":795,"url":"https:\/\/www.timeline-erp.com\/de\/wp-content\/uploads\/sites\/9\/2023\/02\/Screen-Mockup-1500px-e1677246784116.png","type":"image\/png"}],"twitter_card":"summary_large_image","twitter_misc":{"Gesch\u00e4tzte Lesezeit":"3\u00a0Minuten"},"schema":{"@context":"https:\/\/schema.org","@graph":[{"@type":"WebPage","@id":"https:\/\/www.timeline-erp.com\/de\/datenschutz\/adv-vertrag\/","url":"https:\/\/www.timeline-erp.com\/de\/datenschutz\/adv-vertrag\/","name":"ADV-Vertrag - TimeLine ERP","isPartOf":{"@id":"https:\/\/www.timeline-erp.com\/de\/#website"},"datePublished":"2018-05-15T14:29:37+00:00","dateModified":"2025-05-26T11:16:22+00:00","breadcrumb":{"@id":"https:\/\/www.timeline-erp.com\/de\/datenschutz\/adv-vertrag\/#breadcrumb"},"inLanguage":"de","potentialAction":[{"@type":"ReadAction","target":["https:\/\/www.timeline-erp.com\/de\/datenschutz\/adv-vertrag\/"]}]},{"@type":"BreadcrumbList","@id":"https:\/\/www.timeline-erp.com\/de\/datenschutz\/adv-vertrag\/#breadcrumb","itemListElement":[{"@type":"ListItem","position":1,"name":"Startseite","item":"https:\/\/www.timeline-erp.com\/de\/"},{"@type":"ListItem","position":2,"name":"Datenschutz","item":"https:\/\/www.timeline-erp.com\/de\/datenschutz\/"},{"@type":"ListItem","position":3,"name":"ADV-Vertrag"}]},{"@type":"WebSite","@id":"https:\/\/www.timeline-erp.com\/de\/#website","url":"https:\/\/www.timeline-erp.com\/de\/","name":"TimeLine ERP DE","description":"","publisher":{"@id":"https:\/\/www.timeline-erp.com\/de\/#organization"},"potentialAction":[{"@type":"SearchAction","target":{"@type":"EntryPoint","urlTemplate":"https:\/\/www.timeline-erp.com\/de\/?s={search_term_string}"},"query-input":{"@type":"PropertyValueSpecification","valueRequired":true,"valueName":"search_term_string"}}],"inLanguage":"de"},{"@type":"Organization","@id":"https:\/\/www.timeline-erp.com\/de\/#organization","name":"TimeLine ERP DE","url":"https:\/\/www.timeline-erp.com\/de\/","logo":{"@type":"ImageObject","inLanguage":"de","@id":"https:\/\/www.timeline-erp.com\/de\/#\/schema\/logo\/image\/","url":"https:\/\/www.timeline-erp.com\/de\/wp-content\/uploads\/sites\/9\/2022\/12\/TimLine-ERP_Logo.png","contentUrl":"https:\/\/www.timeline-erp.com\/de\/wp-content\/uploads\/sites\/9\/2022\/12\/TimLine-ERP_Logo.png","width":340,"height":156,"caption":"TimeLine ERP DE"},"image":{"@id":"https:\/\/www.timeline-erp.com\/de\/#\/schema\/logo\/image\/"},"sameAs":["https:\/\/www.facebook.com\/TLBSGroup"],"description":"TimeLine ist eine ERP-Software f\u00fcr produzierende Unternehmen. Die moderne und innovative Software verwaltet alle Abteilungen und Prozesse von mittelst\u00e4ndischen Unternehmen, was zu effizienten betriebswirtschaftlichen Abl\u00e4ufen f\u00fchrt. Das ERP-System ist f\u00fcr mehrere Branchen spezialisiert: Kleine Unternehmen und Startups, Einzel- und Projektfertiger, Serienfertiger und Automotive-Betriebe, Gie\u00dfereien, Kunststoffverarbeiter, Oberfl\u00e4chenbearbeiter und Galvanik-Betriebe, Schraubenhersteller und Stanzbetriebe","email":"info@timeline.de","telephone":"+49212230350","legalName":"Gebauer GmbH","foundingDate":"1982-08-13","vatID":"DE120958132","numberOfEmployees":{"@type":"QuantitativeValue","minValue":"51","maxValue":"200"}}]}},"_links":{"self":[{"href":"https:\/\/www.timeline-erp.com\/de\/wp-json\/wp\/v2\/pages\/240423","targetHints":{"allow":["GET"]}}],"collection":[{"href":"https:\/\/www.timeline-erp.com\/de\/wp-json\/wp\/v2\/pages"}],"about":[{"href":"https:\/\/www.timeline-erp.com\/de\/wp-json\/wp\/v2\/types\/page"}],"author":[{"embeddable":true,"href":"https:\/\/www.timeline-erp.com\/de\/wp-json\/wp\/v2\/users\/2"}],"replies":[{"embeddable":true,"href":"https:\/\/www.timeline-erp.com\/de\/wp-json\/wp\/v2\/comments?post=240423"}],"version-history":[{"count":4,"href":"https:\/\/www.timeline-erp.com\/de\/wp-json\/wp\/v2\/pages\/240423\/revisions"}],"predecessor-version":[{"id":258327,"href":"https:\/\/www.timeline-erp.com\/de\/wp-json\/wp\/v2\/pages\/240423\/revisions\/258327"}],"up":[{"embeddable":true,"href":"https:\/\/www.timeline-erp.com\/de\/wp-json\/wp\/v2\/pages\/1546"}],"wp:attachment":[{"href":"https:\/\/www.timeline-erp.com\/de\/wp-json\/wp\/v2\/media?parent=240423"}],"curies":[{"name":"wp","href":"https:\/\/api.w.org\/{rel}","templated":true}]}}