{"id":1669,"date":"2017-08-24T15:24:41","date_gmt":"2017-08-24T13:24:41","guid":{"rendered":"http:\/\/c-1068.maxcluster.net\/?page_id=1669"},"modified":"2024-03-13T17:15:45","modified_gmt":"2024-03-13T16:15:45","slug":"karriere","status":"publish","type":"page","link":"https:\/\/www.timeline-erp.com\/de\/karriere\/","title":{"rendered":"Karriere"},"content":{"rendered":"\n<style type=\"text\/css\" data-created_by=\"avia_inline_auto\" id=\"style-css-av-57mp6sl-f3a98f292d8fcc05cdd3ac3ee7f1a039\">\n.avia-section.av-57mp6sl-f3a98f292d8fcc05cdd3ac3ee7f1a039{\nbackground-repeat:no-repeat;\nbackground-image:url(https:\/\/www.timeline-erp.com\/de\/wp-content\/uploads\/sites\/9\/2023\/02\/working-at-timeline-floor1-1500x1000.webp);\nbackground-position:50% 50%;\nbackground-attachment:scroll;\n}\n.avia-section.av-57mp6sl-f3a98f292d8fcc05cdd3ac3ee7f1a039 .av-section-color-overlay{\nopacity:0.7;\nbackground-color:#000000;\n}\n<\/style>\n<div id='av_section_1'  class='avia-section av-57mp6sl-f3a98f292d8fcc05cdd3ac3ee7f1a039 alternate_color avia-section-default avia-no-border-styling  avia-builder-el-0  avia-builder-el-no-sibling  avia-full-stretch avia-bg-style-scroll av-section-color-overlay-active av-minimum-height av-minimum-height-100 av-height-100  container_wrap fullsize'  data-section-bg-repeat='stretch' data-av_minimum_height_pc='100' data-av_min_height_opt='100'><div class=\"av-section-color-overlay-wrap\"><div class=\"av-section-color-overlay\"><\/div><div class='container av-section-cont-open' ><main  role=\"main\" itemprop=\"mainContentOfPage\"  class='template-page content  av-content-full alpha units'><div class='post-entry post-entry-type-page post-entry-1669'><div class='entry-content-wrapper clearfix'>\n<div  class='flex_column av-55i5p9h-d4c88d5844f8a7add189b457e7259a72 av_one_full  avia-builder-el-1  el_before_av_one_third  avia-builder-el-first  first flex_column_div  '     ><style type=\"text\/css\" data-created_by=\"avia_inline_auto\" id=\"style-css-av-53vm5cl-a4fb656ff3d88679cdba5f21ec029c5a\">\n#top .av-special-heading.av-53vm5cl-a4fb656ff3d88679cdba5f21ec029c5a{\npadding-bottom:10px;\nfont-size:80px;\n}\nbody .av-special-heading.av-53vm5cl-a4fb656ff3d88679cdba5f21ec029c5a .av-special-heading-tag .heading-char{\nfont-size:25px;\n}\n#top #wrap_all .av-special-heading.av-53vm5cl-a4fb656ff3d88679cdba5f21ec029c5a .av-special-heading-tag{\nfont-size:80px;\n}\n.av-special-heading.av-53vm5cl-a4fb656ff3d88679cdba5f21ec029c5a .av-subheading{\nfont-size:26px;\ncolor:#d6d6d6;\n}\n\n@media only screen and (max-width: 479px){ \n#top #wrap_all .av-special-heading.av-53vm5cl-a4fb656ff3d88679cdba5f21ec029c5a .av-special-heading-tag{\nfont-size:50px;\n}\n}\n\n@media only screen and (min-width: 480px) and (max-width: 767px){ \n#top #wrap_all .av-special-heading.av-53vm5cl-a4fb656ff3d88679cdba5f21ec029c5a .av-special-heading-tag{\nfont-size:0.8em;\n}\n}\n<\/style>\n<div  class='av-special-heading av-53vm5cl-a4fb656ff3d88679cdba5f21ec029c5a av-special-heading-h1 custom-color-heading blockquote modern-quote modern-centered  avia-builder-el-2  avia-builder-el-no-sibling  av-inherit-size'><h1 class='av-special-heading-tag '  itemprop=\"headline\"  >Become a TimeLiner<\/h1><div class='av-subheading av-subheading_below'><p>Die Qualit\u00e4t unserer Leistungen und der daraus resultierende Erfolg l\u00e4sst uns stetig weiter wachsen. Deshalb suchen wir stets neugierige und ambitionierte Menschen, die Teil unseres Familienunternehmens werden.<\/p>\n<\/div><div class=\"special-heading-border\"><div class=\"special-heading-inner-border\"><\/div><\/div><\/div><\/div><div  class='flex_column av-52zlo5h-407c497629f078ee5ad0cfecbba70797 av_one_third  avia-builder-el-3  el_after_av_one_full  el_before_av_one_third  first flex_column_div  column-top-margin'     ><style type=\"text\/css\" data-created_by=\"avia_inline_auto\" id=\"style-css-av-50wac4l-e598e5785b8c46177c6431b9386ccafe\">\n.iconbox.av-50wac4l-e598e5785b8c46177c6431b9386ccafe .iconbox_icon{\nborder:1px solid #acfb61;\ncolor:#acfb61;\n}\n.iconbox.av-50wac4l-e598e5785b8c46177c6431b9386ccafe .iconbox_icon.avia-svg-icon svg:first-child{\nfill:#acfb61;\nstroke:#acfb61;\n}\n<\/style>\n<article  class='iconbox iconbox_top av-50wac4l-e598e5785b8c46177c6431b9386ccafe av-no-box  avia-builder-el-4  avia-builder-el-no-sibling '  itemscope=\"itemscope\" itemtype=\"https:\/\/schema.org\/CreativeWork\" ><div class=\"iconbox_content\"><header class=\"entry-content-header\" aria-label=\"Icon: Azubi\u2019s\"><div class='iconbox_icon heading-color avia-iconfont avia-font-entypo-fontello' data-av_icon='\ue8c9' data-av_iconfont='entypo-fontello'  ><\/div><h3 class='iconbox_content_title '  itemprop=\"headline\" >Azubi\u2019s<\/h3><\/header><div class='iconbox_content_container '  itemprop=\"text\" ><\/div><\/div><footer class=\"entry-footer\"><\/footer><\/article><\/div><div  class='flex_column av-4z6x6t1-49fccbd696c2810149e29f96397569ed av_one_third  avia-builder-el-5  el_after_av_one_third  el_before_av_one_third  flex_column_div  column-top-margin'     ><style type=\"text\/css\" data-created_by=\"avia_inline_auto\" id=\"style-css-av-4y0ajw5-f93d103ef2faf64e7010244569822746\">\n.iconbox.av-4y0ajw5-f93d103ef2faf64e7010244569822746 .iconbox_icon{\nborder:1px solid #35a9e1;\ncolor:#35a9e1;\n}\n.iconbox.av-4y0ajw5-f93d103ef2faf64e7010244569822746 .iconbox_icon.avia-svg-icon svg:first-child{\nfill:#35a9e1;\nstroke:#35a9e1;\n}\n<\/style>\n<article  class='iconbox iconbox_top av-4y0ajw5-f93d103ef2faf64e7010244569822746 av-no-box  avia-builder-el-6  avia-builder-el-no-sibling '  itemscope=\"itemscope\" itemtype=\"https:\/\/schema.org\/CreativeWork\" ><div class=\"iconbox_content\"><header class=\"entry-content-header\" aria-label=\"Icon: Studenten\"><div class='iconbox_icon heading-color avia-iconfont avia-font-entypo-fontello' data-av_icon='\ue8dd' data-av_iconfont='entypo-fontello'  ><\/div><h3 class='iconbox_content_title '  itemprop=\"headline\" >Studenten<\/h3><\/header><div class='iconbox_content_container '  itemprop=\"text\" ><\/div><\/div><footer class=\"entry-footer\"><\/footer><\/article><\/div><div  class='flex_column av-4wv8i0l-320eac49ac9cd9c5ac053c01d96935a4 av_one_third  avia-builder-el-7  el_after_av_one_third  el_before_av_one_full  flex_column_div  column-top-margin'     ><style type=\"text\/css\" data-created_by=\"avia_inline_auto\" id=\"style-css-av-4udqen9-b7aa8bc7367c60a074db76c28c047bb4\">\n.iconbox.av-4udqen9-b7aa8bc7367c60a074db76c28c047bb4 .iconbox_icon{\nborder:1px solid #ff8f2b;\ncolor:#ff8f2b;\n}\n.iconbox.av-4udqen9-b7aa8bc7367c60a074db76c28c047bb4 .iconbox_icon.avia-svg-icon svg:first-child{\nfill:#ff8f2b;\nstroke:#ff8f2b;\n}\n<\/style>\n<article  class='iconbox iconbox_top av-4udqen9-b7aa8bc7367c60a074db76c28c047bb4 av-no-box  avia-builder-el-8  avia-builder-el-no-sibling '  itemscope=\"itemscope\" itemtype=\"https:\/\/schema.org\/CreativeWork\" ><div class=\"iconbox_content\"><header class=\"entry-content-header\" aria-label=\"Icon: Professionals\"><div class='iconbox_icon heading-color avia-iconfont avia-font-entypo-fontello' data-av_icon='\ue80a' data-av_iconfont='entypo-fontello'  ><\/div><h3 class='iconbox_content_title '  itemprop=\"headline\" >Professionals<\/h3><\/header><div class='iconbox_content_container '  itemprop=\"text\" ><\/div><\/div><footer class=\"entry-footer\"><\/footer><\/article><\/div><div  class='flex_column av-4t734l1-ed761c5f857274ad8009505c3c2eb9c9 av_one_full  avia-builder-el-9  el_after_av_one_third  avia-builder-el-last  first flex_column_div  column-top-margin'     ><div  class='avia-buttonrow-wrap av-ltq04t99-b3f8dc5be0ddd7718f9e9be24ca268aa avia-buttonrow-center  avia-builder-el-10  avia-builder-el-no-sibling '>\n\n<style type=\"text\/css\" data-created_by=\"avia_inline_auto\" id=\"style-css-av-ltq02wge-f27d22870c0867bd4e0ad0984ed06ac1\">\n#top #wrap_all .avia-button.av-ltq02wge-f27d22870c0867bd4e0ad0984ed06ac1{\nmargin-bottom:5px;\nmargin-right:3px;\nmargin-left:3px;\n}\n<\/style>\n<a href='https:\/\/www.timeline.group\/karriere\/'  class='avia-button av-ltq02wge-f27d22870c0867bd4e0ad0984ed06ac1 avia-icon_select-yes-right-icon avia-size-large av-icon-on-hover avia-color-theme-color'  target=\"_blank\"  rel=\"noopener noreferrer\"  aria-label=\"Karriere-Portal\"><span class='avia_iconbox_title' >Karriere-Portal<\/span><span class='avia_button_icon avia_button_icon_right avia-iconfont avia-font-entypo-fontello' data-av_icon='\ue875' data-av_iconfont='entypo-fontello' ><\/span><\/a>\n\n<style type=\"text\/css\" data-created_by=\"avia_inline_auto\" id=\"style-css-av-ltq04me1-ba045ce6222d0859766f48da339e5333\">\n#top #wrap_all .avia-button.av-ltq04me1-ba045ce6222d0859766f48da339e5333{\nmargin-bottom:5px;\nmargin-right:3px;\nmargin-left:3px;\n}\n<\/style>\n<a href='https:\/\/www.timeline.group\/karriere\/ausbildungsprogramm\/'  class='avia-button av-ltq04me1-ba045ce6222d0859766f48da339e5333 avia-icon_select-yes-right-icon avia-size-large av-icon-on-hover avia-color-theme-color-highlight'  target=\"_blank\"  rel=\"noopener noreferrer\"  aria-label=\"Ausbildungsprogramm\"><span class='avia_iconbox_title' >Ausbildungsprogramm<\/span><span class='avia_button_icon avia_button_icon_right avia-iconfont avia-font-entypo-fontello' data-av_icon='\ue8c9' data-av_iconfont='entypo-fontello' ><\/span><\/a>\n<\/div><\/div>\n","protected":false},"excerpt":{"rendered":"","protected":false},"author":2,"featured_media":256543,"parent":0,"menu_order":0,"comment_status":"closed","ping_status":"closed","template":"","meta":{"footnotes":""},"class_list":["post-1669","page","type-page","status-publish","has-post-thumbnail","hentry"],"yoast_head":"<!-- This site is optimized with the Yoast SEO Premium plugin v25.6 (Yoast SEO v27.5) - https:\/\/yoast.com\/product\/yoast-seo-premium-wordpress\/ -->\n<title>Karriere bei TimeLine - Stellenangebote - TimeLine ERP<\/title>\n<meta name=\"description\" content=\"TimeLine Karriere: Dich reizt die Herausforderung? Du m\u00f6chtest Teil eines dynamischen Teams werden? Dann schicke uns deine Bewerbungsunterlagen.\" \/>\n<meta name=\"robots\" content=\"index, follow, max-snippet:-1, max-image-preview:large, max-video-preview:-1\" \/>\n<link rel=\"canonical\" href=\"https:\/\/www.timeline-erp.com\/de\/karriere\/\" \/>\n<meta property=\"og:locale\" content=\"de_DE\" \/>\n<meta property=\"og:type\" content=\"article\" \/>\n<meta property=\"og:title\" content=\"Karriere bei TimeLine - Stellenangebote - TimeLine ERP\" \/>\n<meta property=\"og:description\" content=\"TimeLine Karriere: Dich reizt die Herausforderung? Du m\u00f6chtest Teil eines dynamischen Teams werden? Dann schicke uns deine Bewerbungsunterlagen.\" \/>\n<meta property=\"og:url\" content=\"https:\/\/www.timeline-erp.com\/de\/karriere\/\" \/>\n<meta property=\"og:site_name\" content=\"TimeLine ERP DE\" \/>\n<meta property=\"article:publisher\" content=\"https:\/\/www.facebook.com\/TLBSGroup\" \/>\n<meta property=\"article:modified_time\" content=\"2024-03-13T16:15:45+00:00\" \/>\n<meta property=\"og:image\" content=\"https:\/\/www.timeline-erp.com\/de\/wp-content\/uploads\/sites\/9\/2024\/03\/timeline-headquaters-office.jpg\" \/>\n\t<meta property=\"og:image:width\" content=\"2400\" \/>\n\t<meta property=\"og:image:height\" content=\"1600\" \/>\n\t<meta property=\"og:image:type\" content=\"image\/jpeg\" \/>\n<meta name=\"twitter:card\" content=\"summary_large_image\" \/>\n<meta name=\"twitter:label1\" content=\"Gesch\u00e4tzte Lesezeit\" \/>\n\t<meta name=\"twitter:data1\" content=\"1\u00a0Minute\" \/>\n<script type=\"application\/ld+json\" class=\"yoast-schema-graph\">{\"@context\":\"https:\\\/\\\/schema.org\",\"@graph\":[{\"@type\":\"WebPage\",\"@id\":\"https:\\\/\\\/www.timeline-erp.com\\\/de\\\/karriere\\\/\",\"url\":\"https:\\\/\\\/www.timeline-erp.com\\\/de\\\/karriere\\\/\",\"name\":\"Karriere bei TimeLine - Stellenangebote - TimeLine ERP\",\"isPartOf\":{\"@id\":\"https:\\\/\\\/www.timeline-erp.com\\\/de\\\/#website\"},\"primaryImageOfPage\":{\"@id\":\"https:\\\/\\\/www.timeline-erp.com\\\/de\\\/karriere\\\/#primaryimage\"},\"image\":{\"@id\":\"https:\\\/\\\/www.timeline-erp.com\\\/de\\\/karriere\\\/#primaryimage\"},\"thumbnailUrl\":\"https:\\\/\\\/www.timeline-erp.com\\\/de\\\/wp-content\\\/uploads\\\/sites\\\/9\\\/2024\\\/03\\\/timeline-headquaters-office.jpg\",\"datePublished\":\"2017-08-24T13:24:41+00:00\",\"dateModified\":\"2024-03-13T16:15:45+00:00\",\"description\":\"TimeLine Karriere: Dich reizt die Herausforderung? Du m\u00f6chtest Teil eines dynamischen Teams werden? Dann schicke uns deine Bewerbungsunterlagen.\",\"breadcrumb\":{\"@id\":\"https:\\\/\\\/www.timeline-erp.com\\\/de\\\/karriere\\\/#breadcrumb\"},\"inLanguage\":\"de\",\"potentialAction\":[{\"@type\":\"ReadAction\",\"target\":[\"https:\\\/\\\/www.timeline-erp.com\\\/de\\\/karriere\\\/\"]}]},{\"@type\":\"ImageObject\",\"inLanguage\":\"de\",\"@id\":\"https:\\\/\\\/www.timeline-erp.com\\\/de\\\/karriere\\\/#primaryimage\",\"url\":\"https:\\\/\\\/www.timeline-erp.com\\\/de\\\/wp-content\\\/uploads\\\/sites\\\/9\\\/2024\\\/03\\\/timeline-headquaters-office.jpg\",\"contentUrl\":\"https:\\\/\\\/www.timeline-erp.com\\\/de\\\/wp-content\\\/uploads\\\/sites\\\/9\\\/2024\\\/03\\\/timeline-headquaters-office.jpg\",\"width\":2400,\"height\":1600,\"caption\":\"timeline-zentrale-gebauer-gmbh\"},{\"@type\":\"BreadcrumbList\",\"@id\":\"https:\\\/\\\/www.timeline-erp.com\\\/de\\\/karriere\\\/#breadcrumb\",\"itemListElement\":[{\"@type\":\"ListItem\",\"position\":1,\"name\":\"Startseite\",\"item\":\"https:\\\/\\\/www.timeline-erp.com\\\/de\\\/\"},{\"@type\":\"ListItem\",\"position\":2,\"name\":\"Karriere\"}]},{\"@type\":\"WebSite\",\"@id\":\"https:\\\/\\\/www.timeline-erp.com\\\/de\\\/#website\",\"url\":\"https:\\\/\\\/www.timeline-erp.com\\\/de\\\/\",\"name\":\"TimeLine ERP DE\",\"description\":\"\",\"publisher\":{\"@id\":\"https:\\\/\\\/www.timeline-erp.com\\\/de\\\/#organization\"},\"potentialAction\":[{\"@type\":\"SearchAction\",\"target\":{\"@type\":\"EntryPoint\",\"urlTemplate\":\"https:\\\/\\\/www.timeline-erp.com\\\/de\\\/?s={search_term_string}\"},\"query-input\":{\"@type\":\"PropertyValueSpecification\",\"valueRequired\":true,\"valueName\":\"search_term_string\"}}],\"inLanguage\":\"de\"},{\"@type\":\"Organization\",\"@id\":\"https:\\\/\\\/www.timeline-erp.com\\\/de\\\/#organization\",\"name\":\"TimeLine ERP DE\",\"url\":\"https:\\\/\\\/www.timeline-erp.com\\\/de\\\/\",\"logo\":{\"@type\":\"ImageObject\",\"inLanguage\":\"de\",\"@id\":\"https:\\\/\\\/www.timeline-erp.com\\\/de\\\/#\\\/schema\\\/logo\\\/image\\\/\",\"url\":\"https:\\\/\\\/www.timeline-erp.com\\\/de\\\/wp-content\\\/uploads\\\/sites\\\/9\\\/2022\\\/12\\\/TimLine-ERP_Logo.png\",\"contentUrl\":\"https:\\\/\\\/www.timeline-erp.com\\\/de\\\/wp-content\\\/uploads\\\/sites\\\/9\\\/2022\\\/12\\\/TimLine-ERP_Logo.png\",\"width\":340,\"height\":156,\"caption\":\"TimeLine ERP DE\"},\"image\":{\"@id\":\"https:\\\/\\\/www.timeline-erp.com\\\/de\\\/#\\\/schema\\\/logo\\\/image\\\/\"},\"sameAs\":[\"https:\\\/\\\/www.facebook.com\\\/TLBSGroup\"],\"description\":\"TimeLine ist eine ERP-Software f\u00fcr produzierende Unternehmen. Die moderne und innovative Software verwaltet alle Abteilungen und Prozesse von mittelst\u00e4ndischen Unternehmen, was zu effizienten betriebswirtschaftlichen Abl\u00e4ufen f\u00fchrt. Das ERP-System ist f\u00fcr mehrere Branchen spezialisiert: Kleine Unternehmen und Startups, Einzel- und Projektfertiger, Serienfertiger und Automotive-Betriebe, Gie\u00dfereien, Kunststoffverarbeiter, Oberfl\u00e4chenbearbeiter und Galvanik-Betriebe, Schraubenhersteller und Stanzbetriebe\",\"email\":\"info@timeline.de\",\"telephone\":\"+49212230350\",\"legalName\":\"Gebauer GmbH\",\"foundingDate\":\"1982-08-13\",\"vatID\":\"DE120958132\",\"numberOfEmployees\":{\"@type\":\"QuantitativeValue\",\"minValue\":\"51\",\"maxValue\":\"200\"}}]}<\/script>\n<!-- \/ Yoast SEO Premium plugin. -->","yoast_head_json":{"title":"Karriere bei TimeLine - Stellenangebote - TimeLine ERP","description":"TimeLine Karriere: Dich reizt die Herausforderung? Du m\u00f6chtest Teil eines dynamischen Teams werden? Dann schicke uns deine Bewerbungsunterlagen.","robots":{"index":"index","follow":"follow","max-snippet":"max-snippet:-1","max-image-preview":"max-image-preview:large","max-video-preview":"max-video-preview:-1"},"canonical":"https:\/\/www.timeline-erp.com\/de\/karriere\/","og_locale":"de_DE","og_type":"article","og_title":"Karriere bei TimeLine - Stellenangebote - TimeLine ERP","og_description":"TimeLine Karriere: Dich reizt die Herausforderung? Du m\u00f6chtest Teil eines dynamischen Teams werden? Dann schicke uns deine Bewerbungsunterlagen.","og_url":"https:\/\/www.timeline-erp.com\/de\/karriere\/","og_site_name":"TimeLine ERP DE","article_publisher":"https:\/\/www.facebook.com\/TLBSGroup","article_modified_time":"2024-03-13T16:15:45+00:00","og_image":[{"width":2400,"height":1600,"url":"https:\/\/www.timeline-erp.com\/de\/wp-content\/uploads\/sites\/9\/2024\/03\/timeline-headquaters-office.jpg","type":"image\/jpeg"}],"twitter_card":"summary_large_image","twitter_misc":{"Gesch\u00e4tzte Lesezeit":"1\u00a0Minute"},"schema":{"@context":"https:\/\/schema.org","@graph":[{"@type":"WebPage","@id":"https:\/\/www.timeline-erp.com\/de\/karriere\/","url":"https:\/\/www.timeline-erp.com\/de\/karriere\/","name":"Karriere bei TimeLine - Stellenangebote - TimeLine ERP","isPartOf":{"@id":"https:\/\/www.timeline-erp.com\/de\/#website"},"primaryImageOfPage":{"@id":"https:\/\/www.timeline-erp.com\/de\/karriere\/#primaryimage"},"image":{"@id":"https:\/\/www.timeline-erp.com\/de\/karriere\/#primaryimage"},"thumbnailUrl":"https:\/\/www.timeline-erp.com\/de\/wp-content\/uploads\/sites\/9\/2024\/03\/timeline-headquaters-office.jpg","datePublished":"2017-08-24T13:24:41+00:00","dateModified":"2024-03-13T16:15:45+00:00","description":"TimeLine Karriere: Dich reizt die Herausforderung? Du m\u00f6chtest Teil eines dynamischen Teams werden? Dann schicke uns deine Bewerbungsunterlagen.","breadcrumb":{"@id":"https:\/\/www.timeline-erp.com\/de\/karriere\/#breadcrumb"},"inLanguage":"de","potentialAction":[{"@type":"ReadAction","target":["https:\/\/www.timeline-erp.com\/de\/karriere\/"]}]},{"@type":"ImageObject","inLanguage":"de","@id":"https:\/\/www.timeline-erp.com\/de\/karriere\/#primaryimage","url":"https:\/\/www.timeline-erp.com\/de\/wp-content\/uploads\/sites\/9\/2024\/03\/timeline-headquaters-office.jpg","contentUrl":"https:\/\/www.timeline-erp.com\/de\/wp-content\/uploads\/sites\/9\/2024\/03\/timeline-headquaters-office.jpg","width":2400,"height":1600,"caption":"timeline-zentrale-gebauer-gmbh"},{"@type":"BreadcrumbList","@id":"https:\/\/www.timeline-erp.com\/de\/karriere\/#breadcrumb","itemListElement":[{"@type":"ListItem","position":1,"name":"Startseite","item":"https:\/\/www.timeline-erp.com\/de\/"},{"@type":"ListItem","position":2,"name":"Karriere"}]},{"@type":"WebSite","@id":"https:\/\/www.timeline-erp.com\/de\/#website","url":"https:\/\/www.timeline-erp.com\/de\/","name":"TimeLine ERP DE","description":"","publisher":{"@id":"https:\/\/www.timeline-erp.com\/de\/#organization"},"potentialAction":[{"@type":"SearchAction","target":{"@type":"EntryPoint","urlTemplate":"https:\/\/www.timeline-erp.com\/de\/?s={search_term_string}"},"query-input":{"@type":"PropertyValueSpecification","valueRequired":true,"valueName":"search_term_string"}}],"inLanguage":"de"},{"@type":"Organization","@id":"https:\/\/www.timeline-erp.com\/de\/#organization","name":"TimeLine ERP DE","url":"https:\/\/www.timeline-erp.com\/de\/","logo":{"@type":"ImageObject","inLanguage":"de","@id":"https:\/\/www.timeline-erp.com\/de\/#\/schema\/logo\/image\/","url":"https:\/\/www.timeline-erp.com\/de\/wp-content\/uploads\/sites\/9\/2022\/12\/TimLine-ERP_Logo.png","contentUrl":"https:\/\/www.timeline-erp.com\/de\/wp-content\/uploads\/sites\/9\/2022\/12\/TimLine-ERP_Logo.png","width":340,"height":156,"caption":"TimeLine ERP DE"},"image":{"@id":"https:\/\/www.timeline-erp.com\/de\/#\/schema\/logo\/image\/"},"sameAs":["https:\/\/www.facebook.com\/TLBSGroup"],"description":"TimeLine ist eine ERP-Software f\u00fcr produzierende Unternehmen. Die moderne und innovative Software verwaltet alle Abteilungen und Prozesse von mittelst\u00e4ndischen Unternehmen, was zu effizienten betriebswirtschaftlichen Abl\u00e4ufen f\u00fchrt. Das ERP-System ist f\u00fcr mehrere Branchen spezialisiert: Kleine Unternehmen und Startups, Einzel- und Projektfertiger, Serienfertiger und Automotive-Betriebe, Gie\u00dfereien, Kunststoffverarbeiter, Oberfl\u00e4chenbearbeiter und Galvanik-Betriebe, Schraubenhersteller und Stanzbetriebe","email":"info@timeline.de","telephone":"+49212230350","legalName":"Gebauer GmbH","foundingDate":"1982-08-13","vatID":"DE120958132","numberOfEmployees":{"@type":"QuantitativeValue","minValue":"51","maxValue":"200"}}]}},"_links":{"self":[{"href":"https:\/\/www.timeline-erp.com\/de\/wp-json\/wp\/v2\/pages\/1669","targetHints":{"allow":["GET"]}}],"collection":[{"href":"https:\/\/www.timeline-erp.com\/de\/wp-json\/wp\/v2\/pages"}],"about":[{"href":"https:\/\/www.timeline-erp.com\/de\/wp-json\/wp\/v2\/types\/page"}],"author":[{"embeddable":true,"href":"https:\/\/www.timeline-erp.com\/de\/wp-json\/wp\/v2\/users\/2"}],"replies":[{"embeddable":true,"href":"https:\/\/www.timeline-erp.com\/de\/wp-json\/wp\/v2\/comments?post=1669"}],"version-history":[{"count":2,"href":"https:\/\/www.timeline-erp.com\/de\/wp-json\/wp\/v2\/pages\/1669\/revisions"}],"predecessor-version":[{"id":256547,"href":"https:\/\/www.timeline-erp.com\/de\/wp-json\/wp\/v2\/pages\/1669\/revisions\/256547"}],"wp:featuredmedia":[{"embeddable":true,"href":"https:\/\/www.timeline-erp.com\/de\/wp-json\/wp\/v2\/media\/256543"}],"wp:attachment":[{"href":"https:\/\/www.timeline-erp.com\/de\/wp-json\/wp\/v2\/media?parent=1669"}],"curies":[{"name":"wp","href":"https:\/\/api.w.org\/{rel}","templated":true}]}}